{"id":31725,"date":"2025-11-25T12:14:37","date_gmt":"2025-11-25T12:14:37","guid":{"rendered":"https:\/\/tica.nl\/blogs\/"},"modified":"2025-12-17T12:44:44","modified_gmt":"2025-12-17T12:44:44","slug":"blogs","status":"publish","type":"page","link":"https:\/\/tica.nl\/fr\/blogs\/","title":{"rendered":"Blogs"},"content":{"rendered":"\t\t<div data-elementor-type=\"wp-page\" data-elementor-id=\"31725\" class=\"elementor elementor-31725 elementor-31714\" data-elementor-post-type=\"page\">\n\t\t\t\t<div class=\"elementor-element elementor-element-18a60fc e-flex e-con-boxed e-con e-parent\" data-id=\"18a60fc\" data-element_type=\"container\" data-e-type=\"container\">\n\t\t\t\t\t<div class=\"e-con-inner\">\n\t\t<div class=\"elementor-element elementor-element-d2788a6 e-con-full e-flex e-con e-child\" data-id=\"d2788a6\" data-element_type=\"container\" data-e-type=\"container\">\n\t\t<div class=\"elementor-element elementor-element-c521a01 e-con-full e-flex e-con e-child\" data-id=\"c521a01\" data-element_type=\"container\" data-e-type=\"container\">\n\t\t\t\t<div class=\"elementor-element elementor-element-69840da elementor-invisible elementor-widget elementor-widget-heading\" data-id=\"69840da\" data-element_type=\"widget\" data-e-type=\"widget\" data-settings=\"{&quot;_animation&quot;:&quot;fadeInUp&quot;}\" data-widget_type=\"heading.default\">\n\t\t\t\t<div class=\"elementor-widget-container\">\n\t\t\t\t\t<h1 class=\"elementor-heading-title elementor-size-default\">Blogs<\/h1>\t\t\t\t<\/div>\n\t\t\t\t<\/div>\n\t\t\t\t<div class=\"elementor-element elementor-element-edef813 elementor-widget-divider--view-line elementor-invisible elementor-widget elementor-widget-divider\" data-id=\"edef813\" data-element_type=\"widget\" data-e-type=\"widget\" data-settings=\"{&quot;_animation&quot;:&quot;fadeInUp&quot;,&quot;_animation_delay&quot;:300}\" data-widget_type=\"divider.default\">\n\t\t\t\t<div class=\"elementor-widget-container\">\n\t\t\t\t\t\t\t<div class=\"elementor-divider\">\n\t\t\t<span class=\"elementor-divider-separator\">\n\t\t\t\t\t\t<\/span>\n\t\t<\/div>\n\t\t\t\t\t\t<\/div>\n\t\t\t\t<\/div>\n\t\t\t\t<div class=\"elementor-element elementor-element-35358ca elementor-invisible elementor-widget elementor-widget-shortcode\" data-id=\"35358ca\" data-element_type=\"widget\" data-e-type=\"widget\" data-settings=\"{&quot;_animation&quot;:&quot;fadeInUp&quot;}\" data-widget_type=\"shortcode.default\">\n\t\t\t\t<div class=\"elementor-widget-container\">\n\t\t\t\t\t\t\t<div class=\"elementor-shortcode\">    <div id=\"post-grid-container\"\n         data-exclude=\"67, 64, 65\"\n         data-include=\"271\">\n        <div id=\"post-grid-posts\">\n            <div class=\"boxes-location\">            <div class=\"box-slide\">\n                <div class=\"slide-inner\" style=\"background-image: url('https:\/\/tica.nl\/wp-content\/uploads\/2026\/04\/TICA_Blog_decoratie-groothandel_uitgelicht-1.png-768x960.webp');\">\n                    <a class=\"whole-click\" href=\"https:\/\/tica.nl\/fr\/grossiste-en-decoration-les-incontournables-pour-chaque-saison\/\"><\/a>\n                    \n                    <a class=\"top-icon\" href=\"https:\/\/tica.nl\/fr\/grossiste-en-decoration-les-incontournables-pour-chaque-saison\/\" aria-label=\"Grossiste en d\u00e9coration : les incontournables pour chaque saison\">\n                        <svg xmlns=\"http:\/\/www.w3.org\/2000\/svg\" width=\"16\" height=\"16\" viewBox=\"0 0 16 16\" fill=\"none\" role=\"img\" aria-hidden=\"true\">\n                            <path d=\"M1.2846 15.2844C0.978664 14.9784 0.826812 14.6242 0.823322 14.2182C0.819893 13.8123 0.965625 13.4614 1.26526 13.1617L10.6379 3.78904L10.3996 3.78696L3.83405 3.73172C3.44813 3.72843 3.10306 3.57795 2.79618 3.27114C2.48922 2.96418 2.33816 2.6186 2.3349 2.23257C2.33171 1.84682 2.4768 1.5051 2.77753 1.20437C3.0783 0.903669 3.41995 0.758475 3.80574 0.761735L14.2197 0.850814C14.6477 0.854432 15.001 0.998272 15.2859 1.28309C15.5707 1.5679 15.7145 1.92122 15.7181 2.34927L15.8072 12.7632C15.8105 13.149 15.6653 13.4907 15.3646 13.7914C15.0639 14.0922 14.7221 14.2372 14.3364 14.2341C13.9504 14.2308 13.6048 14.0797 13.2978 13.7728C12.991 13.4659 12.8405 13.1208 12.8372 12.7349L12.782 6.16931L12.7799 5.93107L3.4073 15.3037C3.10754 15.6033 2.75669 15.7491 2.35078 15.7456C1.94473 15.7421 1.59053 15.5903 1.2846 15.2844Z\" fill=\"black\" stroke=\"white\" stroke-width=\"0.2\"\/>\n                        <\/svg>\n                    <\/a>\n                    \n                    <div class=\"slide-caption\">\n                        <h3>Grossiste en d\u00e9coration : les incontournables pour chaque saison<\/h3>\n                        <p>avril 8, 2026<\/p>\n                    <\/div>\n                <\/div>\n            <\/div>\n                    <div class=\"box-slide\">\n                <div class=\"slide-inner\" style=\"background-image: url('https:\/\/tica.nl\/wp-content\/uploads\/2026\/04\/TICA_Blog_assortiment-webshop-lifestyle_uitgelicht-1.png-768x960.webp');\">\n                    <a class=\"whole-click\" href=\"https:\/\/tica.nl\/fr\/assortiment-pour-les-detaillants-en-ligne-quest-ce-qui-se-vend-bien-sur-internet\/\"><\/a>\n                    \n                    <a class=\"top-icon\" href=\"https:\/\/tica.nl\/fr\/assortiment-pour-les-detaillants-en-ligne-quest-ce-qui-se-vend-bien-sur-internet\/\" aria-label=\"Assortiment pour les d\u00e9taillants en ligne : qu\u2019est-ce qui se vend bien sur internet ?\">\n                        <svg xmlns=\"http:\/\/www.w3.org\/2000\/svg\" width=\"16\" height=\"16\" viewBox=\"0 0 16 16\" fill=\"none\" role=\"img\" aria-hidden=\"true\">\n                            <path d=\"M1.2846 15.2844C0.978664 14.9784 0.826812 14.6242 0.823322 14.2182C0.819893 13.8123 0.965625 13.4614 1.26526 13.1617L10.6379 3.78904L10.3996 3.78696L3.83405 3.73172C3.44813 3.72843 3.10306 3.57795 2.79618 3.27114C2.48922 2.96418 2.33816 2.6186 2.3349 2.23257C2.33171 1.84682 2.4768 1.5051 2.77753 1.20437C3.0783 0.903669 3.41995 0.758475 3.80574 0.761735L14.2197 0.850814C14.6477 0.854432 15.001 0.998272 15.2859 1.28309C15.5707 1.5679 15.7145 1.92122 15.7181 2.34927L15.8072 12.7632C15.8105 13.149 15.6653 13.4907 15.3646 13.7914C15.0639 14.0922 14.7221 14.2372 14.3364 14.2341C13.9504 14.2308 13.6048 14.0797 13.2978 13.7728C12.991 13.4659 12.8405 13.1208 12.8372 12.7349L12.782 6.16931L12.7799 5.93107L3.4073 15.3037C3.10754 15.6033 2.75669 15.7491 2.35078 15.7456C1.94473 15.7421 1.59053 15.5903 1.2846 15.2844Z\" fill=\"black\" stroke=\"white\" stroke-width=\"0.2\"\/>\n                        <\/svg>\n                    <\/a>\n                    \n                    <div class=\"slide-caption\">\n                        <h3>Assortiment pour les d\u00e9taillants en ligne : qu\u2019est-ce qui se vend bien sur internet ?<\/h3>\n                        <p>avril 7, 2026<\/p>\n                    <\/div>\n                <\/div>\n            <\/div>\n                    <div class=\"box-slide\">\n                <div class=\"slide-inner\" style=\"background-image: url('https:\/\/tica.nl\/wp-content\/uploads\/2026\/04\/TICA_Blog_geurartikelen-groothandel_uitgelicht-1.png-768x960.webp');\">\n                    <a class=\"whole-click\" href=\"https:\/\/tica.nl\/fr\/grossiste-en-articles-de-senteur-le-parfum-comme-accelerateur-de-ventes\/\"><\/a>\n                    \n                    <a class=\"top-icon\" href=\"https:\/\/tica.nl\/fr\/grossiste-en-articles-de-senteur-le-parfum-comme-accelerateur-de-ventes\/\" aria-label=\"Grossiste en articles de senteur : le parfum comme acc\u00e9l\u00e9rateur de ventes\">\n                        <svg xmlns=\"http:\/\/www.w3.org\/2000\/svg\" width=\"16\" height=\"16\" viewBox=\"0 0 16 16\" fill=\"none\" role=\"img\" aria-hidden=\"true\">\n                            <path d=\"M1.2846 15.2844C0.978664 14.9784 0.826812 14.6242 0.823322 14.2182C0.819893 13.8123 0.965625 13.4614 1.26526 13.1617L10.6379 3.78904L10.3996 3.78696L3.83405 3.73172C3.44813 3.72843 3.10306 3.57795 2.79618 3.27114C2.48922 2.96418 2.33816 2.6186 2.3349 2.23257C2.33171 1.84682 2.4768 1.5051 2.77753 1.20437C3.0783 0.903669 3.41995 0.758475 3.80574 0.761735L14.2197 0.850814C14.6477 0.854432 15.001 0.998272 15.2859 1.28309C15.5707 1.5679 15.7145 1.92122 15.7181 2.34927L15.8072 12.7632C15.8105 13.149 15.6653 13.4907 15.3646 13.7914C15.0639 14.0922 14.7221 14.2372 14.3364 14.2341C13.9504 14.2308 13.6048 14.0797 13.2978 13.7728C12.991 13.4659 12.8405 13.1208 12.8372 12.7349L12.782 6.16931L12.7799 5.93107L3.4073 15.3037C3.10754 15.6033 2.75669 15.7491 2.35078 15.7456C1.94473 15.7421 1.59053 15.5903 1.2846 15.2844Z\" fill=\"black\" stroke=\"white\" stroke-width=\"0.2\"\/>\n                        <\/svg>\n                    <\/a>\n                    \n                    <div class=\"slide-caption\">\n                        <h3>Grossiste en articles de senteur : le parfum comme acc\u00e9l\u00e9rateur de ventes<\/h3>\n                        <p>avril 5, 2026<\/p>\n                    <\/div>\n                <\/div>\n            <\/div>\n                    <div class=\"box-slide\">\n                <div class=\"slide-inner\" style=\"background-image: url('https:\/\/tica.nl\/wp-content\/uploads\/2026\/04\/TICA_Blog_tafeldecoratie-groothandel_uitgelicht-1.png-768x960.webp');\">\n                    <a class=\"whole-click\" href=\"https:\/\/tica.nl\/fr\/grossiste-en-decoration-de-table-conseils-de-stylisme-et-best-sellers\/\"><\/a>\n                    \n                    <a class=\"top-icon\" href=\"https:\/\/tica.nl\/fr\/grossiste-en-decoration-de-table-conseils-de-stylisme-et-best-sellers\/\" aria-label=\"Grossiste en d\u00e9coration de table : conseils de stylisme et best-sellers\">\n                        <svg xmlns=\"http:\/\/www.w3.org\/2000\/svg\" width=\"16\" height=\"16\" viewBox=\"0 0 16 16\" fill=\"none\" role=\"img\" aria-hidden=\"true\">\n                            <path d=\"M1.2846 15.2844C0.978664 14.9784 0.826812 14.6242 0.823322 14.2182C0.819893 13.8123 0.965625 13.4614 1.26526 13.1617L10.6379 3.78904L10.3996 3.78696L3.83405 3.73172C3.44813 3.72843 3.10306 3.57795 2.79618 3.27114C2.48922 2.96418 2.33816 2.6186 2.3349 2.23257C2.33171 1.84682 2.4768 1.5051 2.77753 1.20437C3.0783 0.903669 3.41995 0.758475 3.80574 0.761735L14.2197 0.850814C14.6477 0.854432 15.001 0.998272 15.2859 1.28309C15.5707 1.5679 15.7145 1.92122 15.7181 2.34927L15.8072 12.7632C15.8105 13.149 15.6653 13.4907 15.3646 13.7914C15.0639 14.0922 14.7221 14.2372 14.3364 14.2341C13.9504 14.2308 13.6048 14.0797 13.2978 13.7728C12.991 13.4659 12.8405 13.1208 12.8372 12.7349L12.782 6.16931L12.7799 5.93107L3.4073 15.3037C3.10754 15.6033 2.75669 15.7491 2.35078 15.7456C1.94473 15.7421 1.59053 15.5903 1.2846 15.2844Z\" fill=\"black\" stroke=\"white\" stroke-width=\"0.2\"\/>\n                        <\/svg>\n                    <\/a>\n                    \n                    <div class=\"slide-caption\">\n                        <h3>Grossiste en d\u00e9coration de table : conseils de stylisme et best-sellers<\/h3>\n                        <p>avril 3, 2026<\/p>\n                    <\/div>\n                <\/div>\n            <\/div>\n                    <div class=\"box-slide\">\n                <div class=\"slide-inner\" style=\"background-image: url('https:\/\/tica.nl\/wp-content\/uploads\/2026\/03\/TICA_Blog_tuinaccessoires-groothandel_uitgelicht-1.png-768x960.webp');\">\n                    <a class=\"whole-click\" href=\"https:\/\/tica.nl\/fr\/grossiste-en-accessoires-de-jardin-guide-dachat-printemps-ete\/\"><\/a>\n                    \n                    <a class=\"top-icon\" href=\"https:\/\/tica.nl\/fr\/grossiste-en-accessoires-de-jardin-guide-dachat-printemps-ete\/\" aria-label=\"Grossiste en accessoires de jardin : guide d\u2019achat printemps &amp; \u00e9t\u00e9\">\n                        <svg xmlns=\"http:\/\/www.w3.org\/2000\/svg\" width=\"16\" height=\"16\" viewBox=\"0 0 16 16\" fill=\"none\" role=\"img\" aria-hidden=\"true\">\n                            <path d=\"M1.2846 15.2844C0.978664 14.9784 0.826812 14.6242 0.823322 14.2182C0.819893 13.8123 0.965625 13.4614 1.26526 13.1617L10.6379 3.78904L10.3996 3.78696L3.83405 3.73172C3.44813 3.72843 3.10306 3.57795 2.79618 3.27114C2.48922 2.96418 2.33816 2.6186 2.3349 2.23257C2.33171 1.84682 2.4768 1.5051 2.77753 1.20437C3.0783 0.903669 3.41995 0.758475 3.80574 0.761735L14.2197 0.850814C14.6477 0.854432 15.001 0.998272 15.2859 1.28309C15.5707 1.5679 15.7145 1.92122 15.7181 2.34927L15.8072 12.7632C15.8105 13.149 15.6653 13.4907 15.3646 13.7914C15.0639 14.0922 14.7221 14.2372 14.3364 14.2341C13.9504 14.2308 13.6048 14.0797 13.2978 13.7728C12.991 13.4659 12.8405 13.1208 12.8372 12.7349L12.782 6.16931L12.7799 5.93107L3.4073 15.3037C3.10754 15.6033 2.75669 15.7491 2.35078 15.7456C1.94473 15.7421 1.59053 15.5903 1.2846 15.2844Z\" fill=\"black\" stroke=\"white\" stroke-width=\"0.2\"\/>\n                        <\/svg>\n                    <\/a>\n                    \n                    <div class=\"slide-caption\">\n                        <h3>Grossiste en accessoires de jardin : guide d\u2019achat printemps &amp; \u00e9t\u00e9<\/h3>\n                        <p>mars 27, 2026<\/p>\n                    <\/div>\n                <\/div>\n            <\/div>\n                    <div class=\"box-slide\">\n                <div class=\"slide-inner\" style=\"background-image: url('https:\/\/tica.nl\/wp-content\/uploads\/2026\/03\/TICA_Blog_wanddecoratie-groothandel_uitgelicht-1.png-768x960.webp');\">\n                    <a class=\"whole-click\" href=\"https:\/\/tica.nl\/fr\/grossiste-en-decoration-murale-comment-creer-la-difference-dans-votre-boutique\/\"><\/a>\n                    \n                    <a class=\"top-icon\" href=\"https:\/\/tica.nl\/fr\/grossiste-en-decoration-murale-comment-creer-la-difference-dans-votre-boutique\/\" aria-label=\"Grossiste en d\u00e9coration murale : comment cr\u00e9er la diff\u00e9rence dans votre boutique\">\n                        <svg xmlns=\"http:\/\/www.w3.org\/2000\/svg\" width=\"16\" height=\"16\" viewBox=\"0 0 16 16\" fill=\"none\" role=\"img\" aria-hidden=\"true\">\n                            <path d=\"M1.2846 15.2844C0.978664 14.9784 0.826812 14.6242 0.823322 14.2182C0.819893 13.8123 0.965625 13.4614 1.26526 13.1617L10.6379 3.78904L10.3996 3.78696L3.83405 3.73172C3.44813 3.72843 3.10306 3.57795 2.79618 3.27114C2.48922 2.96418 2.33816 2.6186 2.3349 2.23257C2.33171 1.84682 2.4768 1.5051 2.77753 1.20437C3.0783 0.903669 3.41995 0.758475 3.80574 0.761735L14.2197 0.850814C14.6477 0.854432 15.001 0.998272 15.2859 1.28309C15.5707 1.5679 15.7145 1.92122 15.7181 2.34927L15.8072 12.7632C15.8105 13.149 15.6653 13.4907 15.3646 13.7914C15.0639 14.0922 14.7221 14.2372 14.3364 14.2341C13.9504 14.2308 13.6048 14.0797 13.2978 13.7728C12.991 13.4659 12.8405 13.1208 12.8372 12.7349L12.782 6.16931L12.7799 5.93107L3.4073 15.3037C3.10754 15.6033 2.75669 15.7491 2.35078 15.7456C1.94473 15.7421 1.59053 15.5903 1.2846 15.2844Z\" fill=\"black\" stroke=\"white\" stroke-width=\"0.2\"\/>\n                        <\/svg>\n                    <\/a>\n                    \n                    <div class=\"slide-caption\">\n                        <h3>Grossiste en d\u00e9coration murale : comment cr\u00e9er la diff\u00e9rence dans votre boutique<\/h3>\n                        <p>mars 25, 2026<\/p>\n                    <\/div>\n                <\/div>\n            <\/div>\n                    <div class=\"box-slide\">\n                <div class=\"slide-inner\" style=\"background-image: url('');\">\n                    <a class=\"whole-click\" href=\"https:\/\/tica.nl\/fr\/assortiment-pour-magasins-de-decoration-lequilibre-entre-tendance-et-basiques\/\"><\/a>\n                    \n                    <a class=\"top-icon\" href=\"https:\/\/tica.nl\/fr\/assortiment-pour-magasins-de-decoration-lequilibre-entre-tendance-et-basiques\/\" aria-label=\"Assortiment pour magasins de d\u00e9coration : l\u2019\u00e9quilibre entre tendance et basiques\">\n                        <svg xmlns=\"http:\/\/www.w3.org\/2000\/svg\" width=\"16\" height=\"16\" viewBox=\"0 0 16 16\" fill=\"none\" role=\"img\" aria-hidden=\"true\">\n                            <path d=\"M1.2846 15.2844C0.978664 14.9784 0.826812 14.6242 0.823322 14.2182C0.819893 13.8123 0.965625 13.4614 1.26526 13.1617L10.6379 3.78904L10.3996 3.78696L3.83405 3.73172C3.44813 3.72843 3.10306 3.57795 2.79618 3.27114C2.48922 2.96418 2.33816 2.6186 2.3349 2.23257C2.33171 1.84682 2.4768 1.5051 2.77753 1.20437C3.0783 0.903669 3.41995 0.758475 3.80574 0.761735L14.2197 0.850814C14.6477 0.854432 15.001 0.998272 15.2859 1.28309C15.5707 1.5679 15.7145 1.92122 15.7181 2.34927L15.8072 12.7632C15.8105 13.149 15.6653 13.4907 15.3646 13.7914C15.0639 14.0922 14.7221 14.2372 14.3364 14.2341C13.9504 14.2308 13.6048 14.0797 13.2978 13.7728C12.991 13.4659 12.8405 13.1208 12.8372 12.7349L12.782 6.16931L12.7799 5.93107L3.4073 15.3037C3.10754 15.6033 2.75669 15.7491 2.35078 15.7456C1.94473 15.7421 1.59053 15.5903 1.2846 15.2844Z\" fill=\"black\" stroke=\"white\" stroke-width=\"0.2\"\/>\n                        <\/svg>\n                    <\/a>\n                    \n                    <div class=\"slide-caption\">\n                        <h3>Assortiment pour magasins de d\u00e9coration : l\u2019\u00e9quilibre entre tendance et basiques<\/h3>\n                        <p>mars 24, 2026<\/p>\n                    <\/div>\n                <\/div>\n            <\/div>\n                    <div class=\"box-slide\">\n                <div class=\"slide-inner\" style=\"background-image: url('https:\/\/tica.nl\/wp-content\/uploads\/2026\/03\/TICA_Blog_bloemisten-assortiment_uitgelicht-1.png-768x960.webp');\">\n                    <a class=\"whole-click\" href=\"https:\/\/tica.nl\/fr\/assortiment-pour-fleuristes-plus-que-de-simples-fleurs\/\"><\/a>\n                    \n                    <a class=\"top-icon\" href=\"https:\/\/tica.nl\/fr\/assortiment-pour-fleuristes-plus-que-de-simples-fleurs\/\" aria-label=\"Assortiment pour fleuristes : plus que de simples fleurs\">\n                        <svg xmlns=\"http:\/\/www.w3.org\/2000\/svg\" width=\"16\" height=\"16\" viewBox=\"0 0 16 16\" fill=\"none\" role=\"img\" aria-hidden=\"true\">\n                            <path d=\"M1.2846 15.2844C0.978664 14.9784 0.826812 14.6242 0.823322 14.2182C0.819893 13.8123 0.965625 13.4614 1.26526 13.1617L10.6379 3.78904L10.3996 3.78696L3.83405 3.73172C3.44813 3.72843 3.10306 3.57795 2.79618 3.27114C2.48922 2.96418 2.33816 2.6186 2.3349 2.23257C2.33171 1.84682 2.4768 1.5051 2.77753 1.20437C3.0783 0.903669 3.41995 0.758475 3.80574 0.761735L14.2197 0.850814C14.6477 0.854432 15.001 0.998272 15.2859 1.28309C15.5707 1.5679 15.7145 1.92122 15.7181 2.34927L15.8072 12.7632C15.8105 13.149 15.6653 13.4907 15.3646 13.7914C15.0639 14.0922 14.7221 14.2372 14.3364 14.2341C13.9504 14.2308 13.6048 14.0797 13.2978 13.7728C12.991 13.4659 12.8405 13.1208 12.8372 12.7349L12.782 6.16931L12.7799 5.93107L3.4073 15.3037C3.10754 15.6033 2.75669 15.7491 2.35078 15.7456C1.94473 15.7421 1.59053 15.5903 1.2846 15.2844Z\" fill=\"black\" stroke=\"white\" stroke-width=\"0.2\"\/>\n                        <\/svg>\n                    <\/a>\n                    \n                    <div class=\"slide-caption\">\n                        <h3>Assortiment pour fleuristes : plus que de simples fleurs<\/h3>\n                        <p>mars 22, 2026<\/p>\n                    <\/div>\n                <\/div>\n            <\/div>\n                    <div class=\"box-slide\">\n                <div class=\"slide-inner\" style=\"background-image: url('https:\/\/tica.nl\/wp-content\/uploads\/2026\/03\/TICA_Blog_servies-groothandel_uitgelicht-1.png-768x960.webp');\">\n                    <a class=\"whole-click\" href=\"https:\/\/tica.nl\/fr\/grossiste-en-vaisselle-comment-composer-un-assortiment-rentable\/\"><\/a>\n                    \n                    <a class=\"top-icon\" href=\"https:\/\/tica.nl\/fr\/grossiste-en-vaisselle-comment-composer-un-assortiment-rentable\/\" aria-label=\"Grossiste en vaisselle : comment composer un assortiment rentable\">\n                        <svg xmlns=\"http:\/\/www.w3.org\/2000\/svg\" width=\"16\" height=\"16\" viewBox=\"0 0 16 16\" fill=\"none\" role=\"img\" aria-hidden=\"true\">\n                            <path d=\"M1.2846 15.2844C0.978664 14.9784 0.826812 14.6242 0.823322 14.2182C0.819893 13.8123 0.965625 13.4614 1.26526 13.1617L10.6379 3.78904L10.3996 3.78696L3.83405 3.73172C3.44813 3.72843 3.10306 3.57795 2.79618 3.27114C2.48922 2.96418 2.33816 2.6186 2.3349 2.23257C2.33171 1.84682 2.4768 1.5051 2.77753 1.20437C3.0783 0.903669 3.41995 0.758475 3.80574 0.761735L14.2197 0.850814C14.6477 0.854432 15.001 0.998272 15.2859 1.28309C15.5707 1.5679 15.7145 1.92122 15.7181 2.34927L15.8072 12.7632C15.8105 13.149 15.6653 13.4907 15.3646 13.7914C15.0639 14.0922 14.7221 14.2372 14.3364 14.2341C13.9504 14.2308 13.6048 14.0797 13.2978 13.7728C12.991 13.4659 12.8405 13.1208 12.8372 12.7349L12.782 6.16931L12.7799 5.93107L3.4073 15.3037C3.10754 15.6033 2.75669 15.7491 2.35078 15.7456C1.94473 15.7421 1.59053 15.5903 1.2846 15.2844Z\" fill=\"black\" stroke=\"white\" stroke-width=\"0.2\"\/>\n                        <\/svg>\n                    <\/a>\n                    \n                    <div class=\"slide-caption\">\n                        <h3>Grossiste en vaisselle : comment composer un assortiment rentable<\/h3>\n                        <p>mars 20, 2026<\/p>\n                    <\/div>\n                <\/div>\n            <\/div>\n        <\/div>        <\/div>\n        <div id=\"post-grid-pagination\">\n            <div id=\"post-grid-pagination\" class=\"pagination-btn\"><button class=\"post-grid-page active\" data-page=\"1\">1<\/button><button class=\"post-grid-page \" data-page=\"2\">2<\/button><button class=\"post-grid-page \" data-page=\"3\">3<\/button><button class=\"post-grid-page \" data-page=\"4\">4<\/button><button class=\"post-grid-page \" data-page=\"5\">5<\/button><button class=\"post-grid-page \" data-page=\"6\">6<\/button><\/div>        <\/div>\n    <\/div>\n    <\/div>\n\t\t\t\t\t\t<\/div>\n\t\t\t\t<\/div>\n\t\t\t\t<\/div>\n\t\t\t\t<\/div>\n\t\t\t\t\t<\/div>\n\t\t\t\t<\/div>\n\t\t\t\t<\/div>\n\t\t","protected":false},"excerpt":{"rendered":"<p>Blogs<\/p>\n","protected":false},"author":1,"featured_media":16664,"parent":0,"menu_order":0,"comment_status":"closed","ping_status":"closed","template":"","meta":{"_acf_changed":false,"footnotes":""},"class_list":["post-31725","page","type-page","status-publish","has-post-thumbnail","hentry"],"acf":[],"_links":{"self":[{"href":"https:\/\/tica.nl\/fr\/wp-json\/wp\/v2\/pages\/31725","targetHints":{"allow":["GET"]}}],"collection":[{"href":"https:\/\/tica.nl\/fr\/wp-json\/wp\/v2\/pages"}],"about":[{"href":"https:\/\/tica.nl\/fr\/wp-json\/wp\/v2\/types\/page"}],"author":[{"embeddable":true,"href":"https:\/\/tica.nl\/fr\/wp-json\/wp\/v2\/users\/1"}],"replies":[{"embeddable":true,"href":"https:\/\/tica.nl\/fr\/wp-json\/wp\/v2\/comments?post=31725"}],"version-history":[{"count":7,"href":"https:\/\/tica.nl\/fr\/wp-json\/wp\/v2\/pages\/31725\/revisions"}],"predecessor-version":[{"id":34031,"href":"https:\/\/tica.nl\/fr\/wp-json\/wp\/v2\/pages\/31725\/revisions\/34031"}],"wp:featuredmedia":[{"embeddable":true,"href":"https:\/\/tica.nl\/fr\/wp-json\/wp\/v2\/media\/16664"}],"wp:attachment":[{"href":"https:\/\/tica.nl\/fr\/wp-json\/wp\/v2\/media?parent=31725"}],"curies":[{"name":"wp","href":"https:\/\/api.w.org\/{rel}","templated":true}]}}