{"id":28492,"date":"2025-10-16T12:21:35","date_gmt":"2025-10-16T12:21:35","guid":{"rendered":"https:\/\/tica.nl\/nouvelle-construction-tica-aalsmeer\/"},"modified":"2025-11-07T14:22:22","modified_gmt":"2025-11-07T14:22:22","slug":"nouvelle-construction-tica-aalsmeer","status":"publish","type":"page","link":"https:\/\/tica.nl\/fr\/nouvelle-construction-tica-aalsmeer\/","title":{"rendered":"Nouvelle construction TICA Aalsmeer"},"content":{"rendered":"\t\t<div data-elementor-type=\"wp-page\" data-elementor-id=\"28492\" class=\"elementor elementor-28492 elementor-27563\" data-elementor-post-type=\"page\">\n\t\t\t\t<div class=\"elementor-element elementor-element-f2cade1 e-flex e-con-boxed e-con e-parent\" data-id=\"f2cade1\" data-element_type=\"container\" data-e-type=\"container\">\n\t\t\t\t\t<div class=\"e-con-inner\">\n\t\t<div class=\"elementor-element elementor-element-6a0f65e e-con-full e-flex e-con e-child\" data-id=\"6a0f65e\" data-element_type=\"container\" data-e-type=\"container\">\n\t\t<div class=\"elementor-element elementor-element-7768e5d e-con-full e-flex e-con e-child\" data-id=\"7768e5d\" data-element_type=\"container\" data-e-type=\"container\">\n\t\t\t\t<div class=\"elementor-element elementor-element-794d2ec elementor-invisible elementor-widget elementor-widget-heading\" data-id=\"794d2ec\" data-element_type=\"widget\" data-e-type=\"widget\" data-settings=\"{&quot;_animation&quot;:&quot;fadeInUp&quot;}\" data-widget_type=\"heading.default\">\n\t\t\t\t<div class=\"elementor-widget-container\">\n\t\t\t\t\t<h1 class=\"elementor-heading-title elementor-size-default\">Nouvelle construction TICA Aalsmeer<\/h1>\t\t\t\t<\/div>\n\t\t\t\t<\/div>\n\t\t\t\t<div class=\"elementor-element elementor-element-9da8dd2 elementor-widget-divider--view-line elementor-invisible elementor-widget elementor-widget-divider\" data-id=\"9da8dd2\" data-element_type=\"widget\" data-e-type=\"widget\" data-settings=\"{&quot;_animation&quot;:&quot;fadeInUp&quot;,&quot;_animation_delay&quot;:300}\" data-widget_type=\"divider.default\">\n\t\t\t\t<div class=\"elementor-widget-container\">\n\t\t\t\t\t\t\t<div class=\"elementor-divider\">\n\t\t\t<span class=\"elementor-divider-separator\">\n\t\t\t\t\t\t<\/span>\n\t\t<\/div>\n\t\t\t\t\t\t<\/div>\n\t\t\t\t<\/div>\n\t\t\t\t<\/div>\n\t\t\t\t<\/div>\n\t\t\t\t\t<\/div>\n\t\t\t\t<\/div>\n\t\t<div class=\"elementor-element elementor-element-c99ca6a e-con-full e-flex e-con e-parent\" data-id=\"c99ca6a\" data-element_type=\"container\" data-e-type=\"container\">\n\t\t<div data-dce-background-image-url=\"https:\/\/tica.nl\/wp-content\/uploads\/2025\/10\/TICA_Aalsmeer_nieuw_nieuwspagina.png.webp\" class=\"elementor-element elementor-element-45daf31 e-con-full e-flex elementor-invisible e-con e-child\" data-id=\"45daf31\" data-element_type=\"container\" data-e-type=\"container\" data-settings=\"{&quot;animation&quot;:&quot;fadeIn&quot;,&quot;animation_delay&quot;:400,&quot;background_background&quot;:&quot;classic&quot;,&quot;animation_mobile&quot;:&quot;none&quot;}\">\n\t\t\t\t<\/div>\n\t\t<div class=\"elementor-element elementor-element-259fe95 e-con-full e-flex e-con e-child\" data-id=\"259fe95\" data-element_type=\"container\" data-e-type=\"container\">\n\t\t<div class=\"elementor-element elementor-element-f6b3c12 e-con-full e-flex elementor-invisible e-con e-child\" data-id=\"f6b3c12\" data-element_type=\"container\" data-e-type=\"container\" data-settings=\"{&quot;animation&quot;:&quot;fadeInUp&quot;}\">\n\t\t\t\t<div class=\"elementor-element elementor-element-5ec65d1 elementor-widget elementor-widget-heading\" data-id=\"5ec65d1\" data-element_type=\"widget\" data-e-type=\"widget\" data-widget_type=\"heading.default\">\n\t\t\t\t<div class=\"elementor-widget-container\">\n\t\t\t\t\t<h2 class=\"elementor-heading-title elementor-size-default\">TICA Aalsmeer<\/h2>\t\t\t\t<\/div>\n\t\t\t\t<\/div>\n\t\t\t\t<div class=\"elementor-element elementor-element-d9fdb2e elementor-widget elementor-widget-heading\" data-id=\"d9fdb2e\" data-element_type=\"widget\" data-e-type=\"widget\" data-widget_type=\"heading.default\">\n\t\t\t\t<div class=\"elementor-widget-container\">\n\t\t\t\t\t<h4 class=\"elementor-heading-title elementor-size-default\">Toujours en d\u00e9veloppement<\/h4>\t\t\t\t<\/div>\n\t\t\t\t<\/div>\n\t\t\t\t<div class=\"elementor-element elementor-element-f63028e elementor-widget elementor-widget-text-editor\" data-id=\"f63028e\" data-element_type=\"widget\" data-e-type=\"widget\" data-widget_type=\"text-editor.default\">\n\t\t\t\t<div class=\"elementor-widget-container\">\n\t\t\t\t\t\t\t\t\t<p>TICA Aalsmeer continue de cro\u00eetre, en id\u00e9es, en inspiration et bient\u00f4t aussi en espace. Avec un tout nouveau b\u00e2timent sur la Thailandlaan, nous nous pr\u00e9parons \u00e0 un avenir plein de nouvelles possibilit\u00e9s. Un lieu o\u00f9 entrepreneurs, marques et cr\u00e9atifs se r\u00e9unissent pour d\u00e9couvrir, cr\u00e9er et se connecter.  <\/p><p>Mais d&rsquo;abord, nous construisons. Litt\u00e9ralement. Dans la p\u00e9riode \u00e0 venir, notre nouveau local prendra forme \u00e9tape par \u00e9tape.   <\/p><p>Sur cette page, vous trouverez toutes les mises \u00e0 jour jusqu&rsquo;\u00e0 l&rsquo;ouverture en 2027. Du premier pilier aux derniers d\u00e9tails : suivez ici le voyage vers le nouveau TICA Aalsmeer. <\/p>\t\t\t\t\t\t\t\t<\/div>\n\t\t\t\t<\/div>\n\t\t<div class=\"elementor-element elementor-element-b03caaa e-con-full e-flex elementor-invisible e-con e-child\" data-id=\"b03caaa\" data-element_type=\"container\" data-e-type=\"container\" data-settings=\"{&quot;animation&quot;:&quot;fadeInUp&quot;,&quot;animation_delay&quot;:400}\">\n\t\t\t\t<div class=\"elementor-element elementor-element-a335685 elementor-widget__width-auto elementor-widget elementor-widget-button\" data-id=\"a335685\" data-element_type=\"widget\" data-e-type=\"widget\" data-widget_type=\"button.default\">\n\t\t\t\t<div class=\"elementor-widget-container\">\n\t\t\t\t\t\t\t\t\t<div class=\"elementor-button-wrapper\">\n\t\t\t\t\t<a class=\"elementor-button elementor-button-link elementor-size-sm\" href=\"https:\/\/portal.tica.nl\/\">\n\t\t\t\t\t\t<span class=\"elementor-button-content-wrapper\">\n\t\t\t\t\t\t\t\t\t<span class=\"elementor-button-text\">Acheter chez TICA<\/span>\n\t\t\t\t\t<\/span>\n\t\t\t\t\t<\/a>\n\t\t\t\t<\/div>\n\t\t\t\t\t\t\t\t<\/div>\n\t\t\t\t<\/div>\n\t\t\t\t<div class=\"elementor-element elementor-element-474928a elementor-widget__width-auto elementor-widget elementor-widget-button\" data-id=\"474928a\" data-element_type=\"widget\" data-e-type=\"widget\" data-widget_type=\"button.default\">\n\t\t\t\t<div class=\"elementor-widget-container\">\n\t\t\t\t\t\t\t\t\t<div class=\"elementor-button-wrapper\">\n\t\t\t\t\t<a class=\"elementor-button elementor-button-link elementor-size-sm\" href=\"https:\/\/tica.nl\/fr\/vendre-chez-tica-1\/\">\n\t\t\t\t\t\t<span class=\"elementor-button-content-wrapper\">\n\t\t\t\t\t\t\t\t\t<span class=\"elementor-button-text\">Vendre chez TICA<\/span>\n\t\t\t\t\t<\/span>\n\t\t\t\t\t<\/a>\n\t\t\t\t<\/div>\n\t\t\t\t\t\t\t\t<\/div>\n\t\t\t\t<\/div>\n\t\t\t\t<\/div>\n\t\t\t\t<\/div>\n\t\t\t\t<\/div>\n\t\t\t\t<\/div>\n\t\t<div class=\"elementor-element elementor-element-9667e41 e-flex e-con-boxed e-con e-parent\" data-id=\"9667e41\" data-element_type=\"container\" data-e-type=\"container\">\n\t\t\t\t\t<div class=\"e-con-inner\">\n\t\t<div class=\"elementor-element elementor-element-7a53765 e-con-full e-flex e-con e-child\" data-id=\"7a53765\" data-element_type=\"container\" data-e-type=\"container\">\n\t\t\t\t<div class=\"elementor-element elementor-element-0f53cad elementor-widget-divider--view-line elementor-invisible elementor-widget elementor-widget-divider\" data-id=\"0f53cad\" data-element_type=\"widget\" data-e-type=\"widget\" data-settings=\"{&quot;_animation&quot;:&quot;fadeInUp&quot;,&quot;_animation_delay&quot;:300}\" data-widget_type=\"divider.default\">\n\t\t\t\t<div class=\"elementor-widget-container\">\n\t\t\t\t\t\t\t<div class=\"elementor-divider\">\n\t\t\t<span class=\"elementor-divider-separator\">\n\t\t\t\t\t\t<\/span>\n\t\t<\/div>\n\t\t\t\t\t\t<\/div>\n\t\t\t\t<\/div>\n\t\t\t\t<div class=\"elementor-element elementor-element-0dd4303 elementor-invisible elementor-widget elementor-widget-heading\" data-id=\"0dd4303\" data-element_type=\"widget\" data-e-type=\"widget\" data-settings=\"{&quot;_animation&quot;:&quot;fadeInUp&quot;}\" data-widget_type=\"heading.default\">\n\t\t\t\t<div class=\"elementor-widget-container\">\n\t\t\t\t\t<h2 class=\"elementor-heading-title elementor-size-default\">Aper\u00e7u<\/h2>\t\t\t\t<\/div>\n\t\t\t\t<\/div>\n\t\t\t\t<div class=\"elementor-element elementor-element-5600aaa indexing-listing elementor-mobile-align-start elementor-icon-list--layout-traditional elementor-list-item-link-full_width elementor-invisible elementor-widget elementor-widget-icon-list\" data-id=\"5600aaa\" data-element_type=\"widget\" data-e-type=\"widget\" data-settings=\"{&quot;_animation&quot;:&quot;fadeInUp&quot;}\" data-widget_type=\"icon-list.default\">\n\t\t\t\t<div class=\"elementor-widget-container\">\n\t\t\t\t\t\t\t<ul class=\"elementor-icon-list-items\">\n\t\t\t\t\t\t\t<li class=\"elementor-icon-list-item\">\n\t\t\t\t\t\t\t\t\t\t\t<a href=\"https:\/\/tica.nl\/fr\/nouvelle-construction-tica-aalsmeer\/#eerste-paal\">\n\n\t\t\t\t\t\t\t\t\t\t\t<span class=\"elementor-icon-list-text\">Premier pilier plant\u00e9 ; nous avons commenc\u00e9 !<\/span>\n\t\t\t\t\t\t\t\t\t\t\t<\/a>\n\t\t\t\t\t\t\t\t\t<\/li>\n\t\t\t\t\t\t<\/ul>\n\t\t\t\t\t\t<\/div>\n\t\t\t\t<\/div>\n\t\t\t\t<\/div>\n\t\t\t\t\t<\/div>\n\t\t\t\t<\/div>\n\t\t<div class=\"elementor-element elementor-element-747c666 e-flex e-con-boxed e-con e-parent\" data-id=\"747c666\" data-element_type=\"container\" data-e-type=\"container\">\n\t\t\t\t\t<div class=\"e-con-inner\">\n\t\t\t\t<div class=\"elementor-element elementor-element-50adb47 elementor-widget elementor-widget-spacer\" data-id=\"50adb47\" data-element_type=\"widget\" data-e-type=\"widget\" data-widget_type=\"spacer.default\">\n\t\t\t\t<div class=\"elementor-widget-container\">\n\t\t\t\t\t\t\t<div class=\"elementor-spacer\">\n\t\t\t<div class=\"elementor-spacer-inner\"><\/div>\n\t\t<\/div>\n\t\t\t\t\t\t<\/div>\n\t\t\t\t<\/div>\n\t\t\t\t\t<\/div>\n\t\t\t\t<\/div>\n\t\t<div class=\"elementor-element elementor-element-2672dd8 e-flex e-con-boxed e-con e-parent\" data-id=\"2672dd8\" data-element_type=\"container\" data-e-type=\"container\">\n\t\t\t\t\t<div class=\"e-con-inner\">\n\t\t\t\t<div class=\"elementor-element elementor-element-0b1784d dce_masking-none elementor-widget elementor-widget-video\" data-id=\"0b1784d\" data-element_type=\"widget\" data-e-type=\"widget\" data-settings=\"{&quot;youtube_url&quot;:&quot;https:\\\/\\\/youtu.be\\\/rVAIhnj7XBE&quot;,&quot;autoplay&quot;:&quot;yes&quot;,&quot;play_on_mobile&quot;:&quot;yes&quot;,&quot;loop&quot;:&quot;yes&quot;,&quot;video_type&quot;:&quot;youtube&quot;,&quot;controls&quot;:&quot;yes&quot;}\" data-widget_type=\"video.default\">\n\t\t\t\t<div class=\"elementor-widget-container\">\n\t\t\t\t\t\t\t<div class=\"elementor-wrapper elementor-open-inline\">\n\t\t\t<div class=\"elementor-video\"><\/div>\t\t<\/div>\n\t\t\t\t\t\t<\/div>\n\t\t\t\t<\/div>\n\t\t\t\t\t<\/div>\n\t\t\t\t<\/div>\n\t\t<div class=\"elementor-element elementor-element-72c7991 e-flex e-con-boxed e-con e-parent\" data-id=\"72c7991\" data-element_type=\"container\" data-e-type=\"container\">\n\t\t\t\t\t<div class=\"e-con-inner\">\n\t\t\t\t<div class=\"elementor-element elementor-element-7d8c35f elementor-widget elementor-widget-spacer\" data-id=\"7d8c35f\" data-element_type=\"widget\" data-e-type=\"widget\" data-widget_type=\"spacer.default\">\n\t\t\t\t<div class=\"elementor-widget-container\">\n\t\t\t\t\t\t\t<div class=\"elementor-spacer\">\n\t\t\t<div class=\"elementor-spacer-inner\"><\/div>\n\t\t<\/div>\n\t\t\t\t\t\t<\/div>\n\t\t\t\t<\/div>\n\t\t\t\t\t<\/div>\n\t\t\t\t<\/div>\n\t\t<div class=\"elementor-element elementor-element-d875ed1 e-flex e-con-boxed e-con e-parent\" data-id=\"d875ed1\" data-element_type=\"container\" data-e-type=\"container\">\n\t\t\t\t\t<div class=\"e-con-inner\">\n\t\t<div class=\"elementor-element elementor-element-ade46c9 e-con-full e-flex elementor-invisible e-con e-child\" data-id=\"ade46c9\" data-element_type=\"container\" data-e-type=\"container\" data-settings=\"{&quot;animation&quot;:&quot;fadeInUp&quot;}\">\n\t\t\t\t<div class=\"elementor-element elementor-element-6ea3d81 elementor-widget elementor-widget-heading\" data-id=\"6ea3d81\" data-element_type=\"widget\" data-e-type=\"widget\" id=\"eerste-paal-geslagen-we-zijn-begonnen\" data-widget_type=\"heading.default\">\n\t\t\t\t<div class=\"elementor-widget-container\">\n\t\t\t\t\t<h2 class=\"elementor-heading-title elementor-size-default\">01 - Premier pilier plant\u00e9 ; nous avons commenc\u00e9 !<\/h2>\t\t\t\t<\/div>\n\t\t\t\t<\/div>\n\t\t\t\t<\/div>\n\t\t<div class=\"elementor-element elementor-element-2f0ccdb e-con-full e-flex e-con e-child\" data-id=\"2f0ccdb\" data-element_type=\"container\" data-e-type=\"container\">\n\t\t<div class=\"elementor-element elementor-element-d8489c0 e-con-full e-flex e-con e-child\" data-id=\"d8489c0\" data-element_type=\"container\" data-e-type=\"container\">\n\t\t<div data-dce-background-image-url=\"https:\/\/tica.nl\/wp-content\/uploads\/2025\/10\/Updatepagina_eerstepaalmoment-1.png.webp\" class=\"elementor-element elementor-element-4d52c82 e-con-full e-flex elementor-invisible e-con e-child\" data-id=\"4d52c82\" data-element_type=\"container\" data-e-type=\"container\" data-settings=\"{&quot;animation&quot;:&quot;fadeIn&quot;,&quot;animation_delay&quot;:400,&quot;background_background&quot;:&quot;classic&quot;,&quot;animation_mobile&quot;:&quot;none&quot;}\">\n\t\t\t\t<\/div>\n\t\t<div class=\"elementor-element elementor-element-cc3752b e-con-full e-flex e-con e-child\" data-id=\"cc3752b\" data-element_type=\"container\" data-e-type=\"container\">\n\t\t<div class=\"elementor-element elementor-element-6b64cfd e-con-full e-flex elementor-invisible e-con e-child\" data-id=\"6b64cfd\" data-element_type=\"container\" data-e-type=\"container\" data-settings=\"{&quot;animation&quot;:&quot;fadeInUp&quot;}\">\n\t\t\t\t<div class=\"elementor-element elementor-element-79b0bbb elementor-widget elementor-widget-heading\" data-id=\"79b0bbb\" data-element_type=\"widget\" data-e-type=\"widget\" id=\"eerste-paal\" data-widget_type=\"heading.default\">\n\t\t\t\t<div class=\"elementor-widget-container\">\n\t\t\t\t\t<h2 class=\"elementor-heading-title elementor-size-default\">21 octobre 2025<\/h2>\t\t\t\t<\/div>\n\t\t\t\t<\/div>\n\t\t\t\t<div class=\"elementor-element elementor-element-462e51f elementor-widget elementor-widget-text-editor\" data-id=\"462e51f\" data-element_type=\"widget\" data-e-type=\"widget\" data-widget_type=\"text-editor.default\">\n\t\t\t\t<div class=\"elementor-widget-container\">\n\t\t\t\t\t\t\t\t\t<p>Le mardi 21 octobre 2025, c&rsquo;\u00e9tait le moment : le premier pilier du nouveau b\u00e2timent TICA \u00e0 Aalsmeer a \u00e9t\u00e9 enfonc\u00e9 dans le sol. Une \u00e9tape importante dont nous sommes fiers. Car avec cela, la construction a officiellement commenc\u00e9 et nous faisons litt\u00e9ralement le premier pas vers un avenir plein de nouvelles possibilit\u00e9s.  <\/p><p>Lors d&rsquo;une c\u00e9r\u00e9monie festive, Martijn Cliteur, Rogier Uivel et Robert Segers ont enfonc\u00e9 les premiers piliers dans le sol. Un geste puissant qui souligne notre ambition : continuer \u00e0 cro\u00eetre, \u00e0 innover et \u00e0 inspirer. Pas seulement en id\u00e9es, mais aussi en m\u00e8tres carr\u00e9s.  <\/p>\t\t\t\t\t\t\t\t<\/div>\n\t\t\t\t<\/div>\n\t\t\t\t<\/div>\n\t\t<div class=\"elementor-element elementor-element-e9d5cd1 e-con-full e-flex elementor-invisible e-con e-child\" data-id=\"e9d5cd1\" data-element_type=\"container\" data-e-type=\"container\" data-settings=\"{&quot;animation&quot;:&quot;fadeInUp&quot;,&quot;animation_delay&quot;:400}\">\n\t\t\t\t<div class=\"elementor-element elementor-element-674f83e elementor-widget__width-auto elementor-widget elementor-widget-button\" data-id=\"674f83e\" data-element_type=\"widget\" data-e-type=\"widget\" data-widget_type=\"button.default\">\n\t\t\t\t<div class=\"elementor-widget-container\">\n\t\t\t\t\t\t\t\t\t<div class=\"elementor-button-wrapper\">\n\t\t\t\t\t<a class=\"elementor-button elementor-button-link elementor-size-sm\" href=\"https:\/\/tica.nl\/fr\/tica-aalsmeer-construit-lavenir\/\">\n\t\t\t\t\t\t<span class=\"elementor-button-content-wrapper\">\n\t\t\t\t\t\t\t\t\t<span class=\"elementor-button-text\">Consultez l'actualit\u00e9 ici<\/span>\n\t\t\t\t\t<\/span>\n\t\t\t\t\t<\/a>\n\t\t\t\t<\/div>\n\t\t\t\t\t\t\t\t<\/div>\n\t\t\t\t<\/div>\n\t\t\t\t<\/div>\n\t\t\t\t<\/div>\n\t\t\t\t<\/div>\n\t\t\t\t<\/div>\n\t\t\t\t\t<\/div>\n\t\t\t\t<\/div>\n\t\t<div class=\"elementor-element elementor-element-d93985a e-flex e-con-boxed e-con e-parent\" data-id=\"d93985a\" data-element_type=\"container\" data-e-type=\"container\">\n\t\t\t\t\t<div class=\"e-con-inner\">\n\t\t\t\t<div class=\"elementor-element elementor-element-f328a00 elementor-widget elementor-widget-spacer\" data-id=\"f328a00\" data-element_type=\"widget\" data-e-type=\"widget\" data-widget_type=\"spacer.default\">\n\t\t\t\t<div class=\"elementor-widget-container\">\n\t\t\t\t\t\t\t<div class=\"elementor-spacer\">\n\t\t\t<div class=\"elementor-spacer-inner\"><\/div>\n\t\t<\/div>\n\t\t\t\t\t\t<\/div>\n\t\t\t\t<\/div>\n\t\t\t\t\t<\/div>\n\t\t\t\t<\/div>\n\t\t<div class=\"elementor-element elementor-element-862c8b6 e-con-full e-flex e-con e-parent\" data-id=\"862c8b6\" data-element_type=\"container\" data-e-type=\"container\" data-settings=\"{&quot;background_background&quot;:&quot;classic&quot;}\">\n\t\t<div class=\"elementor-element elementor-element-c3c777c e-flex e-con-boxed e-con e-child\" data-id=\"c3c777c\" data-element_type=\"container\" data-e-type=\"container\">\n\t\t\t\t\t<div class=\"e-con-inner\">\n\t\t\t\t<div class=\"elementor-element elementor-element-fe72c49 elementor-invisible elementor-widget elementor-widget-heading\" data-id=\"fe72c49\" data-element_type=\"widget\" data-e-type=\"widget\" data-settings=\"{&quot;_animation&quot;:&quot;fadeIn&quot;}\" data-widget_type=\"heading.default\">\n\t\t\t\t<div class=\"elementor-widget-container\">\n\t\t\t\t\t<h2 class=\"elementor-heading-title elementor-size-default\">En savoir plus<\/h2>\t\t\t\t<\/div>\n\t\t\t\t<\/div>\n\t\t\t\t\t<\/div>\n\t\t\t\t<\/div>\n\t\t<div class=\"elementor-element elementor-element-c72d50e e-flex e-con-boxed elementor-invisible e-con e-child\" data-id=\"c72d50e\" data-element_type=\"container\" data-e-type=\"container\" data-settings=\"{&quot;animation&quot;:&quot;fadeIn&quot;}\">\n\t\t\t\t\t<div class=\"e-con-inner\">\n\t\t<div class=\"elementor-element elementor-element-1e8aa6d e-con-full e-flex e-con e-child\" data-id=\"1e8aa6d\" data-element_type=\"container\" data-e-type=\"container\">\n\t\t\t\t<div class=\"elementor-element elementor-element-d007ea4 boxes-page dce_masking-none elementor-position-top elementor-widget elementor-widget-image-box\" data-id=\"d007ea4\" data-element_type=\"widget\" data-e-type=\"widget\" data-widget_type=\"image-box.default\">\n\t\t\t\t<div class=\"elementor-widget-container\">\n\t\t\t\t\t<div class=\"elementor-image-box-wrapper\"><figure class=\"elementor-image-box-img\"><a href=\"http:\/\/tica.nl\/etablissements\" tabindex=\"-1\"><img decoding=\"async\" width=\"900\" height=\"1410\" src=\"https:\/\/tica.nl\/wp-content\/uploads\/2025\/08\/4.-Vestigingen.png.webp\" class=\"attachment-full size-full wp-image-14337\" alt=\"TICA_etablissements\" srcset=\"https:\/\/tica.nl\/wp-content\/uploads\/2025\/08\/4.-Vestigingen.png.webp 900w, https:\/\/tica.nl\/wp-content\/uploads\/2025\/08\/4.-Vestigingen.png-191x300.webp 191w, https:\/\/tica.nl\/wp-content\/uploads\/2025\/08\/4.-Vestigingen.png-654x1024.webp 654w, https:\/\/tica.nl\/wp-content\/uploads\/2025\/08\/4.-Vestigingen.png-768x1203.webp 768w\" sizes=\"(max-width: 900px) 100vw, 900px\" \/><\/a><\/figure><div class=\"elementor-image-box-content\"><h2 class=\"elementor-image-box-title\"><a href=\"http:\/\/tica.nl\/etablissements\">\u00c9tablissements<\/a><\/h2><p class=\"elementor-image-box-description\">Les membres TICA ont acc\u00e8s \u00e0 tous les \u00e9tablissements aux Pays-Bas et en Belgique.<\/p><\/div><\/div>\t\t\t\t<\/div>\n\t\t\t\t<\/div>\n\t\t\t\t<\/div>\n\t\t<div class=\"elementor-element elementor-element-e6b89f2 e-con-full e-flex e-con e-child\" data-id=\"e6b89f2\" data-element_type=\"container\" data-e-type=\"container\">\n\t\t\t\t<div class=\"elementor-element elementor-element-5afecee boxes-page dce_masking-none elementor-position-top elementor-widget elementor-widget-image-box\" data-id=\"5afecee\" data-element_type=\"widget\" data-e-type=\"widget\" data-widget_type=\"image-box.default\">\n\t\t\t\t<div class=\"elementor-widget-container\">\n\t\t\t\t\t<div class=\"elementor-image-box-wrapper\"><figure class=\"elementor-image-box-img\"><a href=\"http:\/\/tica.nl\/horaires-ouverture\" tabindex=\"-1\"><img decoding=\"async\" width=\"900\" height=\"1410\" src=\"https:\/\/tica.nl\/wp-content\/uploads\/2025\/08\/9.-Openingstijden.png.webp\" class=\"attachment-full size-full wp-image-14338\" alt=\"TICA_heures_ouverture\" srcset=\"https:\/\/tica.nl\/wp-content\/uploads\/2025\/08\/9.-Openingstijden.png.webp 900w, https:\/\/tica.nl\/wp-content\/uploads\/2025\/08\/9.-Openingstijden.png-191x300.webp 191w, https:\/\/tica.nl\/wp-content\/uploads\/2025\/08\/9.-Openingstijden.png-654x1024.webp 654w, https:\/\/tica.nl\/wp-content\/uploads\/2025\/08\/9.-Openingstijden.png-768x1203.webp 768w\" sizes=\"(max-width: 900px) 100vw, 900px\" \/><\/a><\/figure><div class=\"elementor-image-box-content\"><h2 class=\"elementor-image-box-title\"><a href=\"http:\/\/tica.nl\/horaires-ouverture\">Horaires d'ouverture<\/a><\/h2><p class=\"elementor-image-box-description\">Presque tous nos \u00e9tablissements sont ouverts 7 jours sur 7. Ainsi, vous pouvez faire vos achats quand cela vous convient. <\/p><\/div><\/div>\t\t\t\t<\/div>\n\t\t\t\t<\/div>\n\t\t\t\t<\/div>\n\t\t<div class=\"elementor-element elementor-element-bd70456 e-con-full e-flex e-con e-child\" data-id=\"bd70456\" data-element_type=\"container\" data-e-type=\"container\">\n\t\t\t\t<div class=\"elementor-element elementor-element-b86b0d5 boxes-page dce_masking-none elementor-position-top elementor-widget elementor-widget-image-box\" data-id=\"b86b0d5\" data-element_type=\"widget\" data-e-type=\"widget\" data-widget_type=\"image-box.default\">\n\t\t\t\t<div class=\"elementor-widget-container\">\n\t\t\t\t\t<div class=\"elementor-image-box-wrapper\"><figure class=\"elementor-image-box-img\"><a href=\"http:\/\/tica.nl\/laissez-vous-inspirer\" tabindex=\"-1\"><img decoding=\"async\" width=\"900\" height=\"1410\" src=\"https:\/\/tica.nl\/wp-content\/uploads\/2025\/08\/3.-Inspiratie.jpg.webp\" class=\"attachment-full size-full wp-image-14339\" alt=\"TICA_inspiration\" srcset=\"https:\/\/tica.nl\/wp-content\/uploads\/2025\/08\/3.-Inspiratie.jpg.webp 900w, https:\/\/tica.nl\/wp-content\/uploads\/2025\/08\/3.-Inspiratie.jpg-191x300.webp 191w, https:\/\/tica.nl\/wp-content\/uploads\/2025\/08\/3.-Inspiratie.jpg-654x1024.webp 654w, https:\/\/tica.nl\/wp-content\/uploads\/2025\/08\/3.-Inspiratie.jpg-768x1203.webp 768w\" sizes=\"(max-width: 900px) 100vw, 900px\" \/><\/a><\/figure><div class=\"elementor-image-box-content\"><h2 class=\"elementor-image-box-title\"><a href=\"http:\/\/tica.nl\/laissez-vous-inspirer\">Inspiration<\/a><\/h2><p class=\"elementor-image-box-description\">Restez inform\u00e9 des derni\u00e8res tendances lifestyle, styles d'int\u00e9rieur et blogs inspirants.<\/p><\/div><\/div>\t\t\t\t<\/div>\n\t\t\t\t<\/div>\n\t\t\t\t<\/div>\n\t\t<div class=\"elementor-element elementor-element-f0e85c6 e-con-full e-flex e-con e-child\" data-id=\"f0e85c6\" data-element_type=\"container\" data-e-type=\"container\">\n\t\t\t\t<div class=\"elementor-element elementor-element-a10c099 boxes-page dce_masking-none elementor-position-top elementor-widget elementor-widget-image-box\" data-id=\"a10c099\" data-element_type=\"widget\" data-e-type=\"widget\" data-widget_type=\"image-box.default\">\n\t\t\t\t<div class=\"elementor-widget-container\">\n\t\t\t\t\t<div class=\"elementor-image-box-wrapper\"><figure class=\"elementor-image-box-img\"><a href=\"https:\/\/tica.nl\/fr\/achats-en-ligne-chez-tica\/\" tabindex=\"-1\"><img decoding=\"async\" width=\"900\" height=\"1410\" src=\"https:\/\/tica.nl\/wp-content\/uploads\/2025\/08\/5.-Online-inkopen.jpg.webp\" class=\"attachment-full size-full wp-image-14340\" alt=\"TICA_achats_en_ligne\" srcset=\"https:\/\/tica.nl\/wp-content\/uploads\/2025\/08\/5.-Online-inkopen.jpg.webp 900w, https:\/\/tica.nl\/wp-content\/uploads\/2025\/08\/5.-Online-inkopen.jpg-191x300.webp 191w, https:\/\/tica.nl\/wp-content\/uploads\/2025\/08\/5.-Online-inkopen.jpg-654x1024.webp 654w, https:\/\/tica.nl\/wp-content\/uploads\/2025\/08\/5.-Online-inkopen.jpg-768x1203.webp 768w\" sizes=\"(max-width: 900px) 100vw, 900px\" \/><\/a><\/figure><div class=\"elementor-image-box-content\"><h2 class=\"elementor-image-box-title\"><a href=\"https:\/\/tica.nl\/fr\/achats-en-ligne-chez-tica\/\">Commander \u00e0 nouveau ? <\/a><\/h2><p class=\"elementor-image-box-description\">Les membres TICA peuvent facilement effectuer leurs achats en ligne via la boutique en ligne TICA - rapidement, avec flexibilit\u00e9 et quand cela vous convient<\/p><\/div><\/div>\t\t\t\t<\/div>\n\t\t\t\t<\/div>\n\t\t\t\t<\/div>\n\t\t\t\t\t<\/div>\n\t\t\t\t<\/div>\n\t\t\t\t<\/div>\n\t\t\t\t<\/div>\n\t\t","protected":false},"excerpt":{"rendered":"<p>Nouvelle construction TICA Aalsmeer TICA Aalsmeer Toujours en d\u00e9veloppement TICA Aalsmeer continue de cro\u00eetre, en id\u00e9es, en inspiration et bient\u00f4t aussi en espace. Avec un tout nouveau b\u00e2timent sur la Thailandlaan, nous nous pr\u00e9parons \u00e0 un avenir plein de nouvelles possibilit\u00e9s. Un lieu o\u00f9 entrepreneurs, marques et cr\u00e9atifs se r\u00e9unissent pour d\u00e9couvrir, cr\u00e9er et se [&hellip;]<\/p>\n","protected":false},"author":8,"featured_media":28496,"parent":0,"menu_order":0,"comment_status":"closed","ping_status":"closed","template":"","meta":{"_acf_changed":false,"footnotes":""},"class_list":["post-28492","page","type-page","status-publish","has-post-thumbnail","hentry"],"acf":[],"_links":{"self":[{"href":"https:\/\/tica.nl\/fr\/wp-json\/wp\/v2\/pages\/28492","targetHints":{"allow":["GET"]}}],"collection":[{"href":"https:\/\/tica.nl\/fr\/wp-json\/wp\/v2\/pages"}],"about":[{"href":"https:\/\/tica.nl\/fr\/wp-json\/wp\/v2\/types\/page"}],"author":[{"embeddable":true,"href":"https:\/\/tica.nl\/fr\/wp-json\/wp\/v2\/users\/8"}],"replies":[{"embeddable":true,"href":"https:\/\/tica.nl\/fr\/wp-json\/wp\/v2\/comments?post=28492"}],"version-history":[{"count":0,"href":"https:\/\/tica.nl\/fr\/wp-json\/wp\/v2\/pages\/28492\/revisions"}],"wp:featuredmedia":[{"embeddable":true,"href":"https:\/\/tica.nl\/fr\/wp-json\/wp\/v2\/media\/28496"}],"wp:attachment":[{"href":"https:\/\/tica.nl\/fr\/wp-json\/wp\/v2\/media?parent=28492"}],"curies":[{"name":"wp","href":"https:\/\/api.w.org\/{rel}","templated":true}]}}