{"id":16661,"date":"2025-07-12T23:46:24","date_gmt":"2025-07-12T23:46:24","guid":{"rendered":"https:\/\/tica.nl\/actualites\/"},"modified":"2025-11-25T12:12:25","modified_gmt":"2025-11-25T12:12:25","slug":"actualites","status":"publish","type":"page","link":"https:\/\/tica.nl\/fr\/actualites\/","title":{"rendered":"Actualit\u00e9s"},"content":{"rendered":"\t\t<div data-elementor-type=\"wp-page\" data-elementor-id=\"16661\" class=\"elementor elementor-16661 elementor-5811\" data-elementor-post-type=\"page\">\n\t\t\t\t<div class=\"elementor-element elementor-element-18a60fc e-flex e-con-boxed e-con e-parent\" data-id=\"18a60fc\" data-element_type=\"container\" data-e-type=\"container\">\n\t\t\t\t\t<div class=\"e-con-inner\">\n\t\t<div class=\"elementor-element elementor-element-d2788a6 e-con-full e-flex e-con e-child\" data-id=\"d2788a6\" data-element_type=\"container\" data-e-type=\"container\">\n\t\t<div class=\"elementor-element elementor-element-c521a01 e-con-full e-flex e-con e-child\" data-id=\"c521a01\" data-element_type=\"container\" data-e-type=\"container\">\n\t\t\t\t<div class=\"elementor-element elementor-element-69840da elementor-invisible elementor-widget elementor-widget-heading\" data-id=\"69840da\" data-element_type=\"widget\" data-e-type=\"widget\" data-settings=\"{&quot;_animation&quot;:&quot;fadeInUp&quot;}\" data-widget_type=\"heading.default\">\n\t\t\t\t<div class=\"elementor-widget-container\">\n\t\t\t\t\t<h1 class=\"elementor-heading-title elementor-size-default\">Actualit\u00e9s<\/h1>\t\t\t\t<\/div>\n\t\t\t\t<\/div>\n\t\t\t\t<div class=\"elementor-element elementor-element-edef813 elementor-widget-divider--view-line elementor-invisible elementor-widget elementor-widget-divider\" data-id=\"edef813\" data-element_type=\"widget\" data-e-type=\"widget\" data-settings=\"{&quot;_animation&quot;:&quot;fadeInUp&quot;,&quot;_animation_delay&quot;:300}\" data-widget_type=\"divider.default\">\n\t\t\t\t<div class=\"elementor-widget-container\">\n\t\t\t\t\t\t\t<div class=\"elementor-divider\">\n\t\t\t<span class=\"elementor-divider-separator\">\n\t\t\t\t\t\t<\/span>\n\t\t<\/div>\n\t\t\t\t\t\t<\/div>\n\t\t\t\t<\/div>\n\t\t\t\t<div class=\"elementor-element elementor-element-35358ca elementor-invisible elementor-widget elementor-widget-shortcode\" data-id=\"35358ca\" data-element_type=\"widget\" data-e-type=\"widget\" data-settings=\"{&quot;_animation&quot;:&quot;fadeInUp&quot;}\" data-widget_type=\"shortcode.default\">\n\t\t\t\t<div class=\"elementor-widget-container\">\n\t\t\t\t\t\t\t<div class=\"elementor-shortcode\">    <div id=\"post-grid-container\"\n         data-exclude=\"67, 271\"\n         data-include=\"\">\n        <div id=\"post-grid-posts\">\n            <div class=\"boxes-location\">            <div class=\"box-slide\">\n                <div class=\"slide-inner\" style=\"background-image: url('');\">\n                    <a class=\"whole-click\" href=\"https:\/\/tica.nl\/fr\/assortiment-saisonnier-en-magasin-comment-construire-une-offre-solide-et-rentable\/\"><\/a>\n                    \n                    <a class=\"top-icon\" href=\"https:\/\/tica.nl\/fr\/assortiment-saisonnier-en-magasin-comment-construire-une-offre-solide-et-rentable\/\" aria-label=\"Assortiment saisonnier en magasin : comment construire une offre solide et rentable\">\n                        <svg xmlns=\"http:\/\/www.w3.org\/2000\/svg\" width=\"16\" height=\"16\" viewBox=\"0 0 16 16\" fill=\"none\" role=\"img\" aria-hidden=\"true\">\n                            <path d=\"M1.2846 15.2844C0.978664 14.9784 0.826812 14.6242 0.823322 14.2182C0.819893 13.8123 0.965625 13.4614 1.26526 13.1617L10.6379 3.78904L10.3996 3.78696L3.83405 3.73172C3.44813 3.72843 3.10306 3.57795 2.79618 3.27114C2.48922 2.96418 2.33816 2.6186 2.3349 2.23257C2.33171 1.84682 2.4768 1.5051 2.77753 1.20437C3.0783 0.903669 3.41995 0.758475 3.80574 0.761735L14.2197 0.850814C14.6477 0.854432 15.001 0.998272 15.2859 1.28309C15.5707 1.5679 15.7145 1.92122 15.7181 2.34927L15.8072 12.7632C15.8105 13.149 15.6653 13.4907 15.3646 13.7914C15.0639 14.0922 14.7221 14.2372 14.3364 14.2341C13.9504 14.2308 13.6048 14.0797 13.2978 13.7728C12.991 13.4659 12.8405 13.1208 12.8372 12.7349L12.782 6.16931L12.7799 5.93107L3.4073 15.3037C3.10754 15.6033 2.75669 15.7491 2.35078 15.7456C1.94473 15.7421 1.59053 15.5903 1.2846 15.2844Z\" fill=\"black\" stroke=\"white\" stroke-width=\"0.2\"\/>\n                        <\/svg>\n                    <\/a>\n                    \n                    <div class=\"slide-caption\">\n                        <h3>Assortiment saisonnier en magasin : comment construire une offre solide et rentable<\/h3>\n                        <p>mars 3, 2026<\/p>\n                    <\/div>\n                <\/div>\n            <\/div>\n                    <div class=\"box-slide\">\n                <div class=\"slide-inner\" style=\"background-image: url('https:\/\/tica.nl\/wp-content\/uploads\/2025\/12\/Nieuwsbericht_TICAProjectsVenlo_Geopend-3.png-768x960.webp');\">\n                    <a class=\"whole-click\" href=\"https:\/\/tica.nl\/fr\/lemplacement-dachat-pour-les-amenageurs-de-projets-ouvre-ses-portes-tica-projects-venlo\/\"><\/a>\n                    \n                    <a class=\"top-icon\" href=\"https:\/\/tica.nl\/fr\/lemplacement-dachat-pour-les-amenageurs-de-projets-ouvre-ses-portes-tica-projects-venlo\/\" aria-label=\"Ouverture officielle de TICA Projects Venlo\">\n                        <svg xmlns=\"http:\/\/www.w3.org\/2000\/svg\" width=\"16\" height=\"16\" viewBox=\"0 0 16 16\" fill=\"none\" role=\"img\" aria-hidden=\"true\">\n                            <path d=\"M1.2846 15.2844C0.978664 14.9784 0.826812 14.6242 0.823322 14.2182C0.819893 13.8123 0.965625 13.4614 1.26526 13.1617L10.6379 3.78904L10.3996 3.78696L3.83405 3.73172C3.44813 3.72843 3.10306 3.57795 2.79618 3.27114C2.48922 2.96418 2.33816 2.6186 2.3349 2.23257C2.33171 1.84682 2.4768 1.5051 2.77753 1.20437C3.0783 0.903669 3.41995 0.758475 3.80574 0.761735L14.2197 0.850814C14.6477 0.854432 15.001 0.998272 15.2859 1.28309C15.5707 1.5679 15.7145 1.92122 15.7181 2.34927L15.8072 12.7632C15.8105 13.149 15.6653 13.4907 15.3646 13.7914C15.0639 14.0922 14.7221 14.2372 14.3364 14.2341C13.9504 14.2308 13.6048 14.0797 13.2978 13.7728C12.991 13.4659 12.8405 13.1208 12.8372 12.7349L12.782 6.16931L12.7799 5.93107L3.4073 15.3037C3.10754 15.6033 2.75669 15.7491 2.35078 15.7456C1.94473 15.7421 1.59053 15.5903 1.2846 15.2844Z\" fill=\"black\" stroke=\"white\" stroke-width=\"0.2\"\/>\n                        <\/svg>\n                    <\/a>\n                    \n                    <div class=\"slide-caption\">\n                        <h3>Ouverture officielle de TICA Projects Venlo<\/h3>\n                        <p>f\u00e9vrier 11, 2026<\/p>\n                    <\/div>\n                <\/div>\n            <\/div>\n                    <div class=\"box-slide\">\n                <div class=\"slide-inner\" style=\"background-image: url('https:\/\/tica.nl\/wp-content\/uploads\/2025\/12\/TICA_Nieuws_Nieuwe-wetgeving-contante-betalingen-per-1-januari-2026_2.png-768x960.webp');\">\n                    <a class=\"whole-click\" href=\"https:\/\/tica.nl\/fr\/nouvelle-legislation-sur-les-paiements-en-especes-a-partir-du-1er-janvier-2026\/\"><\/a>\n                    \n                    <a class=\"top-icon\" href=\"https:\/\/tica.nl\/fr\/nouvelle-legislation-sur-les-paiements-en-especes-a-partir-du-1er-janvier-2026\/\" aria-label=\"Nouvelle l\u00e9gislation sur les paiements en esp\u00e8ces \u00e0 partir du 1er janvier 2026\">\n                        <svg xmlns=\"http:\/\/www.w3.org\/2000\/svg\" width=\"16\" height=\"16\" viewBox=\"0 0 16 16\" fill=\"none\" role=\"img\" aria-hidden=\"true\">\n                            <path d=\"M1.2846 15.2844C0.978664 14.9784 0.826812 14.6242 0.823322 14.2182C0.819893 13.8123 0.965625 13.4614 1.26526 13.1617L10.6379 3.78904L10.3996 3.78696L3.83405 3.73172C3.44813 3.72843 3.10306 3.57795 2.79618 3.27114C2.48922 2.96418 2.33816 2.6186 2.3349 2.23257C2.33171 1.84682 2.4768 1.5051 2.77753 1.20437C3.0783 0.903669 3.41995 0.758475 3.80574 0.761735L14.2197 0.850814C14.6477 0.854432 15.001 0.998272 15.2859 1.28309C15.5707 1.5679 15.7145 1.92122 15.7181 2.34927L15.8072 12.7632C15.8105 13.149 15.6653 13.4907 15.3646 13.7914C15.0639 14.0922 14.7221 14.2372 14.3364 14.2341C13.9504 14.2308 13.6048 14.0797 13.2978 13.7728C12.991 13.4659 12.8405 13.1208 12.8372 12.7349L12.782 6.16931L12.7799 5.93107L3.4073 15.3037C3.10754 15.6033 2.75669 15.7491 2.35078 15.7456C1.94473 15.7421 1.59053 15.5903 1.2846 15.2844Z\" fill=\"black\" stroke=\"white\" stroke-width=\"0.2\"\/>\n                        <\/svg>\n                    <\/a>\n                    \n                    <div class=\"slide-caption\">\n                        <h3>Nouvelle l\u00e9gislation sur les paiements en esp\u00e8ces \u00e0 partir du 1er janvier 2026<\/h3>\n                        <p>d\u00e9cembre 30, 2025<\/p>\n                    <\/div>\n                <\/div>\n            <\/div>\n                    <div class=\"box-slide\">\n                <div class=\"slide-inner\" style=\"background-image: url('https:\/\/tica.nl\/wp-content\/uploads\/2025\/12\/TICA_nieuws_achter-de-schermen-TICA-Projects-Venlo_uitgelicht.png-768x960.webp');\">\n                    <a class=\"whole-click\" href=\"https:\/\/tica.nl\/fr\/suivez-la-construction-de-tica-projects-venlo\/\"><\/a>\n                    \n                    <a class=\"top-icon\" href=\"https:\/\/tica.nl\/fr\/suivez-la-construction-de-tica-projects-venlo\/\" aria-label=\"Suivez la construction de TICA Projects Venlo\">\n                        <svg xmlns=\"http:\/\/www.w3.org\/2000\/svg\" width=\"16\" height=\"16\" viewBox=\"0 0 16 16\" fill=\"none\" role=\"img\" aria-hidden=\"true\">\n                            <path d=\"M1.2846 15.2844C0.978664 14.9784 0.826812 14.6242 0.823322 14.2182C0.819893 13.8123 0.965625 13.4614 1.26526 13.1617L10.6379 3.78904L10.3996 3.78696L3.83405 3.73172C3.44813 3.72843 3.10306 3.57795 2.79618 3.27114C2.48922 2.96418 2.33816 2.6186 2.3349 2.23257C2.33171 1.84682 2.4768 1.5051 2.77753 1.20437C3.0783 0.903669 3.41995 0.758475 3.80574 0.761735L14.2197 0.850814C14.6477 0.854432 15.001 0.998272 15.2859 1.28309C15.5707 1.5679 15.7145 1.92122 15.7181 2.34927L15.8072 12.7632C15.8105 13.149 15.6653 13.4907 15.3646 13.7914C15.0639 14.0922 14.7221 14.2372 14.3364 14.2341C13.9504 14.2308 13.6048 14.0797 13.2978 13.7728C12.991 13.4659 12.8405 13.1208 12.8372 12.7349L12.782 6.16931L12.7799 5.93107L3.4073 15.3037C3.10754 15.6033 2.75669 15.7491 2.35078 15.7456C1.94473 15.7421 1.59053 15.5903 1.2846 15.2844Z\" fill=\"black\" stroke=\"white\" stroke-width=\"0.2\"\/>\n                        <\/svg>\n                    <\/a>\n                    \n                    <div class=\"slide-caption\">\n                        <h3>Suivez la construction de TICA Projects Venlo<\/h3>\n                        <p>d\u00e9cembre 23, 2025<\/p>\n                    <\/div>\n                <\/div>\n            <\/div>\n                    <div class=\"box-slide\">\n                <div class=\"slide-inner\" style=\"background-image: url('https:\/\/tica.nl\/wp-content\/uploads\/2025\/10\/RoyalHolland_nieuws_grootbeeld.png-768x960.webp');\">\n                    <a class=\"whole-click\" href=\"https:\/\/tica.nl\/fr\/combinez-le-salon-royalholland-trade-fair-avec-tica-2\/\"><\/a>\n                    \n                    <a class=\"top-icon\" href=\"https:\/\/tica.nl\/fr\/combinez-le-salon-royalholland-trade-fair-avec-tica-2\/\" aria-label=\"Combinez le salon RoyalHolland Trade Fair avec TICA\">\n                        <svg xmlns=\"http:\/\/www.w3.org\/2000\/svg\" width=\"16\" height=\"16\" viewBox=\"0 0 16 16\" fill=\"none\" role=\"img\" aria-hidden=\"true\">\n                            <path d=\"M1.2846 15.2844C0.978664 14.9784 0.826812 14.6242 0.823322 14.2182C0.819893 13.8123 0.965625 13.4614 1.26526 13.1617L10.6379 3.78904L10.3996 3.78696L3.83405 3.73172C3.44813 3.72843 3.10306 3.57795 2.79618 3.27114C2.48922 2.96418 2.33816 2.6186 2.3349 2.23257C2.33171 1.84682 2.4768 1.5051 2.77753 1.20437C3.0783 0.903669 3.41995 0.758475 3.80574 0.761735L14.2197 0.850814C14.6477 0.854432 15.001 0.998272 15.2859 1.28309C15.5707 1.5679 15.7145 1.92122 15.7181 2.34927L15.8072 12.7632C15.8105 13.149 15.6653 13.4907 15.3646 13.7914C15.0639 14.0922 14.7221 14.2372 14.3364 14.2341C13.9504 14.2308 13.6048 14.0797 13.2978 13.7728C12.991 13.4659 12.8405 13.1208 12.8372 12.7349L12.782 6.16931L12.7799 5.93107L3.4073 15.3037C3.10754 15.6033 2.75669 15.7491 2.35078 15.7456C1.94473 15.7421 1.59053 15.5903 1.2846 15.2844Z\" fill=\"black\" stroke=\"white\" stroke-width=\"0.2\"\/>\n                        <\/svg>\n                    <\/a>\n                    \n                    <div class=\"slide-caption\">\n                        <h3>Combinez le salon RoyalHolland Trade Fair avec TICA<\/h3>\n                        <p>octobre 27, 2025<\/p>\n                    <\/div>\n                <\/div>\n            <\/div>\n                    <div class=\"box-slide\">\n                <div class=\"slide-inner\" style=\"background-image: url('https:\/\/tica.nl\/wp-content\/uploads\/2025\/10\/Nieuws_GTCdays_uitgelicht.png-768x960.webp');\">\n                    <a class=\"whole-click\" href=\"https:\/\/tica.nl\/fr\/combinez-les-gtc-days-avec-tica\/\"><\/a>\n                    \n                    <a class=\"top-icon\" href=\"https:\/\/tica.nl\/fr\/combinez-les-gtc-days-avec-tica\/\" aria-label=\"Combinez les GTC Days avec TICA\">\n                        <svg xmlns=\"http:\/\/www.w3.org\/2000\/svg\" width=\"16\" height=\"16\" viewBox=\"0 0 16 16\" fill=\"none\" role=\"img\" aria-hidden=\"true\">\n                            <path d=\"M1.2846 15.2844C0.978664 14.9784 0.826812 14.6242 0.823322 14.2182C0.819893 13.8123 0.965625 13.4614 1.26526 13.1617L10.6379 3.78904L10.3996 3.78696L3.83405 3.73172C3.44813 3.72843 3.10306 3.57795 2.79618 3.27114C2.48922 2.96418 2.33816 2.6186 2.3349 2.23257C2.33171 1.84682 2.4768 1.5051 2.77753 1.20437C3.0783 0.903669 3.41995 0.758475 3.80574 0.761735L14.2197 0.850814C14.6477 0.854432 15.001 0.998272 15.2859 1.28309C15.5707 1.5679 15.7145 1.92122 15.7181 2.34927L15.8072 12.7632C15.8105 13.149 15.6653 13.4907 15.3646 13.7914C15.0639 14.0922 14.7221 14.2372 14.3364 14.2341C13.9504 14.2308 13.6048 14.0797 13.2978 13.7728C12.991 13.4659 12.8405 13.1208 12.8372 12.7349L12.782 6.16931L12.7799 5.93107L3.4073 15.3037C3.10754 15.6033 2.75669 15.7491 2.35078 15.7456C1.94473 15.7421 1.59053 15.5903 1.2846 15.2844Z\" fill=\"black\" stroke=\"white\" stroke-width=\"0.2\"\/>\n                        <\/svg>\n                    <\/a>\n                    \n                    <div class=\"slide-caption\">\n                        <h3>Combinez les GTC Days avec TICA<\/h3>\n                        <p>octobre 25, 2025<\/p>\n                    <\/div>\n                <\/div>\n            <\/div>\n                    <div class=\"box-slide\">\n                <div class=\"slide-inner\" style=\"background-image: url('https:\/\/tica.nl\/wp-content\/uploads\/2025\/10\/Exposantennieuws_eerstepaalmoment.png-768x687.webp');\">\n                    <a class=\"whole-click\" href=\"https:\/\/tica.nl\/fr\/tica-aalsmeer-construit-lavenir\/\"><\/a>\n                    \n                    <a class=\"top-icon\" href=\"https:\/\/tica.nl\/fr\/tica-aalsmeer-construit-lavenir\/\" aria-label=\"TICA Aalsmeer construit l&rsquo;avenir\">\n                        <svg xmlns=\"http:\/\/www.w3.org\/2000\/svg\" width=\"16\" height=\"16\" viewBox=\"0 0 16 16\" fill=\"none\" role=\"img\" aria-hidden=\"true\">\n                            <path d=\"M1.2846 15.2844C0.978664 14.9784 0.826812 14.6242 0.823322 14.2182C0.819893 13.8123 0.965625 13.4614 1.26526 13.1617L10.6379 3.78904L10.3996 3.78696L3.83405 3.73172C3.44813 3.72843 3.10306 3.57795 2.79618 3.27114C2.48922 2.96418 2.33816 2.6186 2.3349 2.23257C2.33171 1.84682 2.4768 1.5051 2.77753 1.20437C3.0783 0.903669 3.41995 0.758475 3.80574 0.761735L14.2197 0.850814C14.6477 0.854432 15.001 0.998272 15.2859 1.28309C15.5707 1.5679 15.7145 1.92122 15.7181 2.34927L15.8072 12.7632C15.8105 13.149 15.6653 13.4907 15.3646 13.7914C15.0639 14.0922 14.7221 14.2372 14.3364 14.2341C13.9504 14.2308 13.6048 14.0797 13.2978 13.7728C12.991 13.4659 12.8405 13.1208 12.8372 12.7349L12.782 6.16931L12.7799 5.93107L3.4073 15.3037C3.10754 15.6033 2.75669 15.7491 2.35078 15.7456C1.94473 15.7421 1.59053 15.5903 1.2846 15.2844Z\" fill=\"black\" stroke=\"white\" stroke-width=\"0.2\"\/>\n                        <\/svg>\n                    <\/a>\n                    \n                    <div class=\"slide-caption\">\n                        <h3>TICA Aalsmeer construit l&rsquo;avenir<\/h3>\n                        <p>octobre 22, 2025<\/p>\n                    <\/div>\n                <\/div>\n            <\/div>\n                    <div class=\"box-slide\">\n                <div class=\"slide-inner\" style=\"background-image: url('https:\/\/tica.nl\/wp-content\/uploads\/2025\/10\/TICA_nieuws_PERSBERICHT_ProjectsVenlo_header.png-768x687.webp');\">\n                    <a class=\"whole-click\" href=\"https:\/\/tica.nl\/fr\/nouvelle-implantation-a-venlo-reunissant-interieur-hospitalite-et-experience\/\"><\/a>\n                    \n                    <a class=\"top-icon\" href=\"https:\/\/tica.nl\/fr\/nouvelle-implantation-a-venlo-reunissant-interieur-hospitalite-et-experience\/\" aria-label=\"Nouvelle implantation \u00e0 Venlo r\u00e9unissant int\u00e9rieur, hospitalit\u00e9 et exp\u00e9rience\">\n                        <svg xmlns=\"http:\/\/www.w3.org\/2000\/svg\" width=\"16\" height=\"16\" viewBox=\"0 0 16 16\" fill=\"none\" role=\"img\" aria-hidden=\"true\">\n                            <path d=\"M1.2846 15.2844C0.978664 14.9784 0.826812 14.6242 0.823322 14.2182C0.819893 13.8123 0.965625 13.4614 1.26526 13.1617L10.6379 3.78904L10.3996 3.78696L3.83405 3.73172C3.44813 3.72843 3.10306 3.57795 2.79618 3.27114C2.48922 2.96418 2.33816 2.6186 2.3349 2.23257C2.33171 1.84682 2.4768 1.5051 2.77753 1.20437C3.0783 0.903669 3.41995 0.758475 3.80574 0.761735L14.2197 0.850814C14.6477 0.854432 15.001 0.998272 15.2859 1.28309C15.5707 1.5679 15.7145 1.92122 15.7181 2.34927L15.8072 12.7632C15.8105 13.149 15.6653 13.4907 15.3646 13.7914C15.0639 14.0922 14.7221 14.2372 14.3364 14.2341C13.9504 14.2308 13.6048 14.0797 13.2978 13.7728C12.991 13.4659 12.8405 13.1208 12.8372 12.7349L12.782 6.16931L12.7799 5.93107L3.4073 15.3037C3.10754 15.6033 2.75669 15.7491 2.35078 15.7456C1.94473 15.7421 1.59053 15.5903 1.2846 15.2844Z\" fill=\"black\" stroke=\"white\" stroke-width=\"0.2\"\/>\n                        <\/svg>\n                    <\/a>\n                    \n                    <div class=\"slide-caption\">\n                        <h3>Nouvelle implantation \u00e0 Venlo r\u00e9unissant int\u00e9rieur, hospitalit\u00e9 et exp\u00e9rience<\/h3>\n                        <p>octobre 7, 2025<\/p>\n                    <\/div>\n                <\/div>\n            <\/div>\n                    <div class=\"box-slide\">\n                <div class=\"slide-inner\" style=\"background-image: url('https:\/\/tica.nl\/wp-content\/uploads\/2025\/09\/TICA_Nieuwsbericht_Atrium_Kussens_uitgelichteafbeelding.png-768x687.webp');\">\n                    <a class=\"whole-click\" href=\"https:\/\/tica.nl\/fr\/les-indispensables-pour-un-dernier-trimestre-rentable\/\"><\/a>\n                    \n                    <a class=\"top-icon\" href=\"https:\/\/tica.nl\/fr\/les-indispensables-pour-un-dernier-trimestre-rentable\/\" aria-label=\"Les indispensables pour un dernier trimestre rentable\">\n                        <svg xmlns=\"http:\/\/www.w3.org\/2000\/svg\" width=\"16\" height=\"16\" viewBox=\"0 0 16 16\" fill=\"none\" role=\"img\" aria-hidden=\"true\">\n                            <path d=\"M1.2846 15.2844C0.978664 14.9784 0.826812 14.6242 0.823322 14.2182C0.819893 13.8123 0.965625 13.4614 1.26526 13.1617L10.6379 3.78904L10.3996 3.78696L3.83405 3.73172C3.44813 3.72843 3.10306 3.57795 2.79618 3.27114C2.48922 2.96418 2.33816 2.6186 2.3349 2.23257C2.33171 1.84682 2.4768 1.5051 2.77753 1.20437C3.0783 0.903669 3.41995 0.758475 3.80574 0.761735L14.2197 0.850814C14.6477 0.854432 15.001 0.998272 15.2859 1.28309C15.5707 1.5679 15.7145 1.92122 15.7181 2.34927L15.8072 12.7632C15.8105 13.149 15.6653 13.4907 15.3646 13.7914C15.0639 14.0922 14.7221 14.2372 14.3364 14.2341C13.9504 14.2308 13.6048 14.0797 13.2978 13.7728C12.991 13.4659 12.8405 13.1208 12.8372 12.7349L12.782 6.16931L12.7799 5.93107L3.4073 15.3037C3.10754 15.6033 2.75669 15.7491 2.35078 15.7456C1.94473 15.7421 1.59053 15.5903 1.2846 15.2844Z\" fill=\"black\" stroke=\"white\" stroke-width=\"0.2\"\/>\n                        <\/svg>\n                    <\/a>\n                    \n                    <div class=\"slide-caption\">\n                        <h3>Les indispensables pour un dernier trimestre rentable<\/h3>\n                        <p>septembre 19, 2025<\/p>\n                    <\/div>\n                <\/div>\n            <\/div>\n        <\/div>        <\/div>\n        <div id=\"post-grid-pagination\">\n            <div id=\"post-grid-pagination\" class=\"pagination-btn\"><button class=\"post-grid-page active\" data-page=\"1\">1<\/button><button class=\"post-grid-page \" data-page=\"2\">2<\/button><button class=\"post-grid-page \" data-page=\"3\">3<\/button><button class=\"post-grid-page \" data-page=\"4\">4<\/button><\/div>        <\/div>\n    <\/div>\n    <\/div>\n\t\t\t\t\t\t<\/div>\n\t\t\t\t<\/div>\n\t\t\t\t<\/div>\n\t\t\t\t<\/div>\n\t\t\t\t\t<\/div>\n\t\t\t\t<\/div>\n\t\t\t\t<\/div>\n\t\t","protected":false},"excerpt":{"rendered":"<p>Actualit\u00e9s<\/p>\n","protected":false},"author":1,"featured_media":16664,"parent":0,"menu_order":0,"comment_status":"closed","ping_status":"closed","template":"","meta":{"_acf_changed":false,"footnotes":""},"class_list":["post-16661","page","type-page","status-publish","has-post-thumbnail","hentry"],"acf":[],"_links":{"self":[{"href":"https:\/\/tica.nl\/fr\/wp-json\/wp\/v2\/pages\/16661","targetHints":{"allow":["GET"]}}],"collection":[{"href":"https:\/\/tica.nl\/fr\/wp-json\/wp\/v2\/pages"}],"about":[{"href":"https:\/\/tica.nl\/fr\/wp-json\/wp\/v2\/types\/page"}],"author":[{"embeddable":true,"href":"https:\/\/tica.nl\/fr\/wp-json\/wp\/v2\/users\/1"}],"replies":[{"embeddable":true,"href":"https:\/\/tica.nl\/fr\/wp-json\/wp\/v2\/comments?post=16661"}],"version-history":[{"count":2,"href":"https:\/\/tica.nl\/fr\/wp-json\/wp\/v2\/pages\/16661\/revisions"}],"predecessor-version":[{"id":31711,"href":"https:\/\/tica.nl\/fr\/wp-json\/wp\/v2\/pages\/16661\/revisions\/31711"}],"wp:featuredmedia":[{"embeddable":true,"href":"https:\/\/tica.nl\/fr\/wp-json\/wp\/v2\/media\/16664"}],"wp:attachment":[{"href":"https:\/\/tica.nl\/fr\/wp-json\/wp\/v2\/media?parent=16661"}],"curies":[{"name":"wp","href":"https:\/\/api.w.org\/{rel}","templated":true}]}}