{"id":16132,"date":"2025-07-05T23:14:58","date_gmt":"2025-07-05T22:14:58","guid":{"rendered":"https:\/\/tica.nl\/laissez-vous-inspirer\/"},"modified":"2025-09-03T06:59:25","modified_gmt":"2025-09-03T05:59:25","slug":"laissez-vous-inspirer","status":"publish","type":"page","link":"https:\/\/tica.nl\/fr\/laissez-vous-inspirer\/","title":{"rendered":"Laissez-vous inspirer"},"content":{"rendered":"\t\t<div data-elementor-type=\"wp-page\" data-elementor-id=\"16132\" class=\"elementor elementor-16132 elementor-3625\" data-elementor-post-type=\"page\">\n\t\t\t\t<div data-dce-background-overlay-color=\"#000000\" data-dce-background-image-url=\"https:\/\/tica.nl\/wp-content\/uploads\/2025\/08\/TICA_laat-je-inspireren-3-scaled.jpg-e1756384916341.webp\" class=\"elementor-element elementor-element-29f847e0 e-con-full e-flex e-con e-parent\" data-id=\"29f847e0\" data-element_type=\"container\" data-e-type=\"container\" data-settings=\"{&quot;background_background&quot;:&quot;classic&quot;}\">\n\t\t<div class=\"elementor-element elementor-element-e69953b e-flex e-con-boxed e-con e-child\" data-id=\"e69953b\" data-element_type=\"container\" data-e-type=\"container\">\n\t\t\t\t\t<div class=\"e-con-inner\">\n\t\t<div class=\"elementor-element elementor-element-2b0f77c e-con-full e-flex e-con e-child\" data-id=\"2b0f77c\" data-element_type=\"container\" data-e-type=\"container\">\n\t\t\t\t<div class=\"elementor-element elementor-element-cca982d elementor-widget elementor-widget-heading\" data-id=\"cca982d\" data-element_type=\"widget\" data-e-type=\"widget\" data-widget_type=\"heading.default\">\n\t\t\t\t<div class=\"elementor-widget-container\">\n\t\t\t\t\t<h1 class=\"elementor-heading-title elementor-size-default\">Laissez-vous inspirer<\/h1>\t\t\t\t<\/div>\n\t\t\t\t<\/div>\n\t\t\t\t<div class=\"elementor-element elementor-element-10d124d elementor-widget elementor-widget-heading\" data-id=\"10d124d\" data-element_type=\"widget\" data-e-type=\"widget\" data-widget_type=\"heading.default\">\n\t\t\t\t<div class=\"elementor-widget-container\">\n\t\t\t\t\t<h2 class=\"elementor-heading-title elementor-size-default\">Conseils, articles et tendances inspirants <\/h2>\t\t\t\t<\/div>\n\t\t\t\t<\/div>\n\t\t\t\t<div class=\"elementor-element elementor-element-88ac110 elementor-widget__width-initial elementor-widget elementor-widget-text-editor\" data-id=\"88ac110\" data-element_type=\"widget\" data-e-type=\"widget\" data-widget_type=\"text-editor.default\">\n\t\t\t\t<div class=\"elementor-widget-container\">\n\t\t\t\t\t\t\t\t\t<p>\u00c0 la recherche des derni\u00e8res tendances, de conseils astucieux ou simplement d&rsquo;une dose d&rsquo;inspiration ? Chez TICA, vous trouverez tout ce dont vous avez besoin pour faire passer votre magasin, boutique en ligne ou projet de stylisme au niveau sup\u00e9rieur. Des derni\u00e8res tendances aux conseils pratiques en passant par les actualit\u00e9s du secteur &#8211; laissez-vous surprendre et revenez r\u00e9guli\u00e8rement. N&rsquo;oubliez surtout pas de suivre TICA sur Instagram pour votre dose quotidienne d&rsquo;inspiration.   <\/p>\t\t\t\t\t\t\t\t<\/div>\n\t\t\t\t<\/div>\n\t\t\t\t<div class=\"elementor-element elementor-element-9eb15ca elementor-widget__width-auto elementor-widget elementor-widget-button\" data-id=\"9eb15ca\" data-element_type=\"widget\" data-e-type=\"widget\" data-widget_type=\"button.default\">\n\t\t\t\t<div class=\"elementor-widget-container\">\n\t\t\t\t\t\t\t\t\t<div class=\"elementor-button-wrapper\">\n\t\t\t\t\t<a class=\"elementor-button elementor-button-link elementor-size-sm\" href=\"https:\/\/www.instagram.com\/tica_b2b\/\" target=\"_blank\" rel=\"noopener\">\n\t\t\t\t\t\t<span class=\"elementor-button-content-wrapper\">\n\t\t\t\t\t\t\t\t\t<span class=\"elementor-button-text\">Suivez TICA sur Instagram<\/span>\n\t\t\t\t\t<\/span>\n\t\t\t\t\t<\/a>\n\t\t\t\t<\/div>\n\t\t\t\t\t\t\t\t<\/div>\n\t\t\t\t<\/div>\n\t\t\t\t<\/div>\n\t\t\t\t\t<\/div>\n\t\t\t\t<\/div>\n\t\t\t\t<\/div>\n\t\t<div class=\"elementor-element elementor-element-324bcb5 e-con-full e-flex elementor-invisible e-con e-parent\" data-id=\"324bcb5\" data-element_type=\"container\" data-e-type=\"container\" data-settings=\"{&quot;animation&quot;:&quot;fadeInUp&quot;}\">\n\t\t\t\t<div class=\"elementor-element elementor-element-8fdd20d elementor-widget elementor-widget-shortcode\" data-id=\"8fdd20d\" data-element_type=\"widget\" data-e-type=\"widget\" data-widget_type=\"shortcode.default\">\n\t\t\t\t<div class=\"elementor-widget-container\">\n\t\t\t\t\t\t\t<div class=\"elementor-shortcode\"><div class=\"inspireren-category-block normal-layout\"><div class=\"category-header\"><h2>Inspiratie<\/h2><\/div><div class=\"category-content-container\"><div class=\"category-content-row\"><div class=\"category-posts\"><div class=\"post-item\"><div class=\"post-left-content\"><div class=\"post-tags\"><h4 class=\"post-subheading\">Trendguide<\/h4> <\/div><h2><a href=\"https:\/\/tica.nl\/fr\/inspirer\/guide-des-tendances-gentle-power\/\">Guide des tendances Gentle Power<\/a><\/h2><\/div><div class=\"post-media\"><img decoding=\"async\" width=\"1200\" height=\"1440\" src=\"https:\/\/tica.nl\/wp-content\/uploads\/2026\/02\/Inspiratiepagina_trendguide_GentlePower_uitgelicht.png.webp\" class=\"attachment-full size-full wp-post-image\" alt=\"Page_d&#039;inspiration_guide_des_tendances_GentlePower_mise_en_avant\" srcset=\"https:\/\/tica.nl\/wp-content\/uploads\/2026\/02\/Inspiratiepagina_trendguide_GentlePower_uitgelicht.png.webp 1200w, https:\/\/tica.nl\/wp-content\/uploads\/2026\/02\/Inspiratiepagina_trendguide_GentlePower_uitgelicht.png-667x800.webp 667w, https:\/\/tica.nl\/wp-content\/uploads\/2026\/02\/Inspiratiepagina_trendguide_GentlePower_uitgelicht.png-768x922.webp 768w\" sizes=\"(max-width: 1200px) 100vw, 1200px\" \/><\/div><\/div><div class=\"post-item\"><div class=\"post-left-content\"><div class=\"post-tags\"><h4 class=\"post-subheading\">Thema<\/h4> <\/div><h2><a href=\"https:\/\/tica.nl\/fr\/inspirer\/gentle-power\/\">Gentle Power<\/a><\/h2><\/div><div class=\"post-media\"><img decoding=\"async\" width=\"1200\" height=\"1440\" src=\"https:\/\/tica.nl\/wp-content\/uploads\/2026\/02\/Inspiratiepagina_trend_GentlePower_uitgelicht.png.webp\" class=\"attachment-full size-full wp-post-image\" alt=\"Page_inspiration_tendance_GentlePower_mis_en_avant\" srcset=\"https:\/\/tica.nl\/wp-content\/uploads\/2026\/02\/Inspiratiepagina_trend_GentlePower_uitgelicht.png.webp 1200w, https:\/\/tica.nl\/wp-content\/uploads\/2026\/02\/Inspiratiepagina_trend_GentlePower_uitgelicht.png-667x800.webp 667w, https:\/\/tica.nl\/wp-content\/uploads\/2026\/02\/Inspiratiepagina_trend_GentlePower_uitgelicht.png-768x922.webp 768w\" sizes=\"(max-width: 1200px) 100vw, 1200px\" \/><\/div><\/div><div class=\"category-detail-button\"><a href=\"https:\/\/tica.nl\/fr\/inspireren-cat\/inspiratie\/\" class=\"elementor-button\">Bekijk categorie<\/a><\/div><\/div><div class=\"category-media\"><img decoding=\"async\" src=\"http:\/\/12226\" alt=\"\"><\/div><\/div><\/div><\/div><div class=\"inspireren-category-block reverse-layout\"><div class=\"category-header\"><h2>Tips &amp; advies<\/h2><\/div><div class=\"category-content-container\"><div class=\"category-content-row\"><div class=\"category-posts\"><div class=\"post-item\"><div class=\"post-left-content\"><h2><a href=\"https:\/\/tica.nl\/fr\/inspirer\/dutch-sofa-company-chez-tica-projects-venlo\/\">Dutch Sofa Company chez TICA Projects Venlo<\/a><\/h2><\/div><div class=\"post-media\"><img decoding=\"async\" width=\"920\" height=\"1150\" src=\"https:\/\/tica.nl\/wp-content\/uploads\/2026\/01\/TICA_TipsAdvies_DutchSofaCompany_bank_closeup_uitgelicht.png.webp\" class=\"attachment-full size-full wp-post-image\" alt=\"TICA_TipsAdvies_DutchSofaCompany_bank_closeup_uitgelicht\" srcset=\"https:\/\/tica.nl\/wp-content\/uploads\/2026\/01\/TICA_TipsAdvies_DutchSofaCompany_bank_closeup_uitgelicht.png.webp 920w, https:\/\/tica.nl\/wp-content\/uploads\/2026\/01\/TICA_TipsAdvies_DutchSofaCompany_bank_closeup_uitgelicht.png-640x800.webp 640w, https:\/\/tica.nl\/wp-content\/uploads\/2026\/01\/TICA_TipsAdvies_DutchSofaCompany_bank_closeup_uitgelicht.png-768x960.webp 768w\" sizes=\"(max-width: 920px) 100vw, 920px\" \/><\/div><\/div><div class=\"post-item\"><div class=\"post-left-content\"><h2><a href=\"https:\/\/tica.nl\/fr\/inspirer\/podcast-tica-projects\/\">Podcast TICA Projects<\/a><\/h2><\/div><div class=\"post-media\"><img decoding=\"async\" width=\"920\" height=\"1150\" src=\"https:\/\/tica.nl\/wp-content\/uploads\/2025\/12\/TICA_TipsAdvies_podcast_projects_Imke_uitgelicht.png.webp\" class=\"attachment-full size-full wp-post-image\" alt=\"TICA_TipsAdvies_podcast_projects_Imke_uitgelicht\" srcset=\"https:\/\/tica.nl\/wp-content\/uploads\/2025\/12\/TICA_TipsAdvies_podcast_projects_Imke_uitgelicht.png.webp 920w, https:\/\/tica.nl\/wp-content\/uploads\/2025\/12\/TICA_TipsAdvies_podcast_projects_Imke_uitgelicht.png-640x800.webp 640w, https:\/\/tica.nl\/wp-content\/uploads\/2025\/12\/TICA_TipsAdvies_podcast_projects_Imke_uitgelicht.png-768x960.webp 768w\" sizes=\"(max-width: 920px) 100vw, 920px\" \/><\/div><\/div><div class=\"category-detail-button\"><a href=\"https:\/\/tica.nl\/fr\/inspireren-cat\/tips-advies\/\" class=\"elementor-button\">Bekijk categorie<\/a><\/div><\/div><div class=\"category-media\"><img decoding=\"async\" src=\"http:\/\/12222\" alt=\"\"><\/div><\/div><\/div><\/div><\/div>\n\t\t\t\t\t\t<\/div>\n\t\t\t\t<\/div>\n\t\t\t\t<\/div>\n\t\t<div data-dce-background-color=\"#2121BF\" class=\"elementor-element elementor-element-fef3410 e-con-full e-flex e-con e-parent\" data-id=\"fef3410\" data-element_type=\"container\" data-e-type=\"container\" data-settings=\"{&quot;background_background&quot;:&quot;classic&quot;}\">\n\t\t<div class=\"elementor-element elementor-element-784c6bb e-con-full e-flex e-con e-child\" data-id=\"784c6bb\" data-element_type=\"container\" data-e-type=\"container\">\n\t\t\t\t<div class=\"elementor-element elementor-element-66307bc elementor-invisible elementor-widget elementor-widget-heading\" data-id=\"66307bc\" data-element_type=\"widget\" data-e-type=\"widget\" data-settings=\"{&quot;_animation&quot;:&quot;fadeInUp&quot;}\" data-widget_type=\"heading.default\">\n\t\t\t\t<div class=\"elementor-widget-container\">\n\t\t\t\t\t<h2 class=\"elementor-heading-title elementor-size-default\">Prochains\n\u00e9v\u00e9nements<\/h2>\t\t\t\t<\/div>\n\t\t\t\t<\/div>\n\t\t\t\t<div data-dce-background-color=\"#FFFFFF00\" class=\"elementor-element elementor-element-9c69750 elementor-widget__width-auto elementor-invisible elementor-widget elementor-widget-button\" data-id=\"9c69750\" data-element_type=\"widget\" data-e-type=\"widget\" data-settings=\"{&quot;_animation&quot;:&quot;fadeInUp&quot;,&quot;_animation_delay&quot;:250}\" data-widget_type=\"button.default\">\n\t\t\t\t<div class=\"elementor-widget-container\">\n\t\t\t\t\t\t\t\t\t<div class=\"elementor-button-wrapper\">\n\t\t\t\t\t<a class=\"elementor-button elementor-button-link elementor-size-sm\" href=\"https:\/\/tica.nl\/evenementen\/\">\n\t\t\t\t\t\t<span class=\"elementor-button-content-wrapper\">\n\t\t\t\t\t\t\t\t\t<span class=\"elementor-button-text\">Voir les \u00e9v\u00e9nements<\/span>\n\t\t\t\t\t<\/span>\n\t\t\t\t\t<\/a>\n\t\t\t\t<\/div>\n\t\t\t\t\t\t\t\t<\/div>\n\t\t\t\t<\/div>\n\t\t\t\t<\/div>\n\t\t<div class=\"elementor-element elementor-element-a9c356a e-con-full e-flex e-con e-child\" data-id=\"a9c356a\" data-element_type=\"container\" data-e-type=\"container\">\n\t\t\t\t<div class=\"elementor-element elementor-element-e5860ba elementor-invisible elementor-widget elementor-widget-shortcode\" data-id=\"e5860ba\" data-element_type=\"widget\" data-e-type=\"widget\" data-settings=\"{&quot;_animation&quot;:&quot;fadeIn&quot;}\" data-widget_type=\"shortcode.default\">\n\t\t\t\t<div class=\"elementor-widget-container\">\n\t\t\t\t\t\t\t<div class=\"elementor-shortcode\">        <div class=\"event-slider dots-slider\">\n                            <div class=\"box-slide\">\n                    <div class=\"slide-inner\" style=\"background-image: url('https:\/\/tica.nl\/wp-content\/uploads\/2025\/03\/TICA_evenementen_DuitseFeestdag_uitgelicht.png-768x1152.webp');\">\n                        <a class=\"whole-click\" href=\"https:\/\/tica.nl\/fr\/event\/jour-ferie-allemand\/\"><\/a>\n                        <a class=\"top-icon\" href=\"https:\/\/tica.nl\/fr\/event\/jour-ferie-allemand\/\">\n                            <svg xmlns=\"http:\/\/www.w3.org\/2000\/svg\" width=\"16\" height=\"16\" viewBox=\"0 0 16 16\" fill=\"none\">\n                                <path d=\"M1.2846 15.2844C0.978664 14.9784 0.826812 14.6242 0.823322 14.2182C0.819893 13.8123 0.965625 13.4614 1.26526 13.1617L10.6379 3.78904L10.3996 3.78696L3.83405 3.73172C3.44813 3.72843 3.10306 3.57795 2.79618 3.27114C2.48922 2.96418 2.33816 2.6186 2.3349 2.23257C2.33171 1.84682 2.4768 1.5051 2.77753 1.20437C3.0783 0.903669 3.41995 0.758475 3.80574 0.761735L14.2197 0.850814C14.6477 0.854432 15.001 0.998272 15.2859 1.28309C15.5707 1.5679 15.7145 1.92122 15.7181 2.34927L15.8072 12.7632C15.8105 13.149 15.6653 13.4907 15.3646 13.7914C15.0639 14.0922 14.7221 14.2372 14.3364 14.2341C13.9504 14.2308 13.6048 14.0797 13.2978 13.7728C12.991 13.4659 12.8405 13.1208 12.8372 12.7349L12.782 6.16931L12.7799 5.93107L3.4073 15.3037C3.10754 15.6033 2.75669 15.7491 2.35078 15.7456C1.94473 15.7421 1.59053 15.5903 1.2846 15.2844Z\" fill=\"black\" stroke=\"white\" stroke-width=\"0.2\"\/>\n                            <\/svg>\n                        <\/a>\n                        <div class=\"slide-caption\">\n                            <h3>Jour f\u00e9ri\u00e9 allemand<\/h3>\n                            <p>1 mai 2026<\/p>\n                        <\/div>\n                    <\/div>\n                <\/div>\n                            <div class=\"box-slide\">\n                    <div class=\"slide-inner\" style=\"background-image: url('https:\/\/tica.nl\/wp-content\/uploads\/2026\/01\/TICA_evenementen_Voucheractie_mei_uitgelicht.png-768x1152.webp');\">\n                        <a class=\"whole-click\" href=\"https:\/\/tica.nl\/fr\/event\/action-de-reduction-tica-bruxelles-2\/\"><\/a>\n                        <a class=\"top-icon\" href=\"https:\/\/tica.nl\/fr\/event\/action-de-reduction-tica-bruxelles-2\/\">\n                            <svg xmlns=\"http:\/\/www.w3.org\/2000\/svg\" width=\"16\" height=\"16\" viewBox=\"0 0 16 16\" fill=\"none\">\n                                <path d=\"M1.2846 15.2844C0.978664 14.9784 0.826812 14.6242 0.823322 14.2182C0.819893 13.8123 0.965625 13.4614 1.26526 13.1617L10.6379 3.78904L10.3996 3.78696L3.83405 3.73172C3.44813 3.72843 3.10306 3.57795 2.79618 3.27114C2.48922 2.96418 2.33816 2.6186 2.3349 2.23257C2.33171 1.84682 2.4768 1.5051 2.77753 1.20437C3.0783 0.903669 3.41995 0.758475 3.80574 0.761735L14.2197 0.850814C14.6477 0.854432 15.001 0.998272 15.2859 1.28309C15.5707 1.5679 15.7145 1.92122 15.7181 2.34927L15.8072 12.7632C15.8105 13.149 15.6653 13.4907 15.3646 13.7914C15.0639 14.0922 14.7221 14.2372 14.3364 14.2341C13.9504 14.2308 13.6048 14.0797 13.2978 13.7728C12.991 13.4659 12.8405 13.1208 12.8372 12.7349L12.782 6.16931L12.7799 5.93107L3.4073 15.3037C3.10754 15.6033 2.75669 15.7491 2.35078 15.7456C1.94473 15.7421 1.59053 15.5903 1.2846 15.2844Z\" fill=\"black\" stroke=\"white\" stroke-width=\"0.2\"\/>\n                            <\/svg>\n                        <\/a>\n                        <div class=\"slide-caption\">\n                            <h3>Action de r\u00e9duction TICA Bruxelles<\/h3>\n                            <p>18 mai 2026<\/p>\n                        <\/div>\n                    <\/div>\n                <\/div>\n                            <div class=\"box-slide\">\n                    <div class=\"slide-inner\" style=\"background-image: url('https:\/\/tica.nl\/wp-content\/uploads\/2026\/01\/netwerkbbq_uitgelichte.png-768x1152.webp');\">\n                        <a class=\"whole-click\" href=\"https:\/\/tica.nl\/fr\/event\/barbecue-de-reseautage\/\"><\/a>\n                        <a class=\"top-icon\" href=\"https:\/\/tica.nl\/fr\/event\/barbecue-de-reseautage\/\">\n                            <svg xmlns=\"http:\/\/www.w3.org\/2000\/svg\" width=\"16\" height=\"16\" viewBox=\"0 0 16 16\" fill=\"none\">\n                                <path d=\"M1.2846 15.2844C0.978664 14.9784 0.826812 14.6242 0.823322 14.2182C0.819893 13.8123 0.965625 13.4614 1.26526 13.1617L10.6379 3.78904L10.3996 3.78696L3.83405 3.73172C3.44813 3.72843 3.10306 3.57795 2.79618 3.27114C2.48922 2.96418 2.33816 2.6186 2.3349 2.23257C2.33171 1.84682 2.4768 1.5051 2.77753 1.20437C3.0783 0.903669 3.41995 0.758475 3.80574 0.761735L14.2197 0.850814C14.6477 0.854432 15.001 0.998272 15.2859 1.28309C15.5707 1.5679 15.7145 1.92122 15.7181 2.34927L15.8072 12.7632C15.8105 13.149 15.6653 13.4907 15.3646 13.7914C15.0639 14.0922 14.7221 14.2372 14.3364 14.2341C13.9504 14.2308 13.6048 14.0797 13.2978 13.7728C12.991 13.4659 12.8405 13.1208 12.8372 12.7349L12.782 6.16931L12.7799 5.93107L3.4073 15.3037C3.10754 15.6033 2.75669 15.7491 2.35078 15.7456C1.94473 15.7421 1.59053 15.5903 1.2846 15.2844Z\" fill=\"black\" stroke=\"white\" stroke-width=\"0.2\"\/>\n                            <\/svg>\n                        <\/a>\n                        <div class=\"slide-caption\">\n                            <h3>Barbecue de r\u00e9seautage<\/h3>\n                            <p>21 mai 2026<\/p>\n                        <\/div>\n                    <\/div>\n                <\/div>\n                            <div class=\"box-slide\">\n                    <div class=\"slide-inner\" style=\"background-image: url('https:\/\/tica.nl\/wp-content\/uploads\/2026\/01\/TICA_evenementen_EndOfCollectionWeek_Trademart_uitgelicht.png-768x1152.webp');\">\n                        <a class=\"whole-click\" href=\"https:\/\/tica.nl\/fr\/event\/fin-de-la-semaine-de-la-collection\/\"><\/a>\n                        <a class=\"top-icon\" href=\"https:\/\/tica.nl\/fr\/event\/fin-de-la-semaine-de-la-collection\/\">\n                            <svg xmlns=\"http:\/\/www.w3.org\/2000\/svg\" width=\"16\" height=\"16\" viewBox=\"0 0 16 16\" fill=\"none\">\n                                <path d=\"M1.2846 15.2844C0.978664 14.9784 0.826812 14.6242 0.823322 14.2182C0.819893 13.8123 0.965625 13.4614 1.26526 13.1617L10.6379 3.78904L10.3996 3.78696L3.83405 3.73172C3.44813 3.72843 3.10306 3.57795 2.79618 3.27114C2.48922 2.96418 2.33816 2.6186 2.3349 2.23257C2.33171 1.84682 2.4768 1.5051 2.77753 1.20437C3.0783 0.903669 3.41995 0.758475 3.80574 0.761735L14.2197 0.850814C14.6477 0.854432 15.001 0.998272 15.2859 1.28309C15.5707 1.5679 15.7145 1.92122 15.7181 2.34927L15.8072 12.7632C15.8105 13.149 15.6653 13.4907 15.3646 13.7914C15.0639 14.0922 14.7221 14.2372 14.3364 14.2341C13.9504 14.2308 13.6048 14.0797 13.2978 13.7728C12.991 13.4659 12.8405 13.1208 12.8372 12.7349L12.782 6.16931L12.7799 5.93107L3.4073 15.3037C3.10754 15.6033 2.75669 15.7491 2.35078 15.7456C1.94473 15.7421 1.59053 15.5903 1.2846 15.2844Z\" fill=\"black\" stroke=\"white\" stroke-width=\"0.2\"\/>\n                            <\/svg>\n                        <\/a>\n                        <div class=\"slide-caption\">\n                            <h3>Fin de la semaine de la collection<\/h3>\n                            <p>6 juin 2026<\/p>\n                        <\/div>\n                    <\/div>\n                <\/div>\n                    <\/div>\n\n    <\/div>\n\t\t\t\t\t\t<\/div>\n\t\t\t\t<\/div>\n\t\t\t\t<\/div>\n\t\t\t\t<\/div>\n\t\t<div class=\"elementor-element elementor-element-2f925ce e-con-full e-flex e-con e-parent\" data-id=\"2f925ce\" data-element_type=\"container\" data-e-type=\"container\">\n\t\t<div data-dce-background-image-url=\"https:\/\/tica.nl\/wp-content\/uploads\/2025\/07\/TICA-Laat-je-inspireren-1.jpg.webp\" class=\"elementor-element elementor-element-0908c03 e-con-full e-flex elementor-invisible e-con e-child\" data-id=\"0908c03\" data-element_type=\"container\" data-e-type=\"container\" data-settings=\"{&quot;background_background&quot;:&quot;classic&quot;,&quot;animation&quot;:&quot;fadeIn&quot;}\">\n\t\t\t\t<\/div>\n\t\t<div class=\"elementor-element elementor-element-7ab7e2f e-con-full e-flex e-con e-child\" data-id=\"7ab7e2f\" data-element_type=\"container\" data-e-type=\"container\">\n\t\t<div class=\"elementor-element elementor-element-958dd7b e-con-full e-flex e-con e-child\" data-id=\"958dd7b\" data-element_type=\"container\" data-e-type=\"container\">\n\t\t<div class=\"elementor-element elementor-element-3ac6039 e-con-full e-flex e-con e-child\" data-id=\"3ac6039\" data-element_type=\"container\" data-e-type=\"container\">\n\t\t\t\t<div class=\"elementor-element elementor-element-cf16b44 elementor-invisible elementor-widget elementor-widget-heading\" data-id=\"cf16b44\" data-element_type=\"widget\" data-e-type=\"widget\" data-settings=\"{&quot;_animation&quot;:&quot;fadeInUp&quot;}\" data-widget_type=\"heading.default\">\n\t\t\t\t<div class=\"elementor-widget-container\">\n\t\t\t\t\t<h3 class=\"elementor-heading-title elementor-size-default\">Votre prochain coup de c\u0153ur vous attend d\u00e9j\u00e0<\/h3>\t\t\t\t<\/div>\n\t\t\t\t<\/div>\n\t\t\t\t<div class=\"elementor-element elementor-element-5422919 elementor-widget__width-auto elementor-invisible elementor-widget elementor-widget-button\" data-id=\"5422919\" data-element_type=\"widget\" data-e-type=\"widget\" data-settings=\"{&quot;_animation&quot;:&quot;fadeInUp&quot;}\" data-widget_type=\"button.default\">\n\t\t\t\t<div class=\"elementor-widget-container\">\n\t\t\t\t\t\t\t\t\t<div class=\"elementor-button-wrapper\">\n\t\t\t\t\t<a class=\"elementor-button elementor-button-link elementor-size-sm\" href=\"https:\/\/portal.tica.nl\/\">\n\t\t\t\t\t\t<span class=\"elementor-button-content-wrapper\">\n\t\t\t\t\t\t\t\t\t<span class=\"elementor-button-text\">Devenez membre TICA<\/span>\n\t\t\t\t\t<\/span>\n\t\t\t\t\t<\/a>\n\t\t\t\t<\/div>\n\t\t\t\t\t\t\t\t<\/div>\n\t\t\t\t<\/div>\n\t\t\t\t<\/div>\n\t\t<div data-dce-background-image-url=\"https:\/\/tica.nl\/wp-content\/uploads\/2025\/07\/TICA-Laat-je-inspireren-2.jpg.webp\" class=\"elementor-element elementor-element-6a6d76c e-con-full e-flex elementor-invisible e-con e-child\" data-id=\"6a6d76c\" data-element_type=\"container\" data-e-type=\"container\" data-settings=\"{&quot;background_background&quot;:&quot;classic&quot;,&quot;animation&quot;:&quot;fadeIn&quot;}\">\n\t\t\t\t<\/div>\n\t\t\t\t<\/div>\n\t\t<div class=\"elementor-element elementor-element-07b4909 e-con-full e-flex e-con e-child\" data-id=\"07b4909\" data-element_type=\"container\" data-e-type=\"container\">\n\t\t<div data-dce-background-image-url=\"https:\/\/tica.nl\/wp-content\/uploads\/2025\/07\/TICA-Laat-je-inspireren-3.jpg.webp\" class=\"elementor-element elementor-element-05a6f05 e-con-full e-flex elementor-invisible e-con e-child\" data-id=\"05a6f05\" data-element_type=\"container\" data-e-type=\"container\" data-settings=\"{&quot;background_background&quot;:&quot;classic&quot;,&quot;animation&quot;:&quot;fadeIn&quot;}\">\n\t\t\t\t<\/div>\n\t\t<div class=\"elementor-element elementor-element-ed5d616 e-con-full e-flex e-con e-child\" data-id=\"ed5d616\" data-element_type=\"container\" data-e-type=\"container\">\n\t\t\t\t<div class=\"elementor-element elementor-element-daaa986 elementor-invisible elementor-widget elementor-widget-heading\" data-id=\"daaa986\" data-element_type=\"widget\" data-e-type=\"widget\" data-settings=\"{&quot;_animation&quot;:&quot;fadeInUp&quot;}\" data-widget_type=\"heading.default\">\n\t\t\t\t<div class=\"elementor-widget-container\">\n\t\t\t\t\t<h3 class=\"elementor-heading-title elementor-size-default\">D\u00e9veloppez votre entreprise et atteignez un public plus large<\/h3>\t\t\t\t<\/div>\n\t\t\t\t<\/div>\n\t\t\t\t<div class=\"elementor-element elementor-element-4dd2818 elementor-widget__width-auto elementor-invisible elementor-widget elementor-widget-button\" data-id=\"4dd2818\" data-element_type=\"widget\" data-e-type=\"widget\" data-settings=\"{&quot;_animation&quot;:&quot;fadeInUp&quot;}\" data-widget_type=\"button.default\">\n\t\t\t\t<div class=\"elementor-widget-container\">\n\t\t\t\t\t\t\t\t\t<div class=\"elementor-button-wrapper\">\n\t\t\t\t\t<a class=\"elementor-button elementor-button-link elementor-size-sm\" href=\"https:\/\/tica.nl\/fr\/vendre-chez-tica\/\">\n\t\t\t\t\t\t<span class=\"elementor-button-content-wrapper\">\n\t\t\t\t\t\t\t\t\t<span class=\"elementor-button-text\">Vendre chez TICA<\/span>\n\t\t\t\t\t<\/span>\n\t\t\t\t\t<\/a>\n\t\t\t\t<\/div>\n\t\t\t\t\t\t\t\t<\/div>\n\t\t\t\t<\/div>\n\t\t\t\t<\/div>\n\t\t\t\t<\/div>\n\t\t\t\t<\/div>\n\t\t\t\t<\/div>\n\t\t\t\t<\/div>\n\t\t","protected":false},"excerpt":{"rendered":"<p>Laissez-vous inspirer Conseils, articles et tendances inspirants \u00c0 la recherche des derni\u00e8res tendances, de conseils astucieux ou simplement d&rsquo;une dose d&rsquo;inspiration ? Chez TICA, vous trouverez tout ce dont vous avez besoin pour faire passer votre magasin, boutique en ligne ou projet de stylisme au niveau sup\u00e9rieur. Des derni\u00e8res tendances aux conseils pratiques en passant [&hellip;]<\/p>\n","protected":false},"author":1,"featured_media":15983,"parent":0,"menu_order":0,"comment_status":"closed","ping_status":"closed","template":"","meta":{"_acf_changed":false,"footnotes":""},"class_list":["post-16132","page","type-page","status-publish","has-post-thumbnail","hentry"],"acf":[],"_links":{"self":[{"href":"https:\/\/tica.nl\/fr\/wp-json\/wp\/v2\/pages\/16132","targetHints":{"allow":["GET"]}}],"collection":[{"href":"https:\/\/tica.nl\/fr\/wp-json\/wp\/v2\/pages"}],"about":[{"href":"https:\/\/tica.nl\/fr\/wp-json\/wp\/v2\/types\/page"}],"author":[{"embeddable":true,"href":"https:\/\/tica.nl\/fr\/wp-json\/wp\/v2\/users\/1"}],"replies":[{"embeddable":true,"href":"https:\/\/tica.nl\/fr\/wp-json\/wp\/v2\/comments?post=16132"}],"version-history":[{"count":0,"href":"https:\/\/tica.nl\/fr\/wp-json\/wp\/v2\/pages\/16132\/revisions"}],"wp:featuredmedia":[{"embeddable":true,"href":"https:\/\/tica.nl\/fr\/wp-json\/wp\/v2\/media\/15983"}],"wp:attachment":[{"href":"https:\/\/tica.nl\/fr\/wp-json\/wp\/v2\/media?parent=16132"}],"curies":[{"name":"wp","href":"https:\/\/api.w.org\/{rel}","templated":true}]}}