{"id":15254,"date":"2025-08-07T09:08:53","date_gmt":"2025-08-07T09:08:53","guid":{"rendered":"https:\/\/tica.nl\/pass-tica-bruxelles\/"},"modified":"2026-02-02T10:48:40","modified_gmt":"2026-02-02T10:48:40","slug":"pass-tica-bruxelles","status":"publish","type":"page","link":"https:\/\/tica.nl\/fr\/pass-tica-bruxelles\/","title":{"rendered":"Pass de localisation TICA Bruxelles"},"content":{"rendered":"\t\t<div data-elementor-type=\"wp-page\" data-elementor-id=\"15254\" class=\"elementor elementor-15254 elementor-10615\" data-elementor-post-type=\"page\">\n\t\t\t\t<div class=\"elementor-element elementor-element-4023981 e-flex e-con-boxed e-con e-parent\" data-id=\"4023981\" data-element_type=\"container\" data-e-type=\"container\">\n\t\t\t\t\t<div class=\"e-con-inner\">\n\t\t<div class=\"elementor-element elementor-element-71b818a e-con-full e-flex e-con e-child\" data-id=\"71b818a\" data-element_type=\"container\" data-e-type=\"container\">\n\t\t<div class=\"elementor-element elementor-element-6e7ff2b e-con-full e-flex e-con e-child\" data-id=\"6e7ff2b\" data-element_type=\"container\" data-e-type=\"container\">\n\t\t\t\t<div class=\"elementor-element elementor-element-c2df49b elementor-invisible elementor-widget elementor-widget-heading\" data-id=\"c2df49b\" data-element_type=\"widget\" data-e-type=\"widget\" data-settings=\"{&quot;_animation&quot;:&quot;fadeInUp&quot;}\" data-widget_type=\"heading.default\">\n\t\t\t\t<div class=\"elementor-widget-container\">\n\t\t\t\t\t<h1 class=\"elementor-heading-title elementor-size-default\">Pass d'acc\u00e8s<\/h1>\t\t\t\t<\/div>\n\t\t\t\t<\/div>\n\t\t\t\t<div class=\"elementor-element elementor-element-61f11b9 elementor-widget-divider--view-line elementor-invisible elementor-widget elementor-widget-divider\" data-id=\"61f11b9\" data-element_type=\"widget\" data-e-type=\"widget\" data-settings=\"{&quot;_animation&quot;:&quot;fadeInUp&quot;,&quot;_animation_delay&quot;:300}\" data-widget_type=\"divider.default\">\n\t\t\t\t<div class=\"elementor-widget-container\">\n\t\t\t\t\t\t\t<div class=\"elementor-divider\">\n\t\t\t<span class=\"elementor-divider-separator\">\n\t\t\t\t\t\t<\/span>\n\t\t<\/div>\n\t\t\t\t\t\t<\/div>\n\t\t\t\t<\/div>\n\t\t\t\t<\/div>\n\t\t\t\t<\/div>\n\t\t\t\t\t<\/div>\n\t\t\t\t<\/div>\n\t\t<div class=\"elementor-element elementor-element-a813315 e-con-full e-flex e-con e-parent\" data-id=\"a813315\" data-element_type=\"container\" data-e-type=\"container\">\n\t\t<div data-dce-background-image-url=\"https:\/\/tica.nl\/wp-content\/uploads\/2025\/08\/landingspaginas-beeld-4.png.webp\" class=\"elementor-element elementor-element-a6c01cd e-con-full e-flex elementor-invisible e-con e-child\" data-id=\"a6c01cd\" data-element_type=\"container\" data-e-type=\"container\" data-settings=\"{&quot;animation&quot;:&quot;fadeIn&quot;,&quot;animation_delay&quot;:400,&quot;background_background&quot;:&quot;classic&quot;,&quot;animation_mobile&quot;:&quot;none&quot;}\">\n\t\t\t\t<\/div>\n\t\t<div class=\"elementor-element elementor-element-ab9d794 e-con-full e-flex e-con e-child\" data-id=\"ab9d794\" data-element_type=\"container\" data-e-type=\"container\">\n\t\t\t\t<div class=\"elementor-element elementor-element-1069462 elementor-widget elementor-widget-heading\" data-id=\"1069462\" data-element_type=\"widget\" data-e-type=\"widget\" data-widget_type=\"heading.default\">\n\t\t\t\t<div class=\"elementor-widget-container\">\n\t\t\t\t\t<h2 class=\"elementor-heading-title elementor-size-default\">TICA Bruxelles<\/h2>\t\t\t\t<\/div>\n\t\t\t\t<\/div>\n\t\t<div class=\"elementor-element elementor-element-aa7bc34 e-con-full e-flex elementor-invisible e-con e-child\" data-id=\"aa7bc34\" data-element_type=\"container\" data-e-type=\"container\" data-settings=\"{&quot;animation&quot;:&quot;fadeInUp&quot;}\">\n\t\t\t\t<div class=\"elementor-element elementor-element-cdd0b2c elementor-widget elementor-widget-text-editor\" data-id=\"cdd0b2c\" data-element_type=\"widget\" data-e-type=\"widget\" data-widget_type=\"text-editor.default\">\n\t\t\t\t<div class=\"elementor-widget-container\">\n\t\t\t\t\t\t\t\t\t<p>Vous souhaitez d\u00e9couvrir pourquoi TICA est le centre d&rsquo;achat de r\u00e9f\u00e9rence pour l&rsquo;int\u00e9rieur et le lifestyle ? Demandez alors votre pass de localisation TICA gratuit et acc\u00e9dez \u00e0 notre \u00e9tablissement au Brussels International Trademart. Vous b\u00e9n\u00e9ficierez ainsi d&rsquo;un aper\u00e7u exclusif et temporaire de l&rsquo;offre diversifi\u00e9e, regorgeant d&rsquo;articles d&rsquo;int\u00e9rieur, de lifestyle et de mode.  <\/p>\t\t\t\t\t\t\t\t<\/div>\n\t\t\t\t<\/div>\n\t\t<div class=\"elementor-element elementor-element-8afe885 e-con-full e-flex elementor-invisible e-con e-child\" data-id=\"8afe885\" data-element_type=\"container\" data-e-type=\"container\" data-settings=\"{&quot;animation&quot;:&quot;fadeInUp&quot;,&quot;animation_delay&quot;:200}\">\n\t\t\t\t<div data-dce-background-color=\"#FFFFFF\" class=\"elementor-element elementor-element-a1da0f2 elementor-widget__width-auto elementor-widget elementor-widget-button\" data-id=\"a1da0f2\" data-element_type=\"widget\" data-e-type=\"widget\" data-widget_type=\"button.default\">\n\t\t\t\t<div class=\"elementor-widget-container\">\n\t\t\t\t\t\t\t\t\t<div class=\"elementor-button-wrapper\">\n\t\t\t\t\t<a class=\"elementor-button elementor-button-link elementor-size-sm\" href=\"https:\/\/register-tica.powerappsportals.com\/fr-FR\/locatiepas-Brussel\/\" target=\"_blank\" rel=\"noopener\">\n\t\t\t\t\t\t<span class=\"elementor-button-content-wrapper\">\n\t\t\t\t\t\t\t\t\t<span class=\"elementor-button-text\">Demander un pass d'acc\u00e8s gratuit<\/span>\n\t\t\t\t\t<\/span>\n\t\t\t\t\t<\/a>\n\t\t\t\t<\/div>\n\t\t\t\t\t\t\t\t<\/div>\n\t\t\t\t<\/div>\n\t\t\t\t<div class=\"elementor-element elementor-element-ad2ed30 elementor-widget__width-auto elementor-widget elementor-widget-button\" data-id=\"ad2ed30\" data-element_type=\"widget\" data-e-type=\"widget\" data-widget_type=\"button.default\">\n\t\t\t\t<div class=\"elementor-widget-container\">\n\t\t\t\t\t\t\t\t\t<div class=\"elementor-button-wrapper\">\n\t\t\t\t\t<a class=\"elementor-button elementor-button-link elementor-size-sm\" href=\"https:\/\/tica.nl\/fr\/la-centrale-dachat-b2b\/\">\n\t\t\t\t\t\t<span class=\"elementor-button-content-wrapper\">\n\t\t\t\t\t\t\t\t\t<span class=\"elementor-button-text\">Qu'est-ce que TICA ?<\/span>\n\t\t\t\t\t<\/span>\n\t\t\t\t\t<\/a>\n\t\t\t\t<\/div>\n\t\t\t\t\t\t\t\t<\/div>\n\t\t\t\t<\/div>\n\t\t\t\t<\/div>\n\t\t\t\t<\/div>\n\t\t\t\t<\/div>\n\t\t\t\t<\/div>\n\t\t<div class=\"elementor-element elementor-element-6df4685 e-grid e-con-boxed e-con e-parent\" data-id=\"6df4685\" data-element_type=\"container\" data-e-type=\"container\">\n\t\t\t\t\t<div class=\"e-con-inner\">\n\t\t<div class=\"elementor-element elementor-element-a6eb8b0 e-con-full e-flex e-con e-child\" data-id=\"a6eb8b0\" data-element_type=\"container\" data-e-type=\"container\">\n\t\t\t\t<div class=\"elementor-element elementor-element-543369e elementor-view-default elementor-widget elementor-widget-icon\" data-id=\"543369e\" data-element_type=\"widget\" data-e-type=\"widget\" data-widget_type=\"icon.default\">\n\t\t\t\t<div class=\"elementor-widget-container\">\n\t\t\t\t\t\t\t<div class=\"elementor-icon-wrapper\">\n\t\t\t<div class=\"elementor-icon\">\n\t\t\t<svg aria-hidden=\"true\" class=\"e-font-icon-svg e-fas-check-circle\" viewBox=\"0 0 512 512\" xmlns=\"http:\/\/www.w3.org\/2000\/svg\"><path d=\"M504 256c0 136.967-111.033 248-248 248S8 392.967 8 256 119.033 8 256 8s248 111.033 248 248zM227.314 387.314l184-184c6.248-6.248 6.248-16.379 0-22.627l-22.627-22.627c-6.248-6.249-16.379-6.249-22.628 0L216 308.118l-70.059-70.059c-6.248-6.248-16.379-6.248-22.628 0l-22.627 22.627c-6.248 6.248-6.248 16.379 0 22.627l104 104c6.249 6.249 16.379 6.249 22.628.001z\"><\/path><\/svg>\t\t\t<\/div>\n\t\t<\/div>\n\t\t\t\t\t\t<\/div>\n\t\t\t\t<\/div>\n\t\t\t\t<div class=\"elementor-element elementor-element-8767be0 elementor-widget elementor-widget-heading\" data-id=\"8767be0\" data-element_type=\"widget\" data-e-type=\"widget\" data-widget_type=\"heading.default\">\n\t\t\t\t<div class=\"elementor-widget-container\">\n\t\t\t\t\t<h4 class=\"elementor-heading-title elementor-size-default\">Achat \u00e0 l'unit\u00e9<\/h4>\t\t\t\t<\/div>\n\t\t\t\t<\/div>\n\t\t\t\t<\/div>\n\t\t<div class=\"elementor-element elementor-element-11c5b9a e-con-full e-flex e-con e-child\" data-id=\"11c5b9a\" data-element_type=\"container\" data-e-type=\"container\">\n\t\t\t\t<div class=\"elementor-element elementor-element-cfdd504 elementor-view-default elementor-widget elementor-widget-icon\" data-id=\"cfdd504\" data-element_type=\"widget\" data-e-type=\"widget\" data-widget_type=\"icon.default\">\n\t\t\t\t<div class=\"elementor-widget-container\">\n\t\t\t\t\t\t\t<div class=\"elementor-icon-wrapper\">\n\t\t\t<div class=\"elementor-icon\">\n\t\t\t<svg aria-hidden=\"true\" class=\"e-font-icon-svg e-fas-check-circle\" viewBox=\"0 0 512 512\" xmlns=\"http:\/\/www.w3.org\/2000\/svg\"><path d=\"M504 256c0 136.967-111.033 248-248 248S8 392.967 8 256 119.033 8 256 8s248 111.033 248 248zM227.314 387.314l184-184c6.248-6.248 6.248-16.379 0-22.627l-22.627-22.627c-6.248-6.249-16.379-6.249-22.628 0L216 308.118l-70.059-70.059c-6.248-6.248-16.379-6.248-22.628 0l-22.627 22.627c-6.248 6.248-6.248 16.379 0 22.627l104 104c6.249 6.249 16.379 6.249 22.628.001z\"><\/path><\/svg>\t\t\t<\/div>\n\t\t<\/div>\n\t\t\t\t\t\t<\/div>\n\t\t\t\t<\/div>\n\t\t\t\t<div class=\"elementor-element elementor-element-3316335 elementor-widget elementor-widget-heading\" data-id=\"3316335\" data-element_type=\"widget\" data-e-type=\"widget\" data-widget_type=\"heading.default\">\n\t\t\t\t<div class=\"elementor-widget-container\">\n\t\t\t\t\t<h4 class=\"elementor-heading-title elementor-size-default\">Plus de 120 marques<\/h4>\t\t\t\t<\/div>\n\t\t\t\t<\/div>\n\t\t\t\t<\/div>\n\t\t<div class=\"elementor-element elementor-element-1c431d2 e-con-full e-flex e-con e-child\" data-id=\"1c431d2\" data-element_type=\"container\" data-e-type=\"container\">\n\t\t\t\t<div class=\"elementor-element elementor-element-60ae97a elementor-view-default elementor-widget elementor-widget-icon\" data-id=\"60ae97a\" data-element_type=\"widget\" data-e-type=\"widget\" data-widget_type=\"icon.default\">\n\t\t\t\t<div class=\"elementor-widget-container\">\n\t\t\t\t\t\t\t<div class=\"elementor-icon-wrapper\">\n\t\t\t<div class=\"elementor-icon\">\n\t\t\t<svg aria-hidden=\"true\" class=\"e-font-icon-svg e-fas-check-circle\" viewBox=\"0 0 512 512\" xmlns=\"http:\/\/www.w3.org\/2000\/svg\"><path d=\"M504 256c0 136.967-111.033 248-248 248S8 392.967 8 256 119.033 8 256 8s248 111.033 248 248zM227.314 387.314l184-184c6.248-6.248 6.248-16.379 0-22.627l-22.627-22.627c-6.248-6.249-16.379-6.249-22.628 0L216 308.118l-70.059-70.059c-6.248-6.248-16.379-6.248-22.628 0l-22.627 22.627c-6.248 6.248-6.248 16.379 0 22.627l104 104c6.249 6.249 16.379 6.249 22.628.001z\"><\/path><\/svg>\t\t\t<\/div>\n\t\t<\/div>\n\t\t\t\t\t\t<\/div>\n\t\t\t\t<\/div>\n\t\t\t\t<div class=\"elementor-element elementor-element-b367703 elementor-widget elementor-widget-heading\" data-id=\"b367703\" data-element_type=\"widget\" data-e-type=\"widget\" data-widget_type=\"heading.default\">\n\t\t\t\t<div class=\"elementor-widget-container\">\n\t\t\t\t\t<h4 class=\"elementor-heading-title elementor-size-default\">10 000 m\u00b2 d'inspiration<\/h4>\t\t\t\t<\/div>\n\t\t\t\t<\/div>\n\t\t\t\t<\/div>\n\t\t\t\t\t<\/div>\n\t\t\t\t<\/div>\n\t\t<div class=\"elementor-element elementor-element-418c159 e-con-full e-flex e-con e-parent\" data-id=\"418c159\" data-element_type=\"container\" data-e-type=\"container\">\n\t\t<div class=\"elementor-element elementor-element-8440996 e-con-full e-flex e-con e-child\" data-id=\"8440996\" data-element_type=\"container\" data-e-type=\"container\">\n\t\t<div class=\"elementor-element elementor-element-90acf2e e-con-full e-flex e-con e-child\" data-id=\"90acf2e\" data-element_type=\"container\" data-e-type=\"container\">\n\t\t\t\t<div class=\"elementor-element elementor-element-1e2cb41 elementor-invisible elementor-widget elementor-widget-heading\" data-id=\"1e2cb41\" data-element_type=\"widget\" data-e-type=\"widget\" data-settings=\"{&quot;_animation&quot;:&quot;fadeInUp&quot;}\" data-widget_type=\"heading.default\">\n\t\t\t\t<div class=\"elementor-widget-container\">\n\t\t\t\t\t<h2 class=\"elementor-heading-title elementor-size-default\">Comment \u00e7a marche<\/h2>\t\t\t\t<\/div>\n\t\t\t\t<\/div>\n\t\t\t\t<div class=\"elementor-element elementor-element-14b528a elementor-invisible elementor-widget elementor-widget-text-editor\" data-id=\"14b528a\" data-element_type=\"widget\" data-e-type=\"widget\" data-settings=\"{&quot;_animation&quot;:&quot;fadeInUp&quot;,&quot;_animation_delay&quot;:200}\" data-widget_type=\"text-editor.default\">\n\t\t\t\t<div class=\"elementor-widget-container\">\n\t\t\t\t\t\t\t\t\t<ul><li>Vous \u00eates entrepreneur et vous remplissez les conditions de notre <a href=\"https:\/\/tica.nl\/fr\/politique-dadmission\/\">politique d&rsquo;admission<\/a> ? <\/li><li>Demandez votre pass via le bouton ci-dessous. Une fois votre demande approuv\u00e9e, vous recevrez un e-mail avec les instructions compl\u00e9mentaires. <\/li><li>Le pass est nominatif et valable uniquement pour la personne enregistr\u00e9e.<\/li><li>Le pass de localisation vous donne 12 mois d&rsquo;acc\u00e8s gratuit et illimit\u00e9 \u00e0 TICA Bruxelles.<\/li><\/ul>\t\t\t\t\t\t\t\t<\/div>\n\t\t\t\t<\/div>\n\t\t<div class=\"elementor-element elementor-element-3872378 e-con-full e-flex elementor-invisible e-con e-child\" data-id=\"3872378\" data-element_type=\"container\" data-e-type=\"container\" data-settings=\"{&quot;animation&quot;:&quot;fadeInUp&quot;,&quot;animation_delay&quot;:200}\">\n\t\t\t\t<div class=\"elementor-element elementor-element-5333bb7 elementor-widget__width-auto elementor-widget elementor-widget-button\" data-id=\"5333bb7\" data-element_type=\"widget\" data-e-type=\"widget\" data-widget_type=\"button.default\">\n\t\t\t\t<div class=\"elementor-widget-container\">\n\t\t\t\t\t\t\t\t\t<div class=\"elementor-button-wrapper\">\n\t\t\t\t\t<a class=\"elementor-button elementor-button-link elementor-size-sm\" href=\"https:\/\/tica.nl\/fr\/etablissements\/tica-bruxelles\/\">\n\t\t\t\t\t\t<span class=\"elementor-button-content-wrapper\">\n\t\t\t\t\t\t\t\t\t<span class=\"elementor-button-text\">En savoir plus sur TICA Bruxelles<\/span>\n\t\t\t\t\t<\/span>\n\t\t\t\t\t<\/a>\n\t\t\t\t<\/div>\n\t\t\t\t\t\t\t\t<\/div>\n\t\t\t\t<\/div>\n\t\t\t\t<div data-dce-background-color=\"#FFFFFF\" class=\"elementor-element elementor-element-d650f32 elementor-widget__width-auto elementor-widget elementor-widget-button\" data-id=\"d650f32\" data-element_type=\"widget\" data-e-type=\"widget\" data-widget_type=\"button.default\">\n\t\t\t\t<div class=\"elementor-widget-container\">\n\t\t\t\t\t\t\t\t\t<div class=\"elementor-button-wrapper\">\n\t\t\t\t\t<a class=\"elementor-button elementor-button-link elementor-size-sm\" href=\"https:\/\/register-tica.powerappsportals.com\/fr-FR\/locatiepas-Brussel\/\" target=\"_blank\" rel=\"noopener\">\n\t\t\t\t\t\t<span class=\"elementor-button-content-wrapper\">\n\t\t\t\t\t\t\t\t\t<span class=\"elementor-button-text\">N'en dites pas plus, je veux un pass !<\/span>\n\t\t\t\t\t<\/span>\n\t\t\t\t\t<\/a>\n\t\t\t\t<\/div>\n\t\t\t\t\t\t\t\t<\/div>\n\t\t\t\t<\/div>\n\t\t\t\t<\/div>\n\t\t\t\t<div class=\"elementor-element elementor-element-11256d0 elementor-widget elementor-widget-spacer\" data-id=\"11256d0\" data-element_type=\"widget\" data-e-type=\"widget\" data-widget_type=\"spacer.default\">\n\t\t\t\t<div class=\"elementor-widget-container\">\n\t\t\t\t\t\t\t<div class=\"elementor-spacer\">\n\t\t\t<div class=\"elementor-spacer-inner\"><\/div>\n\t\t<\/div>\n\t\t\t\t\t\t<\/div>\n\t\t\t\t<\/div>\n\t\t\t\t<div class=\"elementor-element elementor-element-354e93a elementor-widget elementor-widget-text-editor\" data-id=\"354e93a\" data-element_type=\"widget\" data-e-type=\"widget\" data-widget_type=\"text-editor.default\">\n\t\t\t\t<div class=\"elementor-widget-container\">\n\t\t\t\t\t\t\t\t\t<p><em>Vous pr\u00e9f\u00e9rez faire vos achats sans limite dans tous nos \u00e9tablissements ? <a href=\"https:\/\/portal.tica.nl\/\">Devenez membre TICA<\/a> et profitez au maximum de votre exp\u00e9rience avec notre abonnement annuel complet incluant de nombreux avantages.<\/em><\/p>\t\t\t\t\t\t\t\t<\/div>\n\t\t\t\t<\/div>\n\t\t\t\t<\/div>\n\t\t\t\t<\/div>\n\t\t<div data-dce-background-image-url=\"https:\/\/tica.nl\/wp-content\/uploads\/2025\/08\/TICA_Brussel_updates_nieuws.png.webp\" class=\"elementor-element elementor-element-ad80c14 e-con-full e-flex elementor-invisible e-con e-child\" data-id=\"ad80c14\" data-element_type=\"container\" data-e-type=\"container\" data-settings=\"{&quot;animation&quot;:&quot;fadeIn&quot;,&quot;animation_delay&quot;:300,&quot;background_background&quot;:&quot;classic&quot;}\">\n\t\t\t\t<\/div>\n\t\t\t\t<\/div>\n\t\t<div data-dce-background-color=\"#FFFFFF\" class=\"elementor-element elementor-element-9d769e2 e-flex e-con-boxed e-con e-parent\" data-id=\"9d769e2\" data-element_type=\"container\" data-e-type=\"container\" data-settings=\"{&quot;background_background&quot;:&quot;classic&quot;}\">\n\t\t\t\t\t<div class=\"e-con-inner\">\n\t\t<div class=\"elementor-element elementor-element-a58aaa3 e-flex e-con-boxed e-con e-child\" data-id=\"a58aaa3\" data-element_type=\"container\" data-e-type=\"container\">\n\t\t\t\t\t<div class=\"e-con-inner\">\n\t\t<div class=\"elementor-element elementor-element-1e4670b e-con-full e-flex e-con e-child\" data-id=\"1e4670b\" data-element_type=\"container\" data-e-type=\"container\">\n\t\t\t\t<div class=\"elementor-element elementor-element-c1259ff elementor-invisible elementor-widget elementor-widget-heading\" data-id=\"c1259ff\" data-element_type=\"widget\" data-e-type=\"widget\" data-settings=\"{&quot;_animation&quot;:&quot;fadeIn&quot;}\" data-widget_type=\"heading.default\">\n\t\t\t\t<div class=\"elementor-widget-container\">\n\t\t\t\t\t<h2 class=\"elementor-heading-title elementor-size-default\">En savoir plus<\/h2>\t\t\t\t<\/div>\n\t\t\t\t<\/div>\n\t\t\t\t<\/div>\n\t\t\t\t\t<\/div>\n\t\t\t\t<\/div>\n\t\t<div class=\"elementor-element elementor-element-45a79c4 e-flex e-con-boxed elementor-invisible e-con e-child\" data-id=\"45a79c4\" data-element_type=\"container\" data-e-type=\"container\" data-settings=\"{&quot;animation&quot;:&quot;fadeIn&quot;}\">\n\t\t\t\t\t<div class=\"e-con-inner\">\n\t\t<div class=\"elementor-element elementor-element-12f71b1 e-con-full e-flex e-con e-child\" data-id=\"12f71b1\" data-element_type=\"container\" data-e-type=\"container\">\n\t\t\t\t<div class=\"elementor-element elementor-element-696506c boxes-page dce_masking-none elementor-position-top elementor-widget elementor-widget-image-box\" data-id=\"696506c\" data-element_type=\"widget\" data-e-type=\"widget\" data-widget_type=\"image-box.default\">\n\t\t\t\t<div class=\"elementor-widget-container\">\n\t\t\t\t\t<div class=\"elementor-image-box-wrapper\"><figure class=\"elementor-image-box-img\"><a href=\"https:\/\/tica.nl\/fr\/inspireren-cat\/inspiratie\/\" tabindex=\"-1\"><img decoding=\"async\" width=\"900\" height=\"1410\" src=\"https:\/\/tica.nl\/wp-content\/uploads\/2025\/08\/Ontdek-meer-slider-afbeeldingen-7.png.webp\" class=\"attachment-full size-full wp-image-14743\" alt=\"TICA Ede Pass d\u2019acc\u00e8s locale En savoir plus Kersten 2\" srcset=\"https:\/\/tica.nl\/wp-content\/uploads\/2025\/08\/Ontdek-meer-slider-afbeeldingen-7.png.webp 900w, https:\/\/tica.nl\/wp-content\/uploads\/2025\/08\/Ontdek-meer-slider-afbeeldingen-7.png-191x300.webp 191w, https:\/\/tica.nl\/wp-content\/uploads\/2025\/08\/Ontdek-meer-slider-afbeeldingen-7.png-654x1024.webp 654w, https:\/\/tica.nl\/wp-content\/uploads\/2025\/08\/Ontdek-meer-slider-afbeeldingen-7.png-768x1203.webp 768w\" sizes=\"(max-width: 900px) 100vw, 900px\" \/><\/a><\/figure><div class=\"elementor-image-box-content\"><h2 class=\"elementor-image-box-title\"><a href=\"https:\/\/tica.nl\/fr\/inspireren-cat\/inspiratie\/\">Une source d'inspiration<\/a><\/h2><p class=\"elementor-image-box-description\">D\u00e9couvrez les derni\u00e8res tendances et collections, avant votre visite et dans l'\u00e9tablissement.<\/p><\/div><\/div>\t\t\t\t<\/div>\n\t\t\t\t<\/div>\n\t\t\t\t<\/div>\n\t\t<div class=\"elementor-element elementor-element-99a2844 e-con-full e-flex e-con e-child\" data-id=\"99a2844\" data-element_type=\"container\" data-e-type=\"container\">\n\t\t\t\t<div class=\"elementor-element elementor-element-dfdf292 boxes-page dce_masking-none elementor-position-top elementor-widget elementor-widget-image-box\" data-id=\"dfdf292\" data-element_type=\"widget\" data-e-type=\"widget\" data-widget_type=\"image-box.default\">\n\t\t\t\t<div class=\"elementor-widget-container\">\n\t\t\t\t\t<div class=\"elementor-image-box-wrapper\"><figure class=\"elementor-image-box-img\"><a href=\"https:\/\/tica.nl\/fr\/marques\/\" tabindex=\"-1\"><img decoding=\"async\" width=\"900\" height=\"1410\" src=\"https:\/\/tica.nl\/wp-content\/uploads\/2025\/08\/Ontdek-meer-slider-afbeeldingen-5.png.webp\" class=\"attachment-full size-full wp-image-14744\" alt=\"TICA Ede Pass d\u2019acc\u00e8s locale En savoir plus\" srcset=\"https:\/\/tica.nl\/wp-content\/uploads\/2025\/08\/Ontdek-meer-slider-afbeeldingen-5.png.webp 900w, https:\/\/tica.nl\/wp-content\/uploads\/2025\/08\/Ontdek-meer-slider-afbeeldingen-5.png-191x300.webp 191w, https:\/\/tica.nl\/wp-content\/uploads\/2025\/08\/Ontdek-meer-slider-afbeeldingen-5.png-654x1024.webp 654w, https:\/\/tica.nl\/wp-content\/uploads\/2025\/08\/Ontdek-meer-slider-afbeeldingen-5.png-768x1203.webp 768w\" sizes=\"(max-width: 900px) 100vw, 900px\" \/><\/a><\/figure><div class=\"elementor-image-box-content\"><h2 class=\"elementor-image-box-title\"><a href=\"https:\/\/tica.nl\/fr\/marques\/\">Des marques surprenantes<\/a><\/h2><p class=\"elementor-image-box-description\">Choisissez parmi plus de 120 marques \u00e9tablies et \u00e9mergentes dans les domaines de la maison, du lifestyle, du jardin et de la mode.<\/p><\/div><\/div>\t\t\t\t<\/div>\n\t\t\t\t<\/div>\n\t\t\t\t<\/div>\n\t\t<div class=\"elementor-element elementor-element-6e5ede2 e-con-full e-flex e-con e-child\" data-id=\"6e5ede2\" data-element_type=\"container\" data-e-type=\"container\">\n\t\t\t\t<div class=\"elementor-element elementor-element-f07f167 boxes-page dce_masking-none elementor-position-top elementor-widget elementor-widget-image-box\" data-id=\"f07f167\" data-element_type=\"widget\" data-e-type=\"widget\" data-widget_type=\"image-box.default\">\n\t\t\t\t<div class=\"elementor-widget-container\">\n\t\t\t\t\t<div class=\"elementor-image-box-wrapper\"><figure class=\"elementor-image-box-img\"><a href=\"https:\/\/tica.nl\/fr\/assortiment\/\" tabindex=\"-1\"><img decoding=\"async\" width=\"900\" height=\"1410\" src=\"https:\/\/tica.nl\/wp-content\/uploads\/2025\/08\/Ontdek-meer-slider-afbeeldingen-6.png.webp\" class=\"attachment-full size-full wp-image-14745\" alt=\"TICA Ede Pass d\u2019acc\u00e8s locale En savoir plus Kersten\" srcset=\"https:\/\/tica.nl\/wp-content\/uploads\/2025\/08\/Ontdek-meer-slider-afbeeldingen-6.png.webp 900w, https:\/\/tica.nl\/wp-content\/uploads\/2025\/08\/Ontdek-meer-slider-afbeeldingen-6.png-191x300.webp 191w, https:\/\/tica.nl\/wp-content\/uploads\/2025\/08\/Ontdek-meer-slider-afbeeldingen-6.png-654x1024.webp 654w, https:\/\/tica.nl\/wp-content\/uploads\/2025\/08\/Ontdek-meer-slider-afbeeldingen-6.png-768x1203.webp 768w\" sizes=\"(max-width: 900px) 100vw, 900px\" \/><\/a><\/figure><div class=\"elementor-image-box-content\"><h2 class=\"elementor-image-box-title\"><a href=\"https:\/\/tica.nl\/fr\/assortiment\/\">Collections renouvel\u00e9es<\/a><\/h2><p class=\"elementor-image-box-description\">Surprenez constamment vos clients avec des produits d'int\u00e9rieur innovants.<\/p><\/div><\/div>\t\t\t\t<\/div>\n\t\t\t\t<\/div>\n\t\t\t\t<\/div>\n\t\t<div class=\"elementor-element elementor-element-61b23ce e-con-full e-flex e-con e-child\" data-id=\"61b23ce\" data-element_type=\"container\" data-e-type=\"container\">\n\t\t\t\t<div class=\"elementor-element elementor-element-8e81ea1 boxes-page dce_masking-none elementor-position-top elementor-widget elementor-widget-image-box\" data-id=\"8e81ea1\" data-element_type=\"widget\" data-e-type=\"widget\" data-widget_type=\"image-box.default\">\n\t\t\t\t<div class=\"elementor-widget-container\">\n\t\t\t\t\t<div class=\"elementor-image-box-wrapper\"><figure class=\"elementor-image-box-img\"><a href=\"https:\/\/tica.nl\/fr\/evenements\/\" tabindex=\"-1\"><img decoding=\"async\" width=\"900\" height=\"1410\" src=\"https:\/\/tica.nl\/wp-content\/uploads\/2025\/08\/Ontdek-meer-slider-afbeeldingen-3.png.webp\" class=\"attachment-full size-full wp-image-14737\" alt=\"Slider_Image_Evenements\" srcset=\"https:\/\/tica.nl\/wp-content\/uploads\/2025\/08\/Ontdek-meer-slider-afbeeldingen-3.png.webp 900w, https:\/\/tica.nl\/wp-content\/uploads\/2025\/08\/Ontdek-meer-slider-afbeeldingen-3.png-191x300.webp 191w, https:\/\/tica.nl\/wp-content\/uploads\/2025\/08\/Ontdek-meer-slider-afbeeldingen-3.png-654x1024.webp 654w, https:\/\/tica.nl\/wp-content\/uploads\/2025\/08\/Ontdek-meer-slider-afbeeldingen-3.png-768x1203.webp 768w\" sizes=\"(max-width: 900px) 100vw, 900px\" \/><\/a><\/figure><div class=\"elementor-image-box-content\"><h2 class=\"elementor-image-box-title\"><a href=\"https:\/\/tica.nl\/fr\/evenements\/\">\u00c9v\u00e9nements<\/a><\/h2><p class=\"elementor-image-box-description\">D\u00e9couvrez tout au long de l'ann\u00e9e nos \u00e9v\u00e9nements, ateliers et conf\u00e9rences riches en inspiration pour les membres TICA.<\/p><\/div><\/div>\t\t\t\t<\/div>\n\t\t\t\t<\/div>\n\t\t\t\t<\/div>\n\t\t\t\t\t<\/div>\n\t\t\t\t<\/div>\n\t\t\t\t\t<\/div>\n\t\t\t\t<\/div>\n\t\t\t\t<\/div>\n\t\t","protected":false},"excerpt":{"rendered":"<p>Pass d&rsquo;acc\u00e8s TICA Bruxelles Vous souhaitez d\u00e9couvrir pourquoi TICA est le centre d&rsquo;achat de r\u00e9f\u00e9rence pour l&rsquo;int\u00e9rieur et le lifestyle ? Demandez alors votre pass de localisation TICA gratuit et acc\u00e9dez \u00e0 notre \u00e9tablissement au Brussels International Trademart. Vous b\u00e9n\u00e9ficierez ainsi d&rsquo;un aper\u00e7u exclusif et temporaire de l&rsquo;offre diversifi\u00e9e, regorgeant d&rsquo;articles d&rsquo;int\u00e9rieur, de lifestyle et [&hellip;]<\/p>\n","protected":false},"author":4,"featured_media":14739,"parent":0,"menu_order":0,"comment_status":"closed","ping_status":"closed","template":"","meta":{"_acf_changed":false,"footnotes":""},"class_list":["post-15254","page","type-page","status-publish","has-post-thumbnail","hentry"],"acf":[],"_links":{"self":[{"href":"https:\/\/tica.nl\/fr\/wp-json\/wp\/v2\/pages\/15254","targetHints":{"allow":["GET"]}}],"collection":[{"href":"https:\/\/tica.nl\/fr\/wp-json\/wp\/v2\/pages"}],"about":[{"href":"https:\/\/tica.nl\/fr\/wp-json\/wp\/v2\/types\/page"}],"author":[{"embeddable":true,"href":"https:\/\/tica.nl\/fr\/wp-json\/wp\/v2\/users\/4"}],"replies":[{"embeddable":true,"href":"https:\/\/tica.nl\/fr\/wp-json\/wp\/v2\/comments?post=15254"}],"version-history":[{"count":9,"href":"https:\/\/tica.nl\/fr\/wp-json\/wp\/v2\/pages\/15254\/revisions"}],"predecessor-version":[{"id":37487,"href":"https:\/\/tica.nl\/fr\/wp-json\/wp\/v2\/pages\/15254\/revisions\/37487"}],"wp:featuredmedia":[{"embeddable":true,"href":"https:\/\/tica.nl\/fr\/wp-json\/wp\/v2\/media\/14739"}],"wp:attachment":[{"href":"https:\/\/tica.nl\/fr\/wp-json\/wp\/v2\/media?parent=15254"}],"curies":[{"name":"wp","href":"https:\/\/api.w.org\/{rel}","templated":true}]}}