{"id":15207,"date":"2025-08-08T07:39:13","date_gmt":"2025-08-08T06:39:13","guid":{"rendered":"https:\/\/tica.nl\/propertyworks\/"},"modified":"2025-08-27T08:04:05","modified_gmt":"2025-08-27T07:04:05","slug":"propertyworks","status":"publish","type":"page","link":"https:\/\/tica.nl\/fr\/propertyworks\/","title":{"rendered":"Propertyworks"},"content":{"rendered":"\t\t<div data-elementor-type=\"wp-page\" data-elementor-id=\"15207\" class=\"elementor elementor-15207 elementor-10824\" data-elementor-post-type=\"page\">\n\t\t\t\t<div class=\"elementor-element elementor-element-4023981 e-flex e-con-boxed e-con e-parent\" data-id=\"4023981\" data-element_type=\"container\" data-e-type=\"container\">\n\t\t\t\t\t<div class=\"e-con-inner\">\n\t\t<div class=\"elementor-element elementor-element-71b818a e-con-full e-flex e-con e-child\" data-id=\"71b818a\" data-element_type=\"container\" data-e-type=\"container\">\n\t\t<div class=\"elementor-element elementor-element-6e7ff2b e-con-full e-flex e-con e-child\" data-id=\"6e7ff2b\" data-element_type=\"container\" data-e-type=\"container\">\n\t\t\t\t<div class=\"elementor-element elementor-element-c2df49b elementor-invisible elementor-widget elementor-widget-heading\" data-id=\"c2df49b\" data-element_type=\"widget\" data-e-type=\"widget\" data-settings=\"{&quot;_animation&quot;:&quot;fadeInUp&quot;}\" data-widget_type=\"heading.default\">\n\t\t\t\t<div class=\"elementor-widget-container\">\n\t\t\t\t\t<h1 class=\"elementor-heading-title elementor-size-default\">PropertyWorks<\/h1>\t\t\t\t<\/div>\n\t\t\t\t<\/div>\n\t\t\t\t<div class=\"elementor-element elementor-element-61f11b9 elementor-widget-divider--view-line elementor-invisible elementor-widget elementor-widget-divider\" data-id=\"61f11b9\" data-element_type=\"widget\" data-e-type=\"widget\" data-settings=\"{&quot;_animation&quot;:&quot;fadeInUp&quot;,&quot;_animation_delay&quot;:300}\" data-widget_type=\"divider.default\">\n\t\t\t\t<div class=\"elementor-widget-container\">\n\t\t\t\t\t\t\t<div class=\"elementor-divider\">\n\t\t\t<span class=\"elementor-divider-separator\">\n\t\t\t\t\t\t<\/span>\n\t\t<\/div>\n\t\t\t\t\t\t<\/div>\n\t\t\t\t<\/div>\n\t\t\t\t<\/div>\n\t\t\t\t<\/div>\n\t\t\t\t\t<\/div>\n\t\t\t\t<\/div>\n\t\t<div class=\"elementor-element elementor-element-418c159 e-con-full e-flex e-con e-parent\" data-id=\"418c159\" data-element_type=\"container\" data-e-type=\"container\">\n\t\t<div class=\"elementor-element elementor-element-8440996 e-con-full e-flex e-con e-child\" data-id=\"8440996\" data-element_type=\"container\" data-e-type=\"container\">\n\t\t<div class=\"elementor-element elementor-element-90acf2e e-con-full e-flex e-con e-child\" data-id=\"90acf2e\" data-element_type=\"container\" data-e-type=\"container\">\n\t\t\t\t<div class=\"elementor-element elementor-element-1e2cb41 elementor-invisible elementor-widget elementor-widget-heading\" data-id=\"1e2cb41\" data-element_type=\"widget\" data-e-type=\"widget\" data-settings=\"{&quot;_animation&quot;:&quot;fadeInUp&quot;}\" data-widget_type=\"heading.default\">\n\t\t\t\t<div class=\"elementor-widget-container\">\n\t\t\t\t\t<h2 class=\"elementor-heading-title elementor-size-default\">PropertyWorks<\/h2>\t\t\t\t<\/div>\n\t\t\t\t<\/div>\n\t\t\t\t<div class=\"elementor-element elementor-element-b9de806 elementor-invisible elementor-widget elementor-widget-text-editor\" data-id=\"b9de806\" data-element_type=\"widget\" data-e-type=\"widget\" data-settings=\"{&quot;_animation&quot;:&quot;fadeInUp&quot;,&quot;_animation_delay&quot;:200}\" data-widget_type=\"text-editor.default\">\n\t\t\t\t<div class=\"elementor-widget-container\">\n\t\t\t\t\t\t\t\t\t<p><em>\u00ab Nous connectons pour cr\u00e9er des entreprises prosp\u00e8res en Europe du Nord-Ouest ! \u00bb<\/em><\/p>\t\t\t\t\t\t\t\t<\/div>\n\t\t\t\t<\/div>\n\t\t\t\t<div class=\"elementor-element elementor-element-258822c elementor-invisible elementor-widget elementor-widget-text-editor\" data-id=\"258822c\" data-element_type=\"widget\" data-e-type=\"widget\" data-settings=\"{&quot;_animation&quot;:&quot;fadeInUp&quot;,&quot;_animation_delay&quot;:200}\" data-widget_type=\"text-editor.default\">\n\t\t\t\t<div class=\"elementor-widget-container\">\n\t\t\t\t\t\t\t\t\t<p>Avec <strong>PW Markets<\/strong>, PropertyWorks offre la principale plateforme d&rsquo;achat lifestyle en Europe.<\/p><p>Avec <strong>PW Offices<\/strong>, PropertyWorks propose des concepts remarquables de r\u00e9union, de congr\u00e8s et de bureau dans la r\u00e9gion de la Randstad.<\/p>\t\t\t\t\t\t\t\t<\/div>\n\t\t\t\t<\/div>\n\t\t\t\t<\/div>\n\t\t\t\t<\/div>\n\t\t<div data-dce-background-image-url=\"https:\/\/tica.nl\/wp-content\/uploads\/2025\/08\/TICA_PropertyWorks_.png.webp\" class=\"elementor-element elementor-element-ad80c14 e-con-full e-flex elementor-invisible e-con e-child\" data-id=\"ad80c14\" data-element_type=\"container\" data-e-type=\"container\" data-settings=\"{&quot;animation&quot;:&quot;fadeIn&quot;,&quot;animation_delay&quot;:300,&quot;background_background&quot;:&quot;classic&quot;}\">\n\t\t\t\t<\/div>\n\t\t\t\t<\/div>\n\t\t<div class=\"elementor-element elementor-element-dd46d91 e-flex e-con-boxed e-con e-parent\" data-id=\"dd46d91\" data-element_type=\"container\" data-e-type=\"container\">\n\t\t\t\t\t<div class=\"e-con-inner\">\n\t\t\t\t<div class=\"elementor-element elementor-element-8fe08dd dce_masking-none elementor-widget elementor-widget-image\" data-id=\"8fe08dd\" data-element_type=\"widget\" data-e-type=\"widget\" data-widget_type=\"image.default\">\n\t\t\t\t<div class=\"elementor-widget-container\">\n\t\t\t\t\t\t\t\t\t\t\t\t\t\t\t<img decoding=\"async\" src=\"https:\/\/tica.nl\/wp-content\/uploads\/elementor\/thumbs\/PW-landingspage-logos-1030x322-1.jpg-r9y2t503p0h8uhztgh2j8w8y0zk8tb268tb1p6b82w.webp\" title=\"PW-landingspage-logos-1030&#215;322-1.jpg.webp\" alt=\"Propertyworks\" loading=\"lazy\" \/>\t\t\t\t\t\t\t\t\t\t\t\t\t\t\t<\/div>\n\t\t\t\t<\/div>\n\t\t\t\t\t<\/div>\n\t\t\t\t<\/div>\n\t\t<div class=\"elementor-element elementor-element-cf0b906 e-flex e-con-boxed e-con e-parent\" data-id=\"cf0b906\" data-element_type=\"container\" data-e-type=\"container\">\n\t\t\t\t\t<div class=\"e-con-inner\">\n\t\t\t\t<div class=\"elementor-element elementor-element-2094f2b elementor-widget elementor-widget-spacer\" data-id=\"2094f2b\" data-element_type=\"widget\" data-e-type=\"widget\" data-widget_type=\"spacer.default\">\n\t\t\t\t<div class=\"elementor-widget-container\">\n\t\t\t\t\t\t\t<div class=\"elementor-spacer\">\n\t\t\t<div class=\"elementor-spacer-inner\"><\/div>\n\t\t<\/div>\n\t\t\t\t\t\t<\/div>\n\t\t\t\t<\/div>\n\t\t\t\t\t<\/div>\n\t\t\t\t<\/div>\n\t\t<div class=\"elementor-element elementor-element-93d2d55 e-flex e-con-boxed e-con e-parent\" data-id=\"93d2d55\" data-element_type=\"container\" data-e-type=\"container\">\n\t\t\t\t\t<div class=\"e-con-inner\">\n\t\t<div class=\"elementor-element elementor-element-819dda7 e-con-full e-flex e-con e-child\" data-id=\"819dda7\" data-element_type=\"container\" data-e-type=\"container\">\n\t\t<div class=\"elementor-element elementor-element-7fb1100 e-con-full e-flex e-con e-child\" data-id=\"7fb1100\" data-element_type=\"container\" data-e-type=\"container\">\n\t\t\t\t<div class=\"elementor-element elementor-element-a20ab75 elementor-widget elementor-widget-heading\" data-id=\"a20ab75\" data-element_type=\"widget\" data-e-type=\"widget\" data-widget_type=\"heading.default\">\n\t\t\t\t<div class=\"elementor-widget-container\">\n\t\t\t\t\t<h2 class=\"elementor-heading-title elementor-size-default\">HISTOIRE DE L'ENTREPRISE<\/h2>\t\t\t\t<\/div>\n\t\t\t\t<\/div>\n\t\t\t\t<div class=\"elementor-element elementor-element-dff7669 elementor-widget elementor-widget-text-editor\" data-id=\"dff7669\" data-element_type=\"widget\" data-e-type=\"widget\" data-widget_type=\"text-editor.default\">\n\t\t\t\t<div class=\"elementor-widget-container\">\n\t\t\t\t\t\t\t\t\t<p style=\"text-align: left;\">Nous sommes&#8230;<\/p><p style=\"text-align: left;\">un prestataire de services pour le march\u00e9 professionnel en Europe du Nord-Ouest, ax\u00e9 sur la fid\u00e9lisation de groupes de clients sp\u00e9cifiques. Avec nos partenaires, nous cr\u00e9ons des concepts o\u00f9 l&rsquo;alliance entre hospitalit\u00e9 et professionnalisme est source d&rsquo;inspiration pour un succ\u00e8s commun. <\/p><p style=\"text-align: left;\">Nous observons&#8230;<\/p><p style=\"text-align: left;\">que l&rsquo;exploitation des concepts commerciaux est fortement ax\u00e9e sur l&rsquo;offre avec peu d&rsquo;attention pour les besoins ou les motivations humaines. Cela conduit souvent \u00e0 des solutions uniformes et fonctionnelles, manquant d&rsquo;orientation humaine, d&rsquo;int\u00e9r\u00eat sinc\u00e8re pour les clients et d&rsquo;attention aux d\u00e9tails. <\/p><p style=\"text-align: left;\">Nous savons&#8230;<\/p><p style=\"text-align: left;\">que ce sont les personnes au sein des entreprises qui font la diff\u00e9rence. Leur succ\u00e8s r\u00e9side dans la personnalit\u00e9, l&rsquo;hospitalit\u00e9 et l&rsquo;intuition des individus. Et dans une attention sinc\u00e8re port\u00e9e aux clients et \u00e0 leurs motivations. C&rsquo;est ce qui rend les entreprises saines et exceptionnelles dans leur cat\u00e9gorie.   <\/p><p style=\"text-align: left;\"><em>Nous connectons pour cr\u00e9er des entreprises prosp\u00e8res en Europe du Nord-Ouest !<\/em><\/p><p style=\"text-align: left;\">Comment nous le faisons&#8230;<\/p><ul style=\"text-align: left;\"><li style=\"text-align: justify;\">nous recherchons la diversit\u00e9 dans les solutions (sp\u00e9cifiques, sur mesure, gr\u00e2ce \u00e0 la connaissance et l&rsquo;expertise du march\u00e9, humaines) ;<\/li><li style=\"text-align: justify;\">nous nous am\u00e9liorons en agissant et en collaborant (pratique, pers\u00e9v\u00e9rance) ;<\/li><li style=\"text-align: justify;\">nous organisons rigoureusement le back-office (bas\u00e9 sur les faits, avec efficacit\u00e9, sur la base du professionnalisme et avec un rendement financier) ;<\/li><li style=\"text-align: justify;\">nous sommes constamment \u00e0 la recherche de nouveaux d\u00e9fis.<\/li><\/ul><p style=\"text-align: left;\"><strong><br><\/strong>Nos valeurs&#8230;<\/p><ul><li style=\"text-align: left;\">nous sommes empathiques \u2013 attentifs aux employ\u00e9s, aux clients et aux march\u00e9s (et \u00e0 leur individualit\u00e9) ;<\/li><li style=\"text-align: left;\">nous cr\u00e9ons des liens \u2013 ensemble, nous accomplissons davantage ;<\/li><li style=\"text-align: left;\">nous sommes entreprenants \u2013 nous relevons de nouveaux d\u00e9fis avec audace ;<\/li><li style=\"text-align: left;\">nous sommes enthousiastes \u2013 nous travaillons avec plaisir !<\/li><\/ul>\t\t\t\t\t\t\t\t<\/div>\n\t\t\t\t<\/div>\n\t\t\t\t<\/div>\n\t\t\t\t<\/div>\n\t\t\t\t\t<\/div>\n\t\t\t\t<\/div>\n\t\t<div class=\"elementor-element elementor-element-d4c3e54 e-flex e-con-boxed e-con e-parent\" data-id=\"d4c3e54\" data-element_type=\"container\" data-e-type=\"container\">\n\t\t\t\t\t<div class=\"e-con-inner\">\n\t\t<div class=\"elementor-element elementor-element-9cfa920 e-con-full e-flex e-con e-child\" data-id=\"9cfa920\" data-element_type=\"container\" data-e-type=\"container\">\n\t\t\t\t<div class=\"elementor-element elementor-element-cb63acb elementor-widget elementor-widget-heading\" data-id=\"cb63acb\" data-element_type=\"widget\" data-e-type=\"widget\" data-widget_type=\"heading.default\">\n\t\t\t\t<div class=\"elementor-widget-container\">\n\t\t\t\t\t<h2 class=\"elementor-heading-title elementor-size-default\">L'\u00e9quipe de direction de PropertyWorks se pr\u00e9sente<\/h2>\t\t\t\t<\/div>\n\t\t\t\t<\/div>\n\t\t\t\t<\/div>\n\t\t\t\t\t<\/div>\n\t\t\t\t<\/div>\n\t\t<div class=\"elementor-element elementor-element-fadd2ea e-con-full e-flex e-con e-parent\" data-id=\"fadd2ea\" data-element_type=\"container\" data-e-type=\"container\">\n\t\t<div data-dce-background-image-url=\"https:\/\/tica.nl\/wp-content\/uploads\/2025\/08\/TICA-Directie-team_Martijn-Cliteur.png.webp\" class=\"elementor-element elementor-element-b4d8972 e-con-full e-flex elementor-invisible e-con e-child\" data-id=\"b4d8972\" data-element_type=\"container\" data-e-type=\"container\" data-settings=\"{&quot;animation&quot;:&quot;fadeIn&quot;,&quot;animation_delay&quot;:400,&quot;background_background&quot;:&quot;classic&quot;,&quot;animation_mobile&quot;:&quot;none&quot;}\">\n\t\t\t\t<\/div>\n\t\t<div class=\"elementor-element elementor-element-263782d e-flex e-con-boxed e-con e-child\" data-id=\"263782d\" data-element_type=\"container\" data-e-type=\"container\">\n\t\t\t\t\t<div class=\"e-con-inner\">\n\t\t<div class=\"elementor-element elementor-element-db4bd89 e-con-full e-flex elementor-invisible e-con e-child\" data-id=\"db4bd89\" data-element_type=\"container\" data-e-type=\"container\" data-settings=\"{&quot;animation&quot;:&quot;fadeInUp&quot;}\">\n\t\t\t\t<div class=\"elementor-element elementor-element-5c5e754 elementor-widget elementor-widget-heading\" data-id=\"5c5e754\" data-element_type=\"widget\" data-e-type=\"widget\" data-widget_type=\"heading.default\">\n\t\t\t\t<div class=\"elementor-widget-container\">\n\t\t\t\t\t<h3 class=\"elementor-heading-title elementor-size-default\">Martijn Cliteur | Directeur\/propri\u00e9taire<\/h3>\t\t\t\t<\/div>\n\t\t\t\t<\/div>\n\t\t\t\t<div class=\"elementor-element elementor-element-a59ae64 elementor-widget elementor-widget-text-editor\" data-id=\"a59ae64\" data-element_type=\"widget\" data-e-type=\"widget\" data-widget_type=\"text-editor.default\">\n\t\t\t\t<div class=\"elementor-widget-container\">\n\t\t\t\t\t\t\t\t\t<p style=\"text-align: justify;\">Apr\u00e8s le lyc\u00e9e \u00e0 Eindhoven, Martijn a notamment \u00e9t\u00e9 entrepreneur ind\u00e9pendant dans le secteur de la construction de stands et du mobilier. De 1998 \u00e0 2004, il a ensuite \u00e9t\u00e9 responsable chez TCN Property Projects de projets tels que le Sport Business Center, le Home Trade Center, le Mode Centrum Almere, le Media Park et l&rsquo;actuel World Forum Convention Centre, o\u00f9 il a collabor\u00e9 pour la premi\u00e8re fois avec Robert Segers. <\/p><p style=\"text-align: justify;\">Apr\u00e8s une parenth\u00e8se de 2 ans en tant que directeur de la cha\u00eene de fitness Life Fit, Martijn est revenu chez TCN Property Projects de 2006 \u00e0 2009 en tant que COO. Il y a de nouveau travaill\u00e9 avec Robert et a cr\u00e9\u00e9 Property Works avec lui en 2009. <\/p><p style=\"text-align: justify;\">Avec Robert, Martijn se concentre sur le d\u00e9veloppement et la professionnalisation de Property Works. Il est \u00e9galement principalement impliqu\u00e9 dans le d\u00e9ploiement de la sous-holding PW Markets. <\/p>\t\t\t\t\t\t\t\t<\/div>\n\t\t\t\t<\/div>\n\t\t\t\t<\/div>\n\t\t\t\t\t<\/div>\n\t\t\t\t<\/div>\n\t\t\t\t<\/div>\n\t\t<div class=\"elementor-element elementor-element-28ece31 e-con-full e-flex e-con e-parent\" data-id=\"28ece31\" data-element_type=\"container\" data-e-type=\"container\">\n\t\t<div data-dce-background-image-url=\"https:\/\/tica.nl\/wp-content\/uploads\/2025\/08\/TICA-Directie-team_Robert-Segers.png.webp\" class=\"elementor-element elementor-element-95d50a3 e-con-full e-flex elementor-invisible e-con e-child\" data-id=\"95d50a3\" data-element_type=\"container\" data-e-type=\"container\" data-settings=\"{&quot;animation&quot;:&quot;fadeIn&quot;,&quot;animation_delay&quot;:400,&quot;background_background&quot;:&quot;classic&quot;,&quot;animation_mobile&quot;:&quot;none&quot;}\">\n\t\t\t\t<\/div>\n\t\t<div class=\"elementor-element elementor-element-da7fa8c e-flex e-con-boxed e-con e-child\" data-id=\"da7fa8c\" data-element_type=\"container\" data-e-type=\"container\">\n\t\t\t\t\t<div class=\"e-con-inner\">\n\t\t<div class=\"elementor-element elementor-element-4e93ea0 e-con-full e-flex elementor-invisible e-con e-child\" data-id=\"4e93ea0\" data-element_type=\"container\" data-e-type=\"container\" data-settings=\"{&quot;animation&quot;:&quot;fadeInUp&quot;}\">\n\t\t\t\t<div class=\"elementor-element elementor-element-6f55aff elementor-widget elementor-widget-heading\" data-id=\"6f55aff\" data-element_type=\"widget\" data-e-type=\"widget\" data-widget_type=\"heading.default\">\n\t\t\t\t<div class=\"elementor-widget-container\">\n\t\t\t\t\t<h3 class=\"elementor-heading-title elementor-size-default\">Robert Segers | Directeur\/propri\u00e9taire<\/h3>\t\t\t\t<\/div>\n\t\t\t\t<\/div>\n\t\t\t\t<div class=\"elementor-element elementor-element-c1296bc elementor-widget elementor-widget-text-editor\" data-id=\"c1296bc\" data-element_type=\"widget\" data-e-type=\"widget\" data-widget_type=\"text-editor.default\">\n\t\t\t\t<div class=\"elementor-widget-container\">\n\t\t\t\t\t\t\t\t\t<p style=\"text-align: justify;\">Robert a \u00e9tudi\u00e9 \u00e0 l&rsquo;\u00c9cole h\u00f4teli\u00e8re de La Haye et \u00e0 l&rsquo;Amsterdam School of Real Estate. Apr\u00e8s plusieurs postes de direction dans le secteur de l&rsquo;hospitalit\u00e9, notamment chez ACCOR hotels, RAI Catering \/ Amsterdam ArenA et le World Forum Convention Centre, il a rejoint le promoteur immobilier TCN Property Projects en 2002. Il y a \u00e9t\u00e9 responsable pendant plus de 5 ans de la gestion op\u00e9rationnelle et tactique des biens immobiliers pour l&rsquo;organisation TCN et des tiers. C&rsquo;est \u00e9galement chez TCN qu&rsquo;il a collabor\u00e9 pour la premi\u00e8re fois avec Martijn Cliteur, avec qui il a cr\u00e9\u00e9 Property Works en 2009.   <\/p><p style=\"text-align: justify;\">Avec Martijn, Robert se concentre sur le d\u00e9veloppement et la professionnalisation de Property Works. Il est \u00e9galement principalement impliqu\u00e9 dans le d\u00e9ploiement de la sous-holding PW Offices. <\/p>\t\t\t\t\t\t\t\t<\/div>\n\t\t\t\t<\/div>\n\t\t\t\t<\/div>\n\t\t\t\t\t<\/div>\n\t\t\t\t<\/div>\n\t\t\t\t<\/div>\n\t\t<div class=\"elementor-element elementor-element-23e99f2 e-flex e-con-boxed e-con e-parent\" data-id=\"23e99f2\" data-element_type=\"container\" data-e-type=\"container\">\n\t\t\t\t\t<div class=\"e-con-inner\">\n\t\t<div class=\"elementor-element elementor-element-bc05b03 e-con-full e-flex e-con e-child\" data-id=\"bc05b03\" data-element_type=\"container\" data-e-type=\"container\">\n\t\t<div class=\"elementor-element elementor-element-f95d8c4 e-con-full e-flex e-con e-child\" data-id=\"f95d8c4\" data-element_type=\"container\" data-e-type=\"container\">\n\t\t\t\t<div class=\"elementor-element elementor-element-926c8d9 elementor-widget elementor-widget-heading\" data-id=\"926c8d9\" data-element_type=\"widget\" data-e-type=\"widget\" data-widget_type=\"heading.default\">\n\t\t\t\t<div class=\"elementor-widget-container\">\n\t\t\t\t\t<h3 class=\"elementor-heading-title elementor-size-default\">PW Markets<\/h3>\t\t\t\t<\/div>\n\t\t\t\t<\/div>\n\t\t\t\t<div class=\"elementor-element elementor-element-2a538a4 elementor-widget elementor-widget-text-editor\" data-id=\"2a538a4\" data-element_type=\"widget\" data-e-type=\"widget\" data-widget_type=\"text-editor.default\">\n\t\t\t\t<div class=\"elementor-widget-container\">\n\t\t\t\t\t\t\t\t\t<p>TICA Aalsmeer, TICA Bruxelles, TICA Ede, TICA Venlo et TICA Concept Store forment ensemble PW Markets, la plateforme d&rsquo;achat lifestyle la plus importante d&rsquo;Europe en connectant l&rsquo;offre et la demande de mani\u00e8re inspirante.<\/p>\t\t\t\t\t\t\t\t<\/div>\n\t\t\t\t<\/div>\n\t\t\t\t<\/div>\n\t\t\t\t<div class=\"elementor-element elementor-element-41c3b84 elementor-widget elementor-widget-button\" data-id=\"41c3b84\" data-element_type=\"widget\" data-e-type=\"widget\" data-widget_type=\"button.default\">\n\t\t\t\t<div class=\"elementor-widget-container\">\n\t\t\t\t\t\t\t\t\t<div class=\"elementor-button-wrapper\">\n\t\t\t\t\t<a class=\"elementor-button elementor-button-link elementor-size-sm\" href=\"https:\/\/tica.nl\/fr\/pw-markets\/\">\n\t\t\t\t\t\t<span class=\"elementor-button-content-wrapper\">\n\t\t\t\t\t\t\t\t\t<span class=\"elementor-button-text\">Plus d'informations<\/span>\n\t\t\t\t\t<\/span>\n\t\t\t\t\t<\/a>\n\t\t\t\t<\/div>\n\t\t\t\t\t\t\t\t<\/div>\n\t\t\t\t<\/div>\n\t\t\t\t<\/div>\n\t\t<div class=\"elementor-element elementor-element-95b9001 e-con-full e-flex e-con e-child\" data-id=\"95b9001\" data-element_type=\"container\" data-e-type=\"container\">\n\t\t<div class=\"elementor-element elementor-element-0032a0c e-con-full e-flex e-con e-child\" data-id=\"0032a0c\" data-element_type=\"container\" data-e-type=\"container\">\n\t\t\t\t<div class=\"elementor-element elementor-element-16b0e08 elementor-widget elementor-widget-heading\" data-id=\"16b0e08\" data-element_type=\"widget\" data-e-type=\"widget\" data-widget_type=\"heading.default\">\n\t\t\t\t<div class=\"elementor-widget-container\">\n\t\t\t\t\t<h3 class=\"elementor-heading-title elementor-size-default\">PW Offices<\/h3>\t\t\t\t<\/div>\n\t\t\t\t<\/div>\n\t\t\t\t<div class=\"elementor-element elementor-element-6d05209 elementor-widget elementor-widget-text-editor\" data-id=\"6d05209\" data-element_type=\"widget\" data-e-type=\"widget\" data-widget_type=\"text-editor.default\">\n\t\t\t\t<div class=\"elementor-widget-container\">\n\t\t\t\t\t\t\t\t\t<p>The Hague Conference Centre, Gardens Business Centre New Babylon, Gardens Business Centre Oudlaen et Gardens Business Centre Rijnzathe forment ensemble PW Offices, des concepts remarquables de r\u00e9union, de congr\u00e8s et de bureau dans la r\u00e9gion de la Randstad.<\/p>\t\t\t\t\t\t\t\t<\/div>\n\t\t\t\t<\/div>\n\t\t\t\t<div class=\"elementor-element elementor-element-7c74cdc elementor-widget elementor-widget-button\" data-id=\"7c74cdc\" data-element_type=\"widget\" data-e-type=\"widget\" data-widget_type=\"button.default\">\n\t\t\t\t<div class=\"elementor-widget-container\">\n\t\t\t\t\t\t\t\t\t<div class=\"elementor-button-wrapper\">\n\t\t\t\t\t<a class=\"elementor-button elementor-button-link elementor-size-sm\" href=\"https:\/\/tica.nl\/fr\/pw-offices\/\">\n\t\t\t\t\t\t<span class=\"elementor-button-content-wrapper\">\n\t\t\t\t\t\t\t\t\t<span class=\"elementor-button-text\">Plus d'informations<\/span>\n\t\t\t\t\t<\/span>\n\t\t\t\t\t<\/a>\n\t\t\t\t<\/div>\n\t\t\t\t\t\t\t\t<\/div>\n\t\t\t\t<\/div>\n\t\t\t\t<\/div>\n\t\t\t\t<\/div>\n\t\t\t\t\t<\/div>\n\t\t\t\t<\/div>\n\t\t<div data-dce-background-color=\"#F7F7F7\" class=\"elementor-element elementor-element-953abe5 e-flex e-con-boxed e-con e-parent\" data-id=\"953abe5\" data-element_type=\"container\" data-e-type=\"container\" data-settings=\"{&quot;background_background&quot;:&quot;classic&quot;}\">\n\t\t\t\t\t<div class=\"e-con-inner\">\n\t\t<div class=\"elementor-element elementor-element-e3006b0 e-con-full e-flex e-con e-child\" data-id=\"e3006b0\" data-element_type=\"container\" data-e-type=\"container\">\n\t\t\t\t<div class=\"elementor-element elementor-element-60bf4d1 elementor-widget__width-initial elementor-widget elementor-widget-text-editor\" data-id=\"60bf4d1\" data-element_type=\"widget\" data-e-type=\"widget\" data-widget_type=\"text-editor.default\">\n\t\t\t\t<div class=\"elementor-widget-container\">\n\t\t\t\t\t\t\t\t\t<div style=\"font-size: 12pt;\">Pour plus d&rsquo;informations sur le propri\u00e9taire de ce site web, les mentions l\u00e9gales et les informations de divulgation, consultez l&rsquo;impressum via le bouton.<\/div>\t\t\t\t\t\t\t\t<\/div>\n\t\t\t\t<\/div>\n\t\t\t\t<\/div>\n\t\t<div class=\"elementor-element elementor-element-fda7f51 e-con-full e-flex e-con e-child\" data-id=\"fda7f51\" data-element_type=\"container\" data-e-type=\"container\">\n\t\t\t\t<div class=\"elementor-element elementor-element-e549301 elementor-widget elementor-widget-button\" data-id=\"e549301\" data-element_type=\"widget\" data-e-type=\"widget\" data-widget_type=\"button.default\">\n\t\t\t\t<div class=\"elementor-widget-container\">\n\t\t\t\t\t\t\t\t\t<div class=\"elementor-button-wrapper\">\n\t\t\t\t\t<a class=\"elementor-button elementor-button-link elementor-size-sm\" href=\"https:\/\/tica.nl\/fr\/mentions-legales-pw-markets\/\">\n\t\t\t\t\t\t<span class=\"elementor-button-content-wrapper\">\n\t\t\t\t\t\t\t\t\t<span class=\"elementor-button-text\">Voir l'impressum<\/span>\n\t\t\t\t\t<\/span>\n\t\t\t\t\t<\/a>\n\t\t\t\t<\/div>\n\t\t\t\t\t\t\t\t<\/div>\n\t\t\t\t<\/div>\n\t\t\t\t<\/div>\n\t\t\t\t\t<\/div>\n\t\t\t\t<\/div>\n\t\t\t\t<\/div>\n\t\t","protected":false},"excerpt":{"rendered":"<p>PropertyWorks PropertyWorks \u00ab Nous connectons pour cr\u00e9er des entreprises prosp\u00e8res en Europe du Nord-Ouest ! \u00bb Avec PW Markets, PropertyWorks offre la principale plateforme d&rsquo;achat lifestyle en Europe. Avec PW Offices, PropertyWorks propose des concepts remarquables de r\u00e9union, de congr\u00e8s et de bureau dans la r\u00e9gion de la Randstad. HISTOIRE DE L&rsquo;ENTREPRISE Nous sommes&#8230; un [&hellip;]<\/p>\n","protected":false},"author":2,"featured_media":15208,"parent":0,"menu_order":0,"comment_status":"closed","ping_status":"closed","template":"","meta":{"_acf_changed":false,"footnotes":""},"class_list":["post-15207","page","type-page","status-publish","has-post-thumbnail","hentry"],"acf":[],"_links":{"self":[{"href":"https:\/\/tica.nl\/fr\/wp-json\/wp\/v2\/pages\/15207","targetHints":{"allow":["GET"]}}],"collection":[{"href":"https:\/\/tica.nl\/fr\/wp-json\/wp\/v2\/pages"}],"about":[{"href":"https:\/\/tica.nl\/fr\/wp-json\/wp\/v2\/types\/page"}],"author":[{"embeddable":true,"href":"https:\/\/tica.nl\/fr\/wp-json\/wp\/v2\/users\/2"}],"replies":[{"embeddable":true,"href":"https:\/\/tica.nl\/fr\/wp-json\/wp\/v2\/comments?post=15207"}],"version-history":[{"count":0,"href":"https:\/\/tica.nl\/fr\/wp-json\/wp\/v2\/pages\/15207\/revisions"}],"wp:featuredmedia":[{"embeddable":true,"href":"https:\/\/tica.nl\/fr\/wp-json\/wp\/v2\/media\/15208"}],"wp:attachment":[{"href":"https:\/\/tica.nl\/fr\/wp-json\/wp\/v2\/media?parent=15207"}],"curies":[{"name":"wp","href":"https:\/\/api.w.org\/{rel}","templated":true}]}}