{"id":15049,"date":"2025-08-08T12:02:25","date_gmt":"2025-08-08T11:02:25","guid":{"rendered":"https:\/\/tica.nl\/politique-de-confidentialite\/"},"modified":"2025-08-27T08:01:57","modified_gmt":"2025-08-27T07:01:57","slug":"politique-de-confidentialite","status":"publish","type":"page","link":"https:\/\/tica.nl\/fr\/politique-de-confidentialite\/","title":{"rendered":"politique de confidentialit\u00e9"},"content":{"rendered":"\t\t<div data-elementor-type=\"wp-page\" data-elementor-id=\"15049\" class=\"elementor elementor-15049 elementor-10918\" data-elementor-post-type=\"page\">\n\t\t\t\t<div class=\"elementor-element elementor-element-f2cade1 e-flex e-con-boxed e-con e-parent\" data-id=\"f2cade1\" data-element_type=\"container\" data-e-type=\"container\">\n\t\t\t\t\t<div class=\"e-con-inner\">\n\t\t<div class=\"elementor-element elementor-element-6a0f65e e-con-full e-flex e-con e-child\" data-id=\"6a0f65e\" data-element_type=\"container\" data-e-type=\"container\">\n\t\t<div class=\"elementor-element elementor-element-7768e5d e-con-full e-flex e-con e-child\" data-id=\"7768e5d\" data-element_type=\"container\" data-e-type=\"container\">\n\t\t\t\t<div class=\"elementor-element elementor-element-794d2ec elementor-invisible elementor-widget elementor-widget-heading\" data-id=\"794d2ec\" data-element_type=\"widget\" data-e-type=\"widget\" data-settings=\"{&quot;_animation&quot;:&quot;fadeInUp&quot;}\" data-widget_type=\"heading.default\">\n\t\t\t\t<div class=\"elementor-widget-container\">\n\t\t\t\t\t<h1 class=\"elementor-heading-title elementor-size-default\">Votre vie priv\u00e9e, notre politique<\/h1>\t\t\t\t<\/div>\n\t\t\t\t<\/div>\n\t\t\t\t<div class=\"elementor-element elementor-element-9da8dd2 elementor-widget-divider--view-line elementor-invisible elementor-widget elementor-widget-divider\" data-id=\"9da8dd2\" data-element_type=\"widget\" data-e-type=\"widget\" data-settings=\"{&quot;_animation&quot;:&quot;fadeInUp&quot;,&quot;_animation_delay&quot;:300}\" data-widget_type=\"divider.default\">\n\t\t\t\t<div class=\"elementor-widget-container\">\n\t\t\t\t\t\t\t<div class=\"elementor-divider\">\n\t\t\t<span class=\"elementor-divider-separator\">\n\t\t\t\t\t\t<\/span>\n\t\t<\/div>\n\t\t\t\t\t\t<\/div>\n\t\t\t\t<\/div>\n\t\t\t\t<\/div>\n\t\t\t\t<\/div>\n\t\t\t\t\t<\/div>\n\t\t\t\t<\/div>\n\t\t<div class=\"elementor-element elementor-element-e22f10a e-flex e-con-boxed e-con e-parent\" data-id=\"e22f10a\" data-element_type=\"container\" data-e-type=\"container\">\n\t\t\t\t\t<div class=\"e-con-inner\">\n\t\t\t\t<div class=\"elementor-element elementor-element-f94c31e elementor-widget elementor-widget-text-editor\" data-id=\"f94c31e\" data-element_type=\"widget\" data-e-type=\"widget\" data-widget_type=\"text-editor.default\">\n\t\t\t\t<div class=\"elementor-widget-container\">\n\t\t\t\t\t\t\t\t\t<p data-start=\"146\" data-end=\"384\">Chez TICA, nous travaillons chaque jour pour offrir la meilleure plateforme d&rsquo;achat aux professionnels du lifestyle. Nous le faisons avec une offre inspirante, des services surprenants et des outils pratiques. Pour cela, nous avons parfois besoin de vos donn\u00e9es.  <\/p><p data-start=\"386\" data-end=\"598\">Nous les traitons toujours avec le plus grand soin. Votre vie priv\u00e9e est notre priorit\u00e9 et nous tenons \u00e0 maintenir clart\u00e9 et transparence. Ci-dessous, vous trouverez nos principes de confidentialit\u00e9 et ce \u00e0 quoi vous pouvez vous attendre lorsque nous traitons vos donn\u00e9es.  <\/p>\t\t\t\t\t\t\t\t<\/div>\n\t\t\t\t<\/div>\n\t\t\t\t<div class=\"elementor-element elementor-element-0731de5 elementor-widget elementor-widget-button\" data-id=\"0731de5\" data-element_type=\"widget\" data-e-type=\"widget\" data-widget_type=\"button.default\">\n\t\t\t\t<div class=\"elementor-widget-container\">\n\t\t\t\t\t\t\t\t\t<div class=\"elementor-button-wrapper\">\n\t\t\t\t\t<a class=\"elementor-button elementor-button-link elementor-size-sm\" href=\"https:\/\/tica.nl\/wp-content\/uploads\/2025\/08\/2025-0729-Privacy-statement.pdf\">\n\t\t\t\t\t\t<span class=\"elementor-button-content-wrapper\">\n\t\t\t\t\t\t\t\t\t<span class=\"elementor-button-text\">Consultez la politique de confidentialit\u00e9 de TICA<\/span>\n\t\t\t\t\t<\/span>\n\t\t\t\t\t<\/a>\n\t\t\t\t<\/div>\n\t\t\t\t\t\t\t\t<\/div>\n\t\t\t\t<\/div>\n\t\t\t\t\t<\/div>\n\t\t\t\t<\/div>\n\t\t\t\t<\/div>\n\t\t","protected":false},"excerpt":{"rendered":"<p>Votre vie priv\u00e9e, notre politique Chez TICA, nous travaillons chaque jour pour offrir la meilleure plateforme d&rsquo;achat aux professionnels du lifestyle. Nous le faisons avec une offre inspirante, des services surprenants et des outils pratiques. Pour cela, nous avons parfois besoin de vos donn\u00e9es. Nous les traitons toujours avec le plus grand soin. Votre vie [&hellip;]<\/p>\n","protected":false},"author":2,"featured_media":15050,"parent":0,"menu_order":0,"comment_status":"closed","ping_status":"closed","template":"","meta":{"_acf_changed":false,"footnotes":""},"class_list":["post-15049","page","type-page","status-publish","has-post-thumbnail","hentry"],"acf":[],"_links":{"self":[{"href":"https:\/\/tica.nl\/fr\/wp-json\/wp\/v2\/pages\/15049","targetHints":{"allow":["GET"]}}],"collection":[{"href":"https:\/\/tica.nl\/fr\/wp-json\/wp\/v2\/pages"}],"about":[{"href":"https:\/\/tica.nl\/fr\/wp-json\/wp\/v2\/types\/page"}],"author":[{"embeddable":true,"href":"https:\/\/tica.nl\/fr\/wp-json\/wp\/v2\/users\/2"}],"replies":[{"embeddable":true,"href":"https:\/\/tica.nl\/fr\/wp-json\/wp\/v2\/comments?post=15049"}],"version-history":[{"count":0,"href":"https:\/\/tica.nl\/fr\/wp-json\/wp\/v2\/pages\/15049\/revisions"}],"wp:featuredmedia":[{"embeddable":true,"href":"https:\/\/tica.nl\/fr\/wp-json\/wp\/v2\/media\/15050"}],"wp:attachment":[{"href":"https:\/\/tica.nl\/fr\/wp-json\/wp\/v2\/media?parent=15049"}],"curies":[{"name":"wp","href":"https:\/\/api.w.org\/{rel}","templated":true}]}}