{"id":14907,"date":"2025-08-06T07:11:38","date_gmt":"2025-08-06T06:11:38","guid":{"rendered":"https:\/\/tica.nl\/mentions-legales-pw-markets\/"},"modified":"2025-08-27T08:01:00","modified_gmt":"2025-08-27T07:01:00","slug":"mentions-legales-pw-markets","status":"publish","type":"page","link":"https:\/\/tica.nl\/fr\/mentions-legales-pw-markets\/","title":{"rendered":"Mentions l\u00e9gales PW Markets"},"content":{"rendered":"\t\t<div data-elementor-type=\"wp-page\" data-elementor-id=\"14907\" class=\"elementor elementor-14907 elementor-10190\" data-elementor-post-type=\"page\">\n\t\t\t\t<div class=\"elementor-element elementor-element-f2cade1 e-flex e-con-boxed e-con e-parent\" data-id=\"f2cade1\" data-element_type=\"container\" data-e-type=\"container\">\n\t\t\t\t\t<div class=\"e-con-inner\">\n\t\t<div class=\"elementor-element elementor-element-6a0f65e e-con-full e-flex e-con e-child\" data-id=\"6a0f65e\" data-element_type=\"container\" data-e-type=\"container\">\n\t\t<div class=\"elementor-element elementor-element-7768e5d e-con-full e-flex e-con e-child\" data-id=\"7768e5d\" data-element_type=\"container\" data-e-type=\"container\">\n\t\t\t\t<div class=\"elementor-element elementor-element-794d2ec elementor-invisible elementor-widget elementor-widget-heading\" data-id=\"794d2ec\" data-element_type=\"widget\" data-e-type=\"widget\" data-settings=\"{&quot;_animation&quot;:&quot;fadeInUp&quot;}\" data-widget_type=\"heading.default\">\n\t\t\t\t<div class=\"elementor-widget-container\">\n\t\t\t\t\t<h1 class=\"elementor-heading-title elementor-size-default\">Mentions l\u00e9gales PW Markets<\/h1>\t\t\t\t<\/div>\n\t\t\t\t<\/div>\n\t\t\t\t<div class=\"elementor-element elementor-element-9da8dd2 elementor-widget-divider--view-line elementor-invisible elementor-widget elementor-widget-divider\" data-id=\"9da8dd2\" data-element_type=\"widget\" data-e-type=\"widget\" data-settings=\"{&quot;_animation&quot;:&quot;fadeInUp&quot;,&quot;_animation_delay&quot;:300}\" data-widget_type=\"divider.default\">\n\t\t\t\t<div class=\"elementor-widget-container\">\n\t\t\t\t\t\t\t<div class=\"elementor-divider\">\n\t\t\t<span class=\"elementor-divider-separator\">\n\t\t\t\t\t\t<\/span>\n\t\t<\/div>\n\t\t\t\t\t\t<\/div>\n\t\t\t\t<\/div>\n\t\t\t\t<\/div>\n\t\t\t\t<div class=\"elementor-element elementor-element-c8f40d9 elementor-widget elementor-widget-text-editor\" data-id=\"c8f40d9\" data-element_type=\"widget\" data-e-type=\"widget\" data-widget_type=\"text-editor.default\">\n\t\t\t\t<div class=\"elementor-widget-container\">\n\t\t\t\t\t\t\t\t\t<p data-start=\"78\" data-end=\"321\">Les sites web de PW Markets offrent une vue d&rsquo;ensemble claire des points d&rsquo;achat B2B et des concepts dans les domaines de la maison, des cadeaux, du jardin et de la mode. Vous y trouverez toutes les informations sur les grands centres d&rsquo;achat situ\u00e9s \u00e0 plusieurs endroits aux Pays-Bas et en Belgique.  <\/p><p data-start=\"323\" data-end=\"375\" data-is-last-node=\"\" data-is-only-node=\"\">Ces mentions l\u00e9gales s&rsquo;appliquent aux canaux en ligne suivants :<\/p><ul><li>https:\/\/TICA.nl\/<\/li><li>https:\/\/www.instagram.com\/tica_b2b\/<\/li><li>https:\/\/www.facebook.com\/TICAb2b\/<\/li><li>https:\/\/www.linkedin.com\/company\/ticab2b\/<\/li><li>https:\/\/nl.pinterest.com\/tica_b2b\/<\/li><\/ul>\t\t\t\t\t\t\t\t<\/div>\n\t\t\t\t<\/div>\n\t\t\t\t<\/div>\n\t\t\t\t\t<\/div>\n\t\t\t\t<\/div>\n\t\t<div class=\"elementor-element elementor-element-c99ca6a e-con-full e-flex e-con e-parent\" data-id=\"c99ca6a\" data-element_type=\"container\" data-e-type=\"container\">\n\t\t<div data-dce-background-image-url=\"https:\/\/tica.nl\/wp-content\/uploads\/2025\/08\/TICA_Impressum-PW-Markets.png.webp\" class=\"elementor-element elementor-element-45daf31 e-con-full e-flex elementor-invisible e-con e-child\" data-id=\"45daf31\" data-element_type=\"container\" data-e-type=\"container\" data-settings=\"{&quot;animation&quot;:&quot;fadeIn&quot;,&quot;animation_delay&quot;:400,&quot;background_background&quot;:&quot;classic&quot;,&quot;animation_mobile&quot;:&quot;none&quot;}\">\n\t\t\t\t<\/div>\n\t\t<div class=\"elementor-element elementor-element-259fe95 e-con-full e-flex e-con e-child\" data-id=\"259fe95\" data-element_type=\"container\" data-e-type=\"container\">\n\t\t<div class=\"elementor-element elementor-element-f6b3c12 e-con-full e-flex elementor-invisible e-con e-child\" data-id=\"f6b3c12\" data-element_type=\"container\" data-e-type=\"container\" data-settings=\"{&quot;animation&quot;:&quot;fadeInUp&quot;}\">\n\t\t\t\t<div class=\"elementor-element elementor-element-5ec65d1 elementor-widget elementor-widget-heading\" data-id=\"5ec65d1\" data-element_type=\"widget\" data-e-type=\"widget\" data-widget_type=\"heading.default\">\n\t\t\t\t<div class=\"elementor-widget-container\">\n\t\t\t\t\t<h2 class=\"elementor-heading-title elementor-size-default\">Mentions l\u00e9gales<\/h2>\t\t\t\t<\/div>\n\t\t\t\t<\/div>\n\t\t\t\t<div class=\"elementor-element elementor-element-f63028e elementor-widget elementor-widget-text-editor\" data-id=\"f63028e\" data-element_type=\"widget\" data-e-type=\"widget\" data-widget_type=\"text-editor.default\">\n\t\t\t\t<div class=\"elementor-widget-container\">\n\t\t\t\t\t\t\t\t\t<p>PW Markets<br>Oudlaan 4<br>3515 GA Utrecht<br>Postbus 2050<br>3500 GB Utrecht<\/p><p><strong>E-mail<\/strong> : <a href=\"mailto:info@tica.nl\">info@TICA.nl<\/a><br><strong>T\u00e9l\u00e9phone<\/strong> : <a href=\"tel:030-2027326\">+ 31 88 077 0220<\/a><\/p><p><strong>RCS<\/strong> : 54964881<br><strong>Num\u00e9ro TVA TICA Aalsmeer<\/strong> : NL808383978B01<br><strong>Num\u00e9ro TVA TICA Venlo<\/strong> : NL007758522B01<\/p><p><strong>Repr\u00e9sentant l\u00e9gal de l&rsquo;entreprise<\/strong> : Martijn Cliteur (Directeur)<\/p>\t\t\t\t\t\t\t\t<\/div>\n\t\t\t\t<\/div>\n\t\t\t\t<\/div>\n\t\t\t\t<\/div>\n\t\t\t\t<\/div>\n\t\t<div class=\"elementor-element elementor-element-12787d9 e-flex e-con-boxed e-con e-parent\" data-id=\"12787d9\" data-element_type=\"container\" data-e-type=\"container\">\n\t\t\t\t\t<div class=\"e-con-inner\">\n\t\t<div class=\"elementor-element elementor-element-c7ddaf8 e-con-full e-flex e-con e-child\" data-id=\"c7ddaf8\" data-element_type=\"container\" data-e-type=\"container\">\n\t\t\t\t<div class=\"elementor-element elementor-element-286d0e4 elementor-widget elementor-widget-text-editor\" data-id=\"286d0e4\" data-element_type=\"widget\" data-e-type=\"widget\" data-widget_type=\"text-editor.default\">\n\t\t\t\t<div class=\"elementor-widget-container\">\n\t\t\t\t\t\t\t\t\t<p>Notre site web est g\u00e9r\u00e9 par De Mannen van Delft et rel\u00e8ve de la juridiction des Pays-Bas. \u00c0 ce titre, nous sommes soumis \u00e0 la r\u00e9glementation et au contr\u00f4le de l&rsquo;Autorit\u00e9 de Protection des Donn\u00e9es. <\/p><p>Pour toute question ou remarque concernant notre conformit\u00e9 \u00e0 la r\u00e9glementation applicable, vous pouvez contacter notre d\u00e9l\u00e9gu\u00e9 \u00e0 la protection des donn\u00e9es Paul van Brakel, via <a href=\"mailto:avg@freedom.nl\">avg@freedom.nl<\/a>.<\/p><p>Plateforme de r\u00e8glement en ligne des litiges de l&rsquo;UE <a href=\"http:\/\/ec.europa.eu\/consumers\/odr\/\" target=\"_blank\" rel=\"noopener\">http:\/\/ec.europa.eu\/consumers\/odr\/<\/a><\/p>\t\t\t\t\t\t\t\t<\/div>\n\t\t\t\t<\/div>\n\t\t\t\t<\/div>\n\t\t\t\t\t<\/div>\n\t\t\t\t<\/div>\n\t\t\t\t<\/div>\n\t\t","protected":false},"excerpt":{"rendered":"<p>Mentions l\u00e9gales PW Markets Les sites web de PW Markets offrent une vue d&rsquo;ensemble claire des points d&rsquo;achat B2B et des concepts dans les domaines de la maison, des cadeaux, du jardin et de la mode. Vous y trouverez toutes les informations sur les grands centres d&rsquo;achat situ\u00e9s \u00e0 plusieurs endroits aux Pays-Bas et en [&hellip;]<\/p>\n","protected":false},"author":2,"featured_media":14910,"parent":0,"menu_order":0,"comment_status":"closed","ping_status":"closed","template":"","meta":{"_acf_changed":false,"footnotes":""},"class_list":["post-14907","page","type-page","status-publish","has-post-thumbnail","hentry"],"acf":[],"_links":{"self":[{"href":"https:\/\/tica.nl\/fr\/wp-json\/wp\/v2\/pages\/14907","targetHints":{"allow":["GET"]}}],"collection":[{"href":"https:\/\/tica.nl\/fr\/wp-json\/wp\/v2\/pages"}],"about":[{"href":"https:\/\/tica.nl\/fr\/wp-json\/wp\/v2\/types\/page"}],"author":[{"embeddable":true,"href":"https:\/\/tica.nl\/fr\/wp-json\/wp\/v2\/users\/2"}],"replies":[{"embeddable":true,"href":"https:\/\/tica.nl\/fr\/wp-json\/wp\/v2\/comments?post=14907"}],"version-history":[{"count":0,"href":"https:\/\/tica.nl\/fr\/wp-json\/wp\/v2\/pages\/14907\/revisions"}],"wp:featuredmedia":[{"embeddable":true,"href":"https:\/\/tica.nl\/fr\/wp-json\/wp\/v2\/media\/14910"}],"wp:attachment":[{"href":"https:\/\/tica.nl\/fr\/wp-json\/wp\/v2\/media?parent=14907"}],"curies":[{"name":"wp","href":"https:\/\/api.w.org\/{rel}","templated":true}]}}