{"id":14891,"date":"2025-08-06T09:54:09","date_gmt":"2025-08-06T09:54:09","guid":{"rendered":"https:\/\/tica.nl\/tica-x-reliving-experience\/"},"modified":"2025-11-07T15:07:07","modified_gmt":"2025-11-07T15:07:07","slug":"tica-x-reliving-experience","status":"publish","type":"page","link":"https:\/\/tica.nl\/fr\/tica-x-reliving-experience\/","title":{"rendered":"TICA x Reliving experience"},"content":{"rendered":"\t\t<div data-elementor-type=\"wp-page\" data-elementor-id=\"14891\" class=\"elementor elementor-14891 elementor-10269\" data-elementor-post-type=\"page\">\n\t\t\t\t<div class=\"elementor-element elementor-element-4023981 e-flex e-con-boxed e-con e-parent\" data-id=\"4023981\" data-element_type=\"container\" data-e-type=\"container\">\n\t\t\t\t\t<div class=\"e-con-inner\">\n\t\t<div class=\"elementor-element elementor-element-71b818a e-con-full e-flex e-con e-child\" data-id=\"71b818a\" data-element_type=\"container\" data-e-type=\"container\">\n\t\t<div class=\"elementor-element elementor-element-6e7ff2b e-con-full e-flex e-con e-child\" data-id=\"6e7ff2b\" data-element_type=\"container\" data-e-type=\"container\">\n\t\t\t\t<div class=\"elementor-element elementor-element-c2df49b elementor-invisible elementor-widget elementor-widget-heading\" data-id=\"c2df49b\" data-element_type=\"widget\" data-e-type=\"widget\" data-settings=\"{&quot;_animation&quot;:&quot;fadeInUp&quot;}\" data-widget_type=\"heading.default\">\n\t\t\t\t<div class=\"elementor-widget-container\">\n\t\t\t\t\t<h1 class=\"elementor-heading-title elementor-size-default\">TICA x Reliving<\/h1>\t\t\t\t<\/div>\n\t\t\t\t<\/div>\n\t\t\t\t<div class=\"elementor-element elementor-element-61f11b9 elementor-widget-divider--view-line elementor-invisible elementor-widget elementor-widget-divider\" data-id=\"61f11b9\" data-element_type=\"widget\" data-e-type=\"widget\" data-settings=\"{&quot;_animation&quot;:&quot;fadeInUp&quot;,&quot;_animation_delay&quot;:300}\" data-widget_type=\"divider.default\">\n\t\t\t\t<div class=\"elementor-widget-container\">\n\t\t\t\t\t\t\t<div class=\"elementor-divider\">\n\t\t\t<span class=\"elementor-divider-separator\">\n\t\t\t\t\t\t<\/span>\n\t\t<\/div>\n\t\t\t\t\t\t<\/div>\n\t\t\t\t<\/div>\n\t\t\t\t<\/div>\n\t\t\t\t<\/div>\n\t\t\t\t\t<\/div>\n\t\t\t\t<\/div>\n\t\t<div class=\"elementor-element elementor-element-a813315 e-con-full e-flex e-con e-parent\" data-id=\"a813315\" data-element_type=\"container\" data-e-type=\"container\">\n\t\t<div data-dce-background-image-url=\"https:\/\/tica.nl\/wp-content\/uploads\/2025\/08\/landingspaginas-beeld.png.webp\" class=\"elementor-element elementor-element-a6c01cd e-con-full e-flex elementor-invisible e-con e-child\" data-id=\"a6c01cd\" data-element_type=\"container\" data-e-type=\"container\" data-settings=\"{&quot;animation&quot;:&quot;fadeIn&quot;,&quot;animation_delay&quot;:400,&quot;background_background&quot;:&quot;classic&quot;,&quot;animation_mobile&quot;:&quot;none&quot;}\">\n\t\t\t\t<\/div>\n\t\t<div class=\"elementor-element elementor-element-ab9d794 e-con-full e-flex e-con e-child\" data-id=\"ab9d794\" data-element_type=\"container\" data-e-type=\"container\">\n\t\t<div class=\"elementor-element elementor-element-aa7bc34 e-con-full e-flex elementor-invisible e-con e-child\" data-id=\"aa7bc34\" data-element_type=\"container\" data-e-type=\"container\" data-settings=\"{&quot;animation&quot;:&quot;fadeInUp&quot;}\">\n\t\t\t\t<div class=\"elementor-element elementor-element-1069462 elementor-widget elementor-widget-heading\" data-id=\"1069462\" data-element_type=\"widget\" data-e-type=\"widget\" data-widget_type=\"heading.default\">\n\t\t\t\t<div class=\"elementor-widget-container\">\n\t\t\t\t\t<h2 class=\"elementor-heading-title elementor-size-default\">Achetez des articles design d'occasion<\/h2>\t\t\t\t<\/div>\n\t\t\t\t<\/div>\n\t\t\t\t<div class=\"elementor-element elementor-element-cdd0b2c elementor-widget elementor-widget-text-editor\" data-id=\"cdd0b2c\" data-element_type=\"widget\" data-e-type=\"widget\" data-widget_type=\"text-editor.default\">\n\t\t\t\t<div class=\"elementor-widget-container\">\n\t\t\t\t\t\t\t\t\t<p>En tant que partenaire d&rsquo;achat europ\u00e9en pour les professionnels de l&rsquo;int\u00e9rieur, TICA s&rsquo;associe \u00e0 <a href=\"https:\/\/www.reliving.nl\/\" target=\"_blank\" rel=\"noopener\">Reliving<\/a>, la place de march\u00e9 par excellence pour les meubles r\u00e9nov\u00e9s. D\u00e9couvrez des trouvailles vintage uniques, des classiques du design et des articles d&rsquo;int\u00e9rieur d&rsquo;occasion \u00e0 l&rsquo;\u00e9tage sup\u00e9rieur de TICA Aalsmeer. En mettant l&rsquo;accent sur la r\u00e9utilisation et la sensibilisation aux flux de d\u00e9chets, les deux parties font un pas concret vers un avenir plus durable dans le secteur de l&rsquo;int\u00e9rieur. Visitez l&rsquo;exp\u00e9rience Reliving x TICA et laissez-vous inspirer !<\/p>\t\t\t\t\t\t\t\t<\/div>\n\t\t\t\t<\/div>\n\t\t<div class=\"elementor-element elementor-element-8afe885 e-con-full e-flex elementor-invisible e-con e-child\" data-id=\"8afe885\" data-element_type=\"container\" data-e-type=\"container\" data-settings=\"{&quot;animation&quot;:&quot;fadeInUp&quot;,&quot;animation_delay&quot;:200}\">\n\t\t\t\t<div data-dce-background-color=\"#FFFFFF\" class=\"elementor-element elementor-element-ad2ed30 elementor-widget__width-auto elementor-widget elementor-widget-button\" data-id=\"ad2ed30\" data-element_type=\"widget\" data-e-type=\"widget\" data-widget_type=\"button.default\">\n\t\t\t\t<div class=\"elementor-widget-container\">\n\t\t\t\t\t\t\t\t\t<div class=\"elementor-button-wrapper\">\n\t\t\t\t\t<a class=\"elementor-button elementor-button-link elementor-size-sm\" href=\"https:\/\/portal.tica.nl\/\">\n\t\t\t\t\t\t<span class=\"elementor-button-content-wrapper\">\n\t\t\t\t\t\t\t\t\t<span class=\"elementor-button-text\">Achetez des classiques du design d'occasion<\/span>\n\t\t\t\t\t<\/span>\n\t\t\t\t\t<\/a>\n\t\t\t\t<\/div>\n\t\t\t\t\t\t\t\t<\/div>\n\t\t\t\t<\/div>\n\t\t\t\t<\/div>\n\t\t\t\t<\/div>\n\t\t\t\t<\/div>\n\t\t\t\t<\/div>\n\t\t<div class=\"elementor-element elementor-element-418c159 e-con-full e-flex e-con e-parent\" data-id=\"418c159\" data-element_type=\"container\" data-e-type=\"container\">\n\t\t<div class=\"elementor-element elementor-element-8440996 e-con-full e-flex e-con e-child\" data-id=\"8440996\" data-element_type=\"container\" data-e-type=\"container\">\n\t\t<div class=\"elementor-element elementor-element-90acf2e e-con-full e-flex e-con e-child\" data-id=\"90acf2e\" data-element_type=\"container\" data-e-type=\"container\">\n\t\t\t\t<div class=\"elementor-element elementor-element-1e2cb41 elementor-invisible elementor-widget elementor-widget-heading\" data-id=\"1e2cb41\" data-element_type=\"widget\" data-e-type=\"widget\" data-settings=\"{&quot;_animation&quot;:&quot;fadeInUp&quot;}\" data-widget_type=\"heading.default\">\n\t\t\t\t<div class=\"elementor-widget-container\">\n\t\t\t\t\t<h2 class=\"elementor-heading-title elementor-size-default\">Exp\u00e9rience Reliving x TICA<\/h2>\t\t\t\t<\/div>\n\t\t\t\t<\/div>\n\t\t\t\t<div class=\"elementor-element elementor-element-b9de806 elementor-invisible elementor-widget elementor-widget-text-editor\" data-id=\"b9de806\" data-element_type=\"widget\" data-e-type=\"widget\" data-settings=\"{&quot;_animation&quot;:&quot;fadeInUp&quot;,&quot;_animation_delay&quot;:200}\" data-widget_type=\"text-editor.default\">\n\t\t\t\t<div class=\"elementor-widget-container\">\n\t\t\t\t\t\t\t\t\t<p>Reliving, la plateforme de r\u00e9f\u00e9rence pour les meubles r\u00e9nov\u00e9s, a pour mission d&rsquo;accro\u00eetre la sensibilisation aux flux de d\u00e9chets et de prolonger la dur\u00e9e de vie des meubles. Cette mission s&rsquo;aligne parfaitement avec les valeurs de TICA qui, en tant que partenaire d&rsquo;achat, vise non seulement une offre distinctive, mais aussi un avenir plus durable pour le secteur du retail. \u00c0 l&rsquo;\u00e9tage sup\u00e9rieur d&rsquo;Aalsmeer, o\u00f9 se trouve notre TICA Projects, TICA pr\u00e9sente l&rsquo;exp\u00e9rience Reliving x TICA. Il s&rsquo;agit d&rsquo;un m\u00e9lange unique de meubles vintage sp\u00e9cialement s\u00e9lectionn\u00e9s, de classiques du design et d&rsquo;articles d&rsquo;int\u00e9rieur d&rsquo;occasion. Vous verrons-nous bient\u00f4t dans l&rsquo;exp\u00e9rience Reliving x TICA ?    <\/p>\t\t\t\t\t\t\t\t<\/div>\n\t\t\t\t<\/div>\n\t\t\t\t<div class=\"elementor-element elementor-element-7009bcc elementor-widget elementor-widget-button\" data-id=\"7009bcc\" data-element_type=\"widget\" data-e-type=\"widget\" data-widget_type=\"button.default\">\n\t\t\t\t<div class=\"elementor-widget-container\">\n\t\t\t\t\t\t\t\t\t<div class=\"elementor-button-wrapper\">\n\t\t\t\t\t<a class=\"elementor-button elementor-button-link elementor-size-sm\" href=\"https:\/\/tica.nl\/vestigingen\/projects\/\">\n\t\t\t\t\t\t<span class=\"elementor-button-content-wrapper\">\n\t\t\t\t\t\t\t\t\t<span class=\"elementor-button-text\">Visitez l'exp\u00e9rience TICA x Reliving<\/span>\n\t\t\t\t\t<\/span>\n\t\t\t\t\t<\/a>\n\t\t\t\t<\/div>\n\t\t\t\t\t\t\t\t<\/div>\n\t\t\t\t<\/div>\n\t\t\t\t<\/div>\n\t\t\t\t<\/div>\n\t\t<div data-dce-background-image-url=\"https:\/\/tica.nl\/wp-content\/uploads\/2025\/08\/landingspaginas-beeld-1-1.png.webp\" class=\"elementor-element elementor-element-ad80c14 e-con-full e-flex elementor-invisible e-con e-child\" data-id=\"ad80c14\" data-element_type=\"container\" data-e-type=\"container\" data-settings=\"{&quot;animation&quot;:&quot;fadeIn&quot;,&quot;animation_delay&quot;:300,&quot;background_background&quot;:&quot;classic&quot;}\">\n\t\t\t\t<\/div>\n\t\t\t\t<\/div>\n\t\t<div class=\"elementor-element elementor-element-147f066 e-con-full e-flex e-con e-parent\" data-id=\"147f066\" data-element_type=\"container\" data-e-type=\"container\">\n\t\t<div data-dce-background-image-url=\"https:\/\/tica.nl\/wp-content\/uploads\/2025\/08\/landingspaginas-beeld-2-1.png.webp\" class=\"elementor-element elementor-element-1f1e786 e-con-full e-flex elementor-invisible e-con e-child\" data-id=\"1f1e786\" data-element_type=\"container\" data-e-type=\"container\" data-settings=\"{&quot;animation&quot;:&quot;fadeIn&quot;,&quot;animation_delay&quot;:400,&quot;background_background&quot;:&quot;classic&quot;,&quot;animation_mobile&quot;:&quot;none&quot;}\">\n\t\t\t\t<\/div>\n\t\t<div class=\"elementor-element elementor-element-779060f e-con-full e-flex e-con e-child\" data-id=\"779060f\" data-element_type=\"container\" data-e-type=\"container\">\n\t\t<div class=\"elementor-element elementor-element-80387bd e-con-full e-flex elementor-invisible e-con e-child\" data-id=\"80387bd\" data-element_type=\"container\" data-e-type=\"container\" data-settings=\"{&quot;animation&quot;:&quot;fadeInUp&quot;}\">\n\t\t\t\t<div class=\"elementor-element elementor-element-9fb654d elementor-widget elementor-widget-heading\" data-id=\"9fb654d\" data-element_type=\"widget\" data-e-type=\"widget\" data-widget_type=\"heading.default\">\n\t\t\t\t<div class=\"elementor-widget-container\">\n\t\t\t\t\t<h2 class=\"elementor-heading-title elementor-size-default\">Large gamme de marques design<\/h2>\t\t\t\t<\/div>\n\t\t\t\t<\/div>\n\t\t\t\t<div class=\"elementor-element elementor-element-9ae7b10 elementor-widget elementor-widget-text-editor\" data-id=\"9ae7b10\" data-element_type=\"widget\" data-e-type=\"widget\" data-widget_type=\"text-editor.default\">\n\t\t\t\t<div class=\"elementor-widget-container\">\n\t\t\t\t\t\t\t\t\t<p>Dans l&rsquo;exp\u00e9rience Reliving x TICA, vous trouverez une large gamme de meubles design, tels que le c\u00e9l\u00e8bre TOGO de Ligne Roset, l&rsquo;\u00e9clairage Artimide, le design scandinave vintage en teck, les chaises Gispen, les meubles Vitra, mais aussi la M Chair d&rsquo;Artifort. Laissez-vous surprendre non seulement par l&rsquo;offre unique de design, mais aussi par les meubles vintage et d&rsquo;occasion uniques. Chaque article est unique, alors venez vite avant que votre article pr\u00e9f\u00e9r\u00e9 ne soit parti.  <\/p>\t\t\t\t\t\t\t\t<\/div>\n\t\t\t\t<\/div>\n\t\t\t\t<\/div>\n\t\t\t\t<\/div>\n\t\t\t\t<\/div>\n\t\t<div class=\"elementor-element elementor-element-375fd3c e-flex e-con-boxed e-con e-parent\" data-id=\"375fd3c\" data-element_type=\"container\" data-e-type=\"container\">\n\t\t\t\t\t<div class=\"e-con-inner\">\n\t\t\t\t<div class=\"elementor-element elementor-element-a8759f1 elementor-widget elementor-widget-heading\" data-id=\"a8759f1\" data-element_type=\"widget\" data-e-type=\"widget\" data-widget_type=\"heading.default\">\n\t\t\t\t<div class=\"elementor-widget-container\">\n\t\t\t\t\t<h2 class=\"elementor-heading-title elementor-size-default\">Succ\u00e8s durable<\/h2>\t\t\t\t<\/div>\n\t\t\t\t<\/div>\n\t\t\t\t<div class=\"elementor-element elementor-element-38673bf elementor-widget elementor-widget-text-editor\" data-id=\"38673bf\" data-element_type=\"widget\" data-e-type=\"widget\" data-widget_type=\"text-editor.default\">\n\t\t\t\t<div class=\"elementor-widget-container\">\n\t\t\t\t\t\t\t\t\t<p>Dans l&rsquo;ensemble, la collaboration entre TICA et Reliving offre non seulement une gamme plus large et changeante pour les professionnels de l&rsquo;int\u00e9rieur, mais aussi une \u00e9tape concr\u00e8te vers un avenir plus durable dans le secteur de l&rsquo;int\u00e9rieur. En mettant l&rsquo;accent sur la r\u00e9utilisation et la sensibilisation aux flux de d\u00e9chets, les deux parties montrent que le succ\u00e8s commercial et la durabilit\u00e9 peuvent aller de pair. <\/p><p> <\/p>\t\t\t\t\t\t\t\t<\/div>\n\t\t\t\t<\/div>\n\t\t\t\t\t<\/div>\n\t\t\t\t<\/div>\n\t\t<div class=\"elementor-element elementor-element-9d769e2 e-flex e-con-boxed e-con e-parent\" data-id=\"9d769e2\" data-element_type=\"container\" data-e-type=\"container\" data-settings=\"{&quot;background_background&quot;:&quot;classic&quot;}\">\n\t\t\t\t\t<div class=\"e-con-inner\">\n\t\t<div class=\"elementor-element elementor-element-a58aaa3 e-flex e-con-boxed e-con e-child\" data-id=\"a58aaa3\" data-element_type=\"container\" data-e-type=\"container\">\n\t\t\t\t\t<div class=\"e-con-inner\">\n\t\t<div class=\"elementor-element elementor-element-1e4670b e-con-full e-flex e-con e-child\" data-id=\"1e4670b\" data-element_type=\"container\" data-e-type=\"container\">\n\t\t\t\t<div class=\"elementor-element elementor-element-c1259ff elementor-invisible elementor-widget elementor-widget-heading\" data-id=\"c1259ff\" data-element_type=\"widget\" data-e-type=\"widget\" data-settings=\"{&quot;_animation&quot;:&quot;fadeIn&quot;}\" data-widget_type=\"heading.default\">\n\t\t\t\t<div class=\"elementor-widget-container\">\n\t\t\t\t\t<h2 class=\"elementor-heading-title elementor-size-default\">En savoir plus<\/h2>\t\t\t\t<\/div>\n\t\t\t\t<\/div>\n\t\t\t\t<\/div>\n\t\t\t\t\t<\/div>\n\t\t\t\t<\/div>\n\t\t<div class=\"elementor-element elementor-element-45a79c4 e-flex e-con-boxed elementor-invisible e-con e-child\" data-id=\"45a79c4\" data-element_type=\"container\" data-e-type=\"container\" data-settings=\"{&quot;animation&quot;:&quot;fadeIn&quot;}\">\n\t\t\t\t\t<div class=\"e-con-inner\">\n\t\t<div class=\"elementor-element elementor-element-12f71b1 e-con-full e-flex e-con e-child\" data-id=\"12f71b1\" data-element_type=\"container\" data-e-type=\"container\">\n\t\t\t\t<div class=\"elementor-element elementor-element-696506c boxes-page dce_masking-none elementor-position-top elementor-widget elementor-widget-image-box\" data-id=\"696506c\" data-element_type=\"widget\" data-e-type=\"widget\" data-widget_type=\"image-box.default\">\n\t\t\t\t<div class=\"elementor-widget-container\">\n\t\t\t\t\t<div class=\"elementor-image-box-wrapper\"><figure class=\"elementor-image-box-img\"><a href=\"https:\/\/tica.nl\/fr\/etablissements\/\" tabindex=\"-1\"><img decoding=\"async\" width=\"900\" height=\"1410\" src=\"https:\/\/tica.nl\/wp-content\/uploads\/2025\/08\/4.-Vestigingen.png.webp\" class=\"attachment-full size-full wp-image-14337\" alt=\"TICA_etablissements\" srcset=\"https:\/\/tica.nl\/wp-content\/uploads\/2025\/08\/4.-Vestigingen.png.webp 900w, https:\/\/tica.nl\/wp-content\/uploads\/2025\/08\/4.-Vestigingen.png-191x300.webp 191w, https:\/\/tica.nl\/wp-content\/uploads\/2025\/08\/4.-Vestigingen.png-654x1024.webp 654w, https:\/\/tica.nl\/wp-content\/uploads\/2025\/08\/4.-Vestigingen.png-768x1203.webp 768w\" sizes=\"(max-width: 900px) 100vw, 900px\" \/><\/a><\/figure><div class=\"elementor-image-box-content\"><h2 class=\"elementor-image-box-title\"><a href=\"https:\/\/tica.nl\/fr\/etablissements\/\">\u00c9tablissements<\/a><\/h2><p class=\"elementor-image-box-description\">Les membres TICA ont acc\u00e8s \u00e0 tous les \u00e9tablissements aux Pays-Bas et en Belgique.<\/p><\/div><\/div>\t\t\t\t<\/div>\n\t\t\t\t<\/div>\n\t\t\t\t<\/div>\n\t\t<div class=\"elementor-element elementor-element-99a2844 e-con-full e-flex e-con e-child\" data-id=\"99a2844\" data-element_type=\"container\" data-e-type=\"container\">\n\t\t\t\t<div class=\"elementor-element elementor-element-dfdf292 boxes-page dce_masking-none elementor-position-top elementor-widget elementor-widget-image-box\" data-id=\"dfdf292\" data-element_type=\"widget\" data-e-type=\"widget\" data-widget_type=\"image-box.default\">\n\t\t\t\t<div class=\"elementor-widget-container\">\n\t\t\t\t\t<div class=\"elementor-image-box-wrapper\"><figure class=\"elementor-image-box-img\"><a href=\"https:\/\/tica.nl\/fr\/horaires-douverture\/\" tabindex=\"-1\"><img decoding=\"async\" width=\"900\" height=\"1410\" src=\"https:\/\/tica.nl\/wp-content\/uploads\/2025\/08\/9.-Openingstijden.png.webp\" class=\"attachment-full size-full wp-image-14338\" alt=\"TICA_heures_ouverture\" srcset=\"https:\/\/tica.nl\/wp-content\/uploads\/2025\/08\/9.-Openingstijden.png.webp 900w, https:\/\/tica.nl\/wp-content\/uploads\/2025\/08\/9.-Openingstijden.png-191x300.webp 191w, https:\/\/tica.nl\/wp-content\/uploads\/2025\/08\/9.-Openingstijden.png-654x1024.webp 654w, https:\/\/tica.nl\/wp-content\/uploads\/2025\/08\/9.-Openingstijden.png-768x1203.webp 768w\" sizes=\"(max-width: 900px) 100vw, 900px\" \/><\/a><\/figure><div class=\"elementor-image-box-content\"><h2 class=\"elementor-image-box-title\"><a href=\"https:\/\/tica.nl\/fr\/horaires-douverture\/\">Horaires d'ouverture <\/a><\/h2><p class=\"elementor-image-box-description\">Presque tous nos sites sont ouverts 7 jours sur 7. Ainsi, vous pouvez faire vos achats quand cela vous convient.  <\/p><\/div><\/div>\t\t\t\t<\/div>\n\t\t\t\t<\/div>\n\t\t\t\t<\/div>\n\t\t<div class=\"elementor-element elementor-element-6e5ede2 e-con-full e-flex e-con e-child\" data-id=\"6e5ede2\" data-element_type=\"container\" data-e-type=\"container\">\n\t\t\t\t<div class=\"elementor-element elementor-element-f07f167 boxes-page dce_masking-none elementor-position-top elementor-widget elementor-widget-image-box\" data-id=\"f07f167\" data-element_type=\"widget\" data-e-type=\"widget\" data-widget_type=\"image-box.default\">\n\t\t\t\t<div class=\"elementor-widget-container\">\n\t\t\t\t\t<div class=\"elementor-image-box-wrapper\"><figure class=\"elementor-image-box-img\"><a href=\"https:\/\/tica.nl\/fr\/laissez-vous-inspirer\/\" tabindex=\"-1\"><img decoding=\"async\" width=\"900\" height=\"1410\" src=\"https:\/\/tica.nl\/wp-content\/uploads\/2025\/08\/3.-Inspiratie.jpg.webp\" class=\"attachment-full size-full wp-image-14339\" alt=\"TICA_inspiration\" srcset=\"https:\/\/tica.nl\/wp-content\/uploads\/2025\/08\/3.-Inspiratie.jpg.webp 900w, https:\/\/tica.nl\/wp-content\/uploads\/2025\/08\/3.-Inspiratie.jpg-191x300.webp 191w, https:\/\/tica.nl\/wp-content\/uploads\/2025\/08\/3.-Inspiratie.jpg-654x1024.webp 654w, https:\/\/tica.nl\/wp-content\/uploads\/2025\/08\/3.-Inspiratie.jpg-768x1203.webp 768w\" sizes=\"(max-width: 900px) 100vw, 900px\" \/><\/a><\/figure><div class=\"elementor-image-box-content\"><h2 class=\"elementor-image-box-title\"><a href=\"https:\/\/tica.nl\/fr\/laissez-vous-inspirer\/\">Inspiration <\/a><\/h2><p class=\"elementor-image-box-description\">Restez inform\u00e9 des derni\u00e8res tendances lifestyle, styles d'int\u00e9rieur et blogs inspirants. <\/p><\/div><\/div>\t\t\t\t<\/div>\n\t\t\t\t<\/div>\n\t\t\t\t<\/div>\n\t\t<div class=\"elementor-element elementor-element-61b23ce e-con-full e-flex e-con e-child\" data-id=\"61b23ce\" data-element_type=\"container\" data-e-type=\"container\">\n\t\t\t\t<div class=\"elementor-element elementor-element-8e81ea1 boxes-page dce_masking-none elementor-position-top elementor-widget elementor-widget-image-box\" data-id=\"8e81ea1\" data-element_type=\"widget\" data-e-type=\"widget\" data-widget_type=\"image-box.default\">\n\t\t\t\t<div class=\"elementor-widget-container\">\n\t\t\t\t\t<div class=\"elementor-image-box-wrapper\"><figure class=\"elementor-image-box-img\"><a href=\"https:\/\/tica.nl\/fr\/achats-en-ligne-chez-tica\/\" tabindex=\"-1\"><img decoding=\"async\" width=\"900\" height=\"1410\" src=\"https:\/\/tica.nl\/wp-content\/uploads\/2025\/08\/5.-Online-inkopen.jpg.webp\" class=\"attachment-full size-full wp-image-14340\" alt=\"TICA_achats_en_ligne\" srcset=\"https:\/\/tica.nl\/wp-content\/uploads\/2025\/08\/5.-Online-inkopen.jpg.webp 900w, https:\/\/tica.nl\/wp-content\/uploads\/2025\/08\/5.-Online-inkopen.jpg-191x300.webp 191w, https:\/\/tica.nl\/wp-content\/uploads\/2025\/08\/5.-Online-inkopen.jpg-654x1024.webp 654w, https:\/\/tica.nl\/wp-content\/uploads\/2025\/08\/5.-Online-inkopen.jpg-768x1203.webp 768w\" sizes=\"(max-width: 900px) 100vw, 900px\" \/><\/a><\/figure><div class=\"elementor-image-box-content\"><h2 class=\"elementor-image-box-title\"><a href=\"https:\/\/tica.nl\/fr\/achats-en-ligne-chez-tica\/\">Commander \u00e0 nouveau ? <\/a><\/h2><p class=\"elementor-image-box-description\">Les membres TICA peuvent facilement effectuer leurs achats en ligne via la boutique en ligne TICA - rapidement, avec flexibilit\u00e9 et quand cela vous convient<\/p><\/div><\/div>\t\t\t\t<\/div>\n\t\t\t\t<\/div>\n\t\t\t\t<\/div>\n\t\t\t\t\t<\/div>\n\t\t\t\t<\/div>\n\t\t\t\t\t<\/div>\n\t\t\t\t<\/div>\n\t\t\t\t<\/div>\n\t\t","protected":false},"excerpt":{"rendered":"<p>TICA x Reliving Achetez des articles design d&rsquo;occasion En tant que partenaire d&rsquo;achat europ\u00e9en pour les professionnels de l&rsquo;int\u00e9rieur, TICA s&rsquo;associe \u00e0 Reliving, la place de march\u00e9 de r\u00e9f\u00e9rence pour le mobilier revaloris\u00e9. D\u00e9couvrez des pi\u00e8ces vintage uniques, des classiques du design et des articles d&rsquo;int\u00e9rieur d&rsquo;occasion \u00e0 l&rsquo;\u00e9tage sup\u00e9rieur de TICA Aalsmeer. En mettant [&hellip;]<\/p>\n","protected":false},"author":4,"featured_media":14893,"parent":0,"menu_order":0,"comment_status":"closed","ping_status":"closed","template":"","meta":{"_acf_changed":false,"footnotes":""},"class_list":["post-14891","page","type-page","status-publish","has-post-thumbnail","hentry"],"acf":[],"_links":{"self":[{"href":"https:\/\/tica.nl\/fr\/wp-json\/wp\/v2\/pages\/14891","targetHints":{"allow":["GET"]}}],"collection":[{"href":"https:\/\/tica.nl\/fr\/wp-json\/wp\/v2\/pages"}],"about":[{"href":"https:\/\/tica.nl\/fr\/wp-json\/wp\/v2\/types\/page"}],"author":[{"embeddable":true,"href":"https:\/\/tica.nl\/fr\/wp-json\/wp\/v2\/users\/4"}],"replies":[{"embeddable":true,"href":"https:\/\/tica.nl\/fr\/wp-json\/wp\/v2\/comments?post=14891"}],"version-history":[{"count":0,"href":"https:\/\/tica.nl\/fr\/wp-json\/wp\/v2\/pages\/14891\/revisions"}],"wp:featuredmedia":[{"embeddable":true,"href":"https:\/\/tica.nl\/fr\/wp-json\/wp\/v2\/media\/14893"}],"wp:attachment":[{"href":"https:\/\/tica.nl\/fr\/wp-json\/wp\/v2\/media?parent=14891"}],"curies":[{"name":"wp","href":"https:\/\/api.w.org\/{rel}","templated":true}]}}