{"id":14480,"date":"2025-08-13T11:16:31","date_gmt":"2025-08-13T10:16:31","guid":{"rendered":"https:\/\/tica.nl\/service\/"},"modified":"2025-09-02T13:07:28","modified_gmt":"2025-09-02T12:07:28","slug":"service","status":"publish","type":"page","link":"https:\/\/tica.nl\/fr\/service\/","title":{"rendered":"Service"},"content":{"rendered":"\t\t<div data-elementor-type=\"wp-page\" data-elementor-id=\"14480\" class=\"elementor elementor-14480 elementor-11649\" data-elementor-post-type=\"page\">\n\t\t\t\t<div data-dce-background-image-url=\"https:\/\/tica.nl\/wp-content\/uploads\/2025\/08\/TICA_services_header.png.webp\" class=\"elementor-element elementor-element-695a936 e-con-full e-flex e-con e-parent\" data-id=\"695a936\" data-element_type=\"container\" data-e-type=\"container\" data-settings=\"{&quot;background_background&quot;:&quot;classic&quot;}\">\n\t\t<div class=\"elementor-element elementor-element-c7864dc e-flex e-con-boxed e-con e-child\" data-id=\"c7864dc\" data-element_type=\"container\" data-e-type=\"container\">\n\t\t\t\t\t<div class=\"e-con-inner\">\n\t\t<div class=\"elementor-element elementor-element-f82e22a e-con-full e-flex e-con e-child\" data-id=\"f82e22a\" data-element_type=\"container\" data-e-type=\"container\">\n\t\t\t\t<div class=\"elementor-element elementor-element-c40f0bf elementor-widget elementor-widget-heading\" data-id=\"c40f0bf\" data-element_type=\"widget\" data-e-type=\"widget\" data-widget_type=\"heading.default\">\n\t\t\t\t<div class=\"elementor-widget-container\">\n\t\t\t\t\t<h1 class=\"elementor-heading-title elementor-size-default\">Services de TICA<\/h1>\t\t\t\t<\/div>\n\t\t\t\t<\/div>\n\t\t\t\t<div class=\"elementor-element elementor-element-4a51d8e elementor-widget elementor-widget-heading\" data-id=\"4a51d8e\" data-element_type=\"widget\" data-e-type=\"widget\" data-widget_type=\"heading.default\">\n\t\t\t\t<div class=\"elementor-widget-container\">\n\t\t\t\t\t<h2 class=\"elementor-heading-title elementor-size-default\">Tout pour une journ\u00e9e d'achats sans soucis <\/h2>\t\t\t\t<\/div>\n\t\t\t\t<\/div>\n\t\t\t\t<div class=\"elementor-element elementor-element-adbe324 elementor-widget__width-initial elementor-widget elementor-widget-text-editor\" data-id=\"adbe324\" data-element_type=\"widget\" data-e-type=\"widget\" data-widget_type=\"text-editor.default\">\n\t\t\t\t<div class=\"elementor-widget-container\">\n\t\t\t\t\t\t\t\t\t<p>Chez TICA, il ne s&rsquo;agit pas seulement de notre assortiment unique, mais aussi de la facilit\u00e9 qui l&rsquo;accompagne. Nous savons que votre temps est pr\u00e9cieux. C&rsquo;est pourquoi nos services rendent votre journ\u00e9e d&rsquo;achats plus intelligente, plus facile et plus agr\u00e9able.  <\/p>\t\t\t\t\t\t\t\t<\/div>\n\t\t\t\t<\/div>\n\t\t\t\t<div class=\"elementor-element elementor-element-9645b61 elementor-widget__width-auto elementor-invisible elementor-widget elementor-widget-button\" data-id=\"9645b61\" data-element_type=\"widget\" data-e-type=\"widget\" data-settings=\"{&quot;_animation&quot;:&quot;fadeInUp&quot;,&quot;_animation_delay&quot;:300}\" data-widget_type=\"button.default\">\n\t\t\t\t<div class=\"elementor-widget-container\">\n\t\t\t\t\t\t\t\t\t<div class=\"elementor-button-wrapper\">\n\t\t\t\t\t<a class=\"elementor-button elementor-button-link elementor-size-sm\" href=\"https:\/\/tica.nl\/fr\/horaires-douverture\/\">\n\t\t\t\t\t\t<span class=\"elementor-button-content-wrapper\">\n\t\t\t\t\t\t\t\t\t<span class=\"elementor-button-text\">Consultez les horaires d'ouverture<\/span>\n\t\t\t\t\t<\/span>\n\t\t\t\t\t<\/a>\n\t\t\t\t<\/div>\n\t\t\t\t\t\t\t\t<\/div>\n\t\t\t\t<\/div>\n\t\t\t\t<\/div>\n\t\t\t\t\t<\/div>\n\t\t\t\t<\/div>\n\t\t\t\t<\/div>\n\t\t<div class=\"elementor-element elementor-element-5c21aaf e-con-full e-flex e-con e-parent\" data-id=\"5c21aaf\" data-element_type=\"container\" data-e-type=\"container\">\n\t\t<div class=\"elementor-element elementor-element-dd1bbe9 e-con-full e-flex e-con e-child\" data-id=\"dd1bbe9\" data-element_type=\"container\" data-e-type=\"container\">\n\t\t<div class=\"elementor-element elementor-element-323e1f6 e-con-full e-flex e-con e-child\" data-id=\"323e1f6\" data-element_type=\"container\" data-e-type=\"container\">\n\t\t\t\t<div class=\"elementor-element elementor-element-c2534a5 elementor-invisible elementor-widget elementor-widget-heading\" data-id=\"c2534a5\" data-element_type=\"widget\" data-e-type=\"widget\" data-settings=\"{&quot;_animation&quot;:&quot;fadeInUp&quot;}\" data-widget_type=\"heading.default\">\n\t\t\t\t<div class=\"elementor-widget-container\">\n\t\t\t\t\t<h2 class=\"elementor-heading-title elementor-size-default\">H\u00e9bergement \u00e0 proximit\u00e9<\/h2>\t\t\t\t<\/div>\n\t\t\t\t<\/div>\n\t\t\t\t<div class=\"elementor-element elementor-element-5ab4dd5 elementor-invisible elementor-widget elementor-widget-text-editor\" data-id=\"5ab4dd5\" data-element_type=\"widget\" data-e-type=\"widget\" data-settings=\"{&quot;_animation&quot;:&quot;fadeInUp&quot;,&quot;_animation_delay&quot;:200}\" data-widget_type=\"text-editor.default\">\n\t\t\t\t<div class=\"elementor-widget-container\">\n\t\t\t\t\t\t\t\t\t<p>Transformez votre journ\u00e9e d&rsquo;achats en mini-voyage. En tant que membre TICA, b\u00e9n\u00e9ficiez de r\u00e9ductions dans des h\u00f4tels s\u00e9lectionn\u00e9s \u00e0 proximit\u00e9 de nos \u00e9tablissements. Combinez ainsi efficacement vos achats avec une nuit\u00e9e relaxante.  <\/p>\t\t\t\t\t\t\t\t<\/div>\n\t\t\t\t<\/div>\n\t\t\t\t<div class=\"elementor-element elementor-element-d689ce3 elementor-widget__width-auto elementor-invisible elementor-widget elementor-widget-button\" data-id=\"d689ce3\" data-element_type=\"widget\" data-e-type=\"widget\" data-settings=\"{&quot;_animation&quot;:&quot;fadeInUp&quot;,&quot;_animation_delay&quot;:300}\" data-widget_type=\"button.default\">\n\t\t\t\t<div class=\"elementor-widget-container\">\n\t\t\t\t\t\t\t\t\t<div class=\"elementor-button-wrapper\">\n\t\t\t\t\t<a class=\"elementor-button elementor-button-link elementor-size-sm\" href=\"https:\/\/tica.nl\/fr\/service\/hebergement\/\">\n\t\t\t\t\t\t<span class=\"elementor-button-content-wrapper\">\n\t\t\t\t\t\t\t\t\t<span class=\"elementor-button-text\">D\u00e9couvrez les offres h\u00f4teli\u00e8res de TICA<\/span>\n\t\t\t\t\t<\/span>\n\t\t\t\t\t<\/a>\n\t\t\t\t<\/div>\n\t\t\t\t\t\t\t\t<\/div>\n\t\t\t\t<\/div>\n\t\t\t\t<\/div>\n\t\t\t\t<\/div>\n\t\t<div data-dce-background-image-url=\"https:\/\/tica.nl\/wp-content\/uploads\/2025\/08\/TICA_service_overnachten_hoteldeal_PillowsGandBoutiqueMauritsAtThePark_Aalsmeer.png.webp\" class=\"elementor-element elementor-element-17c9e3b e-con-full e-flex elementor-invisible e-con e-child\" data-id=\"17c9e3b\" data-element_type=\"container\" data-e-type=\"container\" data-settings=\"{&quot;animation&quot;:&quot;fadeIn&quot;,&quot;animation_delay&quot;:300,&quot;background_background&quot;:&quot;classic&quot;}\">\n\t\t\t\t<\/div>\n\t\t\t\t<\/div>\n\t\t<div class=\"elementor-element elementor-element-518d83a e-con-full e-flex e-con e-parent\" data-id=\"518d83a\" data-element_type=\"container\" data-e-type=\"container\">\n\t\t<div data-dce-background-image-url=\"https:\/\/tica.nl\/wp-content\/uploads\/2025\/08\/TICA_Transport-en-inpakservice.png.webp\" class=\"elementor-element elementor-element-1b360e3 e-con-full e-flex elementor-invisible e-con e-child\" data-id=\"1b360e3\" data-element_type=\"container\" data-e-type=\"container\" data-settings=\"{&quot;animation&quot;:&quot;fadeIn&quot;,&quot;animation_delay&quot;:400,&quot;background_background&quot;:&quot;classic&quot;,&quot;animation_mobile&quot;:&quot;none&quot;}\">\n\t\t\t\t<\/div>\n\t\t<div class=\"elementor-element elementor-element-0bba848 e-con-full e-flex e-con e-child\" data-id=\"0bba848\" data-element_type=\"container\" data-e-type=\"container\">\n\t\t<div class=\"elementor-element elementor-element-e7c801e e-con-full e-flex elementor-invisible e-con e-child\" data-id=\"e7c801e\" data-element_type=\"container\" data-e-type=\"container\" data-settings=\"{&quot;animation&quot;:&quot;fadeInUp&quot;}\">\n\t\t\t\t<div class=\"elementor-element elementor-element-6f81470 elementor-widget elementor-widget-heading\" data-id=\"6f81470\" data-element_type=\"widget\" data-e-type=\"widget\" data-widget_type=\"heading.default\">\n\t\t\t\t<div class=\"elementor-widget-container\">\n\t\t\t\t\t<h2 class=\"elementor-heading-title elementor-size-default\">Service de transport et d'emballage <\/h2>\t\t\t\t<\/div>\n\t\t\t\t<\/div>\n\t\t\t\t<div class=\"elementor-element elementor-element-ef4628c elementor-widget elementor-widget-text-editor\" data-id=\"ef4628c\" data-element_type=\"widget\" data-e-type=\"widget\" data-widget_type=\"text-editor.default\">\n\t\t\t\t<div class=\"elementor-widget-container\">\n\t\t\t\t\t\t\t\t\t<section class=\"av_textblock_section av-lgkitnpo-53-0f2d35a3ab1a134dbd3f95ce0d036623 \"><div class=\"avia_textblock\"><p>Trop de belles trouvailles pour les emporter vous-m\u00eame ? Pas de probl\u00e8me. Nous nous occupons du transport, de l&#8217;emballage soigneux jusqu&rsquo;aux documents d&rsquo;exportation complets. Dans ou hors de l&rsquo;UE : vos achats arrivent en toute s\u00e9curit\u00e9 et \u00e0 temps, pendant que vous planifiez d\u00e9j\u00e0 votre prochaine visite.   <\/p><\/div><\/section>\t\t\t\t\t\t\t\t<\/div>\n\t\t\t\t<\/div>\n\t\t\t\t<div class=\"elementor-element elementor-element-be76165 elementor-widget__width-auto elementor-invisible elementor-widget elementor-widget-button\" data-id=\"be76165\" data-element_type=\"widget\" data-e-type=\"widget\" data-settings=\"{&quot;_animation&quot;:&quot;fadeInUp&quot;,&quot;_animation_delay&quot;:300}\" data-widget_type=\"button.default\">\n\t\t\t\t<div class=\"elementor-widget-container\">\n\t\t\t\t\t\t\t\t\t<div class=\"elementor-button-wrapper\">\n\t\t\t\t\t<a class=\"elementor-button elementor-button-link elementor-size-sm\" href=\"https:\/\/tica.nl\/fr\/service-de-transport-et-demballage\/\">\n\t\t\t\t\t\t<span class=\"elementor-button-content-wrapper\">\n\t\t\t\t\t\t\t\t\t<span class=\"elementor-button-text\">D\u00e9couvrez notre service de transport et d'emballage<\/span>\n\t\t\t\t\t<\/span>\n\t\t\t\t\t<\/a>\n\t\t\t\t<\/div>\n\t\t\t\t\t\t\t\t<\/div>\n\t\t\t\t<\/div>\n\t\t\t\t<\/div>\n\t\t\t\t<\/div>\n\t\t\t\t<\/div>\n\t\t<div class=\"elementor-element elementor-element-1269775 e-con-full e-flex e-con e-parent\" data-id=\"1269775\" data-element_type=\"container\" data-e-type=\"container\">\n\t\t<div class=\"elementor-element elementor-element-299edd1 e-con-full e-flex e-con e-child\" data-id=\"299edd1\" data-element_type=\"container\" data-e-type=\"container\">\n\t\t<div class=\"elementor-element elementor-element-22cd023 e-con-full e-flex e-con e-child\" data-id=\"22cd023\" data-element_type=\"container\" data-e-type=\"container\">\n\t\t\t\t<div class=\"elementor-element elementor-element-b062537 elementor-invisible elementor-widget elementor-widget-heading\" data-id=\"b062537\" data-element_type=\"widget\" data-e-type=\"widget\" data-settings=\"{&quot;_animation&quot;:&quot;fadeInUp&quot;}\" data-widget_type=\"heading.default\">\n\t\t\t\t<div class=\"elementor-widget-container\">\n\t\t\t\t\t<h2 class=\"elementor-heading-title elementor-size-default\">TICA Projects<\/h2>\t\t\t\t<\/div>\n\t\t\t\t<\/div>\n\t\t\t\t<div class=\"elementor-element elementor-element-7762e1c elementor-invisible elementor-widget elementor-widget-text-editor\" data-id=\"7762e1c\" data-element_type=\"widget\" data-e-type=\"widget\" data-settings=\"{&quot;_animation&quot;:&quot;fadeInUp&quot;,&quot;_animation_delay&quot;:200}\" data-widget_type=\"text-editor.default\">\n\t\t\t\t<div class=\"elementor-widget-container\">\n\t\t\t\t\t\t\t\t\t<p>Vous travaillez sur un grand projet ? \u00c0 l&rsquo;\u00e9tage sup\u00e9rieur de TICA Aalsmeer, vous trouverez TICA Projects : le point d&rsquo;inspiration par excellence pour les am\u00e9nageurs de projets. Vous y trouverez des meubles, des solutions sur mesure et des pi\u00e8ces compl\u00e8tement am\u00e9nag\u00e9es, avec un accompagnement personnalis\u00e9 et des conseils en d\u00e9coration. Combinez votre visite \u00e0 TICA Projects avec vos achats chez <a href=\"https:\/\/tica.nl\/fr\/etablissements\/tica-aalsmeer\/\">TICA Aalsmeer<\/a> et tirez le meilleur parti de votre journ\u00e9e.   <\/p>\t\t\t\t\t\t\t\t<\/div>\n\t\t\t\t<\/div>\n\t\t\t\t<div class=\"elementor-element elementor-element-2a9984a elementor-widget__width-auto elementor-invisible elementor-widget elementor-widget-button\" data-id=\"2a9984a\" data-element_type=\"widget\" data-e-type=\"widget\" data-settings=\"{&quot;_animation&quot;:&quot;fadeInUp&quot;,&quot;_animation_delay&quot;:300}\" data-widget_type=\"button.default\">\n\t\t\t\t<div class=\"elementor-widget-container\">\n\t\t\t\t\t\t\t\t\t<div class=\"elementor-button-wrapper\">\n\t\t\t\t\t<a class=\"elementor-button elementor-button-link elementor-size-sm\" href=\"https:\/\/tica.nl\/fr\/etablissements\/tica-projects\/\">\n\t\t\t\t\t\t<span class=\"elementor-button-content-wrapper\">\n\t\t\t\t\t\t\t\t\t<span class=\"elementor-button-text\">En savoir plus sur TICA Projects<\/span>\n\t\t\t\t\t<\/span>\n\t\t\t\t\t<\/a>\n\t\t\t\t<\/div>\n\t\t\t\t\t\t\t\t<\/div>\n\t\t\t\t<\/div>\n\t\t\t\t<\/div>\n\t\t\t\t<\/div>\n\t\t<div data-dce-background-image-url=\"https:\/\/tica.nl\/wp-content\/uploads\/2025\/08\/TICA_TICA-Projects.png.webp\" class=\"elementor-element elementor-element-fef3ab2 e-con-full e-flex elementor-invisible e-con e-child\" data-id=\"fef3ab2\" data-element_type=\"container\" data-e-type=\"container\" data-settings=\"{&quot;animation&quot;:&quot;fadeIn&quot;,&quot;animation_delay&quot;:300,&quot;background_background&quot;:&quot;classic&quot;}\">\n\t\t\t\t<\/div>\n\t\t\t\t<\/div>\n\t\t<div class=\"elementor-element elementor-element-5c0ea7d e-con-full e-flex e-con e-parent\" data-id=\"5c0ea7d\" data-element_type=\"container\" data-e-type=\"container\">\n\t\t<div data-dce-background-image-url=\"https:\/\/tica.nl\/wp-content\/uploads\/2025\/08\/TICA_Restaurant.png.webp\" class=\"elementor-element elementor-element-7bfe77a e-con-full e-flex elementor-invisible e-con e-child\" data-id=\"7bfe77a\" data-element_type=\"container\" data-e-type=\"container\" data-settings=\"{&quot;animation&quot;:&quot;fadeIn&quot;,&quot;animation_delay&quot;:400,&quot;background_background&quot;:&quot;classic&quot;,&quot;animation_mobile&quot;:&quot;none&quot;}\">\n\t\t\t\t<\/div>\n\t\t<div class=\"elementor-element elementor-element-ebfc619 e-con-full e-flex e-con e-child\" data-id=\"ebfc619\" data-element_type=\"container\" data-e-type=\"container\">\n\t\t<div class=\"elementor-element elementor-element-70670dc e-con-full e-flex elementor-invisible e-con e-child\" data-id=\"70670dc\" data-element_type=\"container\" data-e-type=\"container\" data-settings=\"{&quot;animation&quot;:&quot;fadeInUp&quot;}\">\n\t\t\t\t<div class=\"elementor-element elementor-element-4e7bd3a elementor-widget elementor-widget-heading\" data-id=\"4e7bd3a\" data-element_type=\"widget\" data-e-type=\"widget\" data-widget_type=\"heading.default\">\n\t\t\t\t<div class=\"elementor-widget-container\">\n\t\t\t\t\t<h2 class=\"elementor-heading-title elementor-size-default\">Restaurant <\/h2>\t\t\t\t<\/div>\n\t\t\t\t<\/div>\n\t\t\t\t<div class=\"elementor-element elementor-element-91e1075 elementor-widget elementor-widget-text-editor\" data-id=\"91e1075\" data-element_type=\"widget\" data-e-type=\"widget\" data-widget_type=\"text-editor.default\">\n\t\t\t\t<div class=\"elementor-widget-container\">\n\t\t\t\t\t\t\t\t\t<section class=\"av_textblock_section av-lgkitnpo-53-0f2d35a3ab1a134dbd3f95ce0d036623 \"><div class=\"avia_textblock\"><p>Le shopping demande de l&rsquo;\u00e9nergie. Au TICAf\u00e9 d&rsquo;Aalsmeer et de Venlo, savourez des salades fra\u00eeches, des soupes, des sandwiches ou des plats chauds. Encore de la route \u00e0 faire ? Au &amp;GO pr\u00e8s de la sortie, prenez quelque chose de d\u00e9licieux pour la route. L&rsquo;endroit id\u00e9al pour faire le plein d&rsquo;\u00e9nergie et trouver de nouvelles id\u00e9es.    <\/p><\/div><\/section>\t\t\t\t\t\t\t\t<\/div>\n\t\t\t\t<\/div>\n\t\t\t\t<div class=\"elementor-element elementor-element-82d4e8b elementor-widget__width-auto elementor-invisible elementor-widget elementor-widget-button\" data-id=\"82d4e8b\" data-element_type=\"widget\" data-e-type=\"widget\" data-settings=\"{&quot;_animation&quot;:&quot;fadeInUp&quot;,&quot;_animation_delay&quot;:300}\" data-widget_type=\"button.default\">\n\t\t\t\t<div class=\"elementor-widget-container\">\n\t\t\t\t\t\t\t\t\t<div class=\"elementor-button-wrapper\">\n\t\t\t\t\t<a class=\"elementor-button elementor-button-link elementor-size-sm\" href=\"https:\/\/tica.nl\/restaurants\/\">\n\t\t\t\t\t\t<span class=\"elementor-button-content-wrapper\">\n\t\t\t\t\t\t\t\t\t<span class=\"elementor-button-text\">En savoir plus sur le TICAf\u00e9<\/span>\n\t\t\t\t\t<\/span>\n\t\t\t\t\t<\/a>\n\t\t\t\t<\/div>\n\t\t\t\t\t\t\t\t<\/div>\n\t\t\t\t<\/div>\n\t\t\t\t<\/div>\n\t\t\t\t<\/div>\n\t\t\t\t<\/div>\n\t\t\t\t<\/div>\n\t\t","protected":false},"excerpt":{"rendered":"<p>Services de TICA Tout pour une journ\u00e9e d&rsquo;achats sans soucis Chez TICA, il ne s&rsquo;agit pas seulement de notre assortiment unique, mais aussi de la facilit\u00e9 qui l&rsquo;accompagne. Nous savons que votre temps est pr\u00e9cieux. C&rsquo;est pourquoi nos services rendent votre journ\u00e9e d&rsquo;achats plus intelligente, plus facile et plus agr\u00e9able. Consultez les horaires d&rsquo;ouverture H\u00e9bergement [&hellip;]<\/p>\n","protected":false},"author":2,"featured_media":14482,"parent":0,"menu_order":0,"comment_status":"closed","ping_status":"closed","template":"","meta":{"_acf_changed":false,"footnotes":""},"class_list":["post-14480","page","type-page","status-publish","has-post-thumbnail","hentry"],"acf":[],"_links":{"self":[{"href":"https:\/\/tica.nl\/fr\/wp-json\/wp\/v2\/pages\/14480","targetHints":{"allow":["GET"]}}],"collection":[{"href":"https:\/\/tica.nl\/fr\/wp-json\/wp\/v2\/pages"}],"about":[{"href":"https:\/\/tica.nl\/fr\/wp-json\/wp\/v2\/types\/page"}],"author":[{"embeddable":true,"href":"https:\/\/tica.nl\/fr\/wp-json\/wp\/v2\/users\/2"}],"replies":[{"embeddable":true,"href":"https:\/\/tica.nl\/fr\/wp-json\/wp\/v2\/comments?post=14480"}],"version-history":[{"count":0,"href":"https:\/\/tica.nl\/fr\/wp-json\/wp\/v2\/pages\/14480\/revisions"}],"wp:featuredmedia":[{"embeddable":true,"href":"https:\/\/tica.nl\/fr\/wp-json\/wp\/v2\/media\/14482"}],"wp:attachment":[{"href":"https:\/\/tica.nl\/fr\/wp-json\/wp\/v2\/media?parent=14480"}],"curies":[{"name":"wp","href":"https:\/\/api.w.org\/{rel}","templated":true}]}}