{"id":14438,"date":"2025-08-13T13:52:14","date_gmt":"2025-08-13T12:52:14","guid":{"rendered":"https:\/\/tica.nl\/service-de-transport-et-demballage\/"},"modified":"2025-09-02T13:52:37","modified_gmt":"2025-09-02T12:52:37","slug":"service-de-transport-et-demballage","status":"publish","type":"page","link":"https:\/\/tica.nl\/fr\/service-de-transport-et-demballage\/","title":{"rendered":"Service de transport et d&#8217;emballage"},"content":{"rendered":"\t\t<div data-elementor-type=\"wp-page\" data-elementor-id=\"14438\" class=\"elementor elementor-14438 elementor-11726\" data-elementor-post-type=\"page\">\n\t\t\t\t<div class=\"elementor-element elementor-element-382a9c5 e-flex e-con-boxed e-con e-parent\" data-id=\"382a9c5\" data-element_type=\"container\" data-e-type=\"container\">\n\t\t\t\t\t<div class=\"e-con-inner\">\n\t\t<div class=\"elementor-element elementor-element-58b5894 e-con-full e-flex e-con e-child\" data-id=\"58b5894\" data-element_type=\"container\" data-e-type=\"container\">\n\t\t<div class=\"elementor-element elementor-element-044afec e-con-full e-flex e-con e-child\" data-id=\"044afec\" data-element_type=\"container\" data-e-type=\"container\">\n\t\t\t\t<div class=\"elementor-element elementor-element-9a9ae18 elementor-invisible elementor-widget elementor-widget-heading\" data-id=\"9a9ae18\" data-element_type=\"widget\" data-e-type=\"widget\" data-settings=\"{&quot;_animation&quot;:&quot;fadeInUp&quot;}\" data-widget_type=\"heading.default\">\n\t\t\t\t<div class=\"elementor-widget-container\">\n\t\t\t\t\t<h1 class=\"elementor-heading-title elementor-size-default\">Service de transport et d'emballage<\/h1>\t\t\t\t<\/div>\n\t\t\t\t<\/div>\n\t\t\t\t<div class=\"elementor-element elementor-element-02e52d3 elementor-widget-divider--view-line elementor-invisible elementor-widget elementor-widget-divider\" data-id=\"02e52d3\" data-element_type=\"widget\" data-e-type=\"widget\" data-settings=\"{&quot;_animation&quot;:&quot;fadeInUp&quot;,&quot;_animation_delay&quot;:300}\" data-widget_type=\"divider.default\">\n\t\t\t\t<div class=\"elementor-widget-container\">\n\t\t\t\t\t\t\t<div class=\"elementor-divider\">\n\t\t\t<span class=\"elementor-divider-separator\">\n\t\t\t\t\t\t<\/span>\n\t\t<\/div>\n\t\t\t\t\t\t<\/div>\n\t\t\t\t<\/div>\n\t\t\t\t<\/div>\n\t\t\t\t<\/div>\n\t\t\t\t\t<\/div>\n\t\t\t\t<\/div>\n\t\t<div class=\"elementor-element elementor-element-e80d69a e-con-full e-flex e-con e-parent\" data-id=\"e80d69a\" data-element_type=\"container\" data-e-type=\"container\">\n\t\t<div data-dce-background-image-url=\"https:\/\/tica.nl\/wp-content\/uploads\/2025\/08\/TICA_Transport-en-inpakservice.png.webp\" class=\"elementor-element elementor-element-10df38c e-con-full e-flex elementor-invisible e-con e-child\" data-id=\"10df38c\" data-element_type=\"container\" data-e-type=\"container\" data-settings=\"{&quot;animation&quot;:&quot;fadeIn&quot;,&quot;animation_delay&quot;:400,&quot;background_background&quot;:&quot;classic&quot;,&quot;animation_mobile&quot;:&quot;none&quot;}\">\n\t\t\t\t<\/div>\n\t\t<div class=\"elementor-element elementor-element-f550741 e-con-full e-flex e-con e-child\" data-id=\"f550741\" data-element_type=\"container\" data-e-type=\"container\">\n\t\t<div class=\"elementor-element elementor-element-32e2a1a e-con-full e-flex elementor-invisible e-con e-child\" data-id=\"32e2a1a\" data-element_type=\"container\" data-e-type=\"container\" data-settings=\"{&quot;animation&quot;:&quot;fadeInUp&quot;}\">\n\t\t\t\t<div class=\"elementor-element elementor-element-a1fbfcc elementor-widget elementor-widget-heading\" data-id=\"a1fbfcc\" data-element_type=\"widget\" data-e-type=\"widget\" data-widget_type=\"heading.default\">\n\t\t\t\t<div class=\"elementor-widget-container\">\n\t\t\t\t\t<h2 class=\"elementor-heading-title elementor-size-default\">Service de transport et d'emballage<\/h2>\t\t\t\t<\/div>\n\t\t\t\t<\/div>\n\t\t\t\t<div class=\"elementor-element elementor-element-7d2f8fd elementor-widget elementor-widget-text-editor\" data-id=\"7d2f8fd\" data-element_type=\"widget\" data-e-type=\"widget\" data-widget_type=\"text-editor.default\">\n\t\t\t\t<div class=\"elementor-widget-container\">\n\t\t\t\t\t\t\t\t\t<p>Acheter chez TICA est toujours inspirant, mais organiser le transport vers votre magasin ou votre projet peut parfois \u00eatre moins agr\u00e9able. L&#8217;emballage, le chargement et le d\u00e9chargement des produits prennent souvent beaucoup de temps. C&rsquo;est pourquoi nous sommes l\u00e0 pour vous aider ! Utilisez notre service de transport et d&#8217;emballage pour vous simplifier la vie.   <\/p>\t\t\t\t\t\t\t\t<\/div>\n\t\t\t\t<\/div>\n\t\t\t\t<\/div>\n\t\t\t\t<\/div>\n\t\t\t\t<\/div>\n\t\t<div class=\"elementor-element elementor-element-76bdf7a listing-number-overall e-flex e-con-boxed e-con e-parent\" data-id=\"76bdf7a\" data-element_type=\"container\" data-e-type=\"container\">\n\t\t\t\t\t<div class=\"e-con-inner\">\n\t\t<div class=\"elementor-element elementor-element-0d99af5 e-con-full e-flex e-con e-child\" data-id=\"0d99af5\" data-element_type=\"container\" data-e-type=\"container\">\n\t\t\t\t<div class=\"elementor-element elementor-element-93c84dd elementor-widget elementor-widget-heading\" data-id=\"93c84dd\" data-element_type=\"widget\" data-e-type=\"widget\" data-widget_type=\"heading.default\">\n\t\t\t\t<div class=\"elementor-widget-container\">\n\t\t\t\t\t<h2 class=\"elementor-heading-title elementor-size-default\">Pourquoi est-il avantageux d'acheter chez TICA ?<\/h2>\t\t\t\t<\/div>\n\t\t\t\t<\/div>\n\t\t\t\t<\/div>\n\t\t<div class=\"elementor-element elementor-element-fff738c e-con-full e-flex e-con e-child\" data-id=\"fff738c\" data-element_type=\"container\" data-e-type=\"container\">\n\t\t<div class=\"elementor-element elementor-element-dbb9956 e-con-full e-flex elementor-invisible e-con e-child\" data-id=\"dbb9956\" data-element_type=\"container\" data-e-type=\"container\" data-settings=\"{&quot;animation&quot;:&quot;fadeInUp&quot;}\">\n\t\t\t\t<div class=\"elementor-element elementor-element-9b38217 numeric-list-whole elementor-icon-list--layout-traditional elementor-list-item-link-full_width elementor-widget elementor-widget-icon-list\" data-id=\"9b38217\" data-element_type=\"widget\" data-e-type=\"widget\" data-widget_type=\"icon-list.default\">\n\t\t\t\t<div class=\"elementor-widget-container\">\n\t\t\t\t\t\t\t<ul class=\"elementor-icon-list-items\">\n\t\t\t\t\t\t\t<li class=\"elementor-icon-list-item\">\n\t\t\t\t\t\t\t\t\t\t<span class=\"elementor-icon-list-text\">Service de transport | Au sein de l'Union europ\u00e9enne<\/span>\n\t\t\t\t\t\t\t\t\t<\/li>\n\t\t\t\t\t\t<\/ul>\n\t\t\t\t\t\t<\/div>\n\t\t\t\t<\/div>\n\t\t\t\t<div class=\"elementor-element elementor-element-df65053 elementor-widget elementor-widget-text-editor\" data-id=\"df65053\" data-element_type=\"widget\" data-e-type=\"widget\" data-widget_type=\"text-editor.default\">\n\t\t\t\t<div class=\"elementor-widget-container\">\n\t\t\t\t\t\t\t\t\t<p>Vous venez faire vos achats dans l&rsquo;une de nos <a href=\"https:\/\/tica.nl\/fr\/etablissements\/\">succursales<\/a>, mais vous n&rsquo;avez pas de transport adapt\u00e9 ? Ou avez-vous achet\u00e9 plus et plus grand que pr\u00e9vu ? Profitez alors de notre service de transport et faites livrer facilement vos achats. Vous souhaitez utiliser ce service lors de votre prochaine visite ? Veuillez noter que vous devez signer les documents n\u00e9cessaires \u00e0 notre bureau de service au plus tard une heure avant la fermeture. Nos collaborateurs se feront un plaisir de vous informer sur les conditions, les tarifs et les d\u00e9lais de livraison.     <\/p>\t\t\t\t\t\t\t\t<\/div>\n\t\t\t\t<\/div>\n\t\t\t\t<\/div>\n\t\t<div class=\"elementor-element elementor-element-f1c83f6 e-con-full e-flex elementor-invisible e-con e-child\" data-id=\"f1c83f6\" data-element_type=\"container\" data-e-type=\"container\" data-settings=\"{&quot;animation&quot;:&quot;fadeInUp&quot;}\">\n\t\t\t\t<div class=\"elementor-element elementor-element-ba588d2 numeric-list-whole elementor-icon-list--layout-traditional elementor-list-item-link-full_width elementor-widget elementor-widget-icon-list\" data-id=\"ba588d2\" data-element_type=\"widget\" data-e-type=\"widget\" data-widget_type=\"icon-list.default\">\n\t\t\t\t<div class=\"elementor-widget-container\">\n\t\t\t\t\t\t\t<ul class=\"elementor-icon-list-items\">\n\t\t\t\t\t\t\t<li class=\"elementor-icon-list-item\">\n\t\t\t\t\t\t\t\t\t\t<span class=\"elementor-icon-list-text\">Possibilit\u00e9s d'exportation<\/span>\n\t\t\t\t\t\t\t\t\t<\/li>\n\t\t\t\t\t\t<\/ul>\n\t\t\t\t\t\t<\/div>\n\t\t\t\t<\/div>\n\t\t\t\t<div class=\"elementor-element elementor-element-5ac4762 elementor-widget elementor-widget-text-editor\" data-id=\"5ac4762\" data-element_type=\"widget\" data-e-type=\"widget\" data-widget_type=\"text-editor.default\">\n\t\t\t\t<div class=\"elementor-widget-container\">\n\t\t\t\t\t\t\t\t\tNous assurons le transport au sein de l&rsquo;Union europ\u00e9enne, mais aussi vers la Suisse et l&rsquo;Angleterre. Vous souhaitez faire transporter des marchandises vers un autre pays en dehors de ces destinations ? Renseignez-vous sur les possibilit\u00e9s aupr\u00e8s de notre service client\u00e8le. Nous supposons que vous connaissez les r\u00e8gles d&rsquo;exportation et d&rsquo;importation en vigueur. En tant que membre TICA, vous recevrez une facture avec toutes les informations n\u00e9cessaires, telles que les codes HS, les poids, les montants et les descriptions. Sur cette base, votre transitaire ou une autre partie pourra \u00e9tablir les documents d&rsquo;exportation.     \t\t\t\t\t\t\t\t<\/div>\n\t\t\t\t<\/div>\n\t\t\t\t<\/div>\n\t\t\t\t<\/div>\n\t\t<div class=\"elementor-element elementor-element-950710e e-con-full e-flex e-con e-child\" data-id=\"950710e\" data-element_type=\"container\" data-e-type=\"container\">\n\t\t<div class=\"elementor-element elementor-element-f3335a7 e-con-full e-flex elementor-invisible e-con e-child\" data-id=\"f3335a7\" data-element_type=\"container\" data-e-type=\"container\" data-settings=\"{&quot;animation&quot;:&quot;fadeInUp&quot;}\">\n\t\t\t\t<div class=\"elementor-element elementor-element-f9573f3 numeric-list-whole elementor-icon-list--layout-traditional elementor-list-item-link-full_width elementor-widget elementor-widget-icon-list\" data-id=\"f9573f3\" data-element_type=\"widget\" data-e-type=\"widget\" data-widget_type=\"icon-list.default\">\n\t\t\t\t<div class=\"elementor-widget-container\">\n\t\t\t\t\t\t\t<ul class=\"elementor-icon-list-items\">\n\t\t\t\t\t\t\t<li class=\"elementor-icon-list-item\">\n\t\t\t\t\t\t\t\t\t\t<span class=\"elementor-icon-list-text\">Documents d'importation et d'exportation<\/span>\n\t\t\t\t\t\t\t\t\t<\/li>\n\t\t\t\t\t\t<\/ul>\n\t\t\t\t\t\t<\/div>\n\t\t\t\t<\/div>\n\t\t\t\t<div class=\"elementor-element elementor-element-4b7cc88 elementor-widget elementor-widget-text-editor\" data-id=\"4b7cc88\" data-element_type=\"widget\" data-e-type=\"widget\" data-widget_type=\"text-editor.default\">\n\t\t\t\t<div class=\"elementor-widget-container\">\n\t\t\t\t\t\t\t\t\tLorsque nous organisons l&rsquo;ensemble du transport pour vous, nous nous occupons \u00e9galement des documents d&rsquo;importation et d&rsquo;exportation n\u00e9cessaires. Si vous organisez vous-m\u00eame le transport, vous \u00eates \u00e9galement responsable de la fourniture de ces documents.  \t\t\t\t\t\t\t\t<\/div>\n\t\t\t\t<\/div>\n\t\t\t\t<\/div>\n\t\t<div class=\"elementor-element elementor-element-39c8f71 e-con-full e-flex elementor-invisible e-con e-child\" data-id=\"39c8f71\" data-element_type=\"container\" data-e-type=\"container\" data-settings=\"{&quot;animation&quot;:&quot;fadeInUp&quot;}\">\n\t\t\t\t<div class=\"elementor-element elementor-element-e179192 numeric-list-whole elementor-icon-list--layout-traditional elementor-list-item-link-full_width elementor-widget elementor-widget-icon-list\" data-id=\"e179192\" data-element_type=\"widget\" data-e-type=\"widget\" data-widget_type=\"icon-list.default\">\n\t\t\t\t<div class=\"elementor-widget-container\">\n\t\t\t\t\t\t\t<ul class=\"elementor-icon-list-items\">\n\t\t\t\t\t\t\t<li class=\"elementor-icon-list-item\">\n\t\t\t\t\t\t\t\t\t\t<span class=\"elementor-icon-list-text\">Service d'emballage<\/span>\n\t\t\t\t\t\t\t\t\t<\/li>\n\t\t\t\t\t\t<\/ul>\n\t\t\t\t\t\t<\/div>\n\t\t\t\t<\/div>\n\t\t\t\t<div class=\"elementor-element elementor-element-5fc7730 elementor-widget elementor-widget-text-editor\" data-id=\"5fc7730\" data-element_type=\"widget\" data-e-type=\"widget\" data-widget_type=\"text-editor.default\">\n\t\t\t\t<div class=\"elementor-widget-container\">\n\t\t\t\t\t\t\t\t\t<p>Compl\u00e9tez votre transport avec notre service d&#8217;emballage. Nous emballons vos achats de mani\u00e8re efficace et s\u00fbre, en fonction du volume et de la destination. Les co\u00fbts de transport et d&#8217;emballage sont calcul\u00e9s par commande. Vous souhaitez en savoir plus lors de votre visite ? Demandez \u00e0 nos collaborateurs ou envoyez un message \u00e0 : <a href=\"mailto:info@tica.nl\">info@TICA.nl<\/a>    <\/p><p><span style=\"font-size: 11pt;\"><em>*Attention : TICA n&rsquo;est pas responsable des dommages li\u00e9s au transport, de la casse ou de la perte d&rsquo;articles. Si vous constatez des dommages sur les articles, nous vous conseillons de noter la r\u00e9clamation ou la remarque sur la lettre de voiture du chauffeur. <\/em><\/span><\/p>\t\t\t\t\t\t\t\t<\/div>\n\t\t\t\t<\/div>\n\t\t\t\t<\/div>\n\t\t\t\t<\/div>\n\t\t\t\t\t<\/div>\n\t\t\t\t<\/div>\n\t\t<div class=\"elementor-element elementor-element-6d0fb41 e-flex e-con-boxed e-con e-parent\" data-id=\"6d0fb41\" data-element_type=\"container\" data-e-type=\"container\">\n\t\t\t\t\t<div class=\"e-con-inner\">\n\t\t<div class=\"elementor-element elementor-element-8c19c07 e-con-full e-flex e-con e-child\" data-id=\"8c19c07\" data-element_type=\"container\" data-e-type=\"container\">\n\t\t\t\t<div class=\"elementor-element elementor-element-1181894 elementor-widget elementor-widget-heading\" data-id=\"1181894\" data-element_type=\"widget\" data-e-type=\"widget\" data-widget_type=\"heading.default\">\n\t\t\t\t<div class=\"elementor-widget-container\">\n\t\t\t\t\t<h2 class=\"elementor-heading-title elementor-size-default\">Remboursement de TVA<\/h2>\t\t\t\t<\/div>\n\t\t\t\t<\/div>\n\t\t\t\t<\/div>\n\t\t<div class=\"elementor-element elementor-element-75011d8 e-con-full e-flex e-con e-child\" data-id=\"75011d8\" data-element_type=\"container\" data-e-type=\"container\">\n\t\t<div class=\"elementor-element elementor-element-a4daaac e-con-full e-flex e-con e-child\" data-id=\"a4daaac\" data-element_type=\"container\" data-e-type=\"container\">\n\t\t\t\t<div class=\"elementor-element elementor-element-3a70d43 elementor-widget elementor-widget-heading\" data-id=\"3a70d43\" data-element_type=\"widget\" data-e-type=\"widget\" data-widget_type=\"heading.default\">\n\t\t\t\t<div class=\"elementor-widget-container\">\n\t\t\t\t\t<h3 class=\"elementor-heading-title elementor-size-default\">Profitez du remboursement de TVA<\/h3>\t\t\t\t<\/div>\n\t\t\t\t<\/div>\n\t\t\t\t<div class=\"elementor-element elementor-element-445a89b elementor-widget elementor-widget-text-editor\" data-id=\"445a89b\" data-element_type=\"widget\" data-e-type=\"widget\" data-widget_type=\"text-editor.default\">\n\t\t\t\t<div class=\"elementor-widget-container\">\n\t\t\t\t\t\t\t\t\t<p>En tant que membre TICA hors de l&rsquo;Union europ\u00e9enne, vous pouvez b\u00e9n\u00e9ficier d&rsquo;un remboursement de TVA sur vos achats lifestyle indispensables. Cela signifie encore de meilleures opportunit\u00e9s de marge pour votre magasin ou projet de styling ! Bien que TICA ne puisse pas offrir directement de vente \u00e0 0 %, il existe deux options pour r\u00e9cup\u00e9rer la TVA*. Dans les deux cas, vous recevrez une facture avec TVA.   <\/p>\t\t\t\t\t\t\t\t<\/div>\n\t\t\t\t<\/div>\n\t\t\t\t<div class=\"elementor-element elementor-element-532a25a elementor-widget elementor-widget-heading\" data-id=\"532a25a\" data-element_type=\"widget\" data-e-type=\"widget\" data-widget_type=\"heading.default\">\n\t\t\t\t<div class=\"elementor-widget-container\">\n\t\t\t\t\t<h2 class=\"elementor-heading-title elementor-size-default\">Comment \u00e7a marche ?<\/h2>\t\t\t\t<\/div>\n\t\t\t\t<\/div>\n\t\t\t\t<div class=\"elementor-element elementor-element-3ea1276 elementor-widget elementor-widget-text-editor\" data-id=\"3ea1276\" data-element_type=\"widget\" data-e-type=\"widget\" data-widget_type=\"text-editor.default\">\n\t\t\t\t<div class=\"elementor-widget-container\">\n\t\t\t\t\t\t\t\t\t<p>Vous habitez en dehors de l&rsquo;Union europ\u00e9enne et vous avez pr\u00e9vu une visite d&rsquo;achat chez TICA ? Signalez-le \u00e0 l&rsquo;avance via <a href=\"mailto:klantenservice@tica.nl\">klantenservice@TICA.nl<\/a> ou \u00e0 la r\u00e9ception \u00e0 votre arriv\u00e9e. Ensuite, deux options s&rsquo;offrent \u00e0 vous.  <\/p>\t\t\t\t\t\t\t\t<\/div>\n\t\t\t\t<\/div>\n\t\t\t\t<\/div>\n\t\t\t\t<\/div>\n\t\t\t\t\t<\/div>\n\t\t\t\t<\/div>\n\t\t<div class=\"elementor-element elementor-element-8372306 e-flex e-con-boxed e-con e-parent\" data-id=\"8372306\" data-element_type=\"container\" data-e-type=\"container\">\n\t\t\t\t\t<div class=\"e-con-inner\">\n\t\t<div class=\"elementor-element elementor-element-869fdc9 e-con-full e-flex e-con e-child\" data-id=\"869fdc9\" data-element_type=\"container\" data-e-type=\"container\">\n\t\t<div class=\"elementor-element elementor-element-2d8b79d e-con-full e-flex elementor-invisible e-con e-child\" data-id=\"2d8b79d\" data-element_type=\"container\" data-e-type=\"container\" data-settings=\"{&quot;animation&quot;:&quot;fadeInUp&quot;}\">\n\t\t\t\t<div class=\"elementor-element elementor-element-4c856fc elementor-widget elementor-widget-heading\" data-id=\"4c856fc\" data-element_type=\"widget\" data-e-type=\"widget\" data-widget_type=\"heading.default\">\n\t\t\t\t<div class=\"elementor-widget-container\">\n\t\t\t\t\t<h3 class=\"elementor-heading-title elementor-size-default\">1. Vous recevez une facture avec TVA mais payez sans TVA<\/h3>\t\t\t\t<\/div>\n\t\t\t\t<\/div>\n\t\t\t\t<div class=\"elementor-element elementor-element-1ca1b96 elementor-widget elementor-widget-text-editor\" data-id=\"1ca1b96\" data-element_type=\"widget\" data-e-type=\"widget\" data-widget_type=\"text-editor.default\">\n\t\t\t\t<div class=\"elementor-widget-container\">\n\t\t\t\t\t\t\t\t\t<p>Vous faites vos achats et les faites scanner \u00e0 la caisse. Ensuite, la facture, TVA incluse, est \u00e9tablie. En signant le document \u00abGarantie TVA\u00a0\u00bb, vous pouvez payer la facture sans TVA. Une fois le paiement effectu\u00e9, les articles peuvent \u00eatre emball\u00e9s. Apr\u00e8s avoir fourni \u00e9galement une copie de votre passeport, la documentation de l&rsquo;entreprise et un document d&rsquo;accompagnement \u00e0 l&rsquo;exportation, le transport peut \u00eatre lib\u00e9r\u00e9.    <\/p>\t\t\t\t\t\t\t\t<\/div>\n\t\t\t\t<\/div>\n\t\t\t\t<\/div>\n\t\t<div class=\"elementor-element elementor-element-eea5aae e-con-full e-flex elementor-invisible e-con e-child\" data-id=\"eea5aae\" data-element_type=\"container\" data-e-type=\"container\" data-settings=\"{&quot;animation&quot;:&quot;fadeInUp&quot;}\">\n\t\t\t\t<div class=\"elementor-element elementor-element-ec4e868 elementor-widget elementor-widget-heading\" data-id=\"ec4e868\" data-element_type=\"widget\" data-e-type=\"widget\" data-widget_type=\"heading.default\">\n\t\t\t\t<div class=\"elementor-widget-container\">\n\t\t\t\t\t<h3 class=\"elementor-heading-title elementor-size-default\">2. Vous recevez et payez une facture avec TVA et TICA s'occupe du remboursement de la TVA<\/h3>\t\t\t\t<\/div>\n\t\t\t\t<\/div>\n\t\t\t\t<div class=\"elementor-element elementor-element-6be3797 elementor-widget elementor-widget-text-editor\" data-id=\"6be3797\" data-element_type=\"widget\" data-e-type=\"widget\" data-widget_type=\"text-editor.default\">\n\t\t\t\t<div class=\"elementor-widget-container\">\n\t\t\t\t\t\t\t\t\t<p>Vous faites vos achats et faites scanner les articles \u00e0 la caisse. Apr\u00e8s paiement, les achats peuvent \u00eatre emport\u00e9s et transport\u00e9s imm\u00e9diatement. Une fois tous les documents n\u00e9cessaires fournis (comme une copie de votre passeport, le document d&rsquo;accompagnement \u00e0 l&rsquo;exportation et votre num\u00e9ro de compte bancaire), TICA s&rsquo;assure que le remboursement de la TVA soit trait\u00e9 (dans un d\u00e9lai de six mois).  <\/p>\t\t\t\t\t\t\t\t<\/div>\n\t\t\t\t<\/div>\n\t\t\t\t<\/div>\n\t\t\t\t<\/div>\n\t\t\t\t\t<\/div>\n\t\t\t\t<\/div>\n\t\t\t\t<\/div>\n\t\t","protected":false},"excerpt":{"rendered":"<p>Service de transport et d&#8217;emballage Service de transport et d&#8217;emballage Acheter chez TICA est toujours inspirant, mais organiser le transport vers votre magasin ou votre projet peut parfois \u00eatre moins agr\u00e9able. L&#8217;emballage, le chargement et le d\u00e9chargement des produits prennent souvent beaucoup de temps. C&rsquo;est pourquoi nous sommes l\u00e0 pour vous aider ! Utilisez notre [&hellip;]<\/p>\n","protected":false},"author":2,"featured_media":14405,"parent":0,"menu_order":0,"comment_status":"closed","ping_status":"closed","template":"","meta":{"_acf_changed":false,"footnotes":""},"class_list":["post-14438","page","type-page","status-publish","has-post-thumbnail","hentry"],"acf":[],"_links":{"self":[{"href":"https:\/\/tica.nl\/fr\/wp-json\/wp\/v2\/pages\/14438","targetHints":{"allow":["GET"]}}],"collection":[{"href":"https:\/\/tica.nl\/fr\/wp-json\/wp\/v2\/pages"}],"about":[{"href":"https:\/\/tica.nl\/fr\/wp-json\/wp\/v2\/types\/page"}],"author":[{"embeddable":true,"href":"https:\/\/tica.nl\/fr\/wp-json\/wp\/v2\/users\/2"}],"replies":[{"embeddable":true,"href":"https:\/\/tica.nl\/fr\/wp-json\/wp\/v2\/comments?post=14438"}],"version-history":[{"count":0,"href":"https:\/\/tica.nl\/fr\/wp-json\/wp\/v2\/pages\/14438\/revisions"}],"wp:featuredmedia":[{"embeddable":true,"href":"https:\/\/tica.nl\/fr\/wp-json\/wp\/v2\/media\/14405"}],"wp:attachment":[{"href":"https:\/\/tica.nl\/fr\/wp-json\/wp\/v2\/media?parent=14438"}],"curies":[{"name":"wp","href":"https:\/\/api.w.org\/{rel}","templated":true}]}}