{"id":14315,"date":"2025-08-18T07:53:35","date_gmt":"2025-08-18T06:53:35","guid":{"rendered":"https:\/\/tica.nl\/visite-guidee-pour-etudiants\/"},"modified":"2025-08-27T07:53:54","modified_gmt":"2025-08-27T06:53:54","slug":"visite-guidee-pour-etudiants","status":"publish","type":"page","link":"https:\/\/tica.nl\/fr\/visite-guidee-pour-etudiants\/","title":{"rendered":"Visite guid\u00e9e pour \u00e9tudiants"},"content":{"rendered":"\t\t<div data-elementor-type=\"wp-page\" data-elementor-id=\"14315\" class=\"elementor elementor-14315 elementor-12409\" data-elementor-post-type=\"page\">\n\t\t\t\t<div data-dce-background-image-url=\"https:\/\/tica.nl\/wp-content\/uploads\/2025\/07\/header-event-detail-paginas-2560x1608-9.png.webp\" class=\"elementor-element elementor-element-29f847e0 e-con-full e-flex e-con e-parent\" data-id=\"29f847e0\" data-element_type=\"container\" data-e-type=\"container\" data-settings=\"{&quot;background_background&quot;:&quot;classic&quot;}\">\n\t\t<div class=\"elementor-element elementor-element-e69953b e-flex e-con-boxed e-con e-child\" data-id=\"e69953b\" data-element_type=\"container\" data-e-type=\"container\">\n\t\t\t\t\t<div class=\"e-con-inner\">\n\t\t<div class=\"elementor-element elementor-element-2b0f77c e-con-full e-flex e-con e-child\" data-id=\"2b0f77c\" data-element_type=\"container\" data-e-type=\"container\">\n\t\t\t\t<div class=\"elementor-element elementor-element-cca982d elementor-widget elementor-widget-heading\" data-id=\"cca982d\" data-element_type=\"widget\" data-e-type=\"widget\" data-widget_type=\"heading.default\">\n\t\t\t\t<div class=\"elementor-widget-container\">\n\t\t\t\t\t<h1 class=\"elementor-heading-title elementor-size-default\">Visite guid\u00e9e pour \u00e9tudiants<\/h1>\t\t\t\t<\/div>\n\t\t\t\t<\/div>\n\t\t\t\t<div class=\"elementor-element elementor-element-88ac110 elementor-widget__width-initial elementor-widget elementor-widget-text-editor\" data-id=\"88ac110\" data-element_type=\"widget\" data-e-type=\"widget\" data-widget_type=\"text-editor.default\">\n\t\t\t\t<div class=\"elementor-widget-container\">\n\t\t\t\t\t\t\t\t\t<p>Les \u00e9tudiants en commerce, vente au d\u00e9tail, logistique, mode, d\u00e9coration d&rsquo;int\u00e9rieur et art floral sont les bienvenus pour une visite inspirante chez TICA Aalsmeer ou TICA Venlo. D\u00e9couvrez le fonctionnement de notre commerce de gros et acqu\u00e9rez des connaissances pr\u00e9cieuses pour votre avenir.<\/p>\t\t\t\t\t\t\t\t<\/div>\n\t\t\t\t<\/div>\n\t\t\t\t<div class=\"elementor-element elementor-element-597a21b elementor-widget__width-initial elementor-widget elementor-widget-text-editor\" data-id=\"597a21b\" data-element_type=\"widget\" data-e-type=\"widget\" data-widget_type=\"text-editor.default\">\n\t\t\t\t<div class=\"elementor-widget-container\">\n\t\t\t\t\t\t\t\t\t<p><em>\u00cates-vous int\u00e9ress\u00e9 par une visite scolaire chez TICA ? Cliquez <a href=\"https:\/\/propertyworks.wufoo.com\/forms\/p1y1az9h15ne2ld\/\" target=\"_blank\" rel=\"noopener\">ici<\/a> et notre Coordinateur d&rsquo;\u00c9v\u00e9nements vous contactera dans les plus brefs d\u00e9lais.<\/em><\/p>\t\t\t\t\t\t\t\t<\/div>\n\t\t\t\t<\/div>\n\t\t\t\t<\/div>\n\t\t\t\t\t<\/div>\n\t\t\t\t<\/div>\n\t\t\t\t<\/div>\n\t\t<div class=\"elementor-element elementor-element-c1563fc e-con-full e-flex e-con e-parent\" data-id=\"c1563fc\" data-element_type=\"container\" data-e-type=\"container\">\n\t\t<div class=\"elementor-element elementor-element-b316a2a e-con-full e-flex e-con e-child\" data-id=\"b316a2a\" data-element_type=\"container\" data-e-type=\"container\">\n\t\t\t\t<div class=\"elementor-element elementor-element-934558e elementor-invisible elementor-widget elementor-widget-heading\" data-id=\"934558e\" data-element_type=\"widget\" data-e-type=\"widget\" data-settings=\"{&quot;_animation&quot;:&quot;fadeInUp&quot;}\" data-widget_type=\"heading.default\">\n\t\t\t\t<div class=\"elementor-widget-container\">\n\t\t\t\t\t<h2 class=\"elementor-heading-title elementor-size-default\">Programme<\/h2>\t\t\t\t<\/div>\n\t\t\t\t<\/div>\n\t\t\t\t<div class=\"elementor-element elementor-element-8ec53de elementor-invisible elementor-widget elementor-widget-text-editor\" data-id=\"8ec53de\" data-element_type=\"widget\" data-e-type=\"widget\" data-settings=\"{&quot;_animation&quot;:&quot;fadeInUp&quot;,&quot;_animation_delay&quot;:200}\" data-widget_type=\"text-editor.default\">\n\t\t\t\t<div class=\"elementor-widget-container\">\n\t\t\t\t\t\t\t\t\t<p>Une visite chez TICA dure environ une heure. Les \u00e9tudiants sont accueillis \u00e0 l&rsquo;entr\u00e9e et re\u00e7oivent une pr\u00e9sentation de TICA dans la salle de pr\u00e9sentation. Ensuite commence la visite guid\u00e9e de notre \u00e9tablissement de 20 000 m\u00b2, avec de nombreuses opportunit\u00e9s pour poser des questions.<\/p><p>Pendant cette visite, les \u00e9tudiants trouvent une inspiration pr\u00e9cieuse pour leur formation, d\u00e9couvrent le fonctionnement d&rsquo;un centre d&rsquo;achat et obtiennent un aper\u00e7u des opportunit\u00e9s professionnelles pour l&rsquo;avenir. Une exp\u00e9rience qui pourra s&rsquo;av\u00e9rer utile plus tard \u2013 peut-\u00eatre m\u00eame en tant que futur membre TICA ou exposant TICA !<\/p>\t\t\t\t\t\t\t\t<\/div>\n\t\t\t\t<\/div>\n\t\t\t\t<div class=\"elementor-element elementor-element-fe495bc elementor-widget__width-auto elementor-invisible elementor-widget elementor-widget-button\" data-id=\"fe495bc\" data-element_type=\"widget\" data-e-type=\"widget\" data-settings=\"{&quot;_animation&quot;:&quot;fadeInUp&quot;,&quot;_animation_delay&quot;:300}\" data-widget_type=\"button.default\">\n\t\t\t\t<div class=\"elementor-widget-container\">\n\t\t\t\t\t\t\t\t\t<div class=\"elementor-button-wrapper\">\n\t\t\t\t\t<a class=\"elementor-button elementor-button-link elementor-size-sm\" href=\"https:\/\/propertyworks.wufoo.com\/forms\/p1y1az9h15ne2ld\/\" target=\"_blank\" rel=\"noopener\">\n\t\t\t\t\t\t<span class=\"elementor-button-content-wrapper\">\n\t\t\t\t\t\t\t\t\t<span class=\"elementor-button-text\">Inscription pour une visite scolaire<\/span>\n\t\t\t\t\t<\/span>\n\t\t\t\t\t<\/a>\n\t\t\t\t<\/div>\n\t\t\t\t\t\t\t\t<\/div>\n\t\t\t\t<\/div>\n\t\t\t\t<\/div>\n\t\t<div class=\"elementor-element elementor-element-81ccd3e e-con-full e-flex e-con e-child\" data-id=\"81ccd3e\" data-element_type=\"container\" data-e-type=\"container\">\n\t\t\t\t<div class=\"elementor-element elementor-element-2f25cc8 dce_masking-none elementor-widget elementor-widget-image\" data-id=\"2f25cc8\" data-element_type=\"widget\" data-e-type=\"widget\" data-widget_type=\"image.default\">\n\t\t\t\t<div class=\"elementor-widget-container\">\n\t\t\t\t\t\t\t\t\t\t\t\t\t\t\t<img decoding=\"async\" src=\"https:\/\/tica.nl\/wp-content\/uploads\/2025\/07\/event-detail-paginas-afbeelding-groot-9.png.webp\" title=\"TICA_evenements_Visite_scolaire_Visite_guidee_pour_etudiants\" alt=\"TICA_evenements_Visite_scolaire_Visite_guidee_pour_etudiants\" loading=\"lazy\" \/>\t\t\t\t\t\t\t\t\t\t\t\t\t\t\t<\/div>\n\t\t\t\t<\/div>\n\t\t\t\t<\/div>\n\t\t\t\t<\/div>\n\t\t<div class=\"elementor-element elementor-element-994b69b e-flex e-con-boxed e-con e-parent\" data-id=\"994b69b\" data-element_type=\"container\" data-e-type=\"container\">\n\t\t\t\t\t<div class=\"e-con-inner\">\n\t\t\t\t<div class=\"elementor-element elementor-element-ddd6913 elementor-widget elementor-widget-spacer\" data-id=\"ddd6913\" data-element_type=\"widget\" data-e-type=\"widget\" data-widget_type=\"spacer.default\">\n\t\t\t\t<div class=\"elementor-widget-container\">\n\t\t\t\t\t\t\t<div class=\"elementor-spacer\">\n\t\t\t<div class=\"elementor-spacer-inner\"><\/div>\n\t\t<\/div>\n\t\t\t\t\t\t<\/div>\n\t\t\t\t<\/div>\n\t\t\t\t\t<\/div>\n\t\t\t\t<\/div>\n\t\t<div class=\"elementor-element elementor-element-01a1d9f e-con-full e-flex e-con e-parent\" data-id=\"01a1d9f\" data-element_type=\"container\" data-e-type=\"container\">\n\t\t<div class=\"elementor-element elementor-element-7b9e1fe e-con-full e-flex e-con e-child\" data-id=\"7b9e1fe\" data-element_type=\"container\" data-e-type=\"container\" data-settings=\"{&quot;background_background&quot;:&quot;classic&quot;}\">\n\t\t\t\t<div class=\"elementor-element elementor-element-b638a83 dce_masking-none elementor-widget elementor-widget-image\" data-id=\"b638a83\" data-element_type=\"widget\" data-e-type=\"widget\" data-widget_type=\"image.default\">\n\t\t\t\t<div class=\"elementor-widget-container\">\n\t\t\t\t\t\t\t\t\t\t\t\t\t\t\t<img decoding=\"async\" src=\"https:\/\/tica.nl\/wp-content\/uploads\/2025\/07\/event-detail-paginas-afbeelding-groot-2-1.png.webp\" title=\"TICA_evenements_conseil_art_floral\" alt=\"TICA_evenements_conseil_art_floral\" loading=\"lazy\" \/>\t\t\t\t\t\t\t\t\t\t\t\t\t\t\t<\/div>\n\t\t\t\t<\/div>\n\t\t\t\t<\/div>\n\t\t<div class=\"elementor-element elementor-element-b30fca1 e-con-full e-flex e-con e-child\" data-id=\"b30fca1\" data-element_type=\"container\" data-e-type=\"container\">\n\t\t<div class=\"elementor-element elementor-element-561f165 e-con-full e-flex e-con e-child\" data-id=\"561f165\" data-element_type=\"container\" data-e-type=\"container\">\n\t\t\t\t<div class=\"elementor-element elementor-element-096c445 elementor-widget elementor-widget-heading\" data-id=\"096c445\" data-element_type=\"widget\" data-e-type=\"widget\" data-widget_type=\"heading.default\">\n\t\t\t\t<div class=\"elementor-widget-container\">\n\t\t\t\t\t<h2 class=\"elementor-heading-title elementor-size-default\">Avant votre venue<\/h2>\t\t\t\t<\/div>\n\t\t\t\t<\/div>\n\t\t\t\t<div class=\"elementor-element elementor-element-2e30296 elementor-widget elementor-widget-text-editor\" data-id=\"2e30296\" data-element_type=\"widget\" data-e-type=\"widget\" data-widget_type=\"text-editor.default\">\n\t\t\t\t<div class=\"elementor-widget-container\">\n\t\t\t\t\t\t\t\t\t<p>Nous nous faisons un plaisir de guider les \u00e9tudiants \u00e0 travers notre \u00e9tablissement. Bien entendu, certaines r\u00e8gles s&rsquo;appliquent chez TICA que nous souhaitons vous pr\u00e9senter \u00e0 l&rsquo;avance :<\/p><ul><li>\u00c0 l&rsquo;entr\u00e9e, les \u00e9l\u00e8ves re\u00e7oivent un badge \u00ab \u00e9tudiant \u00bb pour clarifier leur statut aupr\u00e8s de nos membres TICA, \u00e9tant donn\u00e9 que nous appliquons normalement une politique d&rsquo;admission stricte.<\/li><li>Les \u00e9l\u00e8ves ne sont pas autoris\u00e9s \u00e0 effectuer des achats.<\/li><li>La prise de photos est autoris\u00e9e, \u00e0 condition qu&rsquo;aucun prix ne soit visible.<\/li><\/ul>\t\t\t\t\t\t\t\t<\/div>\n\t\t\t\t<\/div>\n\t\t\t\t<div class=\"elementor-element elementor-element-55ef9b5 elementor-widget elementor-widget-text-editor\" data-id=\"55ef9b5\" data-element_type=\"widget\" data-e-type=\"widget\" data-widget_type=\"text-editor.default\">\n\t\t\t\t<div class=\"elementor-widget-container\">\n\t\t\t\t\t\t\t\t\t<p>Il est \u00e9galement important de noter que la visite scolaire fait l&rsquo;objet d&rsquo;un accord de troc. Cela signifie que l&rsquo;\u00e9tablissement de formation doit promouvoir TICA sur les r\u00e9seaux sociaux pendant ou apr\u00e8s la visite. Nous demandons pour cela : <strong>2 publications ou stories sur les r\u00e9seaux sociaux<\/strong> (mentionnant @tica_b2b) et un <strong>bref article<\/strong> sur le site web et\/ou dans la newsletter avec un lien vers TICA.nl.<\/p><p><em>Attention : TICA d\u00e9termine apr\u00e8s la demande si la formation r\u00e9pond aux crit\u00e8res d&rsquo;admission.<\/em><\/p>\t\t\t\t\t\t\t\t<\/div>\n\t\t\t\t<\/div>\n\t\t\t\t<\/div>\n\t\t\t\t<\/div>\n\t\t\t\t<\/div>\n\t\t<div class=\"elementor-element elementor-element-31572a3 e-con-full e-flex e-con e-parent\" data-id=\"31572a3\" data-element_type=\"container\" data-e-type=\"container\">\n\t\t<div data-dce-background-color=\"#2121BF\" class=\"elementor-element elementor-element-b90454a e-con-full e-flex e-con e-child\" data-id=\"b90454a\" data-element_type=\"container\" data-e-type=\"container\" data-settings=\"{&quot;background_background&quot;:&quot;classic&quot;}\">\n\t\t<div class=\"elementor-element elementor-element-420bc53 e-con-full e-flex e-con e-child\" data-id=\"420bc53\" data-element_type=\"container\" data-e-type=\"container\">\n\t\t\t\t<div class=\"elementor-element elementor-element-a2cff6b elementor-invisible elementor-widget elementor-widget-heading\" data-id=\"a2cff6b\" data-element_type=\"widget\" data-e-type=\"widget\" data-settings=\"{&quot;_animation&quot;:&quot;fadeInUp&quot;}\" data-widget_type=\"heading.default\">\n\t\t\t\t<div class=\"elementor-widget-container\">\n\t\t\t\t\t<h2 class=\"elementor-heading-title elementor-size-default\">Prochains\n\u00e9v\u00e9nements<\/h2>\t\t\t\t<\/div>\n\t\t\t\t<\/div>\n\t\t\t\t<div data-dce-background-color=\"#FFFFFF00\" class=\"elementor-element elementor-element-bb6576b elementor-widget__width-auto elementor-invisible elementor-widget elementor-widget-button\" data-id=\"bb6576b\" data-element_type=\"widget\" data-e-type=\"widget\" data-settings=\"{&quot;_animation&quot;:&quot;fadeInUp&quot;,&quot;_animation_delay&quot;:250}\" data-widget_type=\"button.default\">\n\t\t\t\t<div class=\"elementor-widget-container\">\n\t\t\t\t\t\t\t\t\t<div class=\"elementor-button-wrapper\">\n\t\t\t\t\t<a class=\"elementor-button elementor-button-link elementor-size-sm\" href=\"https:\/\/tica.nl\/evenementen\/\">\n\t\t\t\t\t\t<span class=\"elementor-button-content-wrapper\">\n\t\t\t\t\t\t\t\t\t<span class=\"elementor-button-text\">Voir les \u00e9v\u00e9nements<\/span>\n\t\t\t\t\t<\/span>\n\t\t\t\t\t<\/a>\n\t\t\t\t<\/div>\n\t\t\t\t\t\t\t\t<\/div>\n\t\t\t\t<\/div>\n\t\t\t\t<\/div>\n\t\t<div class=\"elementor-element elementor-element-076af23 e-con-full e-flex e-con e-child\" data-id=\"076af23\" data-element_type=\"container\" data-e-type=\"container\">\n\t\t\t\t<div class=\"elementor-element elementor-element-9d942c4 elementor-invisible elementor-widget elementor-widget-shortcode\" data-id=\"9d942c4\" data-element_type=\"widget\" data-e-type=\"widget\" data-settings=\"{&quot;_animation&quot;:&quot;fadeIn&quot;}\" data-widget_type=\"shortcode.default\">\n\t\t\t\t<div class=\"elementor-widget-container\">\n\t\t\t\t\t\t\t<div class=\"elementor-shortcode\">        <div class=\"event-slider dots-slider\">\n                            <div class=\"box-slide\">\n                    <div class=\"slide-inner\" style=\"background-image: url('https:\/\/tica.nl\/wp-content\/uploads\/2025\/03\/TICA_evenementen_DuitseFeestdag_uitgelicht.png-768x1152.webp');\">\n                        <a class=\"whole-click\" href=\"https:\/\/tica.nl\/fr\/event\/jour-ferie-allemand\/\"><\/a>\n                        <a class=\"top-icon\" href=\"https:\/\/tica.nl\/fr\/event\/jour-ferie-allemand\/\">\n                            <svg xmlns=\"http:\/\/www.w3.org\/2000\/svg\" width=\"16\" height=\"16\" viewBox=\"0 0 16 16\" fill=\"none\">\n                                <path d=\"M1.2846 15.2844C0.978664 14.9784 0.826812 14.6242 0.823322 14.2182C0.819893 13.8123 0.965625 13.4614 1.26526 13.1617L10.6379 3.78904L10.3996 3.78696L3.83405 3.73172C3.44813 3.72843 3.10306 3.57795 2.79618 3.27114C2.48922 2.96418 2.33816 2.6186 2.3349 2.23257C2.33171 1.84682 2.4768 1.5051 2.77753 1.20437C3.0783 0.903669 3.41995 0.758475 3.80574 0.761735L14.2197 0.850814C14.6477 0.854432 15.001 0.998272 15.2859 1.28309C15.5707 1.5679 15.7145 1.92122 15.7181 2.34927L15.8072 12.7632C15.8105 13.149 15.6653 13.4907 15.3646 13.7914C15.0639 14.0922 14.7221 14.2372 14.3364 14.2341C13.9504 14.2308 13.6048 14.0797 13.2978 13.7728C12.991 13.4659 12.8405 13.1208 12.8372 12.7349L12.782 6.16931L12.7799 5.93107L3.4073 15.3037C3.10754 15.6033 2.75669 15.7491 2.35078 15.7456C1.94473 15.7421 1.59053 15.5903 1.2846 15.2844Z\" fill=\"black\" stroke=\"white\" stroke-width=\"0.2\"\/>\n                            <\/svg>\n                        <\/a>\n                        <div class=\"slide-caption\">\n                            <h3>Jour f\u00e9ri\u00e9 allemand<\/h3>\n                            <p>1 mai 2026<\/p>\n                        <\/div>\n                    <\/div>\n                <\/div>\n                            <div class=\"box-slide\">\n                    <div class=\"slide-inner\" style=\"background-image: url('https:\/\/tica.nl\/wp-content\/uploads\/2026\/01\/TICA_evenementen_Voucheractie_mei_uitgelicht.png-768x1152.webp');\">\n                        <a class=\"whole-click\" href=\"https:\/\/tica.nl\/fr\/event\/action-de-reduction-tica-bruxelles-2\/\"><\/a>\n                        <a class=\"top-icon\" href=\"https:\/\/tica.nl\/fr\/event\/action-de-reduction-tica-bruxelles-2\/\">\n                            <svg xmlns=\"http:\/\/www.w3.org\/2000\/svg\" width=\"16\" height=\"16\" viewBox=\"0 0 16 16\" fill=\"none\">\n                                <path d=\"M1.2846 15.2844C0.978664 14.9784 0.826812 14.6242 0.823322 14.2182C0.819893 13.8123 0.965625 13.4614 1.26526 13.1617L10.6379 3.78904L10.3996 3.78696L3.83405 3.73172C3.44813 3.72843 3.10306 3.57795 2.79618 3.27114C2.48922 2.96418 2.33816 2.6186 2.3349 2.23257C2.33171 1.84682 2.4768 1.5051 2.77753 1.20437C3.0783 0.903669 3.41995 0.758475 3.80574 0.761735L14.2197 0.850814C14.6477 0.854432 15.001 0.998272 15.2859 1.28309C15.5707 1.5679 15.7145 1.92122 15.7181 2.34927L15.8072 12.7632C15.8105 13.149 15.6653 13.4907 15.3646 13.7914C15.0639 14.0922 14.7221 14.2372 14.3364 14.2341C13.9504 14.2308 13.6048 14.0797 13.2978 13.7728C12.991 13.4659 12.8405 13.1208 12.8372 12.7349L12.782 6.16931L12.7799 5.93107L3.4073 15.3037C3.10754 15.6033 2.75669 15.7491 2.35078 15.7456C1.94473 15.7421 1.59053 15.5903 1.2846 15.2844Z\" fill=\"black\" stroke=\"white\" stroke-width=\"0.2\"\/>\n                            <\/svg>\n                        <\/a>\n                        <div class=\"slide-caption\">\n                            <h3>Action de r\u00e9duction TICA Bruxelles<\/h3>\n                            <p>18 mai 2026<\/p>\n                        <\/div>\n                    <\/div>\n                <\/div>\n                            <div class=\"box-slide\">\n                    <div class=\"slide-inner\" style=\"background-image: url('https:\/\/tica.nl\/wp-content\/uploads\/2026\/01\/netwerkbbq_uitgelichte.png-768x1152.webp');\">\n                        <a class=\"whole-click\" href=\"https:\/\/tica.nl\/fr\/event\/barbecue-de-reseautage\/\"><\/a>\n                        <a class=\"top-icon\" href=\"https:\/\/tica.nl\/fr\/event\/barbecue-de-reseautage\/\">\n                            <svg xmlns=\"http:\/\/www.w3.org\/2000\/svg\" width=\"16\" height=\"16\" viewBox=\"0 0 16 16\" fill=\"none\">\n                                <path d=\"M1.2846 15.2844C0.978664 14.9784 0.826812 14.6242 0.823322 14.2182C0.819893 13.8123 0.965625 13.4614 1.26526 13.1617L10.6379 3.78904L10.3996 3.78696L3.83405 3.73172C3.44813 3.72843 3.10306 3.57795 2.79618 3.27114C2.48922 2.96418 2.33816 2.6186 2.3349 2.23257C2.33171 1.84682 2.4768 1.5051 2.77753 1.20437C3.0783 0.903669 3.41995 0.758475 3.80574 0.761735L14.2197 0.850814C14.6477 0.854432 15.001 0.998272 15.2859 1.28309C15.5707 1.5679 15.7145 1.92122 15.7181 2.34927L15.8072 12.7632C15.8105 13.149 15.6653 13.4907 15.3646 13.7914C15.0639 14.0922 14.7221 14.2372 14.3364 14.2341C13.9504 14.2308 13.6048 14.0797 13.2978 13.7728C12.991 13.4659 12.8405 13.1208 12.8372 12.7349L12.782 6.16931L12.7799 5.93107L3.4073 15.3037C3.10754 15.6033 2.75669 15.7491 2.35078 15.7456C1.94473 15.7421 1.59053 15.5903 1.2846 15.2844Z\" fill=\"black\" stroke=\"white\" stroke-width=\"0.2\"\/>\n                            <\/svg>\n                        <\/a>\n                        <div class=\"slide-caption\">\n                            <h3>Barbecue de r\u00e9seautage<\/h3>\n                            <p>21 mai 2026<\/p>\n                        <\/div>\n                    <\/div>\n                <\/div>\n                            <div class=\"box-slide\">\n                    <div class=\"slide-inner\" style=\"background-image: url('https:\/\/tica.nl\/wp-content\/uploads\/2026\/01\/TICA_evenementen_EndOfCollectionWeek_Trademart_uitgelicht.png-768x1152.webp');\">\n                        <a class=\"whole-click\" href=\"https:\/\/tica.nl\/fr\/event\/fin-de-la-semaine-de-la-collection\/\"><\/a>\n                        <a class=\"top-icon\" href=\"https:\/\/tica.nl\/fr\/event\/fin-de-la-semaine-de-la-collection\/\">\n                            <svg xmlns=\"http:\/\/www.w3.org\/2000\/svg\" width=\"16\" height=\"16\" viewBox=\"0 0 16 16\" fill=\"none\">\n                                <path d=\"M1.2846 15.2844C0.978664 14.9784 0.826812 14.6242 0.823322 14.2182C0.819893 13.8123 0.965625 13.4614 1.26526 13.1617L10.6379 3.78904L10.3996 3.78696L3.83405 3.73172C3.44813 3.72843 3.10306 3.57795 2.79618 3.27114C2.48922 2.96418 2.33816 2.6186 2.3349 2.23257C2.33171 1.84682 2.4768 1.5051 2.77753 1.20437C3.0783 0.903669 3.41995 0.758475 3.80574 0.761735L14.2197 0.850814C14.6477 0.854432 15.001 0.998272 15.2859 1.28309C15.5707 1.5679 15.7145 1.92122 15.7181 2.34927L15.8072 12.7632C15.8105 13.149 15.6653 13.4907 15.3646 13.7914C15.0639 14.0922 14.7221 14.2372 14.3364 14.2341C13.9504 14.2308 13.6048 14.0797 13.2978 13.7728C12.991 13.4659 12.8405 13.1208 12.8372 12.7349L12.782 6.16931L12.7799 5.93107L3.4073 15.3037C3.10754 15.6033 2.75669 15.7491 2.35078 15.7456C1.94473 15.7421 1.59053 15.5903 1.2846 15.2844Z\" fill=\"black\" stroke=\"white\" stroke-width=\"0.2\"\/>\n                            <\/svg>\n                        <\/a>\n                        <div class=\"slide-caption\">\n                            <h3>Fin de la semaine de la collection<\/h3>\n                            <p>6 juin 2026<\/p>\n                        <\/div>\n                    <\/div>\n                <\/div>\n                    <\/div>\n\n    <\/div>\n\t\t\t\t\t\t<\/div>\n\t\t\t\t<\/div>\n\t\t\t\t<\/div>\n\t\t\t\t<\/div>\n\t\t\t\t<\/div>\n\t\t\t\t<\/div>\n\t\t","protected":false},"excerpt":{"rendered":"<p>Visite guid\u00e9e pour \u00e9tudiants Les \u00e9tudiants en commerce, vente au d\u00e9tail, logistique, mode, d\u00e9coration d&rsquo;int\u00e9rieur et art floral sont les bienvenus pour une visite inspirante chez TICA Aalsmeer ou TICA Venlo. D\u00e9couvrez le fonctionnement de notre commerce de gros et acqu\u00e9rez des connaissances pr\u00e9cieuses pour votre avenir. \u00cates-vous int\u00e9ress\u00e9 par une visite scolaire chez TICA [&hellip;]<\/p>\n","protected":false},"author":2,"featured_media":14317,"parent":0,"menu_order":0,"comment_status":"closed","ping_status":"closed","template":"","meta":{"_acf_changed":false,"footnotes":""},"class_list":["post-14315","page","type-page","status-publish","has-post-thumbnail","hentry"],"acf":[],"_links":{"self":[{"href":"https:\/\/tica.nl\/fr\/wp-json\/wp\/v2\/pages\/14315","targetHints":{"allow":["GET"]}}],"collection":[{"href":"https:\/\/tica.nl\/fr\/wp-json\/wp\/v2\/pages"}],"about":[{"href":"https:\/\/tica.nl\/fr\/wp-json\/wp\/v2\/types\/page"}],"author":[{"embeddable":true,"href":"https:\/\/tica.nl\/fr\/wp-json\/wp\/v2\/users\/2"}],"replies":[{"embeddable":true,"href":"https:\/\/tica.nl\/fr\/wp-json\/wp\/v2\/comments?post=14315"}],"version-history":[{"count":0,"href":"https:\/\/tica.nl\/fr\/wp-json\/wp\/v2\/pages\/14315\/revisions"}],"wp:featuredmedia":[{"embeddable":true,"href":"https:\/\/tica.nl\/fr\/wp-json\/wp\/v2\/media\/14317"}],"wp:attachment":[{"href":"https:\/\/tica.nl\/fr\/wp-json\/wp\/v2\/media?parent=14315"}],"curies":[{"name":"wp","href":"https:\/\/api.w.org\/{rel}","templated":true}]}}