{"id":16128,"date":"2025-07-05T23:14:58","date_gmt":"2025-07-05T22:14:58","guid":{"rendered":"https:\/\/tica.nl\/lassen-sie-sich-inspirieren\/"},"modified":"2025-09-03T06:59:24","modified_gmt":"2025-09-03T05:59:24","slug":"lassen-sie-sich-inspirieren","status":"publish","type":"page","link":"https:\/\/tica.nl\/de\/lassen-sie-sich-inspirieren\/","title":{"rendered":"Lassen Sie sich inspirieren"},"content":{"rendered":"\t\t<div data-elementor-type=\"wp-page\" data-elementor-id=\"16128\" class=\"elementor elementor-16128 elementor-3625\" data-elementor-post-type=\"page\">\n\t\t\t\t<div data-dce-background-overlay-color=\"#000000\" data-dce-background-image-url=\"https:\/\/tica.nl\/wp-content\/uploads\/2025\/08\/TICA_laat-je-inspireren-3-scaled.jpg-e1756384916341.webp\" class=\"elementor-element elementor-element-29f847e0 e-con-full e-flex e-con e-parent\" data-id=\"29f847e0\" data-element_type=\"container\" data-e-type=\"container\" data-settings=\"{&quot;background_background&quot;:&quot;classic&quot;}\">\n\t\t<div class=\"elementor-element elementor-element-e69953b e-flex e-con-boxed e-con e-child\" data-id=\"e69953b\" data-element_type=\"container\" data-e-type=\"container\">\n\t\t\t\t\t<div class=\"e-con-inner\">\n\t\t<div class=\"elementor-element elementor-element-2b0f77c e-con-full e-flex e-con e-child\" data-id=\"2b0f77c\" data-element_type=\"container\" data-e-type=\"container\">\n\t\t\t\t<div class=\"elementor-element elementor-element-cca982d elementor-widget elementor-widget-heading\" data-id=\"cca982d\" data-element_type=\"widget\" data-e-type=\"widget\" data-widget_type=\"heading.default\">\n\t\t\t\t<div class=\"elementor-widget-container\">\n\t\t\t\t\t<h1 class=\"elementor-heading-title elementor-size-default\">Lassen Sie sich inspirieren<\/h1>\t\t\t\t<\/div>\n\t\t\t\t<\/div>\n\t\t\t\t<div class=\"elementor-element elementor-element-10d124d elementor-widget elementor-widget-heading\" data-id=\"10d124d\" data-element_type=\"widget\" data-e-type=\"widget\" data-widget_type=\"heading.default\">\n\t\t\t\t<div class=\"elementor-widget-container\">\n\t\t\t\t\t<h2 class=\"elementor-heading-title elementor-size-default\">Inspirierende Tipps, Artikel und Trends <\/h2>\t\t\t\t<\/div>\n\t\t\t\t<\/div>\n\t\t\t\t<div class=\"elementor-element elementor-element-88ac110 elementor-widget__width-initial elementor-widget elementor-widget-text-editor\" data-id=\"88ac110\" data-element_type=\"widget\" data-e-type=\"widget\" data-widget_type=\"text-editor.default\">\n\t\t\t\t<div class=\"elementor-widget-container\">\n\t\t\t\t\t\t\t\t\t<p>Sind Sie auf der Suche nach den neuesten Trends, cleveren Tipps oder einfach nur einer Dosis Inspiration? Bei TICA finden Sie alles, um Ihr Gesch\u00e4ft, Ihren Webshop oder Ihr Styling-Projekt auf ein h\u00f6heres Niveau zu heben. Von den neuesten Trends \u00fcber praktische Tipps &amp; Ratschl\u00e4ge bis hin zu den aktuellsten Nachrichten aus der Branche \u2013 lassen Sie sich \u00fcberraschen und kommen Sie wieder. Vergessen Sie auch nicht, TICA auf Instagram f\u00fcr Ihre t\u00e4gliche Dosis Inspiration zu folgen.   <\/p>\t\t\t\t\t\t\t\t<\/div>\n\t\t\t\t<\/div>\n\t\t\t\t<div class=\"elementor-element elementor-element-9eb15ca elementor-widget__width-auto elementor-widget elementor-widget-button\" data-id=\"9eb15ca\" data-element_type=\"widget\" data-e-type=\"widget\" data-widget_type=\"button.default\">\n\t\t\t\t<div class=\"elementor-widget-container\">\n\t\t\t\t\t\t\t\t\t<div class=\"elementor-button-wrapper\">\n\t\t\t\t\t<a class=\"elementor-button elementor-button-link elementor-size-sm\" href=\"https:\/\/www.instagram.com\/tica_b2b\/\" target=\"_blank\" rel=\"noopener\">\n\t\t\t\t\t\t<span class=\"elementor-button-content-wrapper\">\n\t\t\t\t\t\t\t\t\t<span class=\"elementor-button-text\">Folgen Sie TICA auf Instagram<\/span>\n\t\t\t\t\t<\/span>\n\t\t\t\t\t<\/a>\n\t\t\t\t<\/div>\n\t\t\t\t\t\t\t\t<\/div>\n\t\t\t\t<\/div>\n\t\t\t\t<\/div>\n\t\t\t\t\t<\/div>\n\t\t\t\t<\/div>\n\t\t\t\t<\/div>\n\t\t<div class=\"elementor-element elementor-element-324bcb5 e-con-full e-flex elementor-invisible e-con e-parent\" data-id=\"324bcb5\" data-element_type=\"container\" data-e-type=\"container\" data-settings=\"{&quot;animation&quot;:&quot;fadeInUp&quot;}\">\n\t\t\t\t<div class=\"elementor-element elementor-element-8fdd20d elementor-widget elementor-widget-shortcode\" data-id=\"8fdd20d\" data-element_type=\"widget\" data-e-type=\"widget\" data-widget_type=\"shortcode.default\">\n\t\t\t\t<div class=\"elementor-widget-container\">\n\t\t\t\t\t\t\t<div class=\"elementor-shortcode\"><div class=\"inspireren-category-block normal-layout\"><div class=\"category-header\"><h2>Inspiratie<\/h2><\/div><div class=\"category-content-container\"><div class=\"category-content-row\"><div class=\"category-posts\"><div class=\"post-item\"><div class=\"post-left-content\"><div class=\"post-tags\"><h4 class=\"post-subheading\">Thema<\/h4> <\/div><h2><a href=\"https:\/\/tica.nl\/de\/inspirieren\/gentle-power\/\">Gentle Power<\/a><\/h2><\/div><div class=\"post-media\"><img loading=\"lazy\" decoding=\"async\" width=\"1200\" height=\"1440\" src=\"https:\/\/tica.nl\/wp-content\/uploads\/2026\/02\/Inspiratiepagina_trend_GentlePower_uitgelicht.png.webp\" class=\"attachment-full size-full wp-post-image\" alt=\"Inspirationsseite_Trend_GentlePower_hervorgehoben\" srcset=\"https:\/\/tica.nl\/wp-content\/uploads\/2026\/02\/Inspiratiepagina_trend_GentlePower_uitgelicht.png.webp 1200w, https:\/\/tica.nl\/wp-content\/uploads\/2026\/02\/Inspiratiepagina_trend_GentlePower_uitgelicht.png-667x800.webp 667w, https:\/\/tica.nl\/wp-content\/uploads\/2026\/02\/Inspiratiepagina_trend_GentlePower_uitgelicht.png-768x922.webp 768w\" sizes=\"auto, (max-width: 1200px) 100vw, 1200px\" \/><\/div><\/div><div class=\"post-item\"><div class=\"post-left-content\"><div class=\"post-tags\"><h4 class=\"post-subheading\">Trendguide<\/h4> <\/div><h2><a href=\"https:\/\/tica.nl\/de\/inspirieren\/trendguide-gentle-power\/\">Trendguide Gentle Power<\/a><\/h2><\/div><div class=\"post-media\"><img loading=\"lazy\" decoding=\"async\" width=\"1200\" height=\"1440\" src=\"https:\/\/tica.nl\/wp-content\/uploads\/2026\/02\/Inspiratiepagina_trendguide_GentlePower_uitgelicht.png.webp\" class=\"attachment-full size-full wp-post-image\" alt=\"Inspirationsseite_Trendguide_GentlePower_Hervorgehoben\" srcset=\"https:\/\/tica.nl\/wp-content\/uploads\/2026\/02\/Inspiratiepagina_trendguide_GentlePower_uitgelicht.png.webp 1200w, https:\/\/tica.nl\/wp-content\/uploads\/2026\/02\/Inspiratiepagina_trendguide_GentlePower_uitgelicht.png-667x800.webp 667w, https:\/\/tica.nl\/wp-content\/uploads\/2026\/02\/Inspiratiepagina_trendguide_GentlePower_uitgelicht.png-768x922.webp 768w\" sizes=\"auto, (max-width: 1200px) 100vw, 1200px\" \/><\/div><\/div><div class=\"category-detail-button\"><a href=\"https:\/\/tica.nl\/de\/inspireren-cat\/inspiratie\/\" class=\"elementor-button\">Bekijk categorie<\/a><\/div><\/div><div class=\"category-media\"><img decoding=\"async\" src=\"http:\/\/12226\" alt=\"\"><\/div><\/div><\/div><\/div><div class=\"inspireren-category-block reverse-layout\"><div class=\"category-header\"><h2>Tips &amp; advies<\/h2><\/div><div class=\"category-content-container\"><div class=\"category-content-row\"><div class=\"category-posts\"><div class=\"post-item\"><div class=\"post-left-content\"><h2><a href=\"https:\/\/tica.nl\/de\/inspirieren\/dutch-sofa-company-bei-tica-projects-venlo\/\">Dutch Sofa Company bei TICA Projects Venlo<\/a><\/h2><\/div><div class=\"post-media\"><img loading=\"lazy\" decoding=\"async\" width=\"920\" height=\"1150\" src=\"https:\/\/tica.nl\/wp-content\/uploads\/2026\/01\/TICA_TipsAdvies_DutchSofaCompany_bank_closeup_uitgelicht.png.webp\" class=\"attachment-full size-full wp-post-image\" alt=\"TICA_TipsAdvies_DutchSofaCompany_bank_closeup_uitgelicht\" srcset=\"https:\/\/tica.nl\/wp-content\/uploads\/2026\/01\/TICA_TipsAdvies_DutchSofaCompany_bank_closeup_uitgelicht.png.webp 920w, https:\/\/tica.nl\/wp-content\/uploads\/2026\/01\/TICA_TipsAdvies_DutchSofaCompany_bank_closeup_uitgelicht.png-640x800.webp 640w, https:\/\/tica.nl\/wp-content\/uploads\/2026\/01\/TICA_TipsAdvies_DutchSofaCompany_bank_closeup_uitgelicht.png-768x960.webp 768w\" sizes=\"auto, (max-width: 920px) 100vw, 920px\" \/><\/div><\/div><div class=\"post-item\"><div class=\"post-left-content\"><h2><a href=\"https:\/\/tica.nl\/de\/inspirieren\/tica-projects-podcast\/\">TICA Projects Podcast<\/a><\/h2><\/div><div class=\"post-media\"><img loading=\"lazy\" decoding=\"async\" width=\"920\" height=\"1150\" src=\"https:\/\/tica.nl\/wp-content\/uploads\/2025\/12\/TICA_TipsAdvies_podcast_projects_Imke_uitgelicht.png.webp\" class=\"attachment-full size-full wp-post-image\" alt=\"TICA_TipsAdvies_podcast_projects_Imke_uitgelicht\" srcset=\"https:\/\/tica.nl\/wp-content\/uploads\/2025\/12\/TICA_TipsAdvies_podcast_projects_Imke_uitgelicht.png.webp 920w, https:\/\/tica.nl\/wp-content\/uploads\/2025\/12\/TICA_TipsAdvies_podcast_projects_Imke_uitgelicht.png-640x800.webp 640w, https:\/\/tica.nl\/wp-content\/uploads\/2025\/12\/TICA_TipsAdvies_podcast_projects_Imke_uitgelicht.png-768x960.webp 768w\" sizes=\"auto, (max-width: 920px) 100vw, 920px\" \/><\/div><\/div><div class=\"category-detail-button\"><a href=\"https:\/\/tica.nl\/de\/inspireren-cat\/tips-advies\/\" class=\"elementor-button\">Bekijk categorie<\/a><\/div><\/div><div class=\"category-media\"><img decoding=\"async\" src=\"http:\/\/12222\" alt=\"\"><\/div><\/div><\/div><\/div><\/div>\n\t\t\t\t\t\t<\/div>\n\t\t\t\t<\/div>\n\t\t\t\t<\/div>\n\t\t<div data-dce-background-color=\"#2121BF\" class=\"elementor-element elementor-element-fef3410 e-con-full e-flex e-con e-parent\" data-id=\"fef3410\" data-element_type=\"container\" data-e-type=\"container\" data-settings=\"{&quot;background_background&quot;:&quot;classic&quot;}\">\n\t\t<div class=\"elementor-element elementor-element-784c6bb e-con-full e-flex e-con e-child\" data-id=\"784c6bb\" data-element_type=\"container\" data-e-type=\"container\">\n\t\t\t\t<div class=\"elementor-element elementor-element-66307bc elementor-invisible elementor-widget elementor-widget-heading\" data-id=\"66307bc\" data-element_type=\"widget\" data-e-type=\"widget\" data-settings=\"{&quot;_animation&quot;:&quot;fadeInUp&quot;}\" data-widget_type=\"heading.default\">\n\t\t\t\t<div class=\"elementor-widget-container\">\n\t\t\t\t\t<h2 class=\"elementor-heading-title elementor-size-default\">Kommende\nVeranstaltungen<\/h2>\t\t\t\t<\/div>\n\t\t\t\t<\/div>\n\t\t\t\t<div data-dce-background-color=\"#FFFFFF00\" class=\"elementor-element elementor-element-9c69750 elementor-widget__width-auto elementor-invisible elementor-widget elementor-widget-button\" data-id=\"9c69750\" data-element_type=\"widget\" data-e-type=\"widget\" data-settings=\"{&quot;_animation&quot;:&quot;fadeInUp&quot;,&quot;_animation_delay&quot;:250}\" data-widget_type=\"button.default\">\n\t\t\t\t<div class=\"elementor-widget-container\">\n\t\t\t\t\t\t\t\t\t<div class=\"elementor-button-wrapper\">\n\t\t\t\t\t<a class=\"elementor-button elementor-button-link elementor-size-sm\" href=\"https:\/\/tica.nl\/evenementen\/\">\n\t\t\t\t\t\t<span class=\"elementor-button-content-wrapper\">\n\t\t\t\t\t\t\t\t\t<span class=\"elementor-button-text\">Veranstaltungen ansehen<\/span>\n\t\t\t\t\t<\/span>\n\t\t\t\t\t<\/a>\n\t\t\t\t<\/div>\n\t\t\t\t\t\t\t\t<\/div>\n\t\t\t\t<\/div>\n\t\t\t\t<\/div>\n\t\t<div class=\"elementor-element elementor-element-a9c356a e-con-full e-flex e-con e-child\" data-id=\"a9c356a\" data-element_type=\"container\" data-e-type=\"container\">\n\t\t\t\t<div class=\"elementor-element elementor-element-e5860ba elementor-invisible elementor-widget elementor-widget-shortcode\" data-id=\"e5860ba\" data-element_type=\"widget\" data-e-type=\"widget\" data-settings=\"{&quot;_animation&quot;:&quot;fadeIn&quot;}\" data-widget_type=\"shortcode.default\">\n\t\t\t\t<div class=\"elementor-widget-container\">\n\t\t\t\t\t\t\t<div class=\"elementor-shortcode\">        <div class=\"event-slider dots-slider\">\n                            <div class=\"box-slide\">\n                    <div class=\"slide-inner\" style=\"background-image: url('https:\/\/tica.nl\/wp-content\/uploads\/2025\/03\/TICA_evenementen_DuitseFeestdag_uitgelicht.png-768x1152.webp');\">\n                        <a class=\"whole-click\" href=\"https:\/\/tica.nl\/de\/event\/deutscher-feiertag\/\"><\/a>\n                        <a class=\"top-icon\" href=\"https:\/\/tica.nl\/de\/event\/deutscher-feiertag\/\">\n                            <svg xmlns=\"http:\/\/www.w3.org\/2000\/svg\" width=\"16\" height=\"16\" viewBox=\"0 0 16 16\" fill=\"none\">\n                                <path d=\"M1.2846 15.2844C0.978664 14.9784 0.826812 14.6242 0.823322 14.2182C0.819893 13.8123 0.965625 13.4614 1.26526 13.1617L10.6379 3.78904L10.3996 3.78696L3.83405 3.73172C3.44813 3.72843 3.10306 3.57795 2.79618 3.27114C2.48922 2.96418 2.33816 2.6186 2.3349 2.23257C2.33171 1.84682 2.4768 1.5051 2.77753 1.20437C3.0783 0.903669 3.41995 0.758475 3.80574 0.761735L14.2197 0.850814C14.6477 0.854432 15.001 0.998272 15.2859 1.28309C15.5707 1.5679 15.7145 1.92122 15.7181 2.34927L15.8072 12.7632C15.8105 13.149 15.6653 13.4907 15.3646 13.7914C15.0639 14.0922 14.7221 14.2372 14.3364 14.2341C13.9504 14.2308 13.6048 14.0797 13.2978 13.7728C12.991 13.4659 12.8405 13.1208 12.8372 12.7349L12.782 6.16931L12.7799 5.93107L3.4073 15.3037C3.10754 15.6033 2.75669 15.7491 2.35078 15.7456C1.94473 15.7421 1.59053 15.5903 1.2846 15.2844Z\" fill=\"black\" stroke=\"white\" stroke-width=\"0.2\"\/>\n                            <\/svg>\n                        <\/a>\n                        <div class=\"slide-caption\">\n                            <h3>Deutscher Feiertag<\/h3>\n                            <p>1 Mai 2026<\/p>\n                        <\/div>\n                    <\/div>\n                <\/div>\n                            <div class=\"box-slide\">\n                    <div class=\"slide-inner\" style=\"background-image: url('https:\/\/tica.nl\/wp-content\/uploads\/2026\/01\/TICA_evenementen_Voucheractie_mei_uitgelicht.png-768x1152.webp');\">\n                        <a class=\"whole-click\" href=\"https:\/\/tica.nl\/de\/event\/gutscheinaktion-tica-bruessel-2\/\"><\/a>\n                        <a class=\"top-icon\" href=\"https:\/\/tica.nl\/de\/event\/gutscheinaktion-tica-bruessel-2\/\">\n                            <svg xmlns=\"http:\/\/www.w3.org\/2000\/svg\" width=\"16\" height=\"16\" viewBox=\"0 0 16 16\" fill=\"none\">\n                                <path d=\"M1.2846 15.2844C0.978664 14.9784 0.826812 14.6242 0.823322 14.2182C0.819893 13.8123 0.965625 13.4614 1.26526 13.1617L10.6379 3.78904L10.3996 3.78696L3.83405 3.73172C3.44813 3.72843 3.10306 3.57795 2.79618 3.27114C2.48922 2.96418 2.33816 2.6186 2.3349 2.23257C2.33171 1.84682 2.4768 1.5051 2.77753 1.20437C3.0783 0.903669 3.41995 0.758475 3.80574 0.761735L14.2197 0.850814C14.6477 0.854432 15.001 0.998272 15.2859 1.28309C15.5707 1.5679 15.7145 1.92122 15.7181 2.34927L15.8072 12.7632C15.8105 13.149 15.6653 13.4907 15.3646 13.7914C15.0639 14.0922 14.7221 14.2372 14.3364 14.2341C13.9504 14.2308 13.6048 14.0797 13.2978 13.7728C12.991 13.4659 12.8405 13.1208 12.8372 12.7349L12.782 6.16931L12.7799 5.93107L3.4073 15.3037C3.10754 15.6033 2.75669 15.7491 2.35078 15.7456C1.94473 15.7421 1.59053 15.5903 1.2846 15.2844Z\" fill=\"black\" stroke=\"white\" stroke-width=\"0.2\"\/>\n                            <\/svg>\n                        <\/a>\n                        <div class=\"slide-caption\">\n                            <h3>Gutscheinaktion TICA Br\u00fcssel<\/h3>\n                            <p>18 Mai 2026<\/p>\n                        <\/div>\n                    <\/div>\n                <\/div>\n                            <div class=\"box-slide\">\n                    <div class=\"slide-inner\" style=\"background-image: url('https:\/\/tica.nl\/wp-content\/uploads\/2026\/01\/netwerkbbq_uitgelichte.png-768x1152.webp');\">\n                        <a class=\"whole-click\" href=\"https:\/\/tica.nl\/de\/event\/netzwerk-barbecue\/\"><\/a>\n                        <a class=\"top-icon\" href=\"https:\/\/tica.nl\/de\/event\/netzwerk-barbecue\/\">\n                            <svg xmlns=\"http:\/\/www.w3.org\/2000\/svg\" width=\"16\" height=\"16\" viewBox=\"0 0 16 16\" fill=\"none\">\n                                <path d=\"M1.2846 15.2844C0.978664 14.9784 0.826812 14.6242 0.823322 14.2182C0.819893 13.8123 0.965625 13.4614 1.26526 13.1617L10.6379 3.78904L10.3996 3.78696L3.83405 3.73172C3.44813 3.72843 3.10306 3.57795 2.79618 3.27114C2.48922 2.96418 2.33816 2.6186 2.3349 2.23257C2.33171 1.84682 2.4768 1.5051 2.77753 1.20437C3.0783 0.903669 3.41995 0.758475 3.80574 0.761735L14.2197 0.850814C14.6477 0.854432 15.001 0.998272 15.2859 1.28309C15.5707 1.5679 15.7145 1.92122 15.7181 2.34927L15.8072 12.7632C15.8105 13.149 15.6653 13.4907 15.3646 13.7914C15.0639 14.0922 14.7221 14.2372 14.3364 14.2341C13.9504 14.2308 13.6048 14.0797 13.2978 13.7728C12.991 13.4659 12.8405 13.1208 12.8372 12.7349L12.782 6.16931L12.7799 5.93107L3.4073 15.3037C3.10754 15.6033 2.75669 15.7491 2.35078 15.7456C1.94473 15.7421 1.59053 15.5903 1.2846 15.2844Z\" fill=\"black\" stroke=\"white\" stroke-width=\"0.2\"\/>\n                            <\/svg>\n                        <\/a>\n                        <div class=\"slide-caption\">\n                            <h3>Netzwerk-Barbecue<\/h3>\n                            <p>21 Mai 2026<\/p>\n                        <\/div>\n                    <\/div>\n                <\/div>\n                            <div class=\"box-slide\">\n                    <div class=\"slide-inner\" style=\"background-image: url('https:\/\/tica.nl\/wp-content\/uploads\/2026\/01\/TICA_evenementen_EndOfCollectionWeek_Trademart_uitgelicht.png-768x1152.webp');\">\n                        <a class=\"whole-click\" href=\"https:\/\/tica.nl\/de\/event\/ende-der-kollektionswoche\/\"><\/a>\n                        <a class=\"top-icon\" href=\"https:\/\/tica.nl\/de\/event\/ende-der-kollektionswoche\/\">\n                            <svg xmlns=\"http:\/\/www.w3.org\/2000\/svg\" width=\"16\" height=\"16\" viewBox=\"0 0 16 16\" fill=\"none\">\n                                <path d=\"M1.2846 15.2844C0.978664 14.9784 0.826812 14.6242 0.823322 14.2182C0.819893 13.8123 0.965625 13.4614 1.26526 13.1617L10.6379 3.78904L10.3996 3.78696L3.83405 3.73172C3.44813 3.72843 3.10306 3.57795 2.79618 3.27114C2.48922 2.96418 2.33816 2.6186 2.3349 2.23257C2.33171 1.84682 2.4768 1.5051 2.77753 1.20437C3.0783 0.903669 3.41995 0.758475 3.80574 0.761735L14.2197 0.850814C14.6477 0.854432 15.001 0.998272 15.2859 1.28309C15.5707 1.5679 15.7145 1.92122 15.7181 2.34927L15.8072 12.7632C15.8105 13.149 15.6653 13.4907 15.3646 13.7914C15.0639 14.0922 14.7221 14.2372 14.3364 14.2341C13.9504 14.2308 13.6048 14.0797 13.2978 13.7728C12.991 13.4659 12.8405 13.1208 12.8372 12.7349L12.782 6.16931L12.7799 5.93107L3.4073 15.3037C3.10754 15.6033 2.75669 15.7491 2.35078 15.7456C1.94473 15.7421 1.59053 15.5903 1.2846 15.2844Z\" fill=\"black\" stroke=\"white\" stroke-width=\"0.2\"\/>\n                            <\/svg>\n                        <\/a>\n                        <div class=\"slide-caption\">\n                            <h3>Ende der Kollektionswoche<\/h3>\n                            <p>6 Juni 2026<\/p>\n                        <\/div>\n                    <\/div>\n                <\/div>\n                    <\/div>\n\n    <\/div>\n\t\t\t\t\t\t<\/div>\n\t\t\t\t<\/div>\n\t\t\t\t<\/div>\n\t\t\t\t<\/div>\n\t\t<div class=\"elementor-element elementor-element-2f925ce e-con-full e-flex e-con e-parent\" data-id=\"2f925ce\" data-element_type=\"container\" data-e-type=\"container\">\n\t\t<div data-dce-background-image-url=\"https:\/\/tica.nl\/wp-content\/uploads\/2025\/07\/TICA-Laat-je-inspireren-1.jpg.webp\" class=\"elementor-element elementor-element-0908c03 e-con-full e-flex elementor-invisible e-con e-child\" data-id=\"0908c03\" data-element_type=\"container\" data-e-type=\"container\" data-settings=\"{&quot;background_background&quot;:&quot;classic&quot;,&quot;animation&quot;:&quot;fadeIn&quot;}\">\n\t\t\t\t<\/div>\n\t\t<div class=\"elementor-element elementor-element-7ab7e2f e-con-full e-flex e-con e-child\" data-id=\"7ab7e2f\" data-element_type=\"container\" data-e-type=\"container\">\n\t\t<div class=\"elementor-element elementor-element-958dd7b e-con-full e-flex e-con e-child\" data-id=\"958dd7b\" data-element_type=\"container\" data-e-type=\"container\">\n\t\t<div class=\"elementor-element elementor-element-3ac6039 e-con-full e-flex e-con e-child\" data-id=\"3ac6039\" data-element_type=\"container\" data-e-type=\"container\">\n\t\t\t\t<div class=\"elementor-element elementor-element-cf16b44 elementor-invisible elementor-widget elementor-widget-heading\" data-id=\"cf16b44\" data-element_type=\"widget\" data-e-type=\"widget\" data-settings=\"{&quot;_animation&quot;:&quot;fadeInUp&quot;}\" data-widget_type=\"heading.default\">\n\t\t\t\t<div class=\"elementor-widget-container\">\n\t\t\t\t\t<h3 class=\"elementor-heading-title elementor-size-default\">Ihr n\u00e4chster Favorit wartet schon auf Sie<\/h3>\t\t\t\t<\/div>\n\t\t\t\t<\/div>\n\t\t\t\t<div class=\"elementor-element elementor-element-5422919 elementor-widget__width-auto elementor-invisible elementor-widget elementor-widget-button\" data-id=\"5422919\" data-element_type=\"widget\" data-e-type=\"widget\" data-settings=\"{&quot;_animation&quot;:&quot;fadeInUp&quot;}\" data-widget_type=\"button.default\">\n\t\t\t\t<div class=\"elementor-widget-container\">\n\t\t\t\t\t\t\t\t\t<div class=\"elementor-button-wrapper\">\n\t\t\t\t\t<a class=\"elementor-button elementor-button-link elementor-size-sm\" href=\"https:\/\/portal.tica.nl\/\">\n\t\t\t\t\t\t<span class=\"elementor-button-content-wrapper\">\n\t\t\t\t\t\t\t\t\t<span class=\"elementor-button-text\">TICA-Mitglied werden<\/span>\n\t\t\t\t\t<\/span>\n\t\t\t\t\t<\/a>\n\t\t\t\t<\/div>\n\t\t\t\t\t\t\t\t<\/div>\n\t\t\t\t<\/div>\n\t\t\t\t<\/div>\n\t\t<div data-dce-background-image-url=\"https:\/\/tica.nl\/wp-content\/uploads\/2025\/07\/TICA-Laat-je-inspireren-2.jpg.webp\" class=\"elementor-element elementor-element-6a6d76c e-con-full e-flex elementor-invisible e-con e-child\" data-id=\"6a6d76c\" data-element_type=\"container\" data-e-type=\"container\" data-settings=\"{&quot;background_background&quot;:&quot;classic&quot;,&quot;animation&quot;:&quot;fadeIn&quot;}\">\n\t\t\t\t<\/div>\n\t\t\t\t<\/div>\n\t\t<div class=\"elementor-element elementor-element-07b4909 e-con-full e-flex e-con e-child\" data-id=\"07b4909\" data-element_type=\"container\" data-e-type=\"container\">\n\t\t<div data-dce-background-image-url=\"https:\/\/tica.nl\/wp-content\/uploads\/2025\/07\/TICA-Laat-je-inspireren-3.jpg.webp\" class=\"elementor-element elementor-element-05a6f05 e-con-full e-flex elementor-invisible e-con e-child\" data-id=\"05a6f05\" data-element_type=\"container\" data-e-type=\"container\" data-settings=\"{&quot;background_background&quot;:&quot;classic&quot;,&quot;animation&quot;:&quot;fadeIn&quot;}\">\n\t\t\t\t<\/div>\n\t\t<div class=\"elementor-element elementor-element-ed5d616 e-con-full e-flex e-con e-child\" data-id=\"ed5d616\" data-element_type=\"container\" data-e-type=\"container\">\n\t\t\t\t<div class=\"elementor-element elementor-element-daaa986 elementor-invisible elementor-widget elementor-widget-heading\" data-id=\"daaa986\" data-element_type=\"widget\" data-e-type=\"widget\" data-settings=\"{&quot;_animation&quot;:&quot;fadeInUp&quot;}\" data-widget_type=\"heading.default\">\n\t\t\t\t<div class=\"elementor-widget-container\">\n\t\t\t\t\t<h3 class=\"elementor-heading-title elementor-size-default\">Lassen Sie Ihr Unternehmen wachsen und erreichen Sie ein gr\u00f6\u00dferes Publikum<\/h3>\t\t\t\t<\/div>\n\t\t\t\t<\/div>\n\t\t\t\t<div class=\"elementor-element elementor-element-4dd2818 elementor-widget__width-auto elementor-invisible elementor-widget elementor-widget-button\" data-id=\"4dd2818\" data-element_type=\"widget\" data-e-type=\"widget\" data-settings=\"{&quot;_animation&quot;:&quot;fadeInUp&quot;}\" data-widget_type=\"button.default\">\n\t\t\t\t<div class=\"elementor-widget-container\">\n\t\t\t\t\t\t\t\t\t<div class=\"elementor-button-wrapper\">\n\t\t\t\t\t<a class=\"elementor-button elementor-button-link elementor-size-sm\" href=\"https:\/\/tica.nl\/de\/verkaufen-bei-tica\/\">\n\t\t\t\t\t\t<span class=\"elementor-button-content-wrapper\">\n\t\t\t\t\t\t\t\t\t<span class=\"elementor-button-text\">Verkaufen bei TICA<\/span>\n\t\t\t\t\t<\/span>\n\t\t\t\t\t<\/a>\n\t\t\t\t<\/div>\n\t\t\t\t\t\t\t\t<\/div>\n\t\t\t\t<\/div>\n\t\t\t\t<\/div>\n\t\t\t\t<\/div>\n\t\t\t\t<\/div>\n\t\t\t\t<\/div>\n\t\t\t\t<\/div>\n\t\t","protected":false},"excerpt":{"rendered":"<p>Lassen Sie sich inspirieren Inspirierende Tipps, Artikel und Trends Sind Sie auf der Suche nach den neuesten Trends, cleveren Tipps oder einfach nur einer Dosis Inspiration? Bei TICA finden Sie alles, um Ihr Gesch\u00e4ft, Ihren Webshop oder Ihr Styling-Projekt auf ein h\u00f6heres Niveau zu heben. Von den neuesten Trends \u00fcber praktische Tipps &amp; Ratschl\u00e4ge bis [&hellip;]<\/p>\n","protected":false},"author":1,"featured_media":15998,"parent":0,"menu_order":0,"comment_status":"closed","ping_status":"closed","template":"","meta":{"_acf_changed":false,"footnotes":""},"class_list":["post-16128","page","type-page","status-publish","has-post-thumbnail","hentry"],"acf":[],"_links":{"self":[{"href":"https:\/\/tica.nl\/de\/wp-json\/wp\/v2\/pages\/16128","targetHints":{"allow":["GET"]}}],"collection":[{"href":"https:\/\/tica.nl\/de\/wp-json\/wp\/v2\/pages"}],"about":[{"href":"https:\/\/tica.nl\/de\/wp-json\/wp\/v2\/types\/page"}],"author":[{"embeddable":true,"href":"https:\/\/tica.nl\/de\/wp-json\/wp\/v2\/users\/1"}],"replies":[{"embeddable":true,"href":"https:\/\/tica.nl\/de\/wp-json\/wp\/v2\/comments?post=16128"}],"version-history":[{"count":0,"href":"https:\/\/tica.nl\/de\/wp-json\/wp\/v2\/pages\/16128\/revisions"}],"wp:featuredmedia":[{"embeddable":true,"href":"https:\/\/tica.nl\/de\/wp-json\/wp\/v2\/media\/15998"}],"wp:attachment":[{"href":"https:\/\/tica.nl\/de\/wp-json\/wp\/v2\/media?parent=16128"}],"curies":[{"name":"wp","href":"https:\/\/api.w.org\/{rel}","templated":true}]}}