{"id":15726,"date":"2025-08-12T06:24:59","date_gmt":"2025-08-12T05:24:59","guid":{"rendered":"https:\/\/tica.nl\/bevollmaechtigung-fast-abgeschlossen\/"},"modified":"2025-10-13T15:43:52","modified_gmt":"2025-10-13T14:43:52","slug":"bevollmaechtigung-fast-abgeschlossen","status":"publish","type":"page","link":"https:\/\/tica.nl\/de\/bevollmaechtigung-fast-abgeschlossen\/","title":{"rendered":"Bevollm\u00e4chtigung fast abgeschlossen"},"content":{"rendered":"\t\t<div data-elementor-type=\"wp-page\" data-elementor-id=\"15726\" class=\"elementor elementor-15726 elementor-11180\" data-elementor-post-type=\"page\">\n\t\t\t\t<div class=\"elementor-element elementor-element-0dd7349 e-flex e-con-boxed e-con e-parent\" data-id=\"0dd7349\" data-element_type=\"container\" data-e-type=\"container\">\n\t\t\t\t\t<div class=\"e-con-inner\">\n\t\t<div class=\"elementor-element elementor-element-70ebb4b e-con-full e-flex e-con e-child\" data-id=\"70ebb4b\" data-element_type=\"container\" data-e-type=\"container\">\n\t\t<div class=\"elementor-element elementor-element-2f3a54a e-con-full e-flex e-con e-child\" data-id=\"2f3a54a\" data-element_type=\"container\" data-e-type=\"container\">\n\t\t\t\t<div class=\"elementor-element elementor-element-6a7eb66 elementor-invisible elementor-widget elementor-widget-heading\" data-id=\"6a7eb66\" data-element_type=\"widget\" data-e-type=\"widget\" data-settings=\"{&quot;_animation&quot;:&quot;fadeInUp&quot;}\" data-widget_type=\"heading.default\">\n\t\t\t\t<div class=\"elementor-widget-container\">\n\t\t\t\t\t<h1 class=\"elementor-heading-title elementor-size-default\">Ihre Bevollm\u00e4chtigung ist fast abgeschlossen<\/h1>\t\t\t\t<\/div>\n\t\t\t\t<\/div>\n\t\t\t\t<div class=\"elementor-element elementor-element-22ce18c elementor-widget-divider--view-line elementor-invisible elementor-widget elementor-widget-divider\" data-id=\"22ce18c\" data-element_type=\"widget\" data-e-type=\"widget\" data-settings=\"{&quot;_animation&quot;:&quot;fadeInUp&quot;,&quot;_animation_delay&quot;:300}\" data-widget_type=\"divider.default\">\n\t\t\t\t<div class=\"elementor-widget-container\">\n\t\t\t\t\t\t\t<div class=\"elementor-divider\">\n\t\t\t<span class=\"elementor-divider-separator\">\n\t\t\t\t\t\t<\/span>\n\t\t<\/div>\n\t\t\t\t\t\t<\/div>\n\t\t\t\t<\/div>\n\t\t\t\t<\/div>\n\t\t\t\t<\/div>\n\t\t\t\t\t<\/div>\n\t\t\t\t<\/div>\n\t\t<div class=\"elementor-element elementor-element-7e04b55 e-con-full e-flex e-con e-parent\" data-id=\"7e04b55\" data-element_type=\"container\" data-e-type=\"container\">\n\t\t<div class=\"elementor-element elementor-element-0537951 e-con-full e-flex e-con e-child\" data-id=\"0537951\" data-element_type=\"container\" data-e-type=\"container\">\n\t\t<div class=\"elementor-element elementor-element-166c5eb e-con-full e-flex e-con e-child\" data-id=\"166c5eb\" data-element_type=\"container\" data-e-type=\"container\">\n\t\t\t\t<div class=\"elementor-element elementor-element-2161dbd elementor-invisible elementor-widget elementor-widget-heading\" data-id=\"2161dbd\" data-element_type=\"widget\" data-e-type=\"widget\" data-settings=\"{&quot;_animation&quot;:&quot;fadeInUp&quot;}\" data-widget_type=\"heading.default\">\n\t\t\t\t<div class=\"elementor-widget-container\">\n\t\t\t\t\t<h2 class=\"elementor-heading-title elementor-size-default\">Wir legen los<\/h2>\t\t\t\t<\/div>\n\t\t\t\t<\/div>\n\t\t<div class=\"elementor-element elementor-element-57ad779 e-con-full e-flex elementor-invisible e-con e-child\" data-id=\"57ad779\" data-element_type=\"container\" data-e-type=\"container\" data-settings=\"{&quot;animation&quot;:&quot;fadeInUp&quot;,&quot;animation_delay&quot;:200}\">\n\t\t<!-- dce invisible element fbf58e2 --><!-- dce invisible element 3b2a592 -->\t\t<\/div>\n\t\t\t\t<div class=\"elementor-element elementor-element-b8acdb1 elementor-invisible elementor-widget elementor-widget-text-editor\" data-id=\"b8acdb1\" data-element_type=\"widget\" data-e-type=\"widget\" data-settings=\"{&quot;_animation&quot;:&quot;fadeInUp&quot;,&quot;_animation_delay&quot;:200}\" data-widget_type=\"text-editor.default\">\n\t\t\t\t<div class=\"elementor-widget-container\">\n\t\t\t\t\t\t\t\t\t<p>Sie haben den ersten Schritt getan, vielen Dank!<\/p><p>Sobald die Bevollm\u00e4chtigung vollst\u00e4ndig unterzeichnet ist, k\u00f6nnen wir mit der automatischen Verarbeitung Ihrer Rechnungen beginnen.<\/p><p>Ben\u00f6tigen Sie Hilfe oder funktioniert der Link nicht? Kontaktieren Sie uns unter administratie@pwmarkets.nl. <\/p>\t\t\t\t\t\t\t\t<\/div>\n\t\t\t\t<\/div>\n\t\t\t\t<\/div>\n\t\t\t\t<\/div>\n\t\t<div data-dce-background-image-url=\"https:\/\/tica.nl\/wp-content\/uploads\/2025\/07\/Merkenpaginas-landscape-beeld-1518x700-1-2.png.webp\" class=\"elementor-element elementor-element-f9b6067 e-con-full e-flex elementor-invisible e-con e-child\" data-id=\"f9b6067\" data-element_type=\"container\" data-e-type=\"container\" data-settings=\"{&quot;animation&quot;:&quot;fadeIn&quot;,&quot;animation_delay&quot;:300,&quot;background_background&quot;:&quot;classic&quot;}\">\n\t\t\t\t<\/div>\n\t\t\t\t<\/div>\n\t\t\t\t<\/div>\n\t\t","protected":false},"excerpt":{"rendered":"<p>Ihre Bevollm\u00e4chtigung ist fast abgeschlossen Wir legen los Lorem ipsum Lorem ipsum Sie haben den ersten Schritt getan, vielen Dank! Sobald die Bevollm\u00e4chtigung vollst\u00e4ndig unterzeichnet ist, k\u00f6nnen wir mit der automatischen Verarbeitung Ihrer Rechnungen beginnen. Ben\u00f6tigen Sie Hilfe oder funktioniert der Link nicht? Kontaktieren Sie uns unter administratie@pwmarkets.nl.<\/p>\n","protected":false},"author":6,"featured_media":0,"parent":0,"menu_order":0,"comment_status":"closed","ping_status":"closed","template":"","meta":{"_acf_changed":false,"footnotes":""},"class_list":["post-15726","page","type-page","status-publish","hentry"],"acf":[],"_links":{"self":[{"href":"https:\/\/tica.nl\/de\/wp-json\/wp\/v2\/pages\/15726","targetHints":{"allow":["GET"]}}],"collection":[{"href":"https:\/\/tica.nl\/de\/wp-json\/wp\/v2\/pages"}],"about":[{"href":"https:\/\/tica.nl\/de\/wp-json\/wp\/v2\/types\/page"}],"author":[{"embeddable":true,"href":"https:\/\/tica.nl\/de\/wp-json\/wp\/v2\/users\/6"}],"replies":[{"embeddable":true,"href":"https:\/\/tica.nl\/de\/wp-json\/wp\/v2\/comments?post=15726"}],"version-history":[{"count":0,"href":"https:\/\/tica.nl\/de\/wp-json\/wp\/v2\/pages\/15726\/revisions"}],"wp:attachment":[{"href":"https:\/\/tica.nl\/de\/wp-json\/wp\/v2\/media?parent=15726"}],"curies":[{"name":"wp","href":"https:\/\/api.w.org\/{rel}","templated":true}]}}