{"id":15330,"date":"2025-08-08T07:39:13","date_gmt":"2025-08-08T06:39:13","guid":{"rendered":"https:\/\/tica.nl\/propertyworks\/"},"modified":"2025-08-27T08:06:37","modified_gmt":"2025-08-27T07:06:37","slug":"propertyworks","status":"publish","type":"page","link":"https:\/\/tica.nl\/de\/propertyworks\/","title":{"rendered":"Propertyworks"},"content":{"rendered":"\t\t<div data-elementor-type=\"wp-page\" data-elementor-id=\"15330\" class=\"elementor elementor-15330 elementor-10824\" data-elementor-post-type=\"page\">\n\t\t\t\t<div class=\"elementor-element elementor-element-4023981 e-flex e-con-boxed e-con e-parent\" data-id=\"4023981\" data-element_type=\"container\" data-e-type=\"container\">\n\t\t\t\t\t<div class=\"e-con-inner\">\n\t\t<div class=\"elementor-element elementor-element-71b818a e-con-full e-flex e-con e-child\" data-id=\"71b818a\" data-element_type=\"container\" data-e-type=\"container\">\n\t\t<div class=\"elementor-element elementor-element-6e7ff2b e-con-full e-flex e-con e-child\" data-id=\"6e7ff2b\" data-element_type=\"container\" data-e-type=\"container\">\n\t\t\t\t<div class=\"elementor-element elementor-element-c2df49b elementor-invisible elementor-widget elementor-widget-heading\" data-id=\"c2df49b\" data-element_type=\"widget\" data-e-type=\"widget\" data-settings=\"{&quot;_animation&quot;:&quot;fadeInUp&quot;}\" data-widget_type=\"heading.default\">\n\t\t\t\t<div class=\"elementor-widget-container\">\n\t\t\t\t\t<h1 class=\"elementor-heading-title elementor-size-default\">PropertyWorks<\/h1>\t\t\t\t<\/div>\n\t\t\t\t<\/div>\n\t\t\t\t<div class=\"elementor-element elementor-element-61f11b9 elementor-widget-divider--view-line elementor-invisible elementor-widget elementor-widget-divider\" data-id=\"61f11b9\" data-element_type=\"widget\" data-e-type=\"widget\" data-settings=\"{&quot;_animation&quot;:&quot;fadeInUp&quot;,&quot;_animation_delay&quot;:300}\" data-widget_type=\"divider.default\">\n\t\t\t\t<div class=\"elementor-widget-container\">\n\t\t\t\t\t\t\t<div class=\"elementor-divider\">\n\t\t\t<span class=\"elementor-divider-separator\">\n\t\t\t\t\t\t<\/span>\n\t\t<\/div>\n\t\t\t\t\t\t<\/div>\n\t\t\t\t<\/div>\n\t\t\t\t<\/div>\n\t\t\t\t<\/div>\n\t\t\t\t\t<\/div>\n\t\t\t\t<\/div>\n\t\t<div class=\"elementor-element elementor-element-418c159 e-con-full e-flex e-con e-parent\" data-id=\"418c159\" data-element_type=\"container\" data-e-type=\"container\">\n\t\t<div class=\"elementor-element elementor-element-8440996 e-con-full e-flex e-con e-child\" data-id=\"8440996\" data-element_type=\"container\" data-e-type=\"container\">\n\t\t<div class=\"elementor-element elementor-element-90acf2e e-con-full e-flex e-con e-child\" data-id=\"90acf2e\" data-element_type=\"container\" data-e-type=\"container\">\n\t\t\t\t<div class=\"elementor-element elementor-element-1e2cb41 elementor-invisible elementor-widget elementor-widget-heading\" data-id=\"1e2cb41\" data-element_type=\"widget\" data-e-type=\"widget\" data-settings=\"{&quot;_animation&quot;:&quot;fadeInUp&quot;}\" data-widget_type=\"heading.default\">\n\t\t\t\t<div class=\"elementor-widget-container\">\n\t\t\t\t\t<h2 class=\"elementor-heading-title elementor-size-default\">PropertyWorks<\/h2>\t\t\t\t<\/div>\n\t\t\t\t<\/div>\n\t\t\t\t<div class=\"elementor-element elementor-element-b9de806 elementor-invisible elementor-widget elementor-widget-text-editor\" data-id=\"b9de806\" data-element_type=\"widget\" data-e-type=\"widget\" data-settings=\"{&quot;_animation&quot;:&quot;fadeInUp&quot;,&quot;_animation_delay&quot;:200}\" data-widget_type=\"text-editor.default\">\n\t\t\t\t<div class=\"elementor-widget-container\">\n\t\t\t\t\t\t\t\t\t<p><em>\u201eWir verbinden, um erfolgreiche Unternehmen in Nordwesteuropa zu schaffen!\u201c<\/em><\/p>\t\t\t\t\t\t\t\t<\/div>\n\t\t\t\t<\/div>\n\t\t\t\t<div class=\"elementor-element elementor-element-258822c elementor-invisible elementor-widget elementor-widget-text-editor\" data-id=\"258822c\" data-element_type=\"widget\" data-e-type=\"widget\" data-settings=\"{&quot;_animation&quot;:&quot;fadeInUp&quot;,&quot;_animation_delay&quot;:200}\" data-widget_type=\"text-editor.default\">\n\t\t\t\t<div class=\"elementor-widget-container\">\n\t\t\t\t\t\t\t\t\t<p>Mit <strong>PW Markets<\/strong> bietet PropertyWorks die f\u00fchrende Lifestyle-Einkaufsplattform in Europa.<\/p><p>Mit <strong>PW Offices<\/strong> bietet PropertyWorks aufsehenerregende Tagungs-, Kongress- und B\u00fcrokonzepte in der Randstad.<\/p>\t\t\t\t\t\t\t\t<\/div>\n\t\t\t\t<\/div>\n\t\t\t\t<\/div>\n\t\t\t\t<\/div>\n\t\t<div data-dce-background-image-url=\"https:\/\/tica.nl\/wp-content\/uploads\/2025\/08\/TICA_PropertyWorks_.png.webp\" class=\"elementor-element elementor-element-ad80c14 e-con-full e-flex elementor-invisible e-con e-child\" data-id=\"ad80c14\" data-element_type=\"container\" data-e-type=\"container\" data-settings=\"{&quot;animation&quot;:&quot;fadeIn&quot;,&quot;animation_delay&quot;:300,&quot;background_background&quot;:&quot;classic&quot;}\">\n\t\t\t\t<\/div>\n\t\t\t\t<\/div>\n\t\t<div class=\"elementor-element elementor-element-dd46d91 e-flex e-con-boxed e-con e-parent\" data-id=\"dd46d91\" data-element_type=\"container\" data-e-type=\"container\">\n\t\t\t\t\t<div class=\"e-con-inner\">\n\t\t\t\t<div class=\"elementor-element elementor-element-8fe08dd dce_masking-none elementor-widget elementor-widget-image\" data-id=\"8fe08dd\" data-element_type=\"widget\" data-e-type=\"widget\" data-widget_type=\"image.default\">\n\t\t\t\t<div class=\"elementor-widget-container\">\n\t\t\t\t\t\t\t\t\t\t\t\t\t\t\t<img decoding=\"async\" src=\"https:\/\/tica.nl\/wp-content\/uploads\/elementor\/thumbs\/PW-landingspage-logos-1030x322-1.jpg-r9y2t503p0h8uhztgh2j8w8y0zk8tb268tb1p6b82w.webp\" title=\"PW-landingspage-logos-1030&#215;322-1.jpg.webp\" alt=\"Propertyworks\" loading=\"lazy\" \/>\t\t\t\t\t\t\t\t\t\t\t\t\t\t\t<\/div>\n\t\t\t\t<\/div>\n\t\t\t\t\t<\/div>\n\t\t\t\t<\/div>\n\t\t<div class=\"elementor-element elementor-element-cf0b906 e-flex e-con-boxed e-con e-parent\" data-id=\"cf0b906\" data-element_type=\"container\" data-e-type=\"container\">\n\t\t\t\t\t<div class=\"e-con-inner\">\n\t\t\t\t<div class=\"elementor-element elementor-element-2094f2b elementor-widget elementor-widget-spacer\" data-id=\"2094f2b\" data-element_type=\"widget\" data-e-type=\"widget\" data-widget_type=\"spacer.default\">\n\t\t\t\t<div class=\"elementor-widget-container\">\n\t\t\t\t\t\t\t<div class=\"elementor-spacer\">\n\t\t\t<div class=\"elementor-spacer-inner\"><\/div>\n\t\t<\/div>\n\t\t\t\t\t\t<\/div>\n\t\t\t\t<\/div>\n\t\t\t\t\t<\/div>\n\t\t\t\t<\/div>\n\t\t<div class=\"elementor-element elementor-element-93d2d55 e-flex e-con-boxed e-con e-parent\" data-id=\"93d2d55\" data-element_type=\"container\" data-e-type=\"container\">\n\t\t\t\t\t<div class=\"e-con-inner\">\n\t\t<div class=\"elementor-element elementor-element-819dda7 e-con-full e-flex e-con e-child\" data-id=\"819dda7\" data-element_type=\"container\" data-e-type=\"container\">\n\t\t<div class=\"elementor-element elementor-element-7fb1100 e-con-full e-flex e-con e-child\" data-id=\"7fb1100\" data-element_type=\"container\" data-e-type=\"container\">\n\t\t\t\t<div class=\"elementor-element elementor-element-a20ab75 elementor-widget elementor-widget-heading\" data-id=\"a20ab75\" data-element_type=\"widget\" data-e-type=\"widget\" data-widget_type=\"heading.default\">\n\t\t\t\t<div class=\"elementor-widget-container\">\n\t\t\t\t\t<h2 class=\"elementor-heading-title elementor-size-default\">UNTERNEHMENSGESCHICHTE<\/h2>\t\t\t\t<\/div>\n\t\t\t\t<\/div>\n\t\t\t\t<div class=\"elementor-element elementor-element-dff7669 elementor-widget elementor-widget-text-editor\" data-id=\"dff7669\" data-element_type=\"widget\" data-e-type=\"widget\" data-widget_type=\"text-editor.default\">\n\t\t\t\t<div class=\"elementor-widget-container\">\n\t\t\t\t\t\t\t\t\t<p style=\"text-align: left;\">Wir sind\u2026<\/p><p style=\"text-align: left;\">Dienstleister f\u00fcr den Gesch\u00e4ftsmarkt in NW-Europa, der sich auf die Bindung spezifischer Kundengruppen konzentriert. Gemeinsam mit Partnern schaffen wir Konzepte, bei denen die Kombination aus Gastfreundschaft und Gesch\u00e4ftssinn die Inspiration f\u00fcr gemeinsamen Erfolg ist. <\/p><p style=\"text-align: left;\">Wir sehen\u2026<\/p><p style=\"text-align: left;\">dass die Nutzung von Gesch\u00e4ftskonzepten stark angebotsorientiert ist, mit wenig Aufmerksamkeit f\u00fcr die menschlichen Bed\u00fcrfnisse oder Beweggr\u00fcnde. Oft f\u00fchrt dies zu einheitlichen und funktionalen L\u00f6sungen, bei denen es an menschlicher Orientierung, aufrichtigem Interesse an Kunden und Liebe zum Detail mangelt. <\/p><p style=\"text-align: left;\">Wir wissen\u2026<\/p><p style=\"text-align: left;\">dass Menschen innerhalb von Unternehmen den Unterschied ausmachen. Der Erfolg h\u00e4ngt von der Pers\u00f6nlichkeit, Gastfreundschaft und Intuition der Menschen ab. Und in aufrichtiger Aufmerksamkeit f\u00fcr Kunden und ihre Beweggr\u00fcnde. Das macht Unternehmen gesund und au\u00dfergew\u00f6hnlich in ihrer Kategorie.   <\/p><p style=\"text-align: left;\"><em>Wir verbinden, um erfolgreiche Unternehmen in Nordwesteuropa zu schaffen!<\/em><\/p><p style=\"text-align: left;\">Wie wir das machen\u2026<\/p><ul style=\"text-align: left;\"><li style=\"text-align: justify;\">wir suchen nach Vielfalt in L\u00f6sungen (spezifisch, ma\u00dfgeschneidert, durch Kenntnisse und F\u00e4higkeiten des Marktes, menschlich);<\/li><li style=\"text-align: justify;\">wir verbessern uns durch Handeln und Zusammenarbeit (praktisch, beharrlich);<\/li><li style=\"text-align: justify;\">wir organisieren das Backoffice straff (basierend auf Fakten, mit Effizienz, basierend auf Professionalit\u00e4t und mit finanzieller Rendite);<\/li><li style=\"text-align: justify;\">wir sind st\u00e4ndig auf der Suche nach neuen Herausforderungen.<\/li><\/ul><p style=\"text-align: left;\"><strong><br><\/strong>Unsere Werte\u2026<\/p><ul><li style=\"text-align: left;\">wir sind einf\u00fchlsam \u2013 mit Aufmerksamkeit f\u00fcr Mitarbeiter, Kunden und M\u00e4rkte (und die Individualit\u00e4t darin);<\/li><li style=\"text-align: left;\">wir sind verbindend \u2013 gemeinsam machen wir mehr daraus;<\/li><li style=\"text-align: left;\">wir sind unternehmerisch \u2013 wir nehmen mutig neue Herausforderungen an;<\/li><li style=\"text-align: left;\">wir sind begeistert \u2013 wir arbeiten mit Freude!<\/li><\/ul>\t\t\t\t\t\t\t\t<\/div>\n\t\t\t\t<\/div>\n\t\t\t\t<\/div>\n\t\t\t\t<\/div>\n\t\t\t\t\t<\/div>\n\t\t\t\t<\/div>\n\t\t<div class=\"elementor-element elementor-element-d4c3e54 e-flex e-con-boxed e-con e-parent\" data-id=\"d4c3e54\" data-element_type=\"container\" data-e-type=\"container\">\n\t\t\t\t\t<div class=\"e-con-inner\">\n\t\t<div class=\"elementor-element elementor-element-9cfa920 e-con-full e-flex e-con e-child\" data-id=\"9cfa920\" data-element_type=\"container\" data-e-type=\"container\">\n\t\t\t\t<div class=\"elementor-element elementor-element-cb63acb elementor-widget elementor-widget-heading\" data-id=\"cb63acb\" data-element_type=\"widget\" data-e-type=\"widget\" data-widget_type=\"heading.default\">\n\t\t\t\t<div class=\"elementor-widget-container\">\n\t\t\t\t\t<h2 class=\"elementor-heading-title elementor-size-default\">Das Managementteam von PropertyWorks stellt sich vor<\/h2>\t\t\t\t<\/div>\n\t\t\t\t<\/div>\n\t\t\t\t<\/div>\n\t\t\t\t\t<\/div>\n\t\t\t\t<\/div>\n\t\t<div class=\"elementor-element elementor-element-fadd2ea e-con-full e-flex e-con e-parent\" data-id=\"fadd2ea\" data-element_type=\"container\" data-e-type=\"container\">\n\t\t<div data-dce-background-image-url=\"https:\/\/tica.nl\/wp-content\/uploads\/2025\/08\/TICA-Directie-team_Martijn-Cliteur.png.webp\" class=\"elementor-element elementor-element-b4d8972 e-con-full e-flex elementor-invisible e-con e-child\" data-id=\"b4d8972\" data-element_type=\"container\" data-e-type=\"container\" data-settings=\"{&quot;animation&quot;:&quot;fadeIn&quot;,&quot;animation_delay&quot;:400,&quot;background_background&quot;:&quot;classic&quot;,&quot;animation_mobile&quot;:&quot;none&quot;}\">\n\t\t\t\t<\/div>\n\t\t<div class=\"elementor-element elementor-element-263782d e-flex e-con-boxed e-con e-child\" data-id=\"263782d\" data-element_type=\"container\" data-e-type=\"container\">\n\t\t\t\t\t<div class=\"e-con-inner\">\n\t\t<div class=\"elementor-element elementor-element-db4bd89 e-con-full e-flex elementor-invisible e-con e-child\" data-id=\"db4bd89\" data-element_type=\"container\" data-e-type=\"container\" data-settings=\"{&quot;animation&quot;:&quot;fadeInUp&quot;}\">\n\t\t\t\t<div class=\"elementor-element elementor-element-5c5e754 elementor-widget elementor-widget-heading\" data-id=\"5c5e754\" data-element_type=\"widget\" data-e-type=\"widget\" data-widget_type=\"heading.default\">\n\t\t\t\t<div class=\"elementor-widget-container\">\n\t\t\t\t\t<h3 class=\"elementor-heading-title elementor-size-default\">Martijn Cliteur | Direktor\/Eigent\u00fcmer<\/h3>\t\t\t\t<\/div>\n\t\t\t\t<\/div>\n\t\t\t\t<div class=\"elementor-element elementor-element-a59ae64 elementor-widget elementor-widget-text-editor\" data-id=\"a59ae64\" data-element_type=\"widget\" data-e-type=\"widget\" data-widget_type=\"text-editor.default\">\n\t\t\t\t<div class=\"elementor-widget-container\">\n\t\t\t\t\t\t\t\t\t<p style=\"text-align: justify;\">Nach dem Lyzeum in Eindhoven war Martijn unter anderem selbstst\u00e4ndiger Unternehmer im Standbau- und M\u00f6belbereich. Danach war er von 1998 bis 2004 bei TCN Property Projects unter anderem endverantwortlich f\u00fcr Sport Business Center, Home Trade Center, Mode Centrum Almere, Media Park und das heutige World Forum Convention Centre, wo er zum ersten Mal mit Robert Segers zusammenarbeitete. <\/p><p style=\"text-align: justify;\">Nach einem zweij\u00e4hrigen Ausflug als Direktor der Fitnesskette Life Fit kehrte Martijn von 2006 bis 2009 als COO zu TCN Property Projects zur\u00fcck. Hier arbeitete er erneut mit Robert zusammen und gr\u00fcndete mit ihm 2009 Property Works. <\/p><p style=\"text-align: justify;\">Gemeinsam mit Robert konzentriert sich Martijn auf den weiteren Ausbau und die Professionalisierung von Property Works. Dar\u00fcber hinaus ist er prim\u00e4r in die Einf\u00fchrung der Subholding PW Markets involviert. <\/p>\t\t\t\t\t\t\t\t<\/div>\n\t\t\t\t<\/div>\n\t\t\t\t<\/div>\n\t\t\t\t\t<\/div>\n\t\t\t\t<\/div>\n\t\t\t\t<\/div>\n\t\t<div class=\"elementor-element elementor-element-28ece31 e-con-full e-flex e-con e-parent\" data-id=\"28ece31\" data-element_type=\"container\" data-e-type=\"container\">\n\t\t<div data-dce-background-image-url=\"https:\/\/tica.nl\/wp-content\/uploads\/2025\/08\/TICA-Directie-team_Robert-Segers.png.webp\" class=\"elementor-element elementor-element-95d50a3 e-con-full e-flex elementor-invisible e-con e-child\" data-id=\"95d50a3\" data-element_type=\"container\" data-e-type=\"container\" data-settings=\"{&quot;animation&quot;:&quot;fadeIn&quot;,&quot;animation_delay&quot;:400,&quot;background_background&quot;:&quot;classic&quot;,&quot;animation_mobile&quot;:&quot;none&quot;}\">\n\t\t\t\t<\/div>\n\t\t<div class=\"elementor-element elementor-element-da7fa8c e-flex e-con-boxed e-con e-child\" data-id=\"da7fa8c\" data-element_type=\"container\" data-e-type=\"container\">\n\t\t\t\t\t<div class=\"e-con-inner\">\n\t\t<div class=\"elementor-element elementor-element-4e93ea0 e-con-full e-flex elementor-invisible e-con e-child\" data-id=\"4e93ea0\" data-element_type=\"container\" data-e-type=\"container\" data-settings=\"{&quot;animation&quot;:&quot;fadeInUp&quot;}\">\n\t\t\t\t<div class=\"elementor-element elementor-element-6f55aff elementor-widget elementor-widget-heading\" data-id=\"6f55aff\" data-element_type=\"widget\" data-e-type=\"widget\" data-widget_type=\"heading.default\">\n\t\t\t\t<div class=\"elementor-widget-container\">\n\t\t\t\t\t<h3 class=\"elementor-heading-title elementor-size-default\">Robert Segers | Direktor\/Eigent\u00fcmer<\/h3>\t\t\t\t<\/div>\n\t\t\t\t<\/div>\n\t\t\t\t<div class=\"elementor-element elementor-element-c1296bc elementor-widget elementor-widget-text-editor\" data-id=\"c1296bc\" data-element_type=\"widget\" data-e-type=\"widget\" data-widget_type=\"text-editor.default\">\n\t\t\t\t<div class=\"elementor-widget-container\">\n\t\t\t\t\t\t\t\t\t<p style=\"text-align: justify;\">Robert studierte an der Hotelfachschule Den Haag und an der Amsterdam School of Real Estate. Nach einer Reihe von Managementpositionen im Gastgewerbe, darunter ACCOR Hotels, RAI Catering \/ Amsterdam ArenA und das World Forum Convention Centre, kam er 2002 zum Projektentwickler TCN Property Projects. Hier war er \u00fcber 5 Jahre f\u00fcr das operative und taktische Management von Immobilienobjekten sowohl f\u00fcr die TCN-Organisation als auch f\u00fcr Dritte verantwortlich. Es war auch bei TCN, dass er zum ersten Mal mit Martijn Cliteur zusammenarbeitete, mit dem er 2009 Property Works gr\u00fcndete.   <\/p><p style=\"text-align: justify;\">Gemeinsam mit Martijn konzentriert sich Robert auf den weiteren Ausbau und die Professionalisierung von Property Works. Dar\u00fcber hinaus ist er prim\u00e4r in die Einf\u00fchrung der Subholding PW Offices involviert. <\/p>\t\t\t\t\t\t\t\t<\/div>\n\t\t\t\t<\/div>\n\t\t\t\t<\/div>\n\t\t\t\t\t<\/div>\n\t\t\t\t<\/div>\n\t\t\t\t<\/div>\n\t\t<div class=\"elementor-element elementor-element-23e99f2 e-flex e-con-boxed e-con e-parent\" data-id=\"23e99f2\" data-element_type=\"container\" data-e-type=\"container\">\n\t\t\t\t\t<div class=\"e-con-inner\">\n\t\t<div class=\"elementor-element elementor-element-bc05b03 e-con-full e-flex e-con e-child\" data-id=\"bc05b03\" data-element_type=\"container\" data-e-type=\"container\">\n\t\t<div class=\"elementor-element elementor-element-f95d8c4 e-con-full e-flex e-con e-child\" data-id=\"f95d8c4\" data-element_type=\"container\" data-e-type=\"container\">\n\t\t\t\t<div class=\"elementor-element elementor-element-926c8d9 elementor-widget elementor-widget-heading\" data-id=\"926c8d9\" data-element_type=\"widget\" data-e-type=\"widget\" data-widget_type=\"heading.default\">\n\t\t\t\t<div class=\"elementor-widget-container\">\n\t\t\t\t\t<h3 class=\"elementor-heading-title elementor-size-default\">PW-M\u00e4rkte<\/h3>\t\t\t\t<\/div>\n\t\t\t\t<\/div>\n\t\t\t\t<div class=\"elementor-element elementor-element-2a538a4 elementor-widget elementor-widget-text-editor\" data-id=\"2a538a4\" data-element_type=\"widget\" data-e-type=\"widget\" data-widget_type=\"text-editor.default\">\n\t\t\t\t<div class=\"elementor-widget-container\">\n\t\t\t\t\t\t\t\t\t<p>TICA Aalsmeer, TICA Br\u00fcssel, TICA Ede, TICA Venlo und TICA Concept Store bilden zusammen PW Markets, die f\u00fchrende Lifestyle-Einkaufsplattform f\u00fcr Europa, indem sie Angebot und Nachfrage auf inspirierende Weise miteinander verbinden.<\/p>\t\t\t\t\t\t\t\t<\/div>\n\t\t\t\t<\/div>\n\t\t\t\t<\/div>\n\t\t\t\t<div class=\"elementor-element elementor-element-41c3b84 elementor-widget elementor-widget-button\" data-id=\"41c3b84\" data-element_type=\"widget\" data-e-type=\"widget\" data-widget_type=\"button.default\">\n\t\t\t\t<div class=\"elementor-widget-container\">\n\t\t\t\t\t\t\t\t\t<div class=\"elementor-button-wrapper\">\n\t\t\t\t\t<a class=\"elementor-button elementor-button-link elementor-size-sm\" href=\"https:\/\/tica.nl\/de\/pw-maerkte\/\">\n\t\t\t\t\t\t<span class=\"elementor-button-content-wrapper\">\n\t\t\t\t\t\t\t\t\t<span class=\"elementor-button-text\">Mehr Infos<\/span>\n\t\t\t\t\t<\/span>\n\t\t\t\t\t<\/a>\n\t\t\t\t<\/div>\n\t\t\t\t\t\t\t\t<\/div>\n\t\t\t\t<\/div>\n\t\t\t\t<\/div>\n\t\t<div class=\"elementor-element elementor-element-95b9001 e-con-full e-flex e-con e-child\" data-id=\"95b9001\" data-element_type=\"container\" data-e-type=\"container\">\n\t\t<div class=\"elementor-element elementor-element-0032a0c e-con-full e-flex e-con e-child\" data-id=\"0032a0c\" data-element_type=\"container\" data-e-type=\"container\">\n\t\t\t\t<div class=\"elementor-element elementor-element-16b0e08 elementor-widget elementor-widget-heading\" data-id=\"16b0e08\" data-element_type=\"widget\" data-e-type=\"widget\" data-widget_type=\"heading.default\">\n\t\t\t\t<div class=\"elementor-widget-container\">\n\t\t\t\t\t<h3 class=\"elementor-heading-title elementor-size-default\">PW Offices<\/h3>\t\t\t\t<\/div>\n\t\t\t\t<\/div>\n\t\t\t\t<div class=\"elementor-element elementor-element-6d05209 elementor-widget elementor-widget-text-editor\" data-id=\"6d05209\" data-element_type=\"widget\" data-e-type=\"widget\" data-widget_type=\"text-editor.default\">\n\t\t\t\t<div class=\"elementor-widget-container\">\n\t\t\t\t\t\t\t\t\t<p>The Hague Conference Centre, Gardens Business Centre New Babylon, Gardens Business Centre Oudlaen und Gardens Business Centre Rijnzathe bilden zusammen PW Offices, aufsehenerregende Tagungs-, Kongress- und B\u00fcrokonzepte in der Randstad.<\/p>\t\t\t\t\t\t\t\t<\/div>\n\t\t\t\t<\/div>\n\t\t\t\t<div class=\"elementor-element elementor-element-7c74cdc elementor-widget elementor-widget-button\" data-id=\"7c74cdc\" data-element_type=\"widget\" data-e-type=\"widget\" data-widget_type=\"button.default\">\n\t\t\t\t<div class=\"elementor-widget-container\">\n\t\t\t\t\t\t\t\t\t<div class=\"elementor-button-wrapper\">\n\t\t\t\t\t<a class=\"elementor-button elementor-button-link elementor-size-sm\" href=\"https:\/\/tica.nl\/de\/pw-offices\/\">\n\t\t\t\t\t\t<span class=\"elementor-button-content-wrapper\">\n\t\t\t\t\t\t\t\t\t<span class=\"elementor-button-text\">Mehr Infos<\/span>\n\t\t\t\t\t<\/span>\n\t\t\t\t\t<\/a>\n\t\t\t\t<\/div>\n\t\t\t\t\t\t\t\t<\/div>\n\t\t\t\t<\/div>\n\t\t\t\t<\/div>\n\t\t\t\t<\/div>\n\t\t\t\t\t<\/div>\n\t\t\t\t<\/div>\n\t\t<div data-dce-background-color=\"#F7F7F7\" class=\"elementor-element elementor-element-953abe5 e-flex e-con-boxed e-con e-parent\" data-id=\"953abe5\" data-element_type=\"container\" data-e-type=\"container\" data-settings=\"{&quot;background_background&quot;:&quot;classic&quot;}\">\n\t\t\t\t\t<div class=\"e-con-inner\">\n\t\t<div class=\"elementor-element elementor-element-e3006b0 e-con-full e-flex e-con e-child\" data-id=\"e3006b0\" data-element_type=\"container\" data-e-type=\"container\">\n\t\t\t\t<div class=\"elementor-element elementor-element-60bf4d1 elementor-widget__width-initial elementor-widget elementor-widget-text-editor\" data-id=\"60bf4d1\" data-element_type=\"widget\" data-e-type=\"widget\" data-widget_type=\"text-editor.default\">\n\t\t\t\t<div class=\"elementor-widget-container\">\n\t\t\t\t\t\t\t\t\t<div style=\"font-size: 12pt;\">F\u00fcr mehr Informationen \u00fcber den Eigent\u00fcmer dieser Website, die gesetzliche Kenntnisnahme und Offenbarungsinformationen, siehe das Impressum \u00fcber den Button.<\/div>\t\t\t\t\t\t\t\t<\/div>\n\t\t\t\t<\/div>\n\t\t\t\t<\/div>\n\t\t<div class=\"elementor-element elementor-element-fda7f51 e-con-full e-flex e-con e-child\" data-id=\"fda7f51\" data-element_type=\"container\" data-e-type=\"container\">\n\t\t\t\t<div class=\"elementor-element elementor-element-e549301 elementor-widget elementor-widget-button\" data-id=\"e549301\" data-element_type=\"widget\" data-e-type=\"widget\" data-widget_type=\"button.default\">\n\t\t\t\t<div class=\"elementor-widget-container\">\n\t\t\t\t\t\t\t\t\t<div class=\"elementor-button-wrapper\">\n\t\t\t\t\t<a class=\"elementor-button elementor-button-link elementor-size-sm\" href=\"https:\/\/tica.nl\/de\/impressum-pw-markets\/\">\n\t\t\t\t\t\t<span class=\"elementor-button-content-wrapper\">\n\t\t\t\t\t\t\t\t\t<span class=\"elementor-button-text\">Impressum ansehen<\/span>\n\t\t\t\t\t<\/span>\n\t\t\t\t\t<\/a>\n\t\t\t\t<\/div>\n\t\t\t\t\t\t\t\t<\/div>\n\t\t\t\t<\/div>\n\t\t\t\t<\/div>\n\t\t\t\t\t<\/div>\n\t\t\t\t<\/div>\n\t\t\t\t<\/div>\n\t\t","protected":false},"excerpt":{"rendered":"<p>PropertyWorks PropertyWorks \u201eWir verbinden, um erfolgreiche Unternehmen in Nordwesteuropa zu schaffen!\u201c Mit PW Markets bietet PropertyWorks die f\u00fchrende Lifestyle-Einkaufsplattform in Europa. Mit PW Offices bietet PropertyWorks aufsehenerregende Tagungs-, Kongress- und B\u00fcrokonzepte in der Randstad. UNTERNEHMENSGESCHICHTE Wir sind\u2026 Dienstleister f\u00fcr den Gesch\u00e4ftsmarkt in NW-Europa, der sich auf die Bindung spezifischer Kundengruppen konzentriert. Gemeinsam mit Partnern schaffen [&hellip;]<\/p>\n","protected":false},"author":2,"featured_media":15331,"parent":0,"menu_order":0,"comment_status":"closed","ping_status":"closed","template":"","meta":{"_acf_changed":false,"footnotes":""},"class_list":["post-15330","page","type-page","status-publish","has-post-thumbnail","hentry"],"acf":[],"_links":{"self":[{"href":"https:\/\/tica.nl\/de\/wp-json\/wp\/v2\/pages\/15330","targetHints":{"allow":["GET"]}}],"collection":[{"href":"https:\/\/tica.nl\/de\/wp-json\/wp\/v2\/pages"}],"about":[{"href":"https:\/\/tica.nl\/de\/wp-json\/wp\/v2\/types\/page"}],"author":[{"embeddable":true,"href":"https:\/\/tica.nl\/de\/wp-json\/wp\/v2\/users\/2"}],"replies":[{"embeddable":true,"href":"https:\/\/tica.nl\/de\/wp-json\/wp\/v2\/comments?post=15330"}],"version-history":[{"count":0,"href":"https:\/\/tica.nl\/de\/wp-json\/wp\/v2\/pages\/15330\/revisions"}],"wp:featuredmedia":[{"embeddable":true,"href":"https:\/\/tica.nl\/de\/wp-json\/wp\/v2\/media\/15331"}],"wp:attachment":[{"href":"https:\/\/tica.nl\/de\/wp-json\/wp\/v2\/media?parent=15330"}],"curies":[{"name":"wp","href":"https:\/\/api.w.org\/{rel}","templated":true}]}}