{"id":15164,"date":"2025-08-08T08:51:14","date_gmt":"2025-08-08T08:51:14","guid":{"rendered":"https:\/\/tica.nl\/zulassungsrichtlinien\/"},"modified":"2025-11-07T14:51:33","modified_gmt":"2025-11-07T14:51:33","slug":"zulassungsrichtlinien","status":"publish","type":"page","link":"https:\/\/tica.nl\/de\/zulassungsrichtlinien\/","title":{"rendered":"Zulassungsrichtlinien"},"content":{"rendered":"\t\t<div data-elementor-type=\"wp-page\" data-elementor-id=\"15164\" class=\"elementor elementor-15164 elementor-10848\" data-elementor-post-type=\"page\">\n\t\t\t\t<div class=\"elementor-element elementor-element-f2cade1 e-flex e-con-boxed e-con e-parent\" data-id=\"f2cade1\" data-element_type=\"container\" data-e-type=\"container\">\n\t\t\t\t\t<div class=\"e-con-inner\">\n\t\t<div class=\"elementor-element elementor-element-6a0f65e e-con-full e-flex e-con e-child\" data-id=\"6a0f65e\" data-element_type=\"container\" data-e-type=\"container\">\n\t\t<div class=\"elementor-element elementor-element-7768e5d e-con-full e-flex e-con e-child\" data-id=\"7768e5d\" data-element_type=\"container\" data-e-type=\"container\">\n\t\t\t\t<div class=\"elementor-element elementor-element-794d2ec elementor-invisible elementor-widget elementor-widget-heading\" data-id=\"794d2ec\" data-element_type=\"widget\" data-e-type=\"widget\" data-settings=\"{&quot;_animation&quot;:&quot;fadeInUp&quot;}\" data-widget_type=\"heading.default\">\n\t\t\t\t<div class=\"elementor-widget-container\">\n\t\t\t\t\t<h1 class=\"elementor-heading-title elementor-size-default\">Zulassungsrichtlinien<\/h1>\t\t\t\t<\/div>\n\t\t\t\t<\/div>\n\t\t\t\t<div class=\"elementor-element elementor-element-9da8dd2 elementor-widget-divider--view-line elementor-invisible elementor-widget elementor-widget-divider\" data-id=\"9da8dd2\" data-element_type=\"widget\" data-e-type=\"widget\" data-settings=\"{&quot;_animation&quot;:&quot;fadeInUp&quot;,&quot;_animation_delay&quot;:300}\" data-widget_type=\"divider.default\">\n\t\t\t\t<div class=\"elementor-widget-container\">\n\t\t\t\t\t\t\t<div class=\"elementor-divider\">\n\t\t\t<span class=\"elementor-divider-separator\">\n\t\t\t\t\t\t<\/span>\n\t\t<\/div>\n\t\t\t\t\t\t<\/div>\n\t\t\t\t<\/div>\n\t\t\t\t<\/div>\n\t\t\t\t<\/div>\n\t\t\t\t\t<\/div>\n\t\t\t\t<\/div>\n\t\t<div class=\"elementor-element elementor-element-c99ca6a e-con-full e-flex e-con e-parent\" data-id=\"c99ca6a\" data-element_type=\"container\" data-e-type=\"container\">\n\t\t<div data-dce-background-image-url=\"https:\/\/tica.nl\/wp-content\/uploads\/2025\/08\/TICA_Toelatingsbeleid_Receptie_klantenpas.png.webp\" class=\"elementor-element elementor-element-45daf31 e-con-full e-flex elementor-invisible e-con e-child\" data-id=\"45daf31\" data-element_type=\"container\" data-e-type=\"container\" data-settings=\"{&quot;animation&quot;:&quot;fadeIn&quot;,&quot;animation_delay&quot;:400,&quot;background_background&quot;:&quot;classic&quot;,&quot;animation_mobile&quot;:&quot;none&quot;}\">\n\t\t\t\t<\/div>\n\t\t<div class=\"elementor-element elementor-element-259fe95 e-con-full e-flex e-con e-child\" data-id=\"259fe95\" data-element_type=\"container\" data-e-type=\"container\">\n\t\t<div class=\"elementor-element elementor-element-f6b3c12 e-con-full e-flex elementor-invisible e-con e-child\" data-id=\"f6b3c12\" data-element_type=\"container\" data-e-type=\"container\" data-settings=\"{&quot;animation&quot;:&quot;fadeInUp&quot;}\">\n\t\t\t\t<div class=\"elementor-element elementor-element-5ec65d1 elementor-widget elementor-widget-heading\" data-id=\"5ec65d1\" data-element_type=\"widget\" data-e-type=\"widget\" data-widget_type=\"heading.default\">\n\t\t\t\t<div class=\"elementor-widget-container\">\n\t\t\t\t\t<h2 class=\"elementor-heading-title elementor-size-default\">Zulassungsrichtlinien<\/h2>\t\t\t\t<\/div>\n\t\t\t\t<\/div>\n\t\t\t\t<div class=\"elementor-element elementor-element-f63028e elementor-widget elementor-widget-text-editor\" data-id=\"f63028e\" data-element_type=\"widget\" data-e-type=\"widget\" data-widget_type=\"text-editor.default\">\n\t\t\t\t<div class=\"elementor-widget-container\">\n\t\t\t\t\t\t\t\t\t<p>Wir begr\u00fc\u00dfen Sie gerne als TICA-Mitglied, sowohl in unseren Niederlassungen als auch online. Die Anmeldung erfolgt einfach \u00fcber unsere Website. Ein Jahresabonnement kostet 149,50 \u20ac und l\u00e4uft zw\u00f6lf Monate ab dem Datum der Anmeldung. Das Abonnement ist pers\u00f6nlich und berechtigt maximal zwei befugte Personen zum Zutritt zu allen unseren Niederlassungen und zur TICA Online-Einkaufsplattform.   <\/p><div class=\"dsgn-pck__text dsgn-pck__rte\"><p style=\"text-align: left;\">Um die Qualit\u00e4t unserer Community zu gew\u00e4hrleisten, gelten folgende Bedingungen:<\/p><ul><li style=\"text-align: left;\">Sie sind Wiederverk\u00e4ufer, Projektgestalter oder professioneller Endverbraucher.<\/li><li style=\"text-align: left;\">Sie kaufen gesch\u00e4ftlich in der Home-, Geschenk-, Garten- und\/oder Modebranche ein.<\/li><li style=\"text-align: left;\">Sie sind bei der Handelskammer eingetragen.<\/li><li style=\"text-align: left;\">Sie verf\u00fcgen \u00fcber eine g\u00fcltige Umsatzsteuer-Identifikationsnummer und einen Ausweis.<\/li><li style=\"text-align: left;\">Sie haben ein gesch\u00e4ftliches Einkaufsziel, das zu TICA und Ihrem Unternehmen passt.<\/li><\/ul><\/div>\t\t\t\t\t\t\t\t<\/div>\n\t\t\t\t<\/div>\n\t\t\t\t<\/div>\n\t\t\t\t<\/div>\n\t\t\t\t<\/div>\n\t\t<div class=\"elementor-element elementor-element-533828b e-con-full e-flex e-con e-parent\" data-id=\"533828b\" data-element_type=\"container\" data-e-type=\"container\">\n\t\t<div class=\"elementor-element elementor-element-285fb19 e-con-full e-flex e-con e-child\" data-id=\"285fb19\" data-element_type=\"container\" data-e-type=\"container\">\n\t\t<div class=\"elementor-element elementor-element-9a48fdc e-con-full e-flex e-con e-child\" data-id=\"9a48fdc\" data-element_type=\"container\" data-e-type=\"container\">\n\t\t\t\t<div class=\"elementor-element elementor-element-708b298 elementor-invisible elementor-widget elementor-widget-heading\" data-id=\"708b298\" data-element_type=\"widget\" data-e-type=\"widget\" data-settings=\"{&quot;_animation&quot;:&quot;fadeInUp&quot;}\" data-widget_type=\"heading.default\">\n\t\t\t\t<div class=\"elementor-widget-container\">\n\t\t\t\t\t<h3 class=\"elementor-heading-title elementor-size-default\">Ihre Einkaufsvorteile als TICA-Mitglied <\/h3>\t\t\t\t<\/div>\n\t\t\t\t<\/div>\n\t\t\t\t<div class=\"elementor-element elementor-element-6ea6af0 elementor-invisible elementor-widget elementor-widget-text-editor\" data-id=\"6ea6af0\" data-element_type=\"widget\" data-e-type=\"widget\" data-settings=\"{&quot;_animation&quot;:&quot;fadeInUp&quot;,&quot;_animation_delay&quot;:200}\" data-widget_type=\"text-editor.default\">\n\t\t\t\t<div class=\"elementor-widget-container\">\n\t\t\t\t\t\t\t\t\t<p data-start=\"1248\" data-end=\"1329\">Bei TICA profitieren Sie von cleveren Einkaufsm\u00f6glichkeiten, die Ihr Unternehmen st\u00e4rken:<\/p><ul><li>Flexibler Einzelst\u00fcckkauf bei \u00fcber 450 Marken.<\/li><li>Mehr Marge und weniger Risiko.<\/li><li>Jede Woche neue Kollektionen und Trends.<\/li><li>Sieben Tage die Woche ge\u00f6ffnet, mit gro\u00dfz\u00fcgigen \u00d6ffnungszeiten.<\/li><li>Eine zentrale Kasse und eine Rechnung f\u00fcr alle Ihre Eink\u00e4ufe.<\/li><\/ul>\t\t\t\t\t\t\t\t<\/div>\n\t\t\t\t<\/div>\n\t\t\t\t<div class=\"elementor-element elementor-element-8007f05 elementor-widget elementor-widget-button\" data-id=\"8007f05\" data-element_type=\"widget\" data-e-type=\"widget\" data-widget_type=\"button.default\">\n\t\t\t\t<div class=\"elementor-widget-container\">\n\t\t\t\t\t\t\t\t\t<div class=\"elementor-button-wrapper\">\n\t\t\t\t\t<a class=\"elementor-button elementor-button-link elementor-size-sm\" href=\"https:\/\/tica.nl\/de\/5-gruende-warum-sie-bei-tica-einkaufen-sollten\/\">\n\t\t\t\t\t\t<span class=\"elementor-button-content-wrapper\">\n\t\t\t\t\t\t\t\t\t<span class=\"elementor-button-text\">Lesen Sie mehr \u00fcber Margenchancen bei TICA<\/span>\n\t\t\t\t\t<\/span>\n\t\t\t\t\t<\/a>\n\t\t\t\t<\/div>\n\t\t\t\t\t\t\t\t<\/div>\n\t\t\t\t<\/div>\n\t\t\t\t<\/div>\n\t\t\t\t<\/div>\n\t\t<div data-dce-background-image-url=\"https:\/\/tica.nl\/wp-content\/uploads\/2025\/08\/TICA_Toelatingsbeleid_LightLiving_Venlo.png.webp\" class=\"elementor-element elementor-element-e1c9c7a e-con-full e-flex elementor-invisible e-con e-child\" data-id=\"e1c9c7a\" data-element_type=\"container\" data-e-type=\"container\" data-settings=\"{&quot;animation&quot;:&quot;fadeIn&quot;,&quot;animation_delay&quot;:300,&quot;background_background&quot;:&quot;classic&quot;}\">\n\t\t\t\t<\/div>\n\t\t\t\t<\/div>\n\t\t<div class=\"elementor-element elementor-element-77ca6f1 e-con-full e-flex e-con e-parent\" data-id=\"77ca6f1\" data-element_type=\"container\" data-e-type=\"container\">\n\t\t<div data-dce-background-image-url=\"https:\/\/tica.nl\/wp-content\/uploads\/2025\/08\/TICA_Toelatingsbeleid_member_LocoLama.png.webp\" class=\"elementor-element elementor-element-4e505c3 e-con-full e-flex elementor-invisible e-con e-child\" data-id=\"4e505c3\" data-element_type=\"container\" data-e-type=\"container\" data-settings=\"{&quot;animation&quot;:&quot;fadeIn&quot;,&quot;animation_delay&quot;:400,&quot;background_background&quot;:&quot;classic&quot;,&quot;animation_mobile&quot;:&quot;none&quot;}\">\n\t\t\t\t<\/div>\n\t\t<div class=\"elementor-element elementor-element-1dde9a4 e-con-full e-flex e-con e-child\" data-id=\"1dde9a4\" data-element_type=\"container\" data-e-type=\"container\">\n\t\t<div class=\"elementor-element elementor-element-ea27977 e-con-full e-flex elementor-invisible e-con e-child\" data-id=\"ea27977\" data-element_type=\"container\" data-e-type=\"container\" data-settings=\"{&quot;animation&quot;:&quot;fadeInUp&quot;}\">\n\t\t\t\t<div class=\"elementor-element elementor-element-fbfbb61 elementor-widget elementor-widget-heading\" data-id=\"fbfbb61\" data-element_type=\"widget\" data-e-type=\"widget\" data-widget_type=\"heading.default\">\n\t\t\t\t<div class=\"elementor-widget-container\">\n\t\t\t\t\t<h2 class=\"elementor-heading-title elementor-size-default\">TICA-Mitglied werden<\/h2>\t\t\t\t<\/div>\n\t\t\t\t<\/div>\n\t\t\t\t<div class=\"elementor-element elementor-element-cf9189b elementor-widget elementor-widget-text-editor\" data-id=\"cf9189b\" data-element_type=\"widget\" data-e-type=\"widget\" data-widget_type=\"text-editor.default\">\n\t\t\t\t<div class=\"elementor-widget-container\">\n\t\t\t\t\t\t\t\t\t<p>Mit mehr als 450 f\u00fchrenden Lifestylemarken bietet TICA Ihnen die Must-haves, die Ihre Kollektion oder Ihr Projekt auszeichnen. Lassen Sie sich <g id=\"gid_0\">inspirieren<\/g> von Trends, Ma\u00dfkollektionen und kreativen Pr\u00e4sentationen. Werden Sie TICA-Mitglied und kaufen Sie direkt in unseren <a href=\"https:\/\/tica.nl\/de\/filialen\/\">Niederlassungen<\/a> oder rund um die Uhr <a href=\"https:\/\/tica.nl\/de\/online-einkaeufe-bei-tica\/\">online<\/a> ein. Dank des Prinzips \u201eAnsehen, Ausw\u00e4hlen und sofort Mitnehmen\u201c wird der Einkauf nicht nur einfach, sondern auch inspirierend.   <\/p>\t\t\t\t\t\t\t\t<\/div>\n\t\t\t\t<\/div>\n\t\t\t\t<\/div>\n\t\t<div class=\"elementor-element elementor-element-a1ce248 e-con-full e-flex elementor-invisible e-con e-child\" data-id=\"a1ce248\" data-element_type=\"container\" data-e-type=\"container\" data-settings=\"{&quot;animation&quot;:&quot;fadeInUp&quot;,&quot;animation_delay&quot;:200}\">\n\t\t\t\t<div class=\"elementor-element elementor-element-d2e4ae6 elementor-widget__width-auto elementor-widget elementor-widget-button\" data-id=\"d2e4ae6\" data-element_type=\"widget\" data-e-type=\"widget\" data-widget_type=\"button.default\">\n\t\t\t\t<div class=\"elementor-widget-container\">\n\t\t\t\t\t\t\t\t\t<div class=\"elementor-button-wrapper\">\n\t\t\t\t\t<a class=\"elementor-button elementor-button-link elementor-size-sm\" href=\"https:\/\/portal.tica.nl\/de\/\">\n\t\t\t\t\t\t<span class=\"elementor-button-content-wrapper\">\n\t\t\t\t\t\t\t\t\t<span class=\"elementor-button-text\">Jetzt anmelden<\/span>\n\t\t\t\t\t<\/span>\n\t\t\t\t\t<\/a>\n\t\t\t\t<\/div>\n\t\t\t\t\t\t\t\t<\/div>\n\t\t\t\t<\/div>\n\t\t\t\t<div class=\"elementor-element elementor-element-65daa62 elementor-widget__width-auto elementor-widget elementor-widget-button\" data-id=\"65daa62\" data-element_type=\"widget\" data-e-type=\"widget\" data-widget_type=\"button.default\">\n\t\t\t\t<div class=\"elementor-widget-container\">\n\t\t\t\t\t\t\t\t\t<div class=\"elementor-button-wrapper\">\n\t\t\t\t\t<a class=\"elementor-button elementor-button-link elementor-size-sm\" href=\"https:\/\/tica.nl\/de\/tica-bedingungen\/\">\n\t\t\t\t\t\t<span class=\"elementor-button-content-wrapper\">\n\t\t\t\t\t\t\t\t\t<span class=\"elementor-button-text\">Bedingungen TICA-Jahresabonnement<\/span>\n\t\t\t\t\t<\/span>\n\t\t\t\t\t<\/a>\n\t\t\t\t<\/div>\n\t\t\t\t\t\t\t\t<\/div>\n\t\t\t\t<\/div>\n\t\t\t\t<\/div>\n\t\t\t\t<\/div>\n\t\t\t\t<\/div>\n\t\t<div class=\"elementor-element elementor-element-862c8b6 e-con-full e-flex e-con e-parent\" data-id=\"862c8b6\" data-element_type=\"container\" data-e-type=\"container\" data-settings=\"{&quot;background_background&quot;:&quot;classic&quot;}\">\n\t\t<div class=\"elementor-element elementor-element-c3c777c e-flex e-con-boxed e-con e-child\" data-id=\"c3c777c\" data-element_type=\"container\" data-e-type=\"container\">\n\t\t\t\t\t<div class=\"e-con-inner\">\n\t\t\t\t<div class=\"elementor-element elementor-element-fe72c49 elementor-invisible elementor-widget elementor-widget-heading\" data-id=\"fe72c49\" data-element_type=\"widget\" data-e-type=\"widget\" data-settings=\"{&quot;_animation&quot;:&quot;fadeIn&quot;}\" data-widget_type=\"heading.default\">\n\t\t\t\t<div class=\"elementor-widget-container\">\n\t\t\t\t\t<h2 class=\"elementor-heading-title elementor-size-default\">Entdecken Sie mehr<\/h2>\t\t\t\t<\/div>\n\t\t\t\t<\/div>\n\t\t\t\t\t<\/div>\n\t\t\t\t<\/div>\n\t\t<div class=\"elementor-element elementor-element-c72d50e e-flex e-con-boxed elementor-invisible e-con e-child\" data-id=\"c72d50e\" data-element_type=\"container\" data-e-type=\"container\" data-settings=\"{&quot;animation&quot;:&quot;fadeIn&quot;}\">\n\t\t\t\t\t<div class=\"e-con-inner\">\n\t\t<div class=\"elementor-element elementor-element-1e8aa6d e-con-full e-flex e-con e-child\" data-id=\"1e8aa6d\" data-element_type=\"container\" data-e-type=\"container\">\n\t\t\t\t<div class=\"elementor-element elementor-element-d007ea4 boxes-page dce_masking-none elementor-position-top elementor-widget elementor-widget-image-box\" data-id=\"d007ea4\" data-element_type=\"widget\" data-e-type=\"widget\" data-widget_type=\"image-box.default\">\n\t\t\t\t<div class=\"elementor-widget-container\">\n\t\t\t\t\t<div class=\"elementor-image-box-wrapper\"><figure class=\"elementor-image-box-img\"><a href=\"https:\/\/tica.nl\/de\/filialen\/\" tabindex=\"-1\"><img decoding=\"async\" width=\"900\" height=\"1410\" src=\"https:\/\/tica.nl\/wp-content\/uploads\/2025\/08\/4.-Vestigingen.png.webp\" class=\"attachment-full size-full wp-image-14364\" alt=\"TICA_Standorte\" srcset=\"https:\/\/tica.nl\/wp-content\/uploads\/2025\/08\/4.-Vestigingen.png.webp 900w, https:\/\/tica.nl\/wp-content\/uploads\/2025\/08\/4.-Vestigingen.png-191x300.webp 191w, https:\/\/tica.nl\/wp-content\/uploads\/2025\/08\/4.-Vestigingen.png-654x1024.webp 654w, https:\/\/tica.nl\/wp-content\/uploads\/2025\/08\/4.-Vestigingen.png-768x1203.webp 768w\" sizes=\"(max-width: 900px) 100vw, 900px\" \/><\/a><\/figure><div class=\"elementor-image-box-content\"><h2 class=\"elementor-image-box-title\"><a href=\"https:\/\/tica.nl\/de\/filialen\/\">Filialen<\/a><\/h2><p class=\"elementor-image-box-description\">TICA-Mitglieder haben Zugang zu allen Niederlassungen in den Niederlanden und Belgien.<\/p><\/div><\/div>\t\t\t\t<\/div>\n\t\t\t\t<\/div>\n\t\t\t\t<\/div>\n\t\t<div class=\"elementor-element elementor-element-e6b89f2 e-con-full e-flex e-con e-child\" data-id=\"e6b89f2\" data-element_type=\"container\" data-e-type=\"container\">\n\t\t\t\t<div class=\"elementor-element elementor-element-5afecee boxes-page dce_masking-none elementor-position-top elementor-widget elementor-widget-image-box\" data-id=\"5afecee\" data-element_type=\"widget\" data-e-type=\"widget\" data-widget_type=\"image-box.default\">\n\t\t\t\t<div class=\"elementor-widget-container\">\n\t\t\t\t\t<div class=\"elementor-image-box-wrapper\"><figure class=\"elementor-image-box-img\"><a href=\"https:\/\/tica.nl\/de\/oeffnungszeiten\/\" tabindex=\"-1\"><img decoding=\"async\" width=\"900\" height=\"1410\" src=\"https:\/\/tica.nl\/wp-content\/uploads\/2025\/08\/9.-Openingstijden.png.webp\" class=\"attachment-full size-full wp-image-14365\" alt=\"TICA_\u00d6ffnungszeiten\" srcset=\"https:\/\/tica.nl\/wp-content\/uploads\/2025\/08\/9.-Openingstijden.png.webp 900w, https:\/\/tica.nl\/wp-content\/uploads\/2025\/08\/9.-Openingstijden.png-191x300.webp 191w, https:\/\/tica.nl\/wp-content\/uploads\/2025\/08\/9.-Openingstijden.png-654x1024.webp 654w, https:\/\/tica.nl\/wp-content\/uploads\/2025\/08\/9.-Openingstijden.png-768x1203.webp 768w\" sizes=\"(max-width: 900px) 100vw, 900px\" \/><\/a><\/figure><div class=\"elementor-image-box-content\"><h2 class=\"elementor-image-box-title\"><a href=\"https:\/\/tica.nl\/de\/oeffnungszeiten\/\">\u00d6ffnungszeiten<\/a><\/h2><p class=\"elementor-image-box-description\">Fast alle unsere Filialen sind 7 Tage die Woche ge\u00f6ffnet. So k\u00f6nnen Sie einkaufen, wann es Ihnen passt. <\/p><\/div><\/div>\t\t\t\t<\/div>\n\t\t\t\t<\/div>\n\t\t\t\t<\/div>\n\t\t<div class=\"elementor-element elementor-element-bd70456 e-con-full e-flex e-con e-child\" data-id=\"bd70456\" data-element_type=\"container\" data-e-type=\"container\">\n\t\t\t\t<div class=\"elementor-element elementor-element-b86b0d5 boxes-page dce_masking-none elementor-position-top elementor-widget elementor-widget-image-box\" data-id=\"b86b0d5\" data-element_type=\"widget\" data-e-type=\"widget\" data-widget_type=\"image-box.default\">\n\t\t\t\t<div class=\"elementor-widget-container\">\n\t\t\t\t\t<div class=\"elementor-image-box-wrapper\"><figure class=\"elementor-image-box-img\"><a href=\"https:\/\/tica.nl\/de\/lassen-sie-sich-inspirieren\/\" tabindex=\"-1\"><img decoding=\"async\" width=\"900\" height=\"1410\" src=\"https:\/\/tica.nl\/wp-content\/uploads\/2025\/08\/3.-Inspiratie.jpg.webp\" class=\"attachment-full size-full wp-image-14366\" alt=\"TICA_Inspiration\" srcset=\"https:\/\/tica.nl\/wp-content\/uploads\/2025\/08\/3.-Inspiratie.jpg.webp 900w, https:\/\/tica.nl\/wp-content\/uploads\/2025\/08\/3.-Inspiratie.jpg-191x300.webp 191w, https:\/\/tica.nl\/wp-content\/uploads\/2025\/08\/3.-Inspiratie.jpg-654x1024.webp 654w, https:\/\/tica.nl\/wp-content\/uploads\/2025\/08\/3.-Inspiratie.jpg-768x1203.webp 768w\" sizes=\"(max-width: 900px) 100vw, 900px\" \/><\/a><\/figure><div class=\"elementor-image-box-content\"><h2 class=\"elementor-image-box-title\"><a href=\"https:\/\/tica.nl\/de\/lassen-sie-sich-inspirieren\/\">Inspiration<\/a><\/h2><p class=\"elementor-image-box-description\">Bleiben Sie auf dem Laufenden \u00fcber die neuesten Lifestyle-Trends, Wohnstile und inspirierenden Blogs.<\/p><\/div><\/div>\t\t\t\t<\/div>\n\t\t\t\t<\/div>\n\t\t\t\t<\/div>\n\t\t<div class=\"elementor-element elementor-element-f0e85c6 e-con-full e-flex e-con e-child\" data-id=\"f0e85c6\" data-element_type=\"container\" data-e-type=\"container\">\n\t\t\t\t<div class=\"elementor-element elementor-element-a10c099 boxes-page dce_masking-none elementor-position-top elementor-widget elementor-widget-image-box\" data-id=\"a10c099\" data-element_type=\"widget\" data-e-type=\"widget\" data-widget_type=\"image-box.default\">\n\t\t\t\t<div class=\"elementor-widget-container\">\n\t\t\t\t\t<div class=\"elementor-image-box-wrapper\"><figure class=\"elementor-image-box-img\"><a href=\"https:\/\/tica.nl\/de\/online-einkaeufe-bei-tica\/\" tabindex=\"-1\"><img decoding=\"async\" width=\"900\" height=\"1410\" src=\"https:\/\/tica.nl\/wp-content\/uploads\/2025\/08\/5.-Online-inkopen.jpg.webp\" class=\"attachment-full size-full wp-image-14367\" alt=\"TICA_Online-Eink\u00e4ufe\" srcset=\"https:\/\/tica.nl\/wp-content\/uploads\/2025\/08\/5.-Online-inkopen.jpg.webp 900w, https:\/\/tica.nl\/wp-content\/uploads\/2025\/08\/5.-Online-inkopen.jpg-191x300.webp 191w, https:\/\/tica.nl\/wp-content\/uploads\/2025\/08\/5.-Online-inkopen.jpg-654x1024.webp 654w, https:\/\/tica.nl\/wp-content\/uploads\/2025\/08\/5.-Online-inkopen.jpg-768x1203.webp 768w\" sizes=\"(max-width: 900px) 100vw, 900px\" \/><\/a><\/figure><div class=\"elementor-image-box-content\"><h2 class=\"elementor-image-box-title\"><a href=\"https:\/\/tica.nl\/de\/online-einkaeufe-bei-tica\/\">Nachbestellen? <\/a><\/h2><p class=\"elementor-image-box-description\">TICA-Mitglieder k\u00f6nnen einfach online \u00fcber den TICA-Webshop einkaufen \u2013 schnell, flexibel und wann es Ihnen passt<\/p><\/div><\/div>\t\t\t\t<\/div>\n\t\t\t\t<\/div>\n\t\t\t\t<\/div>\n\t\t\t\t\t<\/div>\n\t\t\t\t<\/div>\n\t\t\t\t<\/div>\n\t\t\t\t<\/div>\n\t\t","protected":false},"excerpt":{"rendered":"<p>Zulassungsrichtlinien Zulassungsrichtlinien Wir begr\u00fc\u00dfen Sie gerne als TICA-Mitglied, sowohl in unseren Niederlassungen als auch online. Die Anmeldung erfolgt einfach \u00fcber unsere Website. Ein Jahresabonnement kostet 149,50 \u20ac und l\u00e4uft zw\u00f6lf Monate ab dem Datum der Anmeldung. Das Abonnement ist pers\u00f6nlich und berechtigt maximal zwei befugte Personen zum Zutritt zu allen unseren Niederlassungen und zur TICA [&hellip;]<\/p>\n","protected":false},"author":2,"featured_media":15096,"parent":0,"menu_order":0,"comment_status":"closed","ping_status":"closed","template":"","meta":{"_acf_changed":false,"footnotes":""},"class_list":["post-15164","page","type-page","status-publish","has-post-thumbnail","hentry"],"acf":[],"_links":{"self":[{"href":"https:\/\/tica.nl\/de\/wp-json\/wp\/v2\/pages\/15164","targetHints":{"allow":["GET"]}}],"collection":[{"href":"https:\/\/tica.nl\/de\/wp-json\/wp\/v2\/pages"}],"about":[{"href":"https:\/\/tica.nl\/de\/wp-json\/wp\/v2\/types\/page"}],"author":[{"embeddable":true,"href":"https:\/\/tica.nl\/de\/wp-json\/wp\/v2\/users\/2"}],"replies":[{"embeddable":true,"href":"https:\/\/tica.nl\/de\/wp-json\/wp\/v2\/comments?post=15164"}],"version-history":[{"count":0,"href":"https:\/\/tica.nl\/de\/wp-json\/wp\/v2\/pages\/15164\/revisions"}],"wp:featuredmedia":[{"embeddable":true,"href":"https:\/\/tica.nl\/de\/wp-json\/wp\/v2\/media\/15096"}],"wp:attachment":[{"href":"https:\/\/tica.nl\/de\/wp-json\/wp\/v2\/media?parent=15164"}],"curies":[{"name":"wp","href":"https:\/\/api.w.org\/{rel}","templated":true}]}}