{"id":14879,"date":"2025-08-06T12:06:25","date_gmt":"2025-08-06T12:06:25","guid":{"rendered":"https:\/\/tica.nl\/tica-standortpass-concept-store-venlo\/"},"modified":"2025-12-04T15:07:59","modified_gmt":"2025-12-04T15:07:59","slug":"tica-standortpass-concept-store-venlo","status":"publish","type":"page","link":"https:\/\/tica.nl\/de\/tica-standortpass-concept-store-venlo\/","title":{"rendered":"TICA Standortpass Concept Store Venlo"},"content":{"rendered":"\t\t<div data-elementor-type=\"wp-page\" data-elementor-id=\"14879\" class=\"elementor elementor-14879 elementor-10382\" data-elementor-post-type=\"page\">\n\t\t\t\t<div class=\"elementor-element elementor-element-4023981 e-flex e-con-boxed e-con e-parent\" data-id=\"4023981\" data-element_type=\"container\" data-e-type=\"container\">\n\t\t\t\t\t<div class=\"e-con-inner\">\n\t\t<div class=\"elementor-element elementor-element-71b818a e-con-full e-flex e-con e-child\" data-id=\"71b818a\" data-element_type=\"container\" data-e-type=\"container\">\n\t\t<div class=\"elementor-element elementor-element-6e7ff2b e-con-full e-flex e-con e-child\" data-id=\"6e7ff2b\" data-element_type=\"container\" data-e-type=\"container\">\n\t\t\t\t<div class=\"elementor-element elementor-element-c2df49b elementor-invisible elementor-widget elementor-widget-heading\" data-id=\"c2df49b\" data-element_type=\"widget\" data-e-type=\"widget\" data-settings=\"{&quot;_animation&quot;:&quot;fadeInUp&quot;}\" data-widget_type=\"heading.default\">\n\t\t\t\t<div class=\"elementor-widget-container\">\n\t\t\t\t\t<h1 class=\"elementor-heading-title elementor-size-default\">Standortpass<\/h1>\t\t\t\t<\/div>\n\t\t\t\t<\/div>\n\t\t\t\t<div class=\"elementor-element elementor-element-61f11b9 elementor-widget-divider--view-line elementor-invisible elementor-widget elementor-widget-divider\" data-id=\"61f11b9\" data-element_type=\"widget\" data-e-type=\"widget\" data-settings=\"{&quot;_animation&quot;:&quot;fadeInUp&quot;,&quot;_animation_delay&quot;:300}\" data-widget_type=\"divider.default\">\n\t\t\t\t<div class=\"elementor-widget-container\">\n\t\t\t\t\t\t\t<div class=\"elementor-divider\">\n\t\t\t<span class=\"elementor-divider-separator\">\n\t\t\t\t\t\t<\/span>\n\t\t<\/div>\n\t\t\t\t\t\t<\/div>\n\t\t\t\t<\/div>\n\t\t\t\t<\/div>\n\t\t\t\t<\/div>\n\t\t\t\t\t<\/div>\n\t\t\t\t<\/div>\n\t\t<div class=\"elementor-element elementor-element-a813315 e-con-full e-flex e-con e-parent\" data-id=\"a813315\" data-element_type=\"container\" data-e-type=\"container\">\n\t\t<div data-dce-background-image-url=\"https:\/\/tica.nl\/wp-content\/uploads\/2025\/08\/landingspaginas-beeld-6.png.webp\" class=\"elementor-element elementor-element-a6c01cd e-con-full e-flex elementor-invisible e-con e-child\" data-id=\"a6c01cd\" data-element_type=\"container\" data-e-type=\"container\" data-settings=\"{&quot;animation&quot;:&quot;fadeIn&quot;,&quot;animation_delay&quot;:400,&quot;background_background&quot;:&quot;classic&quot;,&quot;animation_mobile&quot;:&quot;none&quot;}\">\n\t\t\t\t<\/div>\n\t\t<div class=\"elementor-element elementor-element-ab9d794 e-con-full e-flex e-con e-child\" data-id=\"ab9d794\" data-element_type=\"container\" data-e-type=\"container\">\n\t\t<div class=\"elementor-element elementor-element-aa7bc34 e-con-full e-flex elementor-invisible e-con e-child\" data-id=\"aa7bc34\" data-element_type=\"container\" data-e-type=\"container\" data-settings=\"{&quot;animation&quot;:&quot;fadeInUp&quot;}\">\n\t\t\t\t<div class=\"elementor-element elementor-element-1069462 elementor-widget elementor-widget-heading\" data-id=\"1069462\" data-element_type=\"widget\" data-e-type=\"widget\" data-widget_type=\"heading.default\">\n\t\t\t\t<div class=\"elementor-widget-container\">\n\t\t\t\t\t<h2 class=\"elementor-heading-title elementor-size-default\">TICA Concept Store<\/h2>\t\t\t\t<\/div>\n\t\t\t\t<\/div>\n\t\t\t\t<div class=\"elementor-element elementor-element-cdd0b2c elementor-widget elementor-widget-text-editor\" data-id=\"cdd0b2c\" data-element_type=\"widget\" data-e-type=\"widget\" data-widget_type=\"text-editor.default\">\n\t\t\t\t<div class=\"elementor-widget-container\">\n\t\t\t\t\t\t\t\t\t<p>M\u00f6chten Sie erleben, warum der TICA Concept Store das Einkaufsziel f\u00fcr Mode und Accessoires ist? Dann beantragen Sie Ihren kostenlosen TICA-Standortpass und erhalten Sie Zugang zu unserer Filiale im Flora Trade Parc in Venlo. So erhalten Sie einen exklusiven und zeitlich begrenzten Einblick in das vielseitige Angebot an Mode, Schmuck, Taschen und Accessoires.  <\/p>\t\t\t\t\t\t\t\t<\/div>\n\t\t\t\t<\/div>\n\t\t<div class=\"elementor-element elementor-element-8afe885 e-con-full e-flex elementor-invisible e-con e-child\" data-id=\"8afe885\" data-element_type=\"container\" data-e-type=\"container\" data-settings=\"{&quot;animation&quot;:&quot;fadeInUp&quot;,&quot;animation_delay&quot;:200}\">\n\t\t\t\t<div data-dce-background-color=\"#FFFFFF\" class=\"elementor-element elementor-element-a1da0f2 elementor-widget__width-auto elementor-widget elementor-widget-button\" data-id=\"a1da0f2\" data-element_type=\"widget\" data-e-type=\"widget\" data-widget_type=\"button.default\">\n\t\t\t\t<div class=\"elementor-widget-container\">\n\t\t\t\t\t\t\t\t\t<div class=\"elementor-button-wrapper\">\n\t\t\t\t\t<a class=\"elementor-button elementor-button-link elementor-size-sm\" href=\"https:\/\/register-tica.powerappsportals.com\/de-DE\/locatiepas-Conceptstore\/\" target=\"_blank\" rel=\"noopener\">\n\t\t\t\t\t\t<span class=\"elementor-button-content-wrapper\">\n\t\t\t\t\t\t\t\t\t<span class=\"elementor-button-text\">Kostenlosen Standortpass anfordern<\/span>\n\t\t\t\t\t<\/span>\n\t\t\t\t\t<\/a>\n\t\t\t\t<\/div>\n\t\t\t\t\t\t\t\t<\/div>\n\t\t\t\t<\/div>\n\t\t\t\t<div class=\"elementor-element elementor-element-ad2ed30 elementor-widget__width-auto elementor-widget elementor-widget-button\" data-id=\"ad2ed30\" data-element_type=\"widget\" data-e-type=\"widget\" data-widget_type=\"button.default\">\n\t\t\t\t<div class=\"elementor-widget-container\">\n\t\t\t\t\t\t\t\t\t<div class=\"elementor-button-wrapper\">\n\t\t\t\t\t<a class=\"elementor-button elementor-button-link elementor-size-sm\" href=\"https:\/\/tica.nl\/de\/das-b2b-einkaufscenter\/\">\n\t\t\t\t\t\t<span class=\"elementor-button-content-wrapper\">\n\t\t\t\t\t\t\t\t\t<span class=\"elementor-button-text\">Was ist TICA?<\/span>\n\t\t\t\t\t<\/span>\n\t\t\t\t\t<\/a>\n\t\t\t\t<\/div>\n\t\t\t\t\t\t\t\t<\/div>\n\t\t\t\t<\/div>\n\t\t\t\t<\/div>\n\t\t\t\t<\/div>\n\t\t\t\t<\/div>\n\t\t\t\t<\/div>\n\t\t<div class=\"elementor-element elementor-element-6df4685 e-grid e-con-boxed e-con e-parent\" data-id=\"6df4685\" data-element_type=\"container\" data-e-type=\"container\">\n\t\t\t\t\t<div class=\"e-con-inner\">\n\t\t<div class=\"elementor-element elementor-element-a6eb8b0 e-con-full e-flex e-con e-child\" data-id=\"a6eb8b0\" data-element_type=\"container\" data-e-type=\"container\">\n\t\t\t\t<div class=\"elementor-element elementor-element-543369e elementor-view-default elementor-widget elementor-widget-icon\" data-id=\"543369e\" data-element_type=\"widget\" data-e-type=\"widget\" data-widget_type=\"icon.default\">\n\t\t\t\t<div class=\"elementor-widget-container\">\n\t\t\t\t\t\t\t<div class=\"elementor-icon-wrapper\">\n\t\t\t<div class=\"elementor-icon\">\n\t\t\t<svg aria-hidden=\"true\" class=\"e-font-icon-svg e-fas-check-circle\" viewBox=\"0 0 512 512\" xmlns=\"http:\/\/www.w3.org\/2000\/svg\"><path d=\"M504 256c0 136.967-111.033 248-248 248S8 392.967 8 256 119.033 8 256 8s248 111.033 248 248zM227.314 387.314l184-184c6.248-6.248 6.248-16.379 0-22.627l-22.627-22.627c-6.248-6.249-16.379-6.249-22.628 0L216 308.118l-70.059-70.059c-6.248-6.248-16.379-6.248-22.628 0l-22.627 22.627c-6.248 6.248-6.248 16.379 0 22.627l104 104c6.249 6.249 16.379 6.249 22.628.001z\"><\/path><\/svg>\t\t\t<\/div>\n\t\t<\/div>\n\t\t\t\t\t\t<\/div>\n\t\t\t\t<\/div>\n\t\t\t\t<div class=\"elementor-element elementor-element-8767be0 elementor-widget elementor-widget-heading\" data-id=\"8767be0\" data-element_type=\"widget\" data-e-type=\"widget\" data-widget_type=\"heading.default\">\n\t\t\t\t<div class=\"elementor-widget-container\">\n\t\t\t\t\t<h4 class=\"elementor-heading-title elementor-size-default\">Pro St\u00fcck einkaufen<\/h4>\t\t\t\t<\/div>\n\t\t\t\t<\/div>\n\t\t\t\t<\/div>\n\t\t<div class=\"elementor-element elementor-element-11c5b9a e-con-full e-flex e-con e-child\" data-id=\"11c5b9a\" data-element_type=\"container\" data-e-type=\"container\">\n\t\t\t\t<div class=\"elementor-element elementor-element-cfdd504 elementor-view-default elementor-widget elementor-widget-icon\" data-id=\"cfdd504\" data-element_type=\"widget\" data-e-type=\"widget\" data-widget_type=\"icon.default\">\n\t\t\t\t<div class=\"elementor-widget-container\">\n\t\t\t\t\t\t\t<div class=\"elementor-icon-wrapper\">\n\t\t\t<div class=\"elementor-icon\">\n\t\t\t<svg aria-hidden=\"true\" class=\"e-font-icon-svg e-fas-check-circle\" viewBox=\"0 0 512 512\" xmlns=\"http:\/\/www.w3.org\/2000\/svg\"><path d=\"M504 256c0 136.967-111.033 248-248 248S8 392.967 8 256 119.033 8 256 8s248 111.033 248 248zM227.314 387.314l184-184c6.248-6.248 6.248-16.379 0-22.627l-22.627-22.627c-6.248-6.249-16.379-6.249-22.628 0L216 308.118l-70.059-70.059c-6.248-6.248-16.379-6.248-22.628 0l-22.627 22.627c-6.248 6.248-6.248 16.379 0 22.627l104 104c6.249 6.249 16.379 6.249 22.628.001z\"><\/path><\/svg>\t\t\t<\/div>\n\t\t<\/div>\n\t\t\t\t\t\t<\/div>\n\t\t\t\t<\/div>\n\t\t\t\t<div class=\"elementor-element elementor-element-3316335 elementor-widget elementor-widget-heading\" data-id=\"3316335\" data-element_type=\"widget\" data-e-type=\"widget\" data-widget_type=\"heading.default\">\n\t\t\t\t<div class=\"elementor-widget-container\">\n\t\t\t\t\t<h4 class=\"elementor-heading-title elementor-size-default\">60+ Marken<\/h4>\t\t\t\t<\/div>\n\t\t\t\t<\/div>\n\t\t\t\t<\/div>\n\t\t<div class=\"elementor-element elementor-element-1c431d2 e-con-full e-flex e-con e-child\" data-id=\"1c431d2\" data-element_type=\"container\" data-e-type=\"container\">\n\t\t\t\t<div class=\"elementor-element elementor-element-60ae97a elementor-view-default elementor-widget elementor-widget-icon\" data-id=\"60ae97a\" data-element_type=\"widget\" data-e-type=\"widget\" data-widget_type=\"icon.default\">\n\t\t\t\t<div class=\"elementor-widget-container\">\n\t\t\t\t\t\t\t<div class=\"elementor-icon-wrapper\">\n\t\t\t<div class=\"elementor-icon\">\n\t\t\t<svg aria-hidden=\"true\" class=\"e-font-icon-svg e-fas-check-circle\" viewBox=\"0 0 512 512\" xmlns=\"http:\/\/www.w3.org\/2000\/svg\"><path d=\"M504 256c0 136.967-111.033 248-248 248S8 392.967 8 256 119.033 8 256 8s248 111.033 248 248zM227.314 387.314l184-184c6.248-6.248 6.248-16.379 0-22.627l-22.627-22.627c-6.248-6.249-16.379-6.249-22.628 0L216 308.118l-70.059-70.059c-6.248-6.248-16.379-6.248-22.628 0l-22.627 22.627c-6.248 6.248-6.248 16.379 0 22.627l104 104c6.249 6.249 16.379 6.249 22.628.001z\"><\/path><\/svg>\t\t\t<\/div>\n\t\t<\/div>\n\t\t\t\t\t\t<\/div>\n\t\t\t\t<\/div>\n\t\t\t\t<div class=\"elementor-element elementor-element-b367703 elementor-widget elementor-widget-heading\" data-id=\"b367703\" data-element_type=\"widget\" data-e-type=\"widget\" data-widget_type=\"heading.default\">\n\t\t\t\t<div class=\"elementor-widget-container\">\n\t\t\t\t\t<h4 class=\"elementor-heading-title elementor-size-default\">2.500M\u00b2 Inspiration<\/h4>\t\t\t\t<\/div>\n\t\t\t\t<\/div>\n\t\t\t\t<\/div>\n\t\t\t\t\t<\/div>\n\t\t\t\t<\/div>\n\t\t<div class=\"elementor-element elementor-element-418c159 e-con-full e-flex e-con e-parent\" data-id=\"418c159\" data-element_type=\"container\" data-e-type=\"container\">\n\t\t<div class=\"elementor-element elementor-element-8440996 e-con-full e-flex e-con e-child\" data-id=\"8440996\" data-element_type=\"container\" data-e-type=\"container\">\n\t\t<div class=\"elementor-element elementor-element-90acf2e e-con-full e-flex e-con e-child\" data-id=\"90acf2e\" data-element_type=\"container\" data-e-type=\"container\">\n\t\t\t\t<div class=\"elementor-element elementor-element-1e2cb41 elementor-invisible elementor-widget elementor-widget-heading\" data-id=\"1e2cb41\" data-element_type=\"widget\" data-e-type=\"widget\" data-settings=\"{&quot;_animation&quot;:&quot;fadeInUp&quot;}\" data-widget_type=\"heading.default\">\n\t\t\t\t<div class=\"elementor-widget-container\">\n\t\t\t\t\t<h2 class=\"elementor-heading-title elementor-size-default\">So funktioniert es\n<\/h2>\t\t\t\t<\/div>\n\t\t\t\t<\/div>\n\t\t\t\t<div class=\"elementor-element elementor-element-14b528a elementor-invisible elementor-widget elementor-widget-text-editor\" data-id=\"14b528a\" data-element_type=\"widget\" data-e-type=\"widget\" data-settings=\"{&quot;_animation&quot;:&quot;fadeInUp&quot;,&quot;_animation_delay&quot;:200}\" data-widget_type=\"text-editor.default\">\n\t\t\t\t<div class=\"elementor-widget-container\">\n\t\t\t\t\t\t\t\t\t<ul><li>Ben je ondernemer en voldoe je aan de voorwaarden van ons <a href=\"https:\/\/tica.nl\/de\/zulassungsrichtlinien\/\">toelatingsbeleid<\/a>? Dan kom je in aanmerking voor een TICA-locatiepas.<\/li><li>Beantragen Sie Ihren Standortpass \u00fcber den Button unten. Nachdem Ihr Antrag genehmigt wurde, erhalten Sie eine E-Mail mit weiteren Anweisungen. <\/li><li>Der Standortpass ist namensgebunden und nur f\u00fcr die registrierte Person g\u00fcltig.<\/li><li>Der Standortpass gew\u00e4hrt Ihnen 12 Monate lang unbegrenzten kostenlosen Zugang zum TICA Concept Store.<\/li><\/ul>\t\t\t\t\t\t\t\t<\/div>\n\t\t\t\t<\/div>\n\t\t<div class=\"elementor-element elementor-element-3872378 e-con-full e-flex elementor-invisible e-con e-child\" data-id=\"3872378\" data-element_type=\"container\" data-e-type=\"container\" data-settings=\"{&quot;animation&quot;:&quot;fadeInUp&quot;,&quot;animation_delay&quot;:200}\">\n\t\t\t\t<div class=\"elementor-element elementor-element-5333bb7 elementor-widget__width-auto elementor-widget elementor-widget-button\" data-id=\"5333bb7\" data-element_type=\"widget\" data-e-type=\"widget\" data-widget_type=\"button.default\">\n\t\t\t\t<div class=\"elementor-widget-container\">\n\t\t\t\t\t\t\t\t\t<div class=\"elementor-button-wrapper\">\n\t\t\t\t\t<a class=\"elementor-button elementor-button-link elementor-size-sm\" href=\"https:\/\/tica.nl\/de\/filialen\/tica-concept-store\/\">\n\t\t\t\t\t\t<span class=\"elementor-button-content-wrapper\">\n\t\t\t\t\t\t\t\t\t<span class=\"elementor-button-text\">Mehr \u00fcber den TICA Concept Store Venlo<\/span>\n\t\t\t\t\t<\/span>\n\t\t\t\t\t<\/a>\n\t\t\t\t<\/div>\n\t\t\t\t\t\t\t\t<\/div>\n\t\t\t\t<\/div>\n\t\t\t\t<div data-dce-background-color=\"#FFFFFF\" class=\"elementor-element elementor-element-d650f32 elementor-widget__width-auto elementor-widget elementor-widget-button\" data-id=\"d650f32\" data-element_type=\"widget\" data-e-type=\"widget\" data-widget_type=\"button.default\">\n\t\t\t\t<div class=\"elementor-widget-container\">\n\t\t\t\t\t\t\t\t\t<div class=\"elementor-button-wrapper\">\n\t\t\t\t\t<a class=\"elementor-button elementor-button-link elementor-size-sm\" href=\"https:\/\/register-tica.powerappsportals.com\/de-DE\/locatiepas-conceptstore\/\" target=\"_blank\" rel=\"noopener\">\n\t\t\t\t\t\t<span class=\"elementor-button-content-wrapper\">\n\t\t\t\t\t\t\t\t\t<span class=\"elementor-button-text\">Keine weiteren Erkl\u00e4rungen n\u00f6tig, ich m\u00f6chte einen Standortpass!<\/span>\n\t\t\t\t\t<\/span>\n\t\t\t\t\t<\/a>\n\t\t\t\t<\/div>\n\t\t\t\t\t\t\t\t<\/div>\n\t\t\t\t<\/div>\n\t\t\t\t<\/div>\n\t\t\t\t<div class=\"elementor-element elementor-element-354e93a elementor-widget elementor-widget-text-editor\" data-id=\"354e93a\" data-element_type=\"widget\" data-e-type=\"widget\" data-widget_type=\"text-editor.default\">\n\t\t\t\t<div class=\"elementor-widget-container\">\n\t\t\t\t\t\t\t\t\t<p><em>M\u00f6chten Sie lieber unbegrenzt in allen unseren Filialen einkaufen?<a href=\"https:\/\/portal.tica.nl\/\"> Werden Sie TICA-Mitglied<\/a> und holen Sie mit unserem umfangreichen Jahresabonnement voller Extras das Maximum aus Ihrer Erfahrung heraus.<\/em><\/p>\t\t\t\t\t\t\t\t<\/div>\n\t\t\t\t<\/div>\n\t\t\t\t<\/div>\n\t\t\t\t<\/div>\n\t\t<div data-dce-background-image-url=\"https:\/\/tica.nl\/wp-content\/uploads\/2025\/08\/landingspaginas-beeld-5.png.webp\" class=\"elementor-element elementor-element-ad80c14 e-con-full e-flex elementor-invisible e-con e-child\" data-id=\"ad80c14\" data-element_type=\"container\" data-e-type=\"container\" data-settings=\"{&quot;animation&quot;:&quot;fadeIn&quot;,&quot;animation_delay&quot;:300,&quot;background_background&quot;:&quot;classic&quot;}\">\n\t\t\t\t<\/div>\n\t\t\t\t<\/div>\n\t\t<div class=\"elementor-element elementor-element-9d769e2 e-flex e-con-boxed e-con e-parent\" data-id=\"9d769e2\" data-element_type=\"container\" data-e-type=\"container\" data-settings=\"{&quot;background_background&quot;:&quot;classic&quot;}\">\n\t\t\t\t\t<div class=\"e-con-inner\">\n\t\t<div class=\"elementor-element elementor-element-a58aaa3 e-flex e-con-boxed e-con e-child\" data-id=\"a58aaa3\" data-element_type=\"container\" data-e-type=\"container\">\n\t\t\t\t\t<div class=\"e-con-inner\">\n\t\t<div class=\"elementor-element elementor-element-1e4670b e-con-full e-flex e-con e-child\" data-id=\"1e4670b\" data-element_type=\"container\" data-e-type=\"container\">\n\t\t\t\t<div class=\"elementor-element elementor-element-c1259ff elementor-invisible elementor-widget elementor-widget-heading\" data-id=\"c1259ff\" data-element_type=\"widget\" data-e-type=\"widget\" data-settings=\"{&quot;_animation&quot;:&quot;fadeIn&quot;}\" data-widget_type=\"heading.default\">\n\t\t\t\t<div class=\"elementor-widget-container\">\n\t\t\t\t\t<h2 class=\"elementor-heading-title elementor-size-default\">Entdecken Sie mehr<\/h2>\t\t\t\t<\/div>\n\t\t\t\t<\/div>\n\t\t\t\t<\/div>\n\t\t\t\t\t<\/div>\n\t\t\t\t<\/div>\n\t\t<div class=\"elementor-element elementor-element-45a79c4 e-flex e-con-boxed elementor-invisible e-con e-child\" data-id=\"45a79c4\" data-element_type=\"container\" data-e-type=\"container\" data-settings=\"{&quot;animation&quot;:&quot;fadeIn&quot;}\">\n\t\t\t\t\t<div class=\"e-con-inner\">\n\t\t<div class=\"elementor-element elementor-element-12f71b1 e-con-full e-flex e-con e-child\" data-id=\"12f71b1\" data-element_type=\"container\" data-e-type=\"container\">\n\t\t\t\t<div class=\"elementor-element elementor-element-696506c boxes-page dce_masking-none elementor-position-top elementor-widget elementor-widget-image-box\" data-id=\"696506c\" data-element_type=\"widget\" data-e-type=\"widget\" data-widget_type=\"image-box.default\">\n\t\t\t\t<div class=\"elementor-widget-container\">\n\t\t\t\t\t<div class=\"elementor-image-box-wrapper\"><figure class=\"elementor-image-box-img\"><a href=\"https:\/\/tica.nl\/de\/inspireren-cat\/inspiratie\/\" tabindex=\"-1\"><img decoding=\"async\" width=\"900\" height=\"1410\" src=\"https:\/\/tica.nl\/wp-content\/uploads\/2025\/08\/Ontdek-meer-slider-afbeeldingen.png.webp\" class=\"attachment-full size-full wp-image-14714\" alt=\"Slider_Beeld_Concept-Store_Glaswerk\" srcset=\"https:\/\/tica.nl\/wp-content\/uploads\/2025\/08\/Ontdek-meer-slider-afbeeldingen.png.webp 900w, https:\/\/tica.nl\/wp-content\/uploads\/2025\/08\/Ontdek-meer-slider-afbeeldingen.png-191x300.webp 191w, https:\/\/tica.nl\/wp-content\/uploads\/2025\/08\/Ontdek-meer-slider-afbeeldingen.png-654x1024.webp 654w, https:\/\/tica.nl\/wp-content\/uploads\/2025\/08\/Ontdek-meer-slider-afbeeldingen.png-768x1203.webp 768w\" sizes=\"(max-width: 900px) 100vw, 900px\" \/><\/a><\/figure><div class=\"elementor-image-box-content\"><h2 class=\"elementor-image-box-title\"><a href=\"https:\/\/tica.nl\/de\/inspireren-cat\/inspiratie\/\">Volle Inspiration<\/a><\/h2><p class=\"elementor-image-box-description\">Entdecken Sie die neuesten Trends und Kollektionen, vor Ihrem Besuch und in der Niederlassung.<\/p><\/div><\/div>\t\t\t\t<\/div>\n\t\t\t\t<\/div>\n\t\t\t\t<\/div>\n\t\t<div class=\"elementor-element elementor-element-99a2844 e-con-full e-flex e-con e-child\" data-id=\"99a2844\" data-element_type=\"container\" data-e-type=\"container\">\n\t\t\t\t<div class=\"elementor-element elementor-element-dfdf292 boxes-page dce_masking-none elementor-position-top elementor-widget elementor-widget-image-box\" data-id=\"dfdf292\" data-element_type=\"widget\" data-e-type=\"widget\" data-widget_type=\"image-box.default\">\n\t\t\t\t<div class=\"elementor-widget-container\">\n\t\t\t\t\t<div class=\"elementor-image-box-wrapper\"><figure class=\"elementor-image-box-img\"><a href=\"https:\/\/tica.nl\/de\/marken\/\" tabindex=\"-1\"><img decoding=\"async\" width=\"900\" height=\"1410\" src=\"https:\/\/tica.nl\/wp-content\/uploads\/2025\/08\/Ontdek-meer-slider-afbeeldingen-2.png.webp\" class=\"attachment-full size-full wp-image-14715\" alt=\"Slider_Beeld_Concept-Store_Scrunchie\" srcset=\"https:\/\/tica.nl\/wp-content\/uploads\/2025\/08\/Ontdek-meer-slider-afbeeldingen-2.png.webp 900w, https:\/\/tica.nl\/wp-content\/uploads\/2025\/08\/Ontdek-meer-slider-afbeeldingen-2.png-191x300.webp 191w, https:\/\/tica.nl\/wp-content\/uploads\/2025\/08\/Ontdek-meer-slider-afbeeldingen-2.png-654x1024.webp 654w, https:\/\/tica.nl\/wp-content\/uploads\/2025\/08\/Ontdek-meer-slider-afbeeldingen-2.png-768x1203.webp 768w\" sizes=\"(max-width: 900px) 100vw, 900px\" \/><\/a><\/figure><div class=\"elementor-image-box-content\"><h2 class=\"elementor-image-box-title\"><a href=\"https:\/\/tica.nl\/de\/marken\/\">\u00dcberraschende Marken<\/a><\/h2><p class=\"elementor-image-box-description\">W\u00e4hlen Sie in dieser Filiale aus \u00fcber 60 bekannten und aufstrebenden Mode-, Lifestyle- und Accessoiremarken.<\/p><\/div><\/div>\t\t\t\t<\/div>\n\t\t\t\t<\/div>\n\t\t\t\t<\/div>\n\t\t<div class=\"elementor-element elementor-element-6e5ede2 e-con-full e-flex e-con e-child\" data-id=\"6e5ede2\" data-element_type=\"container\" data-e-type=\"container\">\n\t\t\t\t<div class=\"elementor-element elementor-element-f07f167 boxes-page dce_masking-none elementor-position-top elementor-widget elementor-widget-image-box\" data-id=\"f07f167\" data-element_type=\"widget\" data-e-type=\"widget\" data-widget_type=\"image-box.default\">\n\t\t\t\t<div class=\"elementor-widget-container\">\n\t\t\t\t\t<div class=\"elementor-image-box-wrapper\"><figure class=\"elementor-image-box-img\"><a href=\"https:\/\/tica.nl\/de\/sortiment\/\" tabindex=\"-1\"><img decoding=\"async\" width=\"900\" height=\"1410\" src=\"https:\/\/tica.nl\/wp-content\/uploads\/2025\/08\/Ontdek-meer-slider-afbeeldingen-1.png.webp\" class=\"attachment-full size-full wp-image-14716\" alt=\"Slider_Beeld_Concept-Store_Sieraden_Goud\" srcset=\"https:\/\/tica.nl\/wp-content\/uploads\/2025\/08\/Ontdek-meer-slider-afbeeldingen-1.png.webp 900w, https:\/\/tica.nl\/wp-content\/uploads\/2025\/08\/Ontdek-meer-slider-afbeeldingen-1.png-191x300.webp 191w, https:\/\/tica.nl\/wp-content\/uploads\/2025\/08\/Ontdek-meer-slider-afbeeldingen-1.png-654x1024.webp 654w, https:\/\/tica.nl\/wp-content\/uploads\/2025\/08\/Ontdek-meer-slider-afbeeldingen-1.png-768x1203.webp 768w\" sizes=\"(max-width: 900px) 100vw, 900px\" \/><\/a><\/figure><div class=\"elementor-image-box-content\"><h2 class=\"elementor-image-box-title\"><a href=\"https:\/\/tica.nl\/de\/sortiment\/\">Wechselnde Kollektionen<\/a><\/h2><p class=\"elementor-image-box-description\">\u00dcberraschen Sie Ihre Kunden immer wieder mit innovativen Mode- und Lifestyleprodukten.<\/p><\/div><\/div>\t\t\t\t<\/div>\n\t\t\t\t<\/div>\n\t\t\t\t<\/div>\n\t\t<div class=\"elementor-element elementor-element-61b23ce e-con-full e-flex e-con e-child\" data-id=\"61b23ce\" data-element_type=\"container\" data-e-type=\"container\">\n\t\t\t\t<div class=\"elementor-element elementor-element-8e81ea1 boxes-page dce_masking-none elementor-position-top elementor-widget elementor-widget-image-box\" data-id=\"8e81ea1\" data-element_type=\"widget\" data-e-type=\"widget\" data-widget_type=\"image-box.default\">\n\t\t\t\t<div class=\"elementor-widget-container\">\n\t\t\t\t\t<div class=\"elementor-image-box-wrapper\"><figure class=\"elementor-image-box-img\"><a href=\"https:\/\/tica.nl\/de\/veranstaltungen\/\" tabindex=\"-1\"><img decoding=\"async\" width=\"900\" height=\"1410\" src=\"https:\/\/tica.nl\/wp-content\/uploads\/2025\/08\/Ontdek-meer-slider-afbeeldingen-3.png.webp\" class=\"attachment-full size-full wp-image-14717\" alt=\"Slider_Beeld_Events\" srcset=\"https:\/\/tica.nl\/wp-content\/uploads\/2025\/08\/Ontdek-meer-slider-afbeeldingen-3.png.webp 900w, https:\/\/tica.nl\/wp-content\/uploads\/2025\/08\/Ontdek-meer-slider-afbeeldingen-3.png-191x300.webp 191w, https:\/\/tica.nl\/wp-content\/uploads\/2025\/08\/Ontdek-meer-slider-afbeeldingen-3.png-654x1024.webp 654w, https:\/\/tica.nl\/wp-content\/uploads\/2025\/08\/Ontdek-meer-slider-afbeeldingen-3.png-768x1203.webp 768w\" sizes=\"(max-width: 900px) 100vw, 900px\" \/><\/a><\/figure><div class=\"elementor-image-box-content\"><h2 class=\"elementor-image-box-title\"><a href=\"https:\/\/tica.nl\/de\/veranstaltungen\/\">Veranstaltungen<\/a><\/h2><p class=\"elementor-image-box-description\">Entdecken Sie das ganze Jahr \u00fcber unsere Veranstaltungen, Workshops und Vortr\u00e4ge voller Inspiration f\u00fcr TICA-Mitglieder.<\/p><\/div><\/div>\t\t\t\t<\/div>\n\t\t\t\t<\/div>\n\t\t\t\t<\/div>\n\t\t\t\t\t<\/div>\n\t\t\t\t<\/div>\n\t\t\t\t\t<\/div>\n\t\t\t\t<\/div>\n\t\t\t\t<\/div>\n\t\t","protected":false},"excerpt":{"rendered":"<p>Standortpass TICA Concept Store M\u00f6chten Sie erleben, warum der TICA Concept Store das Einkaufsziel f\u00fcr Mode und Accessoires ist? Dann beantragen Sie Ihren kostenlosen TICA-Standortpass und erhalten Sie Zugang zu unserer Filiale im Flora Trade Parc in Venlo. So erhalten Sie einen exklusiven und zeitlich begrenzten Einblick in das vielseitige Angebot an Mode, Schmuck, Taschen [&hellip;]<\/p>\n","protected":false},"author":4,"featured_media":14712,"parent":0,"menu_order":0,"comment_status":"closed","ping_status":"closed","template":"","meta":{"_acf_changed":false,"footnotes":""},"class_list":["post-14879","page","type-page","status-publish","has-post-thumbnail","hentry"],"acf":[],"_links":{"self":[{"href":"https:\/\/tica.nl\/de\/wp-json\/wp\/v2\/pages\/14879","targetHints":{"allow":["GET"]}}],"collection":[{"href":"https:\/\/tica.nl\/de\/wp-json\/wp\/v2\/pages"}],"about":[{"href":"https:\/\/tica.nl\/de\/wp-json\/wp\/v2\/types\/page"}],"author":[{"embeddable":true,"href":"https:\/\/tica.nl\/de\/wp-json\/wp\/v2\/users\/4"}],"replies":[{"embeddable":true,"href":"https:\/\/tica.nl\/de\/wp-json\/wp\/v2\/comments?post=14879"}],"version-history":[{"count":4,"href":"https:\/\/tica.nl\/de\/wp-json\/wp\/v2\/pages\/14879\/revisions"}],"predecessor-version":[{"id":32515,"href":"https:\/\/tica.nl\/de\/wp-json\/wp\/v2\/pages\/14879\/revisions\/32515"}],"wp:featuredmedia":[{"embeddable":true,"href":"https:\/\/tica.nl\/de\/wp-json\/wp\/v2\/media\/14712"}],"wp:attachment":[{"href":"https:\/\/tica.nl\/de\/wp-json\/wp\/v2\/media?parent=14879"}],"curies":[{"name":"wp","href":"https:\/\/api.w.org\/{rel}","templated":true}]}}