{"id":14858,"date":"2025-08-06T07:11:38","date_gmt":"2025-08-06T06:11:38","guid":{"rendered":"https:\/\/tica.nl\/impressum-pw-markets\/"},"modified":"2025-08-27T08:00:44","modified_gmt":"2025-08-27T07:00:44","slug":"impressum-pw-markets","status":"publish","type":"page","link":"https:\/\/tica.nl\/de\/impressum-pw-markets\/","title":{"rendered":"Impressum PW Markets"},"content":{"rendered":"\t\t<div data-elementor-type=\"wp-page\" data-elementor-id=\"14858\" class=\"elementor elementor-14858 elementor-10190\" data-elementor-post-type=\"page\">\n\t\t\t\t<div class=\"elementor-element elementor-element-f2cade1 e-flex e-con-boxed e-con e-parent\" data-id=\"f2cade1\" data-element_type=\"container\" data-e-type=\"container\">\n\t\t\t\t\t<div class=\"e-con-inner\">\n\t\t<div class=\"elementor-element elementor-element-6a0f65e e-con-full e-flex e-con e-child\" data-id=\"6a0f65e\" data-element_type=\"container\" data-e-type=\"container\">\n\t\t<div class=\"elementor-element elementor-element-7768e5d e-con-full e-flex e-con e-child\" data-id=\"7768e5d\" data-element_type=\"container\" data-e-type=\"container\">\n\t\t\t\t<div class=\"elementor-element elementor-element-794d2ec elementor-invisible elementor-widget elementor-widget-heading\" data-id=\"794d2ec\" data-element_type=\"widget\" data-e-type=\"widget\" data-settings=\"{&quot;_animation&quot;:&quot;fadeInUp&quot;}\" data-widget_type=\"heading.default\">\n\t\t\t\t<div class=\"elementor-widget-container\">\n\t\t\t\t\t<h1 class=\"elementor-heading-title elementor-size-default\">Impressum PW Markets<\/h1>\t\t\t\t<\/div>\n\t\t\t\t<\/div>\n\t\t\t\t<div class=\"elementor-element elementor-element-9da8dd2 elementor-widget-divider--view-line elementor-invisible elementor-widget elementor-widget-divider\" data-id=\"9da8dd2\" data-element_type=\"widget\" data-e-type=\"widget\" data-settings=\"{&quot;_animation&quot;:&quot;fadeInUp&quot;,&quot;_animation_delay&quot;:300}\" data-widget_type=\"divider.default\">\n\t\t\t\t<div class=\"elementor-widget-container\">\n\t\t\t\t\t\t\t<div class=\"elementor-divider\">\n\t\t\t<span class=\"elementor-divider-separator\">\n\t\t\t\t\t\t<\/span>\n\t\t<\/div>\n\t\t\t\t\t\t<\/div>\n\t\t\t\t<\/div>\n\t\t\t\t<\/div>\n\t\t\t\t<div class=\"elementor-element elementor-element-c8f40d9 elementor-widget elementor-widget-text-editor\" data-id=\"c8f40d9\" data-element_type=\"widget\" data-e-type=\"widget\" data-widget_type=\"text-editor.default\">\n\t\t\t\t<div class=\"elementor-widget-container\">\n\t\t\t\t\t\t\t\t\t<p data-start=\"78\" data-end=\"321\">Die Websites von PW Markets bieten einen klaren \u00dcberblick \u00fcber die B2B-Einkaufsstandorte und -konzepte im Bereich Home, Gift, Garden und Fashion. Hier finden Sie alle Informationen \u00fcber die grossfl\u00e4chigen Einkaufszentren an mehreren Standorten in den Niederlanden und Belgien.  <\/p><p data-start=\"323\" data-end=\"375\" data-is-last-node=\"\" data-is-only-node=\"\">Dieses Impressum gilt f\u00fcr die folgenden Online-Kan\u00e4le:<\/p><ul><li>https:\/\/TICA.nl\/<\/li><li>https:\/\/www.instagram.com\/tica_b2b\/<\/li><li>https:\/\/www.facebook.com\/TICAb2b\/<\/li><li>https:\/\/www.linkedin.com\/company\/ticab2b\/<\/li><li>https:\/\/nl.pinterest.com\/tica_b2b\/<\/li><\/ul>\t\t\t\t\t\t\t\t<\/div>\n\t\t\t\t<\/div>\n\t\t\t\t<\/div>\n\t\t\t\t\t<\/div>\n\t\t\t\t<\/div>\n\t\t<div class=\"elementor-element elementor-element-c99ca6a e-con-full e-flex e-con e-parent\" data-id=\"c99ca6a\" data-element_type=\"container\" data-e-type=\"container\">\n\t\t<div data-dce-background-image-url=\"https:\/\/tica.nl\/wp-content\/uploads\/2025\/08\/TICA_Impressum-PW-Markets.png.webp\" class=\"elementor-element elementor-element-45daf31 e-con-full e-flex elementor-invisible e-con e-child\" data-id=\"45daf31\" data-element_type=\"container\" data-e-type=\"container\" data-settings=\"{&quot;animation&quot;:&quot;fadeIn&quot;,&quot;animation_delay&quot;:400,&quot;background_background&quot;:&quot;classic&quot;,&quot;animation_mobile&quot;:&quot;none&quot;}\">\n\t\t\t\t<\/div>\n\t\t<div class=\"elementor-element elementor-element-259fe95 e-con-full e-flex e-con e-child\" data-id=\"259fe95\" data-element_type=\"container\" data-e-type=\"container\">\n\t\t<div class=\"elementor-element elementor-element-f6b3c12 e-con-full e-flex elementor-invisible e-con e-child\" data-id=\"f6b3c12\" data-element_type=\"container\" data-e-type=\"container\" data-settings=\"{&quot;animation&quot;:&quot;fadeInUp&quot;}\">\n\t\t\t\t<div class=\"elementor-element elementor-element-5ec65d1 elementor-widget elementor-widget-heading\" data-id=\"5ec65d1\" data-element_type=\"widget\" data-e-type=\"widget\" data-widget_type=\"heading.default\">\n\t\t\t\t<div class=\"elementor-widget-container\">\n\t\t\t\t\t<h2 class=\"elementor-heading-title elementor-size-default\">Impressum<\/h2>\t\t\t\t<\/div>\n\t\t\t\t<\/div>\n\t\t\t\t<div class=\"elementor-element elementor-element-f63028e elementor-widget elementor-widget-text-editor\" data-id=\"f63028e\" data-element_type=\"widget\" data-e-type=\"widget\" data-widget_type=\"text-editor.default\">\n\t\t\t\t<div class=\"elementor-widget-container\">\n\t\t\t\t\t\t\t\t\t<p>PW Markets<br>Oudlaan 4<br>3515 GA Utrecht<br>Postbus 2050<br>3500 GB Utrecht<\/p><p><strong>E-Mail<\/strong>: <a href=\"mailto:info@tica.nl\">info@TICA.nl<\/a><br><strong>Telefon<\/strong>: <a href=\"tel:030-2027326\">+ 31 88 077 0220<\/a><\/p><p><strong>KvK<\/strong>: 54964881<br><strong>USt-IdNr. TICA Aalsmeer<\/strong>: NL808383978B01<br><strong>USt-IdNr. TICA Venlo<\/strong>: NL007758522B01<\/p><p><strong>Bevollm\u00e4chtigter Vertreter des Unternehmens<\/strong>: Martijn Cliteur (Direktor)<\/p>\t\t\t\t\t\t\t\t<\/div>\n\t\t\t\t<\/div>\n\t\t\t\t<\/div>\n\t\t\t\t<\/div>\n\t\t\t\t<\/div>\n\t\t<div class=\"elementor-element elementor-element-12787d9 e-flex e-con-boxed e-con e-parent\" data-id=\"12787d9\" data-element_type=\"container\" data-e-type=\"container\">\n\t\t\t\t\t<div class=\"e-con-inner\">\n\t\t<div class=\"elementor-element elementor-element-c7ddaf8 e-con-full e-flex e-con e-child\" data-id=\"c7ddaf8\" data-element_type=\"container\" data-e-type=\"container\">\n\t\t\t\t<div class=\"elementor-element elementor-element-286d0e4 elementor-widget elementor-widget-text-editor\" data-id=\"286d0e4\" data-element_type=\"widget\" data-e-type=\"widget\" data-widget_type=\"text-editor.default\">\n\t\t\t\t<div class=\"elementor-widget-container\">\n\t\t\t\t\t\t\t\t\t<p>Unsere Website wird von De Mannen van Delft verwaltet und unterliegt der Gerichtsbarkeit der Niederlande. Als solche unterliegen wir der Regulierung und Einhaltung der Autoriteit Persoonsgegevens. <\/p><p>Bei Fragen oder Anmerkungen zu unserer Einhaltung der geltenden Bestimmungen wenden Sie sich bitte an den Datenschutzbeauftragten Paul van Brakel unter <a href=\"mailto:avg@freedom.nl\">avg@freedom.nl<\/a>.<\/p><p>Plattform der EU zur au\u00dfergerichtlichen Online-Streitbeilegung <a href=\"http:\/\/ec.europa.eu\/consumers\/odr\/\" target=\"_blank\" rel=\"noopener\">http:\/\/ec.europa.eu\/consumers\/odr\/<\/a><\/p>\t\t\t\t\t\t\t\t<\/div>\n\t\t\t\t<\/div>\n\t\t\t\t<\/div>\n\t\t\t\t\t<\/div>\n\t\t\t\t<\/div>\n\t\t\t\t<\/div>\n\t\t","protected":false},"excerpt":{"rendered":"<p>Impressum PW Markets Die Websites von PW Markets bieten einen klaren \u00dcberblick \u00fcber die B2B-Einkaufsstandorte und -konzepte im Bereich Home, Gift, Garden und Fashion. Hier finden Sie alle Informationen \u00fcber die grossfl\u00e4chigen Einkaufszentren an mehreren Standorten in den Niederlanden und Belgien. Dieses Impressum gilt f\u00fcr die folgenden Online-Kan\u00e4le: https:\/\/TICA.nl\/ https:\/\/www.instagram.com\/tica_b2b\/ https:\/\/www.facebook.com\/TICAb2b\/ https:\/\/www.linkedin.com\/company\/ticab2b\/ https:\/\/nl.pinterest.com\/tica_b2b\/ Impressum PW [&hellip;]<\/p>\n","protected":false},"author":2,"featured_media":14860,"parent":0,"menu_order":0,"comment_status":"closed","ping_status":"closed","template":"","meta":{"_acf_changed":false,"footnotes":""},"class_list":["post-14858","page","type-page","status-publish","has-post-thumbnail","hentry"],"acf":[],"_links":{"self":[{"href":"https:\/\/tica.nl\/de\/wp-json\/wp\/v2\/pages\/14858","targetHints":{"allow":["GET"]}}],"collection":[{"href":"https:\/\/tica.nl\/de\/wp-json\/wp\/v2\/pages"}],"about":[{"href":"https:\/\/tica.nl\/de\/wp-json\/wp\/v2\/types\/page"}],"author":[{"embeddable":true,"href":"https:\/\/tica.nl\/de\/wp-json\/wp\/v2\/users\/2"}],"replies":[{"embeddable":true,"href":"https:\/\/tica.nl\/de\/wp-json\/wp\/v2\/comments?post=14858"}],"version-history":[{"count":0,"href":"https:\/\/tica.nl\/de\/wp-json\/wp\/v2\/pages\/14858\/revisions"}],"wp:featuredmedia":[{"embeddable":true,"href":"https:\/\/tica.nl\/de\/wp-json\/wp\/v2\/media\/14860"}],"wp:attachment":[{"href":"https:\/\/tica.nl\/de\/wp-json\/wp\/v2\/media?parent=14858"}],"curies":[{"name":"wp","href":"https:\/\/api.w.org\/{rel}","templated":true}]}}