{"id":14805,"date":"2025-08-06T12:44:12","date_gmt":"2025-08-06T12:44:12","guid":{"rendered":"https:\/\/tica.nl\/tica-standortpass\/"},"modified":"2025-11-07T15:04:22","modified_gmt":"2025-11-07T15:04:22","slug":"tica-standortpass","status":"publish","type":"page","link":"https:\/\/tica.nl\/de\/tica-standortpass\/","title":{"rendered":"TICA Standortpass"},"content":{"rendered":"\t\t<div data-elementor-type=\"wp-page\" data-elementor-id=\"14805\" class=\"elementor elementor-14805 elementor-10391\" data-elementor-post-type=\"page\">\n\t\t\t\t<div class=\"elementor-element elementor-element-4023981 e-flex e-con-boxed e-con e-parent\" data-id=\"4023981\" data-element_type=\"container\" data-e-type=\"container\">\n\t\t\t\t\t<div class=\"e-con-inner\">\n\t\t<div class=\"elementor-element elementor-element-71b818a e-con-full e-flex e-con e-child\" data-id=\"71b818a\" data-element_type=\"container\" data-e-type=\"container\">\n\t\t\t\t<div class=\"elementor-element elementor-element-c2df49b elementor-invisible elementor-widget elementor-widget-heading\" data-id=\"c2df49b\" data-element_type=\"widget\" data-e-type=\"widget\" data-settings=\"{&quot;_animation&quot;:&quot;fadeInUp&quot;}\" data-widget_type=\"heading.default\">\n\t\t\t\t<div class=\"elementor-widget-container\">\n\t\t\t\t\t<h1 class=\"elementor-heading-title elementor-size-default\">TICA Standortpass<\/h1>\t\t\t\t<\/div>\n\t\t\t\t<\/div>\n\t\t<div class=\"elementor-element elementor-element-6e7ff2b e-con-full e-flex e-con e-child\" data-id=\"6e7ff2b\" data-element_type=\"container\" data-e-type=\"container\">\n\t\t\t\t<div class=\"elementor-element elementor-element-61f11b9 elementor-widget-divider--view-line elementor-invisible elementor-widget elementor-widget-divider\" data-id=\"61f11b9\" data-element_type=\"widget\" data-e-type=\"widget\" data-settings=\"{&quot;_animation&quot;:&quot;fadeInUp&quot;,&quot;_animation_delay&quot;:300}\" data-widget_type=\"divider.default\">\n\t\t\t\t<div class=\"elementor-widget-container\">\n\t\t\t\t\t\t\t<div class=\"elementor-divider\">\n\t\t\t<span class=\"elementor-divider-separator\">\n\t\t\t\t\t\t<\/span>\n\t\t<\/div>\n\t\t\t\t\t\t<\/div>\n\t\t\t\t<\/div>\n\t\t\t\t<\/div>\n\t\t\t\t<\/div>\n\t\t\t\t\t<\/div>\n\t\t\t\t<\/div>\n\t\t<div class=\"elementor-element elementor-element-a813315 e-con-full e-flex e-con e-parent\" data-id=\"a813315\" data-element_type=\"container\" data-e-type=\"container\">\n\t\t<div data-dce-background-image-url=\"https:\/\/tica.nl\/wp-content\/uploads\/2025\/08\/landingspaginas-beeld-4.png.webp\" class=\"elementor-element elementor-element-a6c01cd e-con-full e-flex elementor-invisible e-con e-child\" data-id=\"a6c01cd\" data-element_type=\"container\" data-e-type=\"container\" data-settings=\"{&quot;animation&quot;:&quot;fadeIn&quot;,&quot;animation_delay&quot;:400,&quot;background_background&quot;:&quot;classic&quot;,&quot;animation_mobile&quot;:&quot;none&quot;}\">\n\t\t\t\t<\/div>\n\t\t<div class=\"elementor-element elementor-element-ab9d794 e-con-full e-flex e-con e-child\" data-id=\"ab9d794\" data-element_type=\"container\" data-e-type=\"container\">\n\t\t<div class=\"elementor-element elementor-element-aa7bc34 e-con-full e-flex elementor-invisible e-con e-child\" data-id=\"aa7bc34\" data-element_type=\"container\" data-e-type=\"container\" data-settings=\"{&quot;animation&quot;:&quot;fadeInUp&quot;}\">\n\t\t\t\t<div class=\"elementor-element elementor-element-1069462 elementor-widget elementor-widget-heading\" data-id=\"1069462\" data-element_type=\"widget\" data-e-type=\"widget\" data-widget_type=\"heading.default\">\n\t\t\t\t<div class=\"elementor-widget-container\">\n\t\t\t\t\t<h2 class=\"elementor-heading-title elementor-size-default\">Von Wildcard zu TICA-Standortpass<\/h2>\t\t\t\t<\/div>\n\t\t\t\t<\/div>\n\t\t\t\t<div class=\"elementor-element elementor-element-cdd0b2c elementor-widget elementor-widget-text-editor\" data-id=\"cdd0b2c\" data-element_type=\"widget\" data-e-type=\"widget\" data-widget_type=\"text-editor.default\">\n\t\t\t\t<div class=\"elementor-widget-container\">\n\t\t\t\t\t\t\t\t\t<p>Ab dem 1. Juli 2025 wird Ihre Wildcard f\u00fcr TICA Ede oder TICA Br\u00fcssel in einen kostenlosen Standortpass umgewandelt. Mit dem TICA-Standortpass erhalten Sie weitere 12 Monate kostenlosen und unbegrenzten Zugang zu einem der Einkaufsstandorte in Ede oder Br\u00fcssel. Sie m\u00fcssen hierf\u00fcr nichts unternehmen, denn die Umstellung erfolgt automatisch. Bitte beachten Sie: Ein Standortpass gilt ausschlie\u00dflich f\u00fcr einen Standort, n\u00e4mlich Ede, Br\u00fcssel oder den Concept Store Venlo. Es ist nicht m\u00f6glich, den Standort eines Standortpasses zwischenzeitlich zu wechseln. M\u00f6chten Sie Zugang zu mehreren Standorten und bei TICA Aalsmeer und TICA Venlo einkaufen?      <a href=\"https:\/\/portal.tica.nl\/\">Werden Sie TICA-Mitglied!<\/a><\/p>\t\t\t\t\t\t\t\t<\/div>\n\t\t\t\t<\/div>\n\t\t\t\t<\/div>\n\t\t\t\t<\/div>\n\t\t\t\t<\/div>\n\t\t<div class=\"elementor-element elementor-element-418c159 e-con-full e-flex e-con e-parent\" data-id=\"418c159\" data-element_type=\"container\" data-e-type=\"container\">\n\t\t<div class=\"elementor-element elementor-element-8440996 e-con-full e-flex e-con e-child\" data-id=\"8440996\" data-element_type=\"container\" data-e-type=\"container\">\n\t\t<div class=\"elementor-element elementor-element-90acf2e e-con-full e-flex e-con e-child\" data-id=\"90acf2e\" data-element_type=\"container\" data-e-type=\"container\">\n\t\t\t\t<div class=\"elementor-element elementor-element-1e2cb41 elementor-invisible elementor-widget elementor-widget-heading\" data-id=\"1e2cb41\" data-element_type=\"widget\" data-e-type=\"widget\" data-settings=\"{&quot;_animation&quot;:&quot;fadeInUp&quot;}\" data-widget_type=\"heading.default\">\n\t\t\t\t<div class=\"elementor-widget-container\">\n\t\t\t\t\t<h2 class=\"elementor-heading-title elementor-size-default\">Unbegrenzt einkaufen<\/h2>\t\t\t\t<\/div>\n\t\t\t\t<\/div>\n\t\t\t\t<div class=\"elementor-element elementor-element-b9de806 elementor-invisible elementor-widget elementor-widget-text-editor\" data-id=\"b9de806\" data-element_type=\"widget\" data-e-type=\"widget\" data-settings=\"{&quot;_animation&quot;:&quot;fadeInUp&quot;,&quot;_animation_delay&quot;:200}\" data-widget_type=\"text-editor.default\">\n\t\t\t\t<div class=\"elementor-widget-container\">\n\t\t\t\t\t\t\t\t\t<p>Holen Sie \u00e1lles aus Ihrem TICA-Standortpass heraus und kommen Sie so oft vorbei, wie Sie m\u00f6chten, um clever einzukaufen, sich inspirieren zu lassen, Must-haves f\u00fcr Ihre Kunden zu entdecken oder Ihr Sortiment zu erneuern. Wir freuen uns \u00fcber bekannte Gesichter \u2013 und Sie \u00fcber alle Vorteile. <\/p>\t\t\t\t\t\t\t\t<\/div>\n\t\t\t\t<\/div>\n\t\t\t\t<\/div>\n\t\t\t\t<div data-dce-background-color=\"#FFFFFF\" class=\"elementor-element elementor-element-3765049 elementor-widget elementor-widget-button\" data-id=\"3765049\" data-element_type=\"widget\" data-e-type=\"widget\" data-widget_type=\"button.default\">\n\t\t\t\t<div class=\"elementor-widget-container\">\n\t\t\t\t\t\t\t\t\t<div class=\"elementor-button-wrapper\">\n\t\t\t\t\t<a class=\"elementor-button elementor-button-link elementor-size-sm\" href=\"https:\/\/tica.nl\/de\/neu-bei-tica\/\">\n\t\t\t\t\t\t<span class=\"elementor-button-content-wrapper\">\n\t\t\t\t\t\t\t\t\t<span class=\"elementor-button-text\">Neuank\u00f6mmlinge pro Standort ansehen<\/span>\n\t\t\t\t\t<\/span>\n\t\t\t\t\t<\/a>\n\t\t\t\t<\/div>\n\t\t\t\t\t\t\t\t<\/div>\n\t\t\t\t<\/div>\n\t\t\t\t<\/div>\n\t\t<div data-dce-background-image-url=\"https:\/\/tica.nl\/wp-content\/uploads\/2025\/08\/landingspaginas-beeld-3.png.webp\" class=\"elementor-element elementor-element-ad80c14 e-con-full e-flex elementor-invisible e-con e-child\" data-id=\"ad80c14\" data-element_type=\"container\" data-e-type=\"container\" data-settings=\"{&quot;animation&quot;:&quot;fadeIn&quot;,&quot;animation_delay&quot;:300,&quot;background_background&quot;:&quot;classic&quot;}\">\n\t\t\t\t<\/div>\n\t\t\t\t<\/div>\n\t\t<div class=\"elementor-element elementor-element-147f066 e-con-full e-flex e-con e-parent\" data-id=\"147f066\" data-element_type=\"container\" data-e-type=\"container\">\n\t\t<div data-dce-background-image-url=\"https:\/\/tica.nl\/wp-content\/uploads\/2025\/08\/landingspaginas-beeld-5.png.webp\" class=\"elementor-element elementor-element-1f1e786 e-con-full e-flex elementor-invisible e-con e-child\" data-id=\"1f1e786\" data-element_type=\"container\" data-e-type=\"container\" data-settings=\"{&quot;animation&quot;:&quot;fadeIn&quot;,&quot;animation_delay&quot;:400,&quot;background_background&quot;:&quot;classic&quot;,&quot;animation_mobile&quot;:&quot;none&quot;}\">\n\t\t\t\t<\/div>\n\t\t<div class=\"elementor-element elementor-element-779060f e-con-full e-flex e-con e-child\" data-id=\"779060f\" data-element_type=\"container\" data-e-type=\"container\">\n\t\t<div class=\"elementor-element elementor-element-80387bd e-con-full e-flex elementor-invisible e-con e-child\" data-id=\"80387bd\" data-element_type=\"container\" data-e-type=\"container\" data-settings=\"{&quot;animation&quot;:&quot;fadeInUp&quot;}\">\n\t\t\t\t<div class=\"elementor-element elementor-element-9fb654d elementor-widget elementor-widget-heading\" data-id=\"9fb654d\" data-element_type=\"widget\" data-e-type=\"widget\" data-widget_type=\"heading.default\">\n\t\t\t\t<div class=\"elementor-widget-container\">\n\t\t\t\t\t<h2 class=\"elementor-heading-title elementor-size-default\">Standortpass TICA Concept Store<\/h2>\t\t\t\t<\/div>\n\t\t\t\t<\/div>\n\t\t\t\t<div class=\"elementor-element elementor-element-9ae7b10 elementor-widget elementor-widget-text-editor\" data-id=\"9ae7b10\" data-element_type=\"widget\" data-e-type=\"widget\" data-widget_type=\"text-editor.default\">\n\t\t\t\t<div class=\"elementor-widget-container\">\n\t\t\t\t\t\t\t\t\t<p>Gute Nachrichten! Ab dem 1. Juli k\u00f6nnen Sie auch einen TICA-Standortpass f\u00fcr TICA Concept Store beantragen. So profitieren Sie 12 Monate lang von exklusiven Vorteilen: Einzelst\u00fcckkauf, Zugang zu mehr als 60 Marken und jede Menge Inspiration im Bereich Mode und Accessoires.  <\/p>\t\t\t\t\t\t\t\t<\/div>\n\t\t\t\t<\/div>\n\t\t<div class=\"elementor-element elementor-element-d8f6a1b e-con-full e-flex elementor-invisible e-con e-child\" data-id=\"d8f6a1b\" data-element_type=\"container\" data-e-type=\"container\" data-settings=\"{&quot;animation&quot;:&quot;fadeInUp&quot;,&quot;animation_delay&quot;:200}\">\n\t\t\t\t<div data-dce-background-color=\"#000000\" class=\"elementor-element elementor-element-9369e36 elementor-widget__width-auto elementor-widget elementor-widget-button\" data-id=\"9369e36\" data-element_type=\"widget\" data-e-type=\"widget\" data-widget_type=\"button.default\">\n\t\t\t\t<div class=\"elementor-widget-container\">\n\t\t\t\t\t\t\t\t\t<div class=\"elementor-button-wrapper\">\n\t\t\t\t\t<a class=\"elementor-button elementor-button-link elementor-size-sm\" href=\"https:\/\/tica.nl\/de\/filialen\/tica-concept-store\/\">\n\t\t\t\t\t\t<span class=\"elementor-button-content-wrapper\">\n\t\t\t\t\t\t\t\t\t<span class=\"elementor-button-text\">TICA Concept Store Venlo<\/span>\n\t\t\t\t\t<\/span>\n\t\t\t\t\t<\/a>\n\t\t\t\t<\/div>\n\t\t\t\t\t\t\t\t<\/div>\n\t\t\t\t<\/div>\n\t\t\t\t<\/div>\n\t\t\t\t<\/div>\n\t\t\t\t<\/div>\n\t\t\t\t<\/div>\n\t\t<div class=\"elementor-element elementor-element-9d769e2 e-flex e-con-boxed e-con e-parent\" data-id=\"9d769e2\" data-element_type=\"container\" data-e-type=\"container\" data-settings=\"{&quot;background_background&quot;:&quot;classic&quot;}\">\n\t\t\t\t\t<div class=\"e-con-inner\">\n\t\t<div class=\"elementor-element elementor-element-a58aaa3 e-flex e-con-boxed e-con e-child\" data-id=\"a58aaa3\" data-element_type=\"container\" data-e-type=\"container\">\n\t\t\t\t\t<div class=\"e-con-inner\">\n\t\t<div class=\"elementor-element elementor-element-1e4670b e-con-full e-flex e-con e-child\" data-id=\"1e4670b\" data-element_type=\"container\" data-e-type=\"container\">\n\t\t\t\t<div class=\"elementor-element elementor-element-c1259ff elementor-invisible elementor-widget elementor-widget-heading\" data-id=\"c1259ff\" data-element_type=\"widget\" data-e-type=\"widget\" data-settings=\"{&quot;_animation&quot;:&quot;fadeIn&quot;}\" data-widget_type=\"heading.default\">\n\t\t\t\t<div class=\"elementor-widget-container\">\n\t\t\t\t\t<h2 class=\"elementor-heading-title elementor-size-default\">Entdecken Sie mehr<\/h2>\t\t\t\t<\/div>\n\t\t\t\t<\/div>\n\t\t\t\t<\/div>\n\t\t\t\t\t<\/div>\n\t\t\t\t<\/div>\n\t\t<div class=\"elementor-element elementor-element-45a79c4 e-flex e-con-boxed elementor-invisible e-con e-child\" data-id=\"45a79c4\" data-element_type=\"container\" data-e-type=\"container\" data-settings=\"{&quot;animation&quot;:&quot;fadeIn&quot;}\">\n\t\t\t\t\t<div class=\"e-con-inner\">\n\t\t<div class=\"elementor-element elementor-element-12f71b1 e-con-full e-flex e-con e-child\" data-id=\"12f71b1\" data-element_type=\"container\" data-e-type=\"container\">\n\t\t\t\t<div class=\"elementor-element elementor-element-696506c boxes-page dce_masking-none elementor-position-top elementor-widget elementor-widget-image-box\" data-id=\"696506c\" data-element_type=\"widget\" data-e-type=\"widget\" data-widget_type=\"image-box.default\">\n\t\t\t\t<div class=\"elementor-widget-container\">\n\t\t\t\t\t<div class=\"elementor-image-box-wrapper\"><figure class=\"elementor-image-box-img\"><a href=\"https:\/\/tica.nl\/de\/filialen\/\" tabindex=\"-1\"><img decoding=\"async\" width=\"900\" height=\"1410\" src=\"https:\/\/tica.nl\/wp-content\/uploads\/2025\/08\/4.-Vestigingen.png.webp\" class=\"attachment-full size-full wp-image-14364\" alt=\"TICA_Standorte\" srcset=\"https:\/\/tica.nl\/wp-content\/uploads\/2025\/08\/4.-Vestigingen.png.webp 900w, https:\/\/tica.nl\/wp-content\/uploads\/2025\/08\/4.-Vestigingen.png-191x300.webp 191w, https:\/\/tica.nl\/wp-content\/uploads\/2025\/08\/4.-Vestigingen.png-654x1024.webp 654w, https:\/\/tica.nl\/wp-content\/uploads\/2025\/08\/4.-Vestigingen.png-768x1203.webp 768w\" sizes=\"(max-width: 900px) 100vw, 900px\" \/><\/a><\/figure><div class=\"elementor-image-box-content\"><h2 class=\"elementor-image-box-title\"><a href=\"https:\/\/tica.nl\/de\/filialen\/\">Filialen<\/a><\/h2><p class=\"elementor-image-box-description\">TICA-Mitglieder haben Zugang zu allen Niederlassungen in den Niederlanden und Belgien.<\/p><\/div><\/div>\t\t\t\t<\/div>\n\t\t\t\t<\/div>\n\t\t\t\t<\/div>\n\t\t<div class=\"elementor-element elementor-element-99a2844 e-con-full e-flex e-con e-child\" data-id=\"99a2844\" data-element_type=\"container\" data-e-type=\"container\">\n\t\t\t\t<div class=\"elementor-element elementor-element-dfdf292 boxes-page dce_masking-none elementor-position-top elementor-widget elementor-widget-image-box\" data-id=\"dfdf292\" data-element_type=\"widget\" data-e-type=\"widget\" data-widget_type=\"image-box.default\">\n\t\t\t\t<div class=\"elementor-widget-container\">\n\t\t\t\t\t<div class=\"elementor-image-box-wrapper\"><figure class=\"elementor-image-box-img\"><a href=\"https:\/\/tica.nl\/de\/oeffnungszeiten\/\" tabindex=\"-1\"><img decoding=\"async\" width=\"900\" height=\"1410\" src=\"https:\/\/tica.nl\/wp-content\/uploads\/2025\/08\/9.-Openingstijden.png.webp\" class=\"attachment-full size-full wp-image-14365\" alt=\"TICA_\u00d6ffnungszeiten\" srcset=\"https:\/\/tica.nl\/wp-content\/uploads\/2025\/08\/9.-Openingstijden.png.webp 900w, https:\/\/tica.nl\/wp-content\/uploads\/2025\/08\/9.-Openingstijden.png-191x300.webp 191w, https:\/\/tica.nl\/wp-content\/uploads\/2025\/08\/9.-Openingstijden.png-654x1024.webp 654w, https:\/\/tica.nl\/wp-content\/uploads\/2025\/08\/9.-Openingstijden.png-768x1203.webp 768w\" sizes=\"(max-width: 900px) 100vw, 900px\" \/><\/a><\/figure><div class=\"elementor-image-box-content\"><h2 class=\"elementor-image-box-title\"><a href=\"https:\/\/tica.nl\/de\/oeffnungszeiten\/\">\u00d6ffnungszeiten <\/a><\/h2><p class=\"elementor-image-box-description\">Fast alle unsere Standorte sind 7 Tage die Woche ge\u00f6ffnet. So k\u00f6nnen Sie einkaufen, wann es Ihnen passt.  <\/p><\/div><\/div>\t\t\t\t<\/div>\n\t\t\t\t<\/div>\n\t\t\t\t<\/div>\n\t\t<div class=\"elementor-element elementor-element-6e5ede2 e-con-full e-flex e-con e-child\" data-id=\"6e5ede2\" data-element_type=\"container\" data-e-type=\"container\">\n\t\t\t\t<div class=\"elementor-element elementor-element-f07f167 boxes-page dce_masking-none elementor-position-top elementor-widget elementor-widget-image-box\" data-id=\"f07f167\" data-element_type=\"widget\" data-e-type=\"widget\" data-widget_type=\"image-box.default\">\n\t\t\t\t<div class=\"elementor-widget-container\">\n\t\t\t\t\t<div class=\"elementor-image-box-wrapper\"><figure class=\"elementor-image-box-img\"><a href=\"https:\/\/tica.nl\/de\/lassen-sie-sich-inspirieren\/\" tabindex=\"-1\"><img decoding=\"async\" width=\"900\" height=\"1410\" src=\"https:\/\/tica.nl\/wp-content\/uploads\/2025\/08\/3.-Inspiratie.jpg.webp\" class=\"attachment-full size-full wp-image-14366\" alt=\"TICA_Inspiration\" srcset=\"https:\/\/tica.nl\/wp-content\/uploads\/2025\/08\/3.-Inspiratie.jpg.webp 900w, https:\/\/tica.nl\/wp-content\/uploads\/2025\/08\/3.-Inspiratie.jpg-191x300.webp 191w, https:\/\/tica.nl\/wp-content\/uploads\/2025\/08\/3.-Inspiratie.jpg-654x1024.webp 654w, https:\/\/tica.nl\/wp-content\/uploads\/2025\/08\/3.-Inspiratie.jpg-768x1203.webp 768w\" sizes=\"(max-width: 900px) 100vw, 900px\" \/><\/a><\/figure><div class=\"elementor-image-box-content\"><h2 class=\"elementor-image-box-title\"><a href=\"https:\/\/tica.nl\/de\/lassen-sie-sich-inspirieren\/\">Inspiration <\/a><\/h2><p class=\"elementor-image-box-description\">Bleiben Sie auf dem Laufenden \u00fcber die neuesten Lifestyle-Trends, Wohnstile und inspirierenden Blogs. <\/p><\/div><\/div>\t\t\t\t<\/div>\n\t\t\t\t<\/div>\n\t\t\t\t<\/div>\n\t\t<div class=\"elementor-element elementor-element-61b23ce e-con-full e-flex e-con e-child\" data-id=\"61b23ce\" data-element_type=\"container\" data-e-type=\"container\">\n\t\t\t\t<div class=\"elementor-element elementor-element-8e81ea1 boxes-page dce_masking-none elementor-position-top elementor-widget elementor-widget-image-box\" data-id=\"8e81ea1\" data-element_type=\"widget\" data-e-type=\"widget\" data-widget_type=\"image-box.default\">\n\t\t\t\t<div class=\"elementor-widget-container\">\n\t\t\t\t\t<div class=\"elementor-image-box-wrapper\"><figure class=\"elementor-image-box-img\"><a href=\"https:\/\/tica.nl\/de\/online-einkaeufe-bei-tica\/\" tabindex=\"-1\"><img decoding=\"async\" width=\"900\" height=\"1410\" src=\"https:\/\/tica.nl\/wp-content\/uploads\/2025\/08\/5.-Online-inkopen.jpg.webp\" class=\"attachment-full size-full wp-image-14367\" alt=\"TICA_Online-Eink\u00e4ufe\" srcset=\"https:\/\/tica.nl\/wp-content\/uploads\/2025\/08\/5.-Online-inkopen.jpg.webp 900w, https:\/\/tica.nl\/wp-content\/uploads\/2025\/08\/5.-Online-inkopen.jpg-191x300.webp 191w, https:\/\/tica.nl\/wp-content\/uploads\/2025\/08\/5.-Online-inkopen.jpg-654x1024.webp 654w, https:\/\/tica.nl\/wp-content\/uploads\/2025\/08\/5.-Online-inkopen.jpg-768x1203.webp 768w\" sizes=\"(max-width: 900px) 100vw, 900px\" \/><\/a><\/figure><div class=\"elementor-image-box-content\"><h2 class=\"elementor-image-box-title\"><a href=\"https:\/\/tica.nl\/de\/online-einkaeufe-bei-tica\/\">Nachbestellen? <\/a><\/h2><p class=\"elementor-image-box-description\">TICA-Mitglieder k\u00f6nnen einfach online \u00fcber den TICA-Webshop einkaufen \u2013 schnell, flexibel und wann es Ihnen passt<\/p><\/div><\/div>\t\t\t\t<\/div>\n\t\t\t\t<\/div>\n\t\t\t\t<\/div>\n\t\t\t\t\t<\/div>\n\t\t\t\t<\/div>\n\t\t\t\t\t<\/div>\n\t\t\t\t<\/div>\n\t\t\t\t<\/div>\n\t\t","protected":false},"excerpt":{"rendered":"<p>TICA Standortpass Von Wildcard zu TICA-Standortpass Ab dem 1. Juli 2025 wird Ihre Wildcard f\u00fcr TICA Ede oder TICA Br\u00fcssel in einen kostenlosen Standortpass umgewandelt. Mit dem TICA-Standortpass erhalten Sie weitere 12 Monate kostenlosen und unbegrenzten Zugang zu einem der Einkaufsstandorte in Ede oder Br\u00fcssel. Sie m\u00fcssen hierf\u00fcr nichts unternehmen, denn die Umstellung erfolgt automatisch. [&hellip;]<\/p>\n","protected":false},"author":4,"featured_media":14719,"parent":0,"menu_order":0,"comment_status":"closed","ping_status":"closed","template":"","meta":{"_acf_changed":false,"footnotes":""},"class_list":["post-14805","page","type-page","status-publish","has-post-thumbnail","hentry"],"acf":[],"_links":{"self":[{"href":"https:\/\/tica.nl\/de\/wp-json\/wp\/v2\/pages\/14805","targetHints":{"allow":["GET"]}}],"collection":[{"href":"https:\/\/tica.nl\/de\/wp-json\/wp\/v2\/pages"}],"about":[{"href":"https:\/\/tica.nl\/de\/wp-json\/wp\/v2\/types\/page"}],"author":[{"embeddable":true,"href":"https:\/\/tica.nl\/de\/wp-json\/wp\/v2\/users\/4"}],"replies":[{"embeddable":true,"href":"https:\/\/tica.nl\/de\/wp-json\/wp\/v2\/comments?post=14805"}],"version-history":[{"count":0,"href":"https:\/\/tica.nl\/de\/wp-json\/wp\/v2\/pages\/14805\/revisions"}],"wp:featuredmedia":[{"embeddable":true,"href":"https:\/\/tica.nl\/de\/wp-json\/wp\/v2\/media\/14719"}],"wp:attachment":[{"href":"https:\/\/tica.nl\/de\/wp-json\/wp\/v2\/media?parent=14805"}],"curies":[{"name":"wp","href":"https:\/\/api.w.org\/{rel}","templated":true}]}}