{"id":14462,"date":"2025-08-13T11:16:31","date_gmt":"2025-08-13T10:16:31","guid":{"rendered":"https:\/\/tica.nl\/service\/"},"modified":"2025-09-02T13:07:28","modified_gmt":"2025-09-02T12:07:28","slug":"service","status":"publish","type":"page","link":"https:\/\/tica.nl\/de\/service\/","title":{"rendered":"Service"},"content":{"rendered":"\t\t<div data-elementor-type=\"wp-page\" data-elementor-id=\"14462\" class=\"elementor elementor-14462 elementor-11649\" data-elementor-post-type=\"page\">\n\t\t\t\t<div data-dce-background-image-url=\"https:\/\/tica.nl\/wp-content\/uploads\/2025\/08\/TICA_services_header.png.webp\" class=\"elementor-element elementor-element-695a936 e-con-full e-flex e-con e-parent\" data-id=\"695a936\" data-element_type=\"container\" data-e-type=\"container\" data-settings=\"{&quot;background_background&quot;:&quot;classic&quot;}\">\n\t\t<div class=\"elementor-element elementor-element-c7864dc e-flex e-con-boxed e-con e-child\" data-id=\"c7864dc\" data-element_type=\"container\" data-e-type=\"container\">\n\t\t\t\t\t<div class=\"e-con-inner\">\n\t\t<div class=\"elementor-element elementor-element-f82e22a e-con-full e-flex e-con e-child\" data-id=\"f82e22a\" data-element_type=\"container\" data-e-type=\"container\">\n\t\t\t\t<div class=\"elementor-element elementor-element-c40f0bf elementor-widget elementor-widget-heading\" data-id=\"c40f0bf\" data-element_type=\"widget\" data-e-type=\"widget\" data-widget_type=\"heading.default\">\n\t\t\t\t<div class=\"elementor-widget-container\">\n\t\t\t\t\t<h1 class=\"elementor-heading-title elementor-size-default\">Dienstleistungen von TICA<\/h1>\t\t\t\t<\/div>\n\t\t\t\t<\/div>\n\t\t\t\t<div class=\"elementor-element elementor-element-4a51d8e elementor-widget elementor-widget-heading\" data-id=\"4a51d8e\" data-element_type=\"widget\" data-e-type=\"widget\" data-widget_type=\"heading.default\">\n\t\t\t\t<div class=\"elementor-widget-container\">\n\t\t\t\t\t<h2 class=\"elementor-heading-title elementor-size-default\">Alles f\u00fcr einen sorglosen Einkaufstag <\/h2>\t\t\t\t<\/div>\n\t\t\t\t<\/div>\n\t\t\t\t<div class=\"elementor-element elementor-element-adbe324 elementor-widget__width-initial elementor-widget elementor-widget-text-editor\" data-id=\"adbe324\" data-element_type=\"widget\" data-e-type=\"widget\" data-widget_type=\"text-editor.default\">\n\t\t\t\t<div class=\"elementor-widget-container\">\n\t\t\t\t\t\t\t\t\t<p>Bei TICA dreht sich nicht alles nur um unser einzigartiges Sortiment, sondern auch um den Komfort drumherum. Wir wissen, dass Ihre Zeit kostbar ist. Deshalb machen unsere Dienstleistungen Ihren Einkaufstag intelligenter, einfacher und noch etwas angenehmer.  <\/p>\t\t\t\t\t\t\t\t<\/div>\n\t\t\t\t<\/div>\n\t\t\t\t<div class=\"elementor-element elementor-element-9645b61 elementor-widget__width-auto elementor-invisible elementor-widget elementor-widget-button\" data-id=\"9645b61\" data-element_type=\"widget\" data-e-type=\"widget\" data-settings=\"{&quot;_animation&quot;:&quot;fadeInUp&quot;,&quot;_animation_delay&quot;:300}\" data-widget_type=\"button.default\">\n\t\t\t\t<div class=\"elementor-widget-container\">\n\t\t\t\t\t\t\t\t\t<div class=\"elementor-button-wrapper\">\n\t\t\t\t\t<a class=\"elementor-button elementor-button-link elementor-size-sm\" href=\"https:\/\/tica.nl\/de\/oeffnungszeiten\/\">\n\t\t\t\t\t\t<span class=\"elementor-button-content-wrapper\">\n\t\t\t\t\t\t\t\t\t<span class=\"elementor-button-text\">\u00d6ffnungszeiten ansehen<\/span>\n\t\t\t\t\t<\/span>\n\t\t\t\t\t<\/a>\n\t\t\t\t<\/div>\n\t\t\t\t\t\t\t\t<\/div>\n\t\t\t\t<\/div>\n\t\t\t\t<\/div>\n\t\t\t\t\t<\/div>\n\t\t\t\t<\/div>\n\t\t\t\t<\/div>\n\t\t<div class=\"elementor-element elementor-element-5c21aaf e-con-full e-flex e-con e-parent\" data-id=\"5c21aaf\" data-element_type=\"container\" data-e-type=\"container\">\n\t\t<div class=\"elementor-element elementor-element-dd1bbe9 e-con-full e-flex e-con e-child\" data-id=\"dd1bbe9\" data-element_type=\"container\" data-e-type=\"container\">\n\t\t<div class=\"elementor-element elementor-element-323e1f6 e-con-full e-flex e-con e-child\" data-id=\"323e1f6\" data-element_type=\"container\" data-e-type=\"container\">\n\t\t\t\t<div class=\"elementor-element elementor-element-c2534a5 elementor-invisible elementor-widget elementor-widget-heading\" data-id=\"c2534a5\" data-element_type=\"widget\" data-e-type=\"widget\" data-settings=\"{&quot;_animation&quot;:&quot;fadeInUp&quot;}\" data-widget_type=\"heading.default\">\n\t\t\t\t<div class=\"elementor-widget-container\">\n\t\t\t\t\t<h2 class=\"elementor-heading-title elementor-size-default\">\u00dcbernachten in der N\u00e4he<\/h2>\t\t\t\t<\/div>\n\t\t\t\t<\/div>\n\t\t\t\t<div class=\"elementor-element elementor-element-5ab4dd5 elementor-invisible elementor-widget elementor-widget-text-editor\" data-id=\"5ab4dd5\" data-element_type=\"widget\" data-e-type=\"widget\" data-settings=\"{&quot;_animation&quot;:&quot;fadeInUp&quot;,&quot;_animation_delay&quot;:200}\" data-widget_type=\"text-editor.default\">\n\t\t\t\t<div class=\"elementor-widget-container\">\n\t\t\t\t\t\t\t\t\t<p>Machen Sie aus Ihrem Einkaufstag einen Mini-Trip. Als TICA-Mitglied \u00fcbernachten Sie mit Rabatt in ausgew\u00e4hlten Hotels in der N\u00e4he unserer Standorte. So kombinieren Sie effizientes Einkaufen mit einer entspannten \u00dcbernachtung.  <\/p>\t\t\t\t\t\t\t\t<\/div>\n\t\t\t\t<\/div>\n\t\t\t\t<div class=\"elementor-element elementor-element-d689ce3 elementor-widget__width-auto elementor-invisible elementor-widget elementor-widget-button\" data-id=\"d689ce3\" data-element_type=\"widget\" data-e-type=\"widget\" data-settings=\"{&quot;_animation&quot;:&quot;fadeInUp&quot;,&quot;_animation_delay&quot;:300}\" data-widget_type=\"button.default\">\n\t\t\t\t<div class=\"elementor-widget-container\">\n\t\t\t\t\t\t\t\t\t<div class=\"elementor-button-wrapper\">\n\t\t\t\t\t<a class=\"elementor-button elementor-button-link elementor-size-sm\" href=\"https:\/\/tica.nl\/de\/service\/uebernachten\/\">\n\t\t\t\t\t\t<span class=\"elementor-button-content-wrapper\">\n\t\t\t\t\t\t\t\t\t<span class=\"elementor-button-text\">TICA's Hotelangebote ansehen<\/span>\n\t\t\t\t\t<\/span>\n\t\t\t\t\t<\/a>\n\t\t\t\t<\/div>\n\t\t\t\t\t\t\t\t<\/div>\n\t\t\t\t<\/div>\n\t\t\t\t<\/div>\n\t\t\t\t<\/div>\n\t\t<div data-dce-background-image-url=\"https:\/\/tica.nl\/wp-content\/uploads\/2025\/08\/TICA_service_overnachten_hoteldeal_PillowsGandBoutiqueMauritsAtThePark_Aalsmeer.png.webp\" class=\"elementor-element elementor-element-17c9e3b e-con-full e-flex elementor-invisible e-con e-child\" data-id=\"17c9e3b\" data-element_type=\"container\" data-e-type=\"container\" data-settings=\"{&quot;animation&quot;:&quot;fadeIn&quot;,&quot;animation_delay&quot;:300,&quot;background_background&quot;:&quot;classic&quot;}\">\n\t\t\t\t<\/div>\n\t\t\t\t<\/div>\n\t\t<div class=\"elementor-element elementor-element-518d83a e-con-full e-flex e-con e-parent\" data-id=\"518d83a\" data-element_type=\"container\" data-e-type=\"container\">\n\t\t<div data-dce-background-image-url=\"https:\/\/tica.nl\/wp-content\/uploads\/2025\/08\/TICA_Transport-en-inpakservice.png.webp\" class=\"elementor-element elementor-element-1b360e3 e-con-full e-flex elementor-invisible e-con e-child\" data-id=\"1b360e3\" data-element_type=\"container\" data-e-type=\"container\" data-settings=\"{&quot;animation&quot;:&quot;fadeIn&quot;,&quot;animation_delay&quot;:400,&quot;background_background&quot;:&quot;classic&quot;,&quot;animation_mobile&quot;:&quot;none&quot;}\">\n\t\t\t\t<\/div>\n\t\t<div class=\"elementor-element elementor-element-0bba848 e-con-full e-flex e-con e-child\" data-id=\"0bba848\" data-element_type=\"container\" data-e-type=\"container\">\n\t\t<div class=\"elementor-element elementor-element-e7c801e e-con-full e-flex elementor-invisible e-con e-child\" data-id=\"e7c801e\" data-element_type=\"container\" data-e-type=\"container\" data-settings=\"{&quot;animation&quot;:&quot;fadeInUp&quot;}\">\n\t\t\t\t<div class=\"elementor-element elementor-element-6f81470 elementor-widget elementor-widget-heading\" data-id=\"6f81470\" data-element_type=\"widget\" data-e-type=\"widget\" data-widget_type=\"heading.default\">\n\t\t\t\t<div class=\"elementor-widget-container\">\n\t\t\t\t\t<h2 class=\"elementor-heading-title elementor-size-default\">Transport- &amp; Inpackservice <\/h2>\t\t\t\t<\/div>\n\t\t\t\t<\/div>\n\t\t\t\t<div class=\"elementor-element elementor-element-ef4628c elementor-widget elementor-widget-text-editor\" data-id=\"ef4628c\" data-element_type=\"widget\" data-e-type=\"widget\" data-widget_type=\"text-editor.default\">\n\t\t\t\t<div class=\"elementor-widget-container\">\n\t\t\t\t\t\t\t\t\t<section class=\"av_textblock_section av-lgkitnpo-53-0f2d35a3ab1a134dbd3f95ce0d036623 \"><div class=\"avia_textblock\"><p>Zu viele sch\u00f6ne Dinge gefunden, um sie selbst mitzunehmen? Kein Problem. Wir regeln den Transport, von der sorgf\u00e4ltigen Verpackung bis hin zu kompletten Exportdokumenten. Innerhalb oder au\u00dferhalb der EU: Ihre Eink\u00e4ufe kommen sicher und p\u00fcnktlich an, w\u00e4hrend Sie bereits Pl\u00e4ne f\u00fcr die n\u00e4chste Runde machen.   <\/p><\/div><\/section>\t\t\t\t\t\t\t\t<\/div>\n\t\t\t\t<\/div>\n\t\t\t\t<div class=\"elementor-element elementor-element-be76165 elementor-widget__width-auto elementor-invisible elementor-widget elementor-widget-button\" data-id=\"be76165\" data-element_type=\"widget\" data-e-type=\"widget\" data-settings=\"{&quot;_animation&quot;:&quot;fadeInUp&quot;,&quot;_animation_delay&quot;:300}\" data-widget_type=\"button.default\">\n\t\t\t\t<div class=\"elementor-widget-container\">\n\t\t\t\t\t\t\t\t\t<div class=\"elementor-button-wrapper\">\n\t\t\t\t\t<a class=\"elementor-button elementor-button-link elementor-size-sm\" href=\"https:\/\/tica.nl\/de\/transport-und-verpackungsservice\/\">\n\t\t\t\t\t\t<span class=\"elementor-button-content-wrapper\">\n\t\t\t\t\t\t\t\t\t<span class=\"elementor-button-text\">Sehen Sie sich unseren Transport- und Inpackservice an<\/span>\n\t\t\t\t\t<\/span>\n\t\t\t\t\t<\/a>\n\t\t\t\t<\/div>\n\t\t\t\t\t\t\t\t<\/div>\n\t\t\t\t<\/div>\n\t\t\t\t<\/div>\n\t\t\t\t<\/div>\n\t\t\t\t<\/div>\n\t\t<div class=\"elementor-element elementor-element-1269775 e-con-full e-flex e-con e-parent\" data-id=\"1269775\" data-element_type=\"container\" data-e-type=\"container\">\n\t\t<div class=\"elementor-element elementor-element-299edd1 e-con-full e-flex e-con e-child\" data-id=\"299edd1\" data-element_type=\"container\" data-e-type=\"container\">\n\t\t<div class=\"elementor-element elementor-element-22cd023 e-con-full e-flex e-con e-child\" data-id=\"22cd023\" data-element_type=\"container\" data-e-type=\"container\">\n\t\t\t\t<div class=\"elementor-element elementor-element-b062537 elementor-invisible elementor-widget elementor-widget-heading\" data-id=\"b062537\" data-element_type=\"widget\" data-e-type=\"widget\" data-settings=\"{&quot;_animation&quot;:&quot;fadeInUp&quot;}\" data-widget_type=\"heading.default\">\n\t\t\t\t<div class=\"elementor-widget-container\">\n\t\t\t\t\t<h2 class=\"elementor-heading-title elementor-size-default\">TICA Projekte<\/h2>\t\t\t\t<\/div>\n\t\t\t\t<\/div>\n\t\t\t\t<div class=\"elementor-element elementor-element-7762e1c elementor-invisible elementor-widget elementor-widget-text-editor\" data-id=\"7762e1c\" data-element_type=\"widget\" data-e-type=\"widget\" data-settings=\"{&quot;_animation&quot;:&quot;fadeInUp&quot;,&quot;_animation_delay&quot;:200}\" data-widget_type=\"text-editor.default\">\n\t\t\t\t<div class=\"elementor-widget-container\">\n\t\t\t\t\t\t\t\t\t<p>Arbeiten Sie an einem gro\u00dfen Projekt? Im Obergeschoss von TICA Aalsmeer finden Sie TICA Projekte: DER Inspirationspunkt f\u00fcr Projekteinrichter. Hier kaufen Sie M\u00f6bel, Ma\u00dfanfertigungen und komplette Stilstudios, mit pers\u00f6nlicher Unterst\u00fctzung und Stylingberatung. Kombinieren Sie Ihren Besuch bei TICA Projekte mit Eink\u00e4ufen bei <a href=\"https:\/\/tica.nl\/de\/filialen\/tica-aalsmeer\/\">TICA Aalsmeer<\/a> und holen Sie alles aus einem Tag heraus.   <\/p>\t\t\t\t\t\t\t\t<\/div>\n\t\t\t\t<\/div>\n\t\t\t\t<div class=\"elementor-element elementor-element-2a9984a elementor-widget__width-auto elementor-invisible elementor-widget elementor-widget-button\" data-id=\"2a9984a\" data-element_type=\"widget\" data-e-type=\"widget\" data-settings=\"{&quot;_animation&quot;:&quot;fadeInUp&quot;,&quot;_animation_delay&quot;:300}\" data-widget_type=\"button.default\">\n\t\t\t\t<div class=\"elementor-widget-container\">\n\t\t\t\t\t\t\t\t\t<div class=\"elementor-button-wrapper\">\n\t\t\t\t\t<a class=\"elementor-button elementor-button-link elementor-size-sm\" href=\"https:\/\/tica.nl\/de\/filialen\/tica-projekte\/\">\n\t\t\t\t\t\t<span class=\"elementor-button-content-wrapper\">\n\t\t\t\t\t\t\t\t\t<span class=\"elementor-button-text\">Mehr \u00fcber TICA Projekte<\/span>\n\t\t\t\t\t<\/span>\n\t\t\t\t\t<\/a>\n\t\t\t\t<\/div>\n\t\t\t\t\t\t\t\t<\/div>\n\t\t\t\t<\/div>\n\t\t\t\t<\/div>\n\t\t\t\t<\/div>\n\t\t<div data-dce-background-image-url=\"https:\/\/tica.nl\/wp-content\/uploads\/2025\/08\/TICA_TICA-Projects.png.webp\" class=\"elementor-element elementor-element-fef3ab2 e-con-full e-flex elementor-invisible e-con e-child\" data-id=\"fef3ab2\" data-element_type=\"container\" data-e-type=\"container\" data-settings=\"{&quot;animation&quot;:&quot;fadeIn&quot;,&quot;animation_delay&quot;:300,&quot;background_background&quot;:&quot;classic&quot;}\">\n\t\t\t\t<\/div>\n\t\t\t\t<\/div>\n\t\t<div class=\"elementor-element elementor-element-5c0ea7d e-con-full e-flex e-con e-parent\" data-id=\"5c0ea7d\" data-element_type=\"container\" data-e-type=\"container\">\n\t\t<div data-dce-background-image-url=\"https:\/\/tica.nl\/wp-content\/uploads\/2025\/08\/TICA_Restaurant.png.webp\" class=\"elementor-element elementor-element-7bfe77a e-con-full e-flex elementor-invisible e-con e-child\" data-id=\"7bfe77a\" data-element_type=\"container\" data-e-type=\"container\" data-settings=\"{&quot;animation&quot;:&quot;fadeIn&quot;,&quot;animation_delay&quot;:400,&quot;background_background&quot;:&quot;classic&quot;,&quot;animation_mobile&quot;:&quot;none&quot;}\">\n\t\t\t\t<\/div>\n\t\t<div class=\"elementor-element elementor-element-ebfc619 e-con-full e-flex e-con e-child\" data-id=\"ebfc619\" data-element_type=\"container\" data-e-type=\"container\">\n\t\t<div class=\"elementor-element elementor-element-70670dc e-con-full e-flex elementor-invisible e-con e-child\" data-id=\"70670dc\" data-element_type=\"container\" data-e-type=\"container\" data-settings=\"{&quot;animation&quot;:&quot;fadeInUp&quot;}\">\n\t\t\t\t<div class=\"elementor-element elementor-element-4e7bd3a elementor-widget elementor-widget-heading\" data-id=\"4e7bd3a\" data-element_type=\"widget\" data-e-type=\"widget\" data-widget_type=\"heading.default\">\n\t\t\t\t<div class=\"elementor-widget-container\">\n\t\t\t\t\t<h2 class=\"elementor-heading-title elementor-size-default\">Restaurant <\/h2>\t\t\t\t<\/div>\n\t\t\t\t<\/div>\n\t\t\t\t<div class=\"elementor-element elementor-element-91e1075 elementor-widget elementor-widget-text-editor\" data-id=\"91e1075\" data-element_type=\"widget\" data-e-type=\"widget\" data-widget_type=\"text-editor.default\">\n\t\t\t\t<div class=\"elementor-widget-container\">\n\t\t\t\t\t\t\t\t\t<section class=\"av_textblock_section av-lgkitnpo-53-0f2d35a3ab1a134dbd3f95ce0d036623 \"><div class=\"avia_textblock\"><p>Shoppen erfordert neue Energie. Im TICAf\u00e9 in Aalsmeer und Venlo genie\u00dfen Sie frische Salate, Suppen, Sandwiches oder warme Gerichte. Haben Sie noch eine Fahrt vor sich? Bei &amp;GO am Ausgang bekommen Sie etwas Leckeres f\u00fcr unterwegs. Der Ort, um neue Energie zu tanken und neue Ideen zu sammeln.    <\/p><\/div><\/section>\t\t\t\t\t\t\t\t<\/div>\n\t\t\t\t<\/div>\n\t\t\t\t<div class=\"elementor-element elementor-element-82d4e8b elementor-widget__width-auto elementor-invisible elementor-widget elementor-widget-button\" data-id=\"82d4e8b\" data-element_type=\"widget\" data-e-type=\"widget\" data-settings=\"{&quot;_animation&quot;:&quot;fadeInUp&quot;,&quot;_animation_delay&quot;:300}\" data-widget_type=\"button.default\">\n\t\t\t\t<div class=\"elementor-widget-container\">\n\t\t\t\t\t\t\t\t\t<div class=\"elementor-button-wrapper\">\n\t\t\t\t\t<a class=\"elementor-button elementor-button-link elementor-size-sm\" href=\"https:\/\/tica.nl\/de\/restaurant\/\">\n\t\t\t\t\t\t<span class=\"elementor-button-content-wrapper\">\n\t\t\t\t\t\t\t\t\t<span class=\"elementor-button-text\">Mehr \u00fcber TICAf\u00e9<\/span>\n\t\t\t\t\t<\/span>\n\t\t\t\t\t<\/a>\n\t\t\t\t<\/div>\n\t\t\t\t\t\t\t\t<\/div>\n\t\t\t\t<\/div>\n\t\t\t\t<\/div>\n\t\t\t\t<\/div>\n\t\t\t\t<\/div>\n\t\t\t\t<\/div>\n\t\t","protected":false},"excerpt":{"rendered":"<p>Dienstleistungen von TICA Alles f\u00fcr einen sorglosen Einkaufstag Bei TICA dreht sich nicht alles nur um unser einzigartiges Sortiment, sondern auch um den Komfort drumherum. Wir wissen, dass Ihre Zeit kostbar ist. Deshalb machen unsere Dienstleistungen Ihren Einkaufstag intelligenter, einfacher und noch etwas angenehmer. \u00d6ffnungszeiten ansehen \u00dcbernachten in der N\u00e4he Machen Sie aus Ihrem Einkaufstag [&hellip;]<\/p>\n","protected":false},"author":2,"featured_media":14464,"parent":0,"menu_order":0,"comment_status":"closed","ping_status":"closed","template":"","meta":{"_acf_changed":false,"footnotes":""},"class_list":["post-14462","page","type-page","status-publish","has-post-thumbnail","hentry"],"acf":[],"_links":{"self":[{"href":"https:\/\/tica.nl\/de\/wp-json\/wp\/v2\/pages\/14462","targetHints":{"allow":["GET"]}}],"collection":[{"href":"https:\/\/tica.nl\/de\/wp-json\/wp\/v2\/pages"}],"about":[{"href":"https:\/\/tica.nl\/de\/wp-json\/wp\/v2\/types\/page"}],"author":[{"embeddable":true,"href":"https:\/\/tica.nl\/de\/wp-json\/wp\/v2\/users\/2"}],"replies":[{"embeddable":true,"href":"https:\/\/tica.nl\/de\/wp-json\/wp\/v2\/comments?post=14462"}],"version-history":[{"count":0,"href":"https:\/\/tica.nl\/de\/wp-json\/wp\/v2\/pages\/14462\/revisions"}],"wp:featuredmedia":[{"embeddable":true,"href":"https:\/\/tica.nl\/de\/wp-json\/wp\/v2\/media\/14464"}],"wp:attachment":[{"href":"https:\/\/tica.nl\/de\/wp-json\/wp\/v2\/media?parent=14462"}],"curies":[{"name":"wp","href":"https:\/\/api.w.org\/{rel}","templated":true}]}}