{"id":14430,"date":"2025-08-13T13:52:14","date_gmt":"2025-08-13T12:52:14","guid":{"rendered":"https:\/\/tica.nl\/transport-und-verpackungsservice\/"},"modified":"2025-09-02T13:52:37","modified_gmt":"2025-09-02T12:52:37","slug":"transport-und-verpackungsservice","status":"publish","type":"page","link":"https:\/\/tica.nl\/de\/transport-und-verpackungsservice\/","title":{"rendered":"Transport- und Verpackungsservice"},"content":{"rendered":"\t\t<div data-elementor-type=\"wp-page\" data-elementor-id=\"14430\" class=\"elementor elementor-14430 elementor-11726\" data-elementor-post-type=\"page\">\n\t\t\t\t<div class=\"elementor-element elementor-element-382a9c5 e-flex e-con-boxed e-con e-parent\" data-id=\"382a9c5\" data-element_type=\"container\" data-e-type=\"container\">\n\t\t\t\t\t<div class=\"e-con-inner\">\n\t\t<div class=\"elementor-element elementor-element-58b5894 e-con-full e-flex e-con e-child\" data-id=\"58b5894\" data-element_type=\"container\" data-e-type=\"container\">\n\t\t<div class=\"elementor-element elementor-element-044afec e-con-full e-flex e-con e-child\" data-id=\"044afec\" data-element_type=\"container\" data-e-type=\"container\">\n\t\t\t\t<div class=\"elementor-element elementor-element-9a9ae18 elementor-invisible elementor-widget elementor-widget-heading\" data-id=\"9a9ae18\" data-element_type=\"widget\" data-e-type=\"widget\" data-settings=\"{&quot;_animation&quot;:&quot;fadeInUp&quot;}\" data-widget_type=\"heading.default\">\n\t\t\t\t<div class=\"elementor-widget-container\">\n\t\t\t\t\t<h1 class=\"elementor-heading-title elementor-size-default\">Transport- und Verpackungsservice<\/h1>\t\t\t\t<\/div>\n\t\t\t\t<\/div>\n\t\t\t\t<div class=\"elementor-element elementor-element-02e52d3 elementor-widget-divider--view-line elementor-invisible elementor-widget elementor-widget-divider\" data-id=\"02e52d3\" data-element_type=\"widget\" data-e-type=\"widget\" data-settings=\"{&quot;_animation&quot;:&quot;fadeInUp&quot;,&quot;_animation_delay&quot;:300}\" data-widget_type=\"divider.default\">\n\t\t\t\t<div class=\"elementor-widget-container\">\n\t\t\t\t\t\t\t<div class=\"elementor-divider\">\n\t\t\t<span class=\"elementor-divider-separator\">\n\t\t\t\t\t\t<\/span>\n\t\t<\/div>\n\t\t\t\t\t\t<\/div>\n\t\t\t\t<\/div>\n\t\t\t\t<\/div>\n\t\t\t\t<\/div>\n\t\t\t\t\t<\/div>\n\t\t\t\t<\/div>\n\t\t<div class=\"elementor-element elementor-element-e80d69a e-con-full e-flex e-con e-parent\" data-id=\"e80d69a\" data-element_type=\"container\" data-e-type=\"container\">\n\t\t<div data-dce-background-image-url=\"https:\/\/tica.nl\/wp-content\/uploads\/2025\/08\/TICA_Transport-en-inpakservice.png.webp\" class=\"elementor-element elementor-element-10df38c e-con-full e-flex elementor-invisible e-con e-child\" data-id=\"10df38c\" data-element_type=\"container\" data-e-type=\"container\" data-settings=\"{&quot;animation&quot;:&quot;fadeIn&quot;,&quot;animation_delay&quot;:400,&quot;background_background&quot;:&quot;classic&quot;,&quot;animation_mobile&quot;:&quot;none&quot;}\">\n\t\t\t\t<\/div>\n\t\t<div class=\"elementor-element elementor-element-f550741 e-con-full e-flex e-con e-child\" data-id=\"f550741\" data-element_type=\"container\" data-e-type=\"container\">\n\t\t<div class=\"elementor-element elementor-element-32e2a1a e-con-full e-flex elementor-invisible e-con e-child\" data-id=\"32e2a1a\" data-element_type=\"container\" data-e-type=\"container\" data-settings=\"{&quot;animation&quot;:&quot;fadeInUp&quot;}\">\n\t\t\t\t<div class=\"elementor-element elementor-element-a1fbfcc elementor-widget elementor-widget-heading\" data-id=\"a1fbfcc\" data-element_type=\"widget\" data-e-type=\"widget\" data-widget_type=\"heading.default\">\n\t\t\t\t<div class=\"elementor-widget-container\">\n\t\t\t\t\t<h2 class=\"elementor-heading-title elementor-size-default\">Transport- und Verpackungsservice<\/h2>\t\t\t\t<\/div>\n\t\t\t\t<\/div>\n\t\t\t\t<div class=\"elementor-element elementor-element-7d2f8fd elementor-widget elementor-widget-text-editor\" data-id=\"7d2f8fd\" data-element_type=\"widget\" data-e-type=\"widget\" data-widget_type=\"text-editor.default\">\n\t\t\t\t<div class=\"elementor-widget-container\">\n\t\t\t\t\t\t\t\t\t<p>Einkaufen bei TICA ist immer inspirierend, aber den Transport zu Ihrem Gesch\u00e4ft oder Projekt zu organisieren, kann manchmal weniger angenehm sein. Das Einpacken, Verladen und Ausladen von Produkten kostet oft viel Zeit. Deshalb helfen wir Ihnen gerne! Nutzen Sie unseren Transport- und Verpackungsservice und machen Sie es sich einfacher.   <\/p>\t\t\t\t\t\t\t\t<\/div>\n\t\t\t\t<\/div>\n\t\t\t\t<\/div>\n\t\t\t\t<\/div>\n\t\t\t\t<\/div>\n\t\t<div class=\"elementor-element elementor-element-76bdf7a listing-number-overall e-flex e-con-boxed e-con e-parent\" data-id=\"76bdf7a\" data-element_type=\"container\" data-e-type=\"container\">\n\t\t\t\t\t<div class=\"e-con-inner\">\n\t\t<div class=\"elementor-element elementor-element-0d99af5 e-con-full e-flex e-con e-child\" data-id=\"0d99af5\" data-element_type=\"container\" data-e-type=\"container\">\n\t\t\t\t<div class=\"elementor-element elementor-element-93c84dd elementor-widget elementor-widget-heading\" data-id=\"93c84dd\" data-element_type=\"widget\" data-e-type=\"widget\" data-widget_type=\"heading.default\">\n\t\t\t\t<div class=\"elementor-widget-container\">\n\t\t\t\t\t<h2 class=\"elementor-heading-title elementor-size-default\">Warum lohnt sich das Einkaufen bei TICA?<\/h2>\t\t\t\t<\/div>\n\t\t\t\t<\/div>\n\t\t\t\t<\/div>\n\t\t<div class=\"elementor-element elementor-element-fff738c e-con-full e-flex e-con e-child\" data-id=\"fff738c\" data-element_type=\"container\" data-e-type=\"container\">\n\t\t<div class=\"elementor-element elementor-element-dbb9956 e-con-full e-flex elementor-invisible e-con e-child\" data-id=\"dbb9956\" data-element_type=\"container\" data-e-type=\"container\" data-settings=\"{&quot;animation&quot;:&quot;fadeInUp&quot;}\">\n\t\t\t\t<div class=\"elementor-element elementor-element-9b38217 numeric-list-whole elementor-icon-list--layout-traditional elementor-list-item-link-full_width elementor-widget elementor-widget-icon-list\" data-id=\"9b38217\" data-element_type=\"widget\" data-e-type=\"widget\" data-widget_type=\"icon-list.default\">\n\t\t\t\t<div class=\"elementor-widget-container\">\n\t\t\t\t\t\t\t<ul class=\"elementor-icon-list-items\">\n\t\t\t\t\t\t\t<li class=\"elementor-icon-list-item\">\n\t\t\t\t\t\t\t\t\t\t<span class=\"elementor-icon-list-text\">Transportservice | Innerhalb der Europ\u00e4ischen Union<\/span>\n\t\t\t\t\t\t\t\t\t<\/li>\n\t\t\t\t\t\t<\/ul>\n\t\t\t\t\t\t<\/div>\n\t\t\t\t<\/div>\n\t\t\t\t<div class=\"elementor-element elementor-element-df65053 elementor-widget elementor-widget-text-editor\" data-id=\"df65053\" data-element_type=\"widget\" data-e-type=\"widget\" data-widget_type=\"text-editor.default\">\n\t\t\t\t<div class=\"elementor-widget-container\">\n\t\t\t\t\t\t\t\t\t<p>Kommen Sie zum Einkaufen in eine unserer <a href=\"https:\/\/tica.nl\/de\/filialen\/\">Niederlassungen<\/a>, haben aber keinen passenden Transport? Oder haben Sie mehr und gr\u00f6\u00dfer eingekauft als Sie vorher geplant hatten? Nutzen Sie dann unseren Transportservice und lassen Sie sich Ihre Eink\u00e4ufe einfach liefern. M\u00f6chten Sie diesen Service bei Ihrem n\u00e4chsten Besuch nutzen? Bitte beachten Sie, dass Sie die ben\u00f6tigten Dokumente sp\u00e4testens eine Stunde vor Schlie\u00dfung an unserer Servicebalie unterschreiben m\u00fcssen. Unsere Mitarbeiter informieren Sie gerne \u00fcber die Bedingungen, Tarife und Lieferzeiten.     <\/p>\t\t\t\t\t\t\t\t<\/div>\n\t\t\t\t<\/div>\n\t\t\t\t<\/div>\n\t\t<div class=\"elementor-element elementor-element-f1c83f6 e-con-full e-flex elementor-invisible e-con e-child\" data-id=\"f1c83f6\" data-element_type=\"container\" data-e-type=\"container\" data-settings=\"{&quot;animation&quot;:&quot;fadeInUp&quot;}\">\n\t\t\t\t<div class=\"elementor-element elementor-element-ba588d2 numeric-list-whole elementor-icon-list--layout-traditional elementor-list-item-link-full_width elementor-widget elementor-widget-icon-list\" data-id=\"ba588d2\" data-element_type=\"widget\" data-e-type=\"widget\" data-widget_type=\"icon-list.default\">\n\t\t\t\t<div class=\"elementor-widget-container\">\n\t\t\t\t\t\t\t<ul class=\"elementor-icon-list-items\">\n\t\t\t\t\t\t\t<li class=\"elementor-icon-list-item\">\n\t\t\t\t\t\t\t\t\t\t<span class=\"elementor-icon-list-text\">Exportm\u00f6glichkeiten<\/span>\n\t\t\t\t\t\t\t\t\t<\/li>\n\t\t\t\t\t\t<\/ul>\n\t\t\t\t\t\t<\/div>\n\t\t\t\t<\/div>\n\t\t\t\t<div class=\"elementor-element elementor-element-5ac4762 elementor-widget elementor-widget-text-editor\" data-id=\"5ac4762\" data-element_type=\"widget\" data-e-type=\"widget\" data-widget_type=\"text-editor.default\">\n\t\t\t\t<div class=\"elementor-widget-container\">\n\t\t\t\t\t\t\t\t\tWir organisieren Transporte innerhalb der Europ\u00e4ischen Union, aber auch in die Schweiz und nach England. M\u00f6chten Sie Waren in ein anderes Land au\u00dferhalb dieser Destinationen transportieren lassen? Erkundigen Sie sich nach den M\u00f6glichkeiten an unserer Servicebalie. Wir gehen davon aus, dass Sie mit den geltenden Export- und Importbestimmungen vertraut sind. Als TICA-Mitglied erhalten Sie von uns eine Rechnung mit allen ben\u00f6tigten Daten, wie HS-Codes, Gewichten, Betr\u00e4gen und Beschreibungen. Auf dieser Grundlage kann Ihr Spediteur oder eine andere Partei die Exportdokumente erstellen.     \t\t\t\t\t\t\t\t<\/div>\n\t\t\t\t<\/div>\n\t\t\t\t<\/div>\n\t\t\t\t<\/div>\n\t\t<div class=\"elementor-element elementor-element-950710e e-con-full e-flex e-con e-child\" data-id=\"950710e\" data-element_type=\"container\" data-e-type=\"container\">\n\t\t<div class=\"elementor-element elementor-element-f3335a7 e-con-full e-flex elementor-invisible e-con e-child\" data-id=\"f3335a7\" data-element_type=\"container\" data-e-type=\"container\" data-settings=\"{&quot;animation&quot;:&quot;fadeInUp&quot;}\">\n\t\t\t\t<div class=\"elementor-element elementor-element-f9573f3 numeric-list-whole elementor-icon-list--layout-traditional elementor-list-item-link-full_width elementor-widget elementor-widget-icon-list\" data-id=\"f9573f3\" data-element_type=\"widget\" data-e-type=\"widget\" data-widget_type=\"icon-list.default\">\n\t\t\t\t<div class=\"elementor-widget-container\">\n\t\t\t\t\t\t\t<ul class=\"elementor-icon-list-items\">\n\t\t\t\t\t\t\t<li class=\"elementor-icon-list-item\">\n\t\t\t\t\t\t\t\t\t\t<span class=\"elementor-icon-list-text\">In- und Ausfuhrdokumente<\/span>\n\t\t\t\t\t\t\t\t\t<\/li>\n\t\t\t\t\t\t<\/ul>\n\t\t\t\t\t\t<\/div>\n\t\t\t\t<\/div>\n\t\t\t\t<div class=\"elementor-element elementor-element-4b7cc88 elementor-widget elementor-widget-text-editor\" data-id=\"4b7cc88\" data-element_type=\"widget\" data-e-type=\"widget\" data-widget_type=\"text-editor.default\">\n\t\t\t\t<div class=\"elementor-widget-container\">\n\t\t\t\t\t\t\t\t\tWenn wir den kompletten Transport f\u00fcr Sie organisieren, k\u00fcmmern wir uns auch um die ben\u00f6tigten In- und Ausfuhrdokumente. Organisieren Sie den Transport selbst? Dann sind Sie auch selbst f\u00fcr die Bereitstellung dieser Dokumente verantwortlich.  \t\t\t\t\t\t\t\t<\/div>\n\t\t\t\t<\/div>\n\t\t\t\t<\/div>\n\t\t<div class=\"elementor-element elementor-element-39c8f71 e-con-full e-flex elementor-invisible e-con e-child\" data-id=\"39c8f71\" data-element_type=\"container\" data-e-type=\"container\" data-settings=\"{&quot;animation&quot;:&quot;fadeInUp&quot;}\">\n\t\t\t\t<div class=\"elementor-element elementor-element-e179192 numeric-list-whole elementor-icon-list--layout-traditional elementor-list-item-link-full_width elementor-widget elementor-widget-icon-list\" data-id=\"e179192\" data-element_type=\"widget\" data-e-type=\"widget\" data-widget_type=\"icon-list.default\">\n\t\t\t\t<div class=\"elementor-widget-container\">\n\t\t\t\t\t\t\t<ul class=\"elementor-icon-list-items\">\n\t\t\t\t\t\t\t<li class=\"elementor-icon-list-item\">\n\t\t\t\t\t\t\t\t\t\t<span class=\"elementor-icon-list-text\">Verpackungsservice<\/span>\n\t\t\t\t\t\t\t\t\t<\/li>\n\t\t\t\t\t\t<\/ul>\n\t\t\t\t\t\t<\/div>\n\t\t\t\t<\/div>\n\t\t\t\t<div class=\"elementor-element elementor-element-5fc7730 elementor-widget elementor-widget-text-editor\" data-id=\"5fc7730\" data-element_type=\"widget\" data-e-type=\"widget\" data-widget_type=\"text-editor.default\">\n\t\t\t\t<div class=\"elementor-widget-container\">\n\t\t\t\t\t\t\t\t\t<p>Erg\u00e4nzen Sie Ihren Transport mit unserem Verpackungsservice. Wir verpacken Ihre Eink\u00e4ufe effizient und sicher, abgestimmt auf das Volumen und die Destination. Die Kosten f\u00fcr Transport und Verpackung werden pro Auftrag berechnet. M\u00f6chten Sie w\u00e4hrend Ihres Besuchs mehr dar\u00fcber erfahren? Fragen Sie unsere Mitarbeiter oder senden Sie eine Nachricht an: <a href=\"mailto:info@tica.nl\">info@TICA.nl<\/a>    <\/p><p><span style=\"font-size: 11pt;\"><em>*Bitte beachten Sie: TICA ist nicht verantwortlich f\u00fcr Transportsch\u00e4den, Bruch oder Verlust von Artikeln. Sollten Sch\u00e4den an den Artikeln sichtbar sein, empfehlen wir Ihnen, die Beschwerde oder Bemerkung auf dem Frachtbrief des Fahrers zu notieren. <\/em><\/span><\/p>\t\t\t\t\t\t\t\t<\/div>\n\t\t\t\t<\/div>\n\t\t\t\t<\/div>\n\t\t\t\t<\/div>\n\t\t\t\t\t<\/div>\n\t\t\t\t<\/div>\n\t\t<div class=\"elementor-element elementor-element-6d0fb41 e-flex e-con-boxed e-con e-parent\" data-id=\"6d0fb41\" data-element_type=\"container\" data-e-type=\"container\">\n\t\t\t\t\t<div class=\"e-con-inner\">\n\t\t<div class=\"elementor-element elementor-element-8c19c07 e-con-full e-flex e-con e-child\" data-id=\"8c19c07\" data-element_type=\"container\" data-e-type=\"container\">\n\t\t\t\t<div class=\"elementor-element elementor-element-1181894 elementor-widget elementor-widget-heading\" data-id=\"1181894\" data-element_type=\"widget\" data-e-type=\"widget\" data-widget_type=\"heading.default\">\n\t\t\t\t<div class=\"elementor-widget-container\">\n\t\t\t\t\t<h2 class=\"elementor-heading-title elementor-size-default\">MwSt.-R\u00fcckerstattung<\/h2>\t\t\t\t<\/div>\n\t\t\t\t<\/div>\n\t\t\t\t<\/div>\n\t\t<div class=\"elementor-element elementor-element-75011d8 e-con-full e-flex e-con e-child\" data-id=\"75011d8\" data-element_type=\"container\" data-e-type=\"container\">\n\t\t<div class=\"elementor-element elementor-element-a4daaac e-con-full e-flex e-con e-child\" data-id=\"a4daaac\" data-element_type=\"container\" data-e-type=\"container\">\n\t\t\t\t<div class=\"elementor-element elementor-element-3a70d43 elementor-widget elementor-widget-heading\" data-id=\"3a70d43\" data-element_type=\"widget\" data-e-type=\"widget\" data-widget_type=\"heading.default\">\n\t\t\t\t<div class=\"elementor-widget-container\">\n\t\t\t\t\t<h3 class=\"elementor-heading-title elementor-size-default\">Profitieren Sie von der MwSt.-R\u00fcckerstattung<\/h3>\t\t\t\t<\/div>\n\t\t\t\t<\/div>\n\t\t\t\t<div class=\"elementor-element elementor-element-445a89b elementor-widget elementor-widget-text-editor\" data-id=\"445a89b\" data-element_type=\"widget\" data-e-type=\"widget\" data-widget_type=\"text-editor.default\">\n\t\t\t\t<div class=\"elementor-widget-container\">\n\t\t\t\t\t\t\t\t\t<p>Als TICA-Mitglied au\u00dferhalb der Europ\u00e4ischen Union k\u00f6nnen Sie von der Mehrwertsteuerr\u00fcckerstattung auf Ihre eingekauften Lifestyle-Must-haves profitieren. Dies bedeutet noch bessere Margenchancen f\u00fcr Ihr Gesch\u00e4ft oder Stylingprojekt! Obwohl TICA keinen direkten 0%-Verkauf anbieten kann, gibt es zwei Optionen, um die Mehrwertsteuer zur\u00fcckzufordern*. In beiden F\u00e4llen erhalten Sie eine Rechnung mit Mehrwertsteuer.   <\/p>\t\t\t\t\t\t\t\t<\/div>\n\t\t\t\t<\/div>\n\t\t\t\t<div class=\"elementor-element elementor-element-532a25a elementor-widget elementor-widget-heading\" data-id=\"532a25a\" data-element_type=\"widget\" data-e-type=\"widget\" data-widget_type=\"heading.default\">\n\t\t\t\t<div class=\"elementor-widget-container\">\n\t\t\t\t\t<h2 class=\"elementor-heading-title elementor-size-default\">Wie funktioniert es?<\/h2>\t\t\t\t<\/div>\n\t\t\t\t<\/div>\n\t\t\t\t<div class=\"elementor-element elementor-element-3ea1276 elementor-widget elementor-widget-text-editor\" data-id=\"3ea1276\" data-element_type=\"widget\" data-e-type=\"widget\" data-widget_type=\"text-editor.default\">\n\t\t\t\t<div class=\"elementor-widget-container\">\n\t\t\t\t\t\t\t\t\t<p>Wohnen Sie au\u00dferhalb der Europ\u00e4ischen Union und haben Sie einen Einkaufsbesuch bei TICA geplant? Melden Sie dies vorab \u00fcber <a href=\"mailto:klantenservice@tica.nl\">klantenservice@TICA.nl<\/a> oder an der Rezeption bei Ankunft. Danach folgen zwei Optionen.  <\/p>\t\t\t\t\t\t\t\t<\/div>\n\t\t\t\t<\/div>\n\t\t\t\t<\/div>\n\t\t\t\t<\/div>\n\t\t\t\t\t<\/div>\n\t\t\t\t<\/div>\n\t\t<div class=\"elementor-element elementor-element-8372306 e-flex e-con-boxed e-con e-parent\" data-id=\"8372306\" data-element_type=\"container\" data-e-type=\"container\">\n\t\t\t\t\t<div class=\"e-con-inner\">\n\t\t<div class=\"elementor-element elementor-element-869fdc9 e-con-full e-flex e-con e-child\" data-id=\"869fdc9\" data-element_type=\"container\" data-e-type=\"container\">\n\t\t<div class=\"elementor-element elementor-element-2d8b79d e-con-full e-flex elementor-invisible e-con e-child\" data-id=\"2d8b79d\" data-element_type=\"container\" data-e-type=\"container\" data-settings=\"{&quot;animation&quot;:&quot;fadeInUp&quot;}\">\n\t\t\t\t<div class=\"elementor-element elementor-element-4c856fc elementor-widget elementor-widget-heading\" data-id=\"4c856fc\" data-element_type=\"widget\" data-e-type=\"widget\" data-widget_type=\"heading.default\">\n\t\t\t\t<div class=\"elementor-widget-container\">\n\t\t\t\t\t<h3 class=\"elementor-heading-title elementor-size-default\">1. Sie erhalten eine Rechnung mit MwSt., zahlen aber ohne MwSt.<\/h3>\t\t\t\t<\/div>\n\t\t\t\t<\/div>\n\t\t\t\t<div class=\"elementor-element elementor-element-1ca1b96 elementor-widget elementor-widget-text-editor\" data-id=\"1ca1b96\" data-element_type=\"widget\" data-e-type=\"widget\" data-widget_type=\"text-editor.default\">\n\t\t\t\t<div class=\"elementor-widget-container\">\n\t\t\t\t\t\t\t\t\t<p>Sie kaufen ein und lassen die Artikel an der Kasse scannen. Anschlie\u00dfend wird die Rechnung, inklusive MwSt., erstellt. Durch die Unterzeichnung des Dokuments \u201eGarantstellung MwSt.&#8220; k\u00f6nnen Sie die Rechnung ohne MwSt. bezahlen. Sobald die Zahlung abgeschlossen ist, k\u00f6nnen die Artikel verpackt werden. Nachdem auch eine Kopie Ihres Reisepasses, der Firmendokumentation und ein Ausfuhrbegleitdokument vorgelegt wurden, kann der Transport freigegeben werden.    <\/p>\t\t\t\t\t\t\t\t<\/div>\n\t\t\t\t<\/div>\n\t\t\t\t<\/div>\n\t\t<div class=\"elementor-element elementor-element-eea5aae e-con-full e-flex elementor-invisible e-con e-child\" data-id=\"eea5aae\" data-element_type=\"container\" data-e-type=\"container\" data-settings=\"{&quot;animation&quot;:&quot;fadeInUp&quot;}\">\n\t\t\t\t<div class=\"elementor-element elementor-element-ec4e868 elementor-widget elementor-widget-heading\" data-id=\"ec4e868\" data-element_type=\"widget\" data-e-type=\"widget\" data-widget_type=\"heading.default\">\n\t\t\t\t<div class=\"elementor-widget-container\">\n\t\t\t\t\t<h3 class=\"elementor-heading-title elementor-size-default\">2. Sie erhalten und bezahlen eine Rechnung mit Mehrwertsteuer und TICA k\u00fcmmert sich um die Mehrwertsteuerr\u00fcckerstattung<\/h3>\t\t\t\t<\/div>\n\t\t\t\t<\/div>\n\t\t\t\t<div class=\"elementor-element elementor-element-6be3797 elementor-widget elementor-widget-text-editor\" data-id=\"6be3797\" data-element_type=\"widget\" data-e-type=\"widget\" data-widget_type=\"text-editor.default\">\n\t\t\t\t<div class=\"elementor-widget-container\">\n\t\t\t\t\t\t\t\t\t<p>Sie kaufen ein und lassen die Artikel an der Kasse scannen. Nach der Bezahlung k\u00f6nnen die Eink\u00e4ufe sofort mitgenommen und transportiert werden. Sobald alle ben\u00f6tigten Dokumente eingereicht wurden (wie eine Kopie Ihres Reisepasses, Ausfuhrbegleitdokument und Ihre Bankkontonummer), sorgt TICA daf\u00fcr, dass die Mehrwertsteuerr\u00fcckerstattung (innerhalb von sechs Monaten) bearbeitet wird.  <\/p>\t\t\t\t\t\t\t\t<\/div>\n\t\t\t\t<\/div>\n\t\t\t\t<\/div>\n\t\t\t\t<\/div>\n\t\t\t\t\t<\/div>\n\t\t\t\t<\/div>\n\t\t\t\t<\/div>\n\t\t","protected":false},"excerpt":{"rendered":"<p>Transport- und Verpackungsservice Transport- und Verpackungsservice Einkaufen bei TICA ist immer inspirierend, aber den Transport zu Ihrem Gesch\u00e4ft oder Projekt zu organisieren, kann manchmal weniger angenehm sein. Das Einpacken, Verladen und Ausladen von Produkten kostet oft viel Zeit. Deshalb helfen wir Ihnen gerne! Nutzen Sie unseren Transport- und Verpackungsservice und machen Sie es sich einfacher. [&hellip;]<\/p>\n","protected":false},"author":2,"featured_media":14423,"parent":0,"menu_order":0,"comment_status":"closed","ping_status":"closed","template":"","meta":{"_acf_changed":false,"footnotes":""},"class_list":["post-14430","page","type-page","status-publish","has-post-thumbnail","hentry"],"acf":[],"_links":{"self":[{"href":"https:\/\/tica.nl\/de\/wp-json\/wp\/v2\/pages\/14430","targetHints":{"allow":["GET"]}}],"collection":[{"href":"https:\/\/tica.nl\/de\/wp-json\/wp\/v2\/pages"}],"about":[{"href":"https:\/\/tica.nl\/de\/wp-json\/wp\/v2\/types\/page"}],"author":[{"embeddable":true,"href":"https:\/\/tica.nl\/de\/wp-json\/wp\/v2\/users\/2"}],"replies":[{"embeddable":true,"href":"https:\/\/tica.nl\/de\/wp-json\/wp\/v2\/comments?post=14430"}],"version-history":[{"count":0,"href":"https:\/\/tica.nl\/de\/wp-json\/wp\/v2\/pages\/14430\/revisions"}],"wp:featuredmedia":[{"embeddable":true,"href":"https:\/\/tica.nl\/de\/wp-json\/wp\/v2\/media\/14423"}],"wp:attachment":[{"href":"https:\/\/tica.nl\/de\/wp-json\/wp\/v2\/media?parent=14430"}],"curies":[{"name":"wp","href":"https:\/\/api.w.org\/{rel}","templated":true}]}}