{"id":14413,"date":"2025-08-13T14:26:10","date_gmt":"2025-08-13T14:26:10","guid":{"rendered":"https:\/\/tica.nl\/einkaufen-bei-tica-bruessel\/"},"modified":"2025-11-07T14:36:09","modified_gmt":"2025-11-07T14:36:09","slug":"einkaufen-bei-tica-bruessel","status":"publish","type":"page","link":"https:\/\/tica.nl\/de\/einkaufen-bei-tica-bruessel\/","title":{"rendered":"Einkaufen bei TICA Br\u00fcssel"},"content":{"rendered":"\t\t<div data-elementor-type=\"wp-page\" data-elementor-id=\"14413\" class=\"elementor elementor-14413 elementor-11754\" data-elementor-post-type=\"page\">\n\t\t\t\t<div class=\"elementor-element elementor-element-f2cade1 e-flex e-con-boxed e-con e-parent\" data-id=\"f2cade1\" data-element_type=\"container\" data-e-type=\"container\">\n\t\t\t\t\t<div class=\"e-con-inner\">\n\t\t<div class=\"elementor-element elementor-element-6a0f65e e-con-full e-flex e-con e-child\" data-id=\"6a0f65e\" data-element_type=\"container\" data-e-type=\"container\">\n\t\t<div class=\"elementor-element elementor-element-7768e5d e-con-full e-flex e-con e-child\" data-id=\"7768e5d\" data-element_type=\"container\" data-e-type=\"container\">\n\t\t\t\t<div class=\"elementor-element elementor-element-794d2ec elementor-invisible elementor-widget elementor-widget-heading\" data-id=\"794d2ec\" data-element_type=\"widget\" data-e-type=\"widget\" data-settings=\"{&quot;_animation&quot;:&quot;fadeInUp&quot;}\" data-widget_type=\"heading.default\">\n\t\t\t\t<div class=\"elementor-widget-container\">\n\t\t\t\t\t<h1 class=\"elementor-heading-title elementor-size-default\">Einkaufen bei TICA Br\u00fcssel<\/h1>\t\t\t\t<\/div>\n\t\t\t\t<\/div>\n\t\t\t\t<div class=\"elementor-element elementor-element-9da8dd2 elementor-widget-divider--view-line elementor-invisible elementor-widget elementor-widget-divider\" data-id=\"9da8dd2\" data-element_type=\"widget\" data-e-type=\"widget\" data-settings=\"{&quot;_animation&quot;:&quot;fadeInUp&quot;,&quot;_animation_delay&quot;:300}\" data-widget_type=\"divider.default\">\n\t\t\t\t<div class=\"elementor-widget-container\">\n\t\t\t\t\t\t\t<div class=\"elementor-divider\">\n\t\t\t<span class=\"elementor-divider-separator\">\n\t\t\t\t\t\t<\/span>\n\t\t<\/div>\n\t\t\t\t\t\t<\/div>\n\t\t\t\t<\/div>\n\t\t\t\t<\/div>\n\t\t\t\t<\/div>\n\t\t\t\t\t<\/div>\n\t\t\t\t<\/div>\n\t\t<div class=\"elementor-element elementor-element-c99ca6a e-con-full e-flex e-con e-parent\" data-id=\"c99ca6a\" data-element_type=\"container\" data-e-type=\"container\">\n\t\t<div data-dce-background-image-url=\"https:\/\/tica.nl\/wp-content\/uploads\/2025\/08\/2025-Eventpaginas-juiste-afmetingen-1.jpg.webp\" class=\"elementor-element elementor-element-45daf31 e-con-full e-flex elementor-invisible e-con e-child\" data-id=\"45daf31\" data-element_type=\"container\" data-e-type=\"container\" data-settings=\"{&quot;animation&quot;:&quot;fadeIn&quot;,&quot;animation_delay&quot;:400,&quot;background_background&quot;:&quot;classic&quot;,&quot;animation_mobile&quot;:&quot;none&quot;}\">\n\t\t\t\t<\/div>\n\t\t<div class=\"elementor-element elementor-element-259fe95 e-con-full e-flex e-con e-child\" data-id=\"259fe95\" data-element_type=\"container\" data-e-type=\"container\">\n\t\t<div class=\"elementor-element elementor-element-f6b3c12 e-con-full e-flex elementor-invisible e-con e-child\" data-id=\"f6b3c12\" data-element_type=\"container\" data-e-type=\"container\" data-settings=\"{&quot;animation&quot;:&quot;fadeInUp&quot;}\">\n\t\t\t\t<div class=\"elementor-element elementor-element-d9fdb2e elementor-widget elementor-widget-heading\" data-id=\"d9fdb2e\" data-element_type=\"widget\" data-e-type=\"widget\" data-widget_type=\"heading.default\">\n\t\t\t\t<div class=\"elementor-widget-container\">\n\t\t\t\t\t<h4 class=\"elementor-heading-title elementor-size-default\">Gelegen im Trademart Br\u00fcssel<\/h4>\t\t\t\t<\/div>\n\t\t\t\t<\/div>\n\t\t\t\t<div class=\"elementor-element elementor-element-f63028e elementor-widget elementor-widget-text-editor\" data-id=\"f63028e\" data-element_type=\"widget\" data-e-type=\"widget\" data-widget_type=\"text-editor.default\">\n\t\t\t\t<div class=\"elementor-widget-container\">\n\t\t\t\t\t\t\t\t\t<p>Als TICA-Mitglied k\u00f6nnen Sie auch bei TICA Br\u00fcssel auf der C-Ebene des Trademart einkaufen. Praktisch: Kombinieren Sie Ihren Besuch mit einem Einkaufstag im Trademart. Sind Sie bereits Trademart-Kunde? Mit Ihrem Trademart-Pass k\u00f6nnen Sie auch TICA Br\u00fcssel besuchen. Neugierig, wie das funktioniert? Lesen Sie schnell weiter.     <\/p><p><em>Verfolgen Sie wichtige Updates oder \u00fcberpr\u00fcfen Sie alle Informationen, die Sie f\u00fcr den Einkauf bei TICA Br\u00fcssel ben\u00f6tigen, auf <a href=\"https:\/\/tica.nl\/de\/tica-bruessel-updates\/\">dieser Seite<\/a>.<\/em><\/p>\t\t\t\t\t\t\t\t<\/div>\n\t\t\t\t<\/div>\n\t\t\t\t<\/div>\n\t\t\t\t<\/div>\n\t\t\t\t<\/div>\n\t\t<div class=\"elementor-element elementor-element-00d8c11 e-flex e-con-boxed e-con e-parent\" data-id=\"00d8c11\" data-element_type=\"container\" data-e-type=\"container\">\n\t\t\t\t\t<div class=\"e-con-inner\">\n\t\t<div class=\"elementor-element elementor-element-80c93de e-con-full e-flex e-con e-child\" data-id=\"80c93de\" data-element_type=\"container\" data-e-type=\"container\">\n\t\t\t\t<div class=\"elementor-element elementor-element-3350dc3 elementor-widget elementor-widget-heading\" data-id=\"3350dc3\" data-element_type=\"widget\" data-e-type=\"widget\" data-widget_type=\"heading.default\">\n\t\t\t\t<div class=\"elementor-widget-container\">\n\t\t\t\t\t<h2 class=\"elementor-heading-title elementor-size-default\">TICA-Mitglieder<\/h2>\t\t\t\t<\/div>\n\t\t\t\t<\/div>\n\t\t\t\t<div class=\"elementor-element elementor-element-4e04d4a elementor-widget elementor-widget-text-editor\" data-id=\"4e04d4a\" data-element_type=\"widget\" data-e-type=\"widget\" data-widget_type=\"text-editor.default\">\n\t\t\t\t<div class=\"elementor-widget-container\">\n\t\t\t\t\t\t\t\t\t<p><em>Sie sind TICA-Mitglied, wenn Sie ein bezahltes Jahresabonnement f\u00fcr 2025 haben.<\/em><\/p><ul><li>Als TICA-Mitglied sind Sie herzlich willkommen bei TICA Br\u00fcssel.<\/li><li>TICA Br\u00fcssel befindet sich auf Ebene C des Brussels International Trade Mart (auch Trademart genannt). Um dort einzukaufen, m\u00fcssen Sie sich beim Trademart registrieren. <\/li><li>Ihr Zugangspass liegt dann f\u00fcr Sie an der Rezeption im Trademart-Geb\u00e4ude bereit.<\/li><\/ul>\t\t\t\t\t\t\t\t<\/div>\n\t\t\t\t<\/div>\n\t\t\t\t<\/div>\n\t\t<div class=\"elementor-element elementor-element-129fdb2 e-con-full e-flex e-con e-child\" data-id=\"129fdb2\" data-element_type=\"container\" data-e-type=\"container\">\n\t\t\t\t<div class=\"elementor-element elementor-element-a36c9a6 elementor-widget elementor-widget-heading\" data-id=\"a36c9a6\" data-element_type=\"widget\" data-e-type=\"widget\" data-widget_type=\"heading.default\">\n\t\t\t\t<div class=\"elementor-widget-container\">\n\t\t\t\t\t<h2 class=\"elementor-heading-title elementor-size-default\">Kunden von Trademart<\/h2>\t\t\t\t<\/div>\n\t\t\t\t<\/div>\n\t\t\t\t<div class=\"elementor-element elementor-element-4209ddf elementor-widget elementor-widget-text-editor\" data-id=\"4209ddf\" data-element_type=\"widget\" data-e-type=\"widget\" data-widget_type=\"text-editor.default\">\n\t\t\t\t<div class=\"elementor-widget-container\">\n\t\t\t\t\t\t\t\t\t<ul><li>Sind Sie Trademart-Kunde? Wir freuen uns, Sie bei TICA begr\u00fc\u00dfen zu d\u00fcrfen! Fordern Sie einen <a href=\"https:\/\/tica.nl\/de\/tica-standortpass-bruessel\/\">kostenlosen Standortpass<\/a> f\u00fcr TICA Br\u00fcssel an.  <\/li><li>Ehemals Home Living &amp;Go Kunde? Sie sind herzlich willkommen bei TICA Br\u00fcssel; es liegt ein kostenloser TICA-Standortpass f\u00fcr Sie bereit, den Sie auch per E-Mail erhalten haben. Keine E-Mail erhalten? Die Rezeptionisten von TICA helfen Ihnen gerne weiter.   <\/li><li>Auch einkaufen in den anderen TICA-Niederlassungen in Aalsmeer, Ede und Venlo? <a href=\"https:\/\/portal.tica.nl\/\">Werden Sie TICA-Mitglied!<\/a> Sehen Sie sich <a href=\"https:\/\/tica.nl\/de\/zulassungsrichtlinien\/\">hier<\/a> die Zulassungsrichtlinien, unsere Bedingungen und mehr an.<\/li><\/ul>\t\t\t\t\t\t\t\t<\/div>\n\t\t\t\t<\/div>\n\t\t\t\t<\/div>\n\t\t\t\t\t<\/div>\n\t\t\t\t<\/div>\n\t\t<div class=\"elementor-element elementor-element-4950f16 e-flex e-con-boxed e-con e-parent\" data-id=\"4950f16\" data-element_type=\"container\" data-e-type=\"container\">\n\t\t\t\t\t<div class=\"e-con-inner\">\n\t\t\t\t<div class=\"elementor-element elementor-element-8b60df5 elementor-widget elementor-widget-spacer\" data-id=\"8b60df5\" data-element_type=\"widget\" data-e-type=\"widget\" data-widget_type=\"spacer.default\">\n\t\t\t\t<div class=\"elementor-widget-container\">\n\t\t\t\t\t\t\t<div class=\"elementor-spacer\">\n\t\t\t<div class=\"elementor-spacer-inner\"><\/div>\n\t\t<\/div>\n\t\t\t\t\t\t<\/div>\n\t\t\t\t<\/div>\n\t\t\t\t\t<\/div>\n\t\t\t\t<\/div>\n\t\t<div class=\"elementor-element elementor-element-ac43074 e-flex e-con-boxed e-con e-parent\" data-id=\"ac43074\" data-element_type=\"container\" data-e-type=\"container\">\n\t\t\t\t\t<div class=\"e-con-inner\">\n\t\t\t\t<div class=\"elementor-element elementor-element-5fc2b9c elementor-widget elementor-widget-image-carousel\" data-id=\"5fc2b9c\" data-element_type=\"widget\" data-e-type=\"widget\" data-settings=\"{&quot;slides_to_show&quot;:&quot;3&quot;,&quot;slides_to_scroll&quot;:&quot;1&quot;,&quot;navigation&quot;:&quot;none&quot;,&quot;image_spacing_custom&quot;:{&quot;unit&quot;:&quot;px&quot;,&quot;size&quot;:25,&quot;sizes&quot;:[]},&quot;lazyload&quot;:&quot;yes&quot;,&quot;infinite&quot;:&quot;yes&quot;,&quot;speed&quot;:500,&quot;image_spacing_custom_laptop&quot;:{&quot;unit&quot;:&quot;px&quot;,&quot;size&quot;:&quot;&quot;,&quot;sizes&quot;:[]},&quot;image_spacing_custom_tablet&quot;:{&quot;unit&quot;:&quot;px&quot;,&quot;size&quot;:&quot;&quot;,&quot;sizes&quot;:[]},&quot;image_spacing_custom_mobile&quot;:{&quot;unit&quot;:&quot;px&quot;,&quot;size&quot;:&quot;&quot;,&quot;sizes&quot;:[]}}\" data-widget_type=\"image-carousel.default\">\n\t\t\t\t<div class=\"elementor-widget-container\">\n\t\t\t\t\t\t\t<div class=\"elementor-image-carousel-wrapper swiper\" role=\"region\" aria-roledescription=\"carousel\" aria-label=\"Image Carousel\" dir=\"ltr\">\n\t\t\t<div class=\"elementor-image-carousel swiper-wrapper\" aria-live=\"polite\">\n\t\t\t\t\t\t\t\t<div class=\"swiper-slide\" role=\"group\" aria-roledescription=\"slide\" aria-label=\"1 von 3\"><figure class=\"swiper-slide-inner\"><img class=\"swiper-slide-image swiper-lazy\" data-src=\"https:\/\/tica.nl\/wp-content\/uploads\/elementor\/thumbs\/4-8.png-ra8i5tadzqvndx1pl32viqews7y8aol3endwsoplco.webp\" alt=\"Inkopen_bij_TICA_Brussel_slider_3\" \/><div class=\"swiper-lazy-preloader\"><\/div><\/figure><\/div><div class=\"swiper-slide\" role=\"group\" aria-roledescription=\"slide\" aria-label=\"2 von 3\"><figure class=\"swiper-slide-inner\"><img class=\"swiper-slide-image swiper-lazy\" data-src=\"https:\/\/tica.nl\/wp-content\/uploads\/elementor\/thumbs\/3-8.png-ra8i5pj18eqi3h7671gd8rd2eogrfw6624ryvkv61k.webp\" alt=\"Inkopen_bij_TICA_Brussel_slider_2\" \/><div class=\"swiper-lazy-preloader\"><\/div><\/figure><\/div><div class=\"swiper-slide\" role=\"group\" aria-roledescription=\"slide\" aria-label=\"3 von 3\"><figure class=\"swiper-slide-inner\"><img class=\"swiper-slide-image swiper-lazy\" data-src=\"https:\/\/tica.nl\/wp-content\/uploads\/elementor\/thumbs\/TICA_Brussel_slider_oranje.png-raxcftse4s221vg25mi896pnihr5exl808233cbpzs.webp\" alt=\"TICA_Br\u00fcssel_Slider_Orange\" \/><div class=\"swiper-lazy-preloader\"><\/div><\/figure><\/div>\t\t\t<\/div>\n\t\t\t\t\t\t\t\n\t\t\t\t\t\t\t\t\t<\/div>\n\t\t\t\t\t\t<\/div>\n\t\t\t\t<\/div>\n\t\t\t\t\t<\/div>\n\t\t\t\t<\/div>\n\t\t<div class=\"elementor-element elementor-element-7bfd184 e-flex e-con-boxed e-con e-parent\" data-id=\"7bfd184\" data-element_type=\"container\" data-e-type=\"container\">\n\t\t\t\t\t<div class=\"e-con-inner\">\n\t\t\t\t<div class=\"elementor-element elementor-element-6901445 elementor-widget elementor-widget-spacer\" data-id=\"6901445\" data-element_type=\"widget\" data-e-type=\"widget\" data-widget_type=\"spacer.default\">\n\t\t\t\t<div class=\"elementor-widget-container\">\n\t\t\t\t\t\t\t<div class=\"elementor-spacer\">\n\t\t\t<div class=\"elementor-spacer-inner\"><\/div>\n\t\t<\/div>\n\t\t\t\t\t\t<\/div>\n\t\t\t\t<\/div>\n\t\t\t\t\t<\/div>\n\t\t\t\t<\/div>\n\t\t<div class=\"elementor-element elementor-element-8e1ccdb e-flex e-con-boxed e-con e-parent\" data-id=\"8e1ccdb\" data-element_type=\"container\" data-e-type=\"container\">\n\t\t\t\t\t<div class=\"e-con-inner\">\n\t\t\t\t<div class=\"elementor-element elementor-element-f96754c elementor-widget elementor-widget-heading\" data-id=\"f96754c\" data-element_type=\"widget\" data-e-type=\"widget\" data-widget_type=\"heading.default\">\n\t\t\t\t<div class=\"elementor-widget-container\">\n\t\t\t\t\t<h2 class=\"elementor-heading-title elementor-size-default\">Praktische Informationen<\/h2>\t\t\t\t<\/div>\n\t\t\t\t<\/div>\n\t\t\t\t<div class=\"elementor-element elementor-element-da64f2f elementor-widget elementor-widget-text-editor\" data-id=\"da64f2f\" data-element_type=\"widget\" data-e-type=\"widget\" data-widget_type=\"text-editor.default\">\n\t\t\t\t<div class=\"elementor-widget-container\">\n\t\t\t\t\t\t\t\t\t<ul><li>Verwenden Sie Google Maps oder Waze? Dann k\u00f6nnen Sie <strong>&#8218;TICA Br\u00fcssel&#8216;<\/strong> eingeben und Sie werden direkt zum richtigen Parkplatz (Parking P2) geleitet. <\/li><li>Verwenden Sie eine andere Navigations-App? Geben Sie dann Folgendes ein: <span style=\"text-decoration: underline;\">Madridlaan 130, Br\u00fcssel<\/span> und folgen Sie den Schildern zum Parkplatz P2. <\/li><li>Abh\u00e4ngig von Ihrem Einkaufsziel k\u00f6nnen Sie auf verschiedenen Etagen des Trademart einkaufen. Hierf\u00fcr k\u00f6nnen Sie sich an die Rezeptionisten des Trademart wenden. <\/li><li>Ab dem 24. Juni 2025 wird der physische Zugangspass des Trademart durch die MyTrademart-App ersetzt.<a href=\"https:\/\/tica.nl\/nieuws\/2025\/06\/nieuw-toegangssysteem-in-brussel\/\"> Lesen Sie hier, wie Sie Ihren Zugang einfach regeln k\u00f6nnen.<\/a><\/li><\/ul>\t\t\t\t\t\t\t\t<\/div>\n\t\t\t\t<\/div>\n\t\t\t\t<div class=\"elementor-element elementor-element-84c22d9 elementor-widget elementor-widget-spacer\" data-id=\"84c22d9\" data-element_type=\"widget\" data-e-type=\"widget\" data-widget_type=\"spacer.default\">\n\t\t\t\t<div class=\"elementor-widget-container\">\n\t\t\t\t\t\t\t<div class=\"elementor-spacer\">\n\t\t\t<div class=\"elementor-spacer-inner\"><\/div>\n\t\t<\/div>\n\t\t\t\t\t\t<\/div>\n\t\t\t\t<\/div>\n\t\t\t\t\t<\/div>\n\t\t\t\t<\/div>\n\t\t<div class=\"elementor-element elementor-element-862c8b6 e-con-full e-flex e-con e-parent\" data-id=\"862c8b6\" data-element_type=\"container\" data-e-type=\"container\" data-settings=\"{&quot;background_background&quot;:&quot;classic&quot;}\">\n\t\t<div class=\"elementor-element elementor-element-c3c777c e-flex e-con-boxed e-con e-child\" data-id=\"c3c777c\" data-element_type=\"container\" data-e-type=\"container\">\n\t\t\t\t\t<div class=\"e-con-inner\">\n\t\t\t\t<div class=\"elementor-element elementor-element-fe72c49 elementor-invisible elementor-widget elementor-widget-heading\" data-id=\"fe72c49\" data-element_type=\"widget\" data-e-type=\"widget\" data-settings=\"{&quot;_animation&quot;:&quot;fadeIn&quot;}\" data-widget_type=\"heading.default\">\n\t\t\t\t<div class=\"elementor-widget-container\">\n\t\t\t\t\t<h2 class=\"elementor-heading-title elementor-size-default\">Entdecken Sie mehr<\/h2>\t\t\t\t<\/div>\n\t\t\t\t<\/div>\n\t\t\t\t\t<\/div>\n\t\t\t\t<\/div>\n\t\t<div class=\"elementor-element elementor-element-c72d50e e-flex e-con-boxed elementor-invisible e-con e-child\" data-id=\"c72d50e\" data-element_type=\"container\" data-e-type=\"container\" data-settings=\"{&quot;animation&quot;:&quot;fadeIn&quot;}\">\n\t\t\t\t\t<div class=\"e-con-inner\">\n\t\t<div class=\"elementor-element elementor-element-1e8aa6d e-con-full e-flex e-con e-child\" data-id=\"1e8aa6d\" data-element_type=\"container\" data-e-type=\"container\">\n\t\t\t\t<div class=\"elementor-element elementor-element-d007ea4 boxes-page dce_masking-none elementor-position-top elementor-widget elementor-widget-image-box\" data-id=\"d007ea4\" data-element_type=\"widget\" data-e-type=\"widget\" data-widget_type=\"image-box.default\">\n\t\t\t\t<div class=\"elementor-widget-container\">\n\t\t\t\t\t<div class=\"elementor-image-box-wrapper\"><figure class=\"elementor-image-box-img\"><a href=\"https:\/\/tica.nl\/de\/filialen\/\" tabindex=\"-1\"><img decoding=\"async\" width=\"900\" height=\"1410\" src=\"https:\/\/tica.nl\/wp-content\/uploads\/2025\/08\/4.-Vestigingen.png.webp\" class=\"attachment-full size-full wp-image-14364\" alt=\"TICA_Standorte\" srcset=\"https:\/\/tica.nl\/wp-content\/uploads\/2025\/08\/4.-Vestigingen.png.webp 900w, https:\/\/tica.nl\/wp-content\/uploads\/2025\/08\/4.-Vestigingen.png-191x300.webp 191w, https:\/\/tica.nl\/wp-content\/uploads\/2025\/08\/4.-Vestigingen.png-654x1024.webp 654w, https:\/\/tica.nl\/wp-content\/uploads\/2025\/08\/4.-Vestigingen.png-768x1203.webp 768w\" sizes=\"(max-width: 900px) 100vw, 900px\" \/><\/a><\/figure><div class=\"elementor-image-box-content\"><h2 class=\"elementor-image-box-title\"><a href=\"https:\/\/tica.nl\/de\/filialen\/\">Filialen<\/a><\/h2><p class=\"elementor-image-box-description\">TICA-Mitglieder haben Zugang zu allen Niederlassungen in den Niederlanden und Belgien.<\/p><\/div><\/div>\t\t\t\t<\/div>\n\t\t\t\t<\/div>\n\t\t\t\t<\/div>\n\t\t<div class=\"elementor-element elementor-element-e6b89f2 e-con-full e-flex e-con e-child\" data-id=\"e6b89f2\" data-element_type=\"container\" data-e-type=\"container\">\n\t\t\t\t<div class=\"elementor-element elementor-element-5afecee boxes-page dce_masking-none elementor-position-top elementor-widget elementor-widget-image-box\" data-id=\"5afecee\" data-element_type=\"widget\" data-e-type=\"widget\" data-widget_type=\"image-box.default\">\n\t\t\t\t<div class=\"elementor-widget-container\">\n\t\t\t\t\t<div class=\"elementor-image-box-wrapper\"><figure class=\"elementor-image-box-img\"><a href=\"https:\/\/tica.nl\/de\/oeffnungszeiten\/\" tabindex=\"-1\"><img decoding=\"async\" width=\"900\" height=\"1410\" src=\"https:\/\/tica.nl\/wp-content\/uploads\/2025\/08\/9.-Openingstijden.png.webp\" class=\"attachment-full size-full wp-image-14365\" alt=\"TICA_\u00d6ffnungszeiten\" srcset=\"https:\/\/tica.nl\/wp-content\/uploads\/2025\/08\/9.-Openingstijden.png.webp 900w, https:\/\/tica.nl\/wp-content\/uploads\/2025\/08\/9.-Openingstijden.png-191x300.webp 191w, https:\/\/tica.nl\/wp-content\/uploads\/2025\/08\/9.-Openingstijden.png-654x1024.webp 654w, https:\/\/tica.nl\/wp-content\/uploads\/2025\/08\/9.-Openingstijden.png-768x1203.webp 768w\" sizes=\"(max-width: 900px) 100vw, 900px\" \/><\/a><\/figure><div class=\"elementor-image-box-content\"><h2 class=\"elementor-image-box-title\"><a href=\"https:\/\/tica.nl\/de\/oeffnungszeiten\/\">\u00d6ffnungszeiten<\/a><\/h2><p class=\"elementor-image-box-description\">Fast alle unsere Filialen sind 7 Tage die Woche ge\u00f6ffnet. So k\u00f6nnen Sie einkaufen, wann es Ihnen passt. <\/p><\/div><\/div>\t\t\t\t<\/div>\n\t\t\t\t<\/div>\n\t\t\t\t<\/div>\n\t\t<div class=\"elementor-element elementor-element-bd70456 e-con-full e-flex e-con e-child\" data-id=\"bd70456\" data-element_type=\"container\" data-e-type=\"container\">\n\t\t\t\t<div class=\"elementor-element elementor-element-b86b0d5 boxes-page dce_masking-none elementor-position-top elementor-widget elementor-widget-image-box\" data-id=\"b86b0d5\" data-element_type=\"widget\" data-e-type=\"widget\" data-widget_type=\"image-box.default\">\n\t\t\t\t<div class=\"elementor-widget-container\">\n\t\t\t\t\t<div class=\"elementor-image-box-wrapper\"><figure class=\"elementor-image-box-img\"><a href=\"https:\/\/tica.nl\/de\/inspireren-cat\/inspiratie\/\" tabindex=\"-1\"><img decoding=\"async\" width=\"900\" height=\"1410\" src=\"https:\/\/tica.nl\/wp-content\/uploads\/2025\/08\/3.-Inspiratie.jpg.webp\" class=\"attachment-full size-full wp-image-14366\" alt=\"TICA_Inspiration\" srcset=\"https:\/\/tica.nl\/wp-content\/uploads\/2025\/08\/3.-Inspiratie.jpg.webp 900w, https:\/\/tica.nl\/wp-content\/uploads\/2025\/08\/3.-Inspiratie.jpg-191x300.webp 191w, https:\/\/tica.nl\/wp-content\/uploads\/2025\/08\/3.-Inspiratie.jpg-654x1024.webp 654w, https:\/\/tica.nl\/wp-content\/uploads\/2025\/08\/3.-Inspiratie.jpg-768x1203.webp 768w\" sizes=\"(max-width: 900px) 100vw, 900px\" \/><\/a><\/figure><div class=\"elementor-image-box-content\"><h2 class=\"elementor-image-box-title\"><a href=\"https:\/\/tica.nl\/de\/inspireren-cat\/inspiratie\/\">Inspiration<\/a><\/h2><p class=\"elementor-image-box-description\">Bleiben Sie auf dem Laufenden \u00fcber die neuesten Lifestyle-Trends, Wohnstile und inspirierenden Blogs.<\/p><\/div><\/div>\t\t\t\t<\/div>\n\t\t\t\t<\/div>\n\t\t\t\t<\/div>\n\t\t<div class=\"elementor-element elementor-element-f0e85c6 e-con-full e-flex e-con e-child\" data-id=\"f0e85c6\" data-element_type=\"container\" data-e-type=\"container\">\n\t\t\t\t<div class=\"elementor-element elementor-element-a10c099 boxes-page dce_masking-none elementor-position-top elementor-widget elementor-widget-image-box\" data-id=\"a10c099\" data-element_type=\"widget\" data-e-type=\"widget\" data-widget_type=\"image-box.default\">\n\t\t\t\t<div class=\"elementor-widget-container\">\n\t\t\t\t\t<div class=\"elementor-image-box-wrapper\"><figure class=\"elementor-image-box-img\"><a href=\"https:\/\/tica.nl\/de\/online-einkaeufe-bei-tica\/\" tabindex=\"-1\"><img decoding=\"async\" width=\"900\" height=\"1410\" src=\"https:\/\/tica.nl\/wp-content\/uploads\/2025\/08\/5.-Online-inkopen.jpg.webp\" class=\"attachment-full size-full wp-image-14367\" alt=\"TICA_Online-Eink\u00e4ufe\" srcset=\"https:\/\/tica.nl\/wp-content\/uploads\/2025\/08\/5.-Online-inkopen.jpg.webp 900w, https:\/\/tica.nl\/wp-content\/uploads\/2025\/08\/5.-Online-inkopen.jpg-191x300.webp 191w, https:\/\/tica.nl\/wp-content\/uploads\/2025\/08\/5.-Online-inkopen.jpg-654x1024.webp 654w, https:\/\/tica.nl\/wp-content\/uploads\/2025\/08\/5.-Online-inkopen.jpg-768x1203.webp 768w\" sizes=\"(max-width: 900px) 100vw, 900px\" \/><\/a><\/figure><div class=\"elementor-image-box-content\"><h2 class=\"elementor-image-box-title\"><a href=\"https:\/\/tica.nl\/de\/online-einkaeufe-bei-tica\/\">Nachbestellen? <\/a><\/h2><p class=\"elementor-image-box-description\">TICA-Mitglieder k\u00f6nnen einfach online \u00fcber den TICA-Webshop einkaufen \u2013 schnell, flexibel und wann es Ihnen passt<\/p><\/div><\/div>\t\t\t\t<\/div>\n\t\t\t\t<\/div>\n\t\t\t\t<\/div>\n\t\t\t\t\t<\/div>\n\t\t\t\t<\/div>\n\t\t\t\t<\/div>\n\t\t\t\t<\/div>\n\t\t","protected":false},"excerpt":{"rendered":"<p>Einkaufen bei TICA Br\u00fcssel Gelegen im Trademart Br\u00fcssel Als TICA-Mitglied k\u00f6nnen Sie auch bei TICA Br\u00fcssel auf der C-Ebene des Trademart einkaufen. Praktisch: Kombinieren Sie Ihren Besuch mit einem Einkaufstag im Trademart. Sind Sie bereits Trademart-Kunde? Mit Ihrem Trademart-Pass k\u00f6nnen Sie auch TICA Br\u00fcssel besuchen. Neugierig, wie das funktioniert? Lesen Sie schnell weiter. Verfolgen Sie [&hellip;]<\/p>\n","protected":false},"author":2,"featured_media":16305,"parent":0,"menu_order":0,"comment_status":"closed","ping_status":"closed","template":"","meta":{"_acf_changed":false,"footnotes":""},"class_list":["post-14413","page","type-page","status-publish","has-post-thumbnail","hentry"],"acf":[],"_links":{"self":[{"href":"https:\/\/tica.nl\/de\/wp-json\/wp\/v2\/pages\/14413","targetHints":{"allow":["GET"]}}],"collection":[{"href":"https:\/\/tica.nl\/de\/wp-json\/wp\/v2\/pages"}],"about":[{"href":"https:\/\/tica.nl\/de\/wp-json\/wp\/v2\/types\/page"}],"author":[{"embeddable":true,"href":"https:\/\/tica.nl\/de\/wp-json\/wp\/v2\/users\/2"}],"replies":[{"embeddable":true,"href":"https:\/\/tica.nl\/de\/wp-json\/wp\/v2\/comments?post=14413"}],"version-history":[{"count":0,"href":"https:\/\/tica.nl\/de\/wp-json\/wp\/v2\/pages\/14413\/revisions"}],"wp:featuredmedia":[{"embeddable":true,"href":"https:\/\/tica.nl\/de\/wp-json\/wp\/v2\/media\/16305"}],"wp:attachment":[{"href":"https:\/\/tica.nl\/de\/wp-json\/wp\/v2\/media?parent=14413"}],"curies":[{"name":"wp","href":"https:\/\/api.w.org\/{rel}","templated":true}]}}