{"id":14325,"date":"2025-08-18T07:53:35","date_gmt":"2025-08-18T06:53:35","guid":{"rendered":"https:\/\/tica.nl\/fuehrung-fuer-studenten\/"},"modified":"2025-08-27T07:54:06","modified_gmt":"2025-08-27T06:54:06","slug":"fuehrung-fuer-studenten","status":"publish","type":"page","link":"https:\/\/tica.nl\/de\/fuehrung-fuer-studenten\/","title":{"rendered":"F\u00fchrung f\u00fcr Studenten"},"content":{"rendered":"\t\t<div data-elementor-type=\"wp-page\" data-elementor-id=\"14325\" class=\"elementor elementor-14325 elementor-12409\" data-elementor-post-type=\"page\">\n\t\t\t\t<div data-dce-background-image-url=\"https:\/\/tica.nl\/wp-content\/uploads\/2025\/07\/header-event-detail-paginas-2560x1608-9.png.webp\" class=\"elementor-element elementor-element-29f847e0 e-con-full e-flex e-con e-parent\" data-id=\"29f847e0\" data-element_type=\"container\" data-e-type=\"container\" data-settings=\"{&quot;background_background&quot;:&quot;classic&quot;}\">\n\t\t<div class=\"elementor-element elementor-element-e69953b e-flex e-con-boxed e-con e-child\" data-id=\"e69953b\" data-element_type=\"container\" data-e-type=\"container\">\n\t\t\t\t\t<div class=\"e-con-inner\">\n\t\t<div class=\"elementor-element elementor-element-2b0f77c e-con-full e-flex e-con e-child\" data-id=\"2b0f77c\" data-element_type=\"container\" data-e-type=\"container\">\n\t\t\t\t<div class=\"elementor-element elementor-element-cca982d elementor-widget elementor-widget-heading\" data-id=\"cca982d\" data-element_type=\"widget\" data-e-type=\"widget\" data-widget_type=\"heading.default\">\n\t\t\t\t<div class=\"elementor-widget-container\">\n\t\t\t\t\t<h1 class=\"elementor-heading-title elementor-size-default\">F\u00fchrung f\u00fcr Studenten<\/h1>\t\t\t\t<\/div>\n\t\t\t\t<\/div>\n\t\t\t\t<div class=\"elementor-element elementor-element-88ac110 elementor-widget__width-initial elementor-widget elementor-widget-text-editor\" data-id=\"88ac110\" data-element_type=\"widget\" data-e-type=\"widget\" data-widget_type=\"text-editor.default\">\n\t\t\t\t<div class=\"elementor-widget-container\">\n\t\t\t\t\t\t\t\t\t<p>Studenten in den Bereichen Handel, Einzelhandel, Logistik, Mode, Innenarchitektur und Floristik sind herzlich zu einer inspirierenden F\u00fchrung bei TICA Aalsmeer oder TICA Venlo eingeladen. Entdecken Sie, wie unser Gro\u00dfhandel funktioniert, und sammeln Sie wertvolles Wissen f\u00fcr Ihre Zukunft.<\/p>\t\t\t\t\t\t\t\t<\/div>\n\t\t\t\t<\/div>\n\t\t\t\t<div class=\"elementor-element elementor-element-597a21b elementor-widget__width-initial elementor-widget elementor-widget-text-editor\" data-id=\"597a21b\" data-element_type=\"widget\" data-e-type=\"widget\" data-widget_type=\"text-editor.default\">\n\t\t\t\t<div class=\"elementor-widget-container\">\n\t\t\t\t\t\t\t\t\t<p><em>Haben Sie Interesse an einem Schulbesuch bei TICA? Klicken Sie <a href=\"https:\/\/propertyworks.wufoo.com\/forms\/p1y1az9h15ne2ld\/\" target=\"_blank\" rel=\"noopener\">hier<\/a> und unser Event-Koordinator wird sich so schnell wie m\u00f6glich mit Ihnen in Verbindung setzen.<\/em><\/p>\t\t\t\t\t\t\t\t<\/div>\n\t\t\t\t<\/div>\n\t\t\t\t<\/div>\n\t\t\t\t\t<\/div>\n\t\t\t\t<\/div>\n\t\t\t\t<\/div>\n\t\t<div class=\"elementor-element elementor-element-c1563fc e-con-full e-flex e-con e-parent\" data-id=\"c1563fc\" data-element_type=\"container\" data-e-type=\"container\">\n\t\t<div class=\"elementor-element elementor-element-b316a2a e-con-full e-flex e-con e-child\" data-id=\"b316a2a\" data-element_type=\"container\" data-e-type=\"container\">\n\t\t\t\t<div class=\"elementor-element elementor-element-934558e elementor-invisible elementor-widget elementor-widget-heading\" data-id=\"934558e\" data-element_type=\"widget\" data-e-type=\"widget\" data-settings=\"{&quot;_animation&quot;:&quot;fadeInUp&quot;}\" data-widget_type=\"heading.default\">\n\t\t\t\t<div class=\"elementor-widget-container\">\n\t\t\t\t\t<h2 class=\"elementor-heading-title elementor-size-default\">Programm<\/h2>\t\t\t\t<\/div>\n\t\t\t\t<\/div>\n\t\t\t\t<div class=\"elementor-element elementor-element-8ec53de elementor-invisible elementor-widget elementor-widget-text-editor\" data-id=\"8ec53de\" data-element_type=\"widget\" data-e-type=\"widget\" data-settings=\"{&quot;_animation&quot;:&quot;fadeInUp&quot;,&quot;_animation_delay&quot;:200}\" data-widget_type=\"text-editor.default\">\n\t\t\t\t<div class=\"elementor-widget-container\">\n\t\t\t\t\t\t\t\t\t<p>Ein Besuch bei TICA dauert etwa eine Stunde. Die Studenten werden am Eingang empfangen und erhalten im Pr\u00e4sentationsraum eine Einf\u00fchrung \u00fcber TICA. Danach beginnt die F\u00fchrung durch unsere 20.000 m\u00b2 gro\u00dfe Niederlassung, mit viel Raum f\u00fcr Fragen.<\/p><p>W\u00e4hrend dieses Besuchs sammeln die Studenten wertvolle Inspirationen f\u00fcr ihre Ausbildung, entdecken sie, wie ein Einkaufszentrum funktioniert, und erhalten sie Einblick in gesch\u00e4ftliche M\u00f6glichkeiten f\u00fcr die Zukunft. Eine Erfahrung, die sp\u00e4ter gut von Nutzen sein kann \u2013 vielleicht sogar als zuk\u00fcnftiges TICA-Mitglied oder TICA-Aussteller!<\/p>\t\t\t\t\t\t\t\t<\/div>\n\t\t\t\t<\/div>\n\t\t\t\t<div class=\"elementor-element elementor-element-fe495bc elementor-widget__width-auto elementor-invisible elementor-widget elementor-widget-button\" data-id=\"fe495bc\" data-element_type=\"widget\" data-e-type=\"widget\" data-settings=\"{&quot;_animation&quot;:&quot;fadeInUp&quot;,&quot;_animation_delay&quot;:300}\" data-widget_type=\"button.default\">\n\t\t\t\t<div class=\"elementor-widget-container\">\n\t\t\t\t\t\t\t\t\t<div class=\"elementor-button-wrapper\">\n\t\t\t\t\t<a class=\"elementor-button elementor-button-link elementor-size-sm\" href=\"https:\/\/propertyworks.wufoo.com\/forms\/p1y1az9h15ne2ld\/\" target=\"_blank\" rel=\"noopener\">\n\t\t\t\t\t\t<span class=\"elementor-button-content-wrapper\">\n\t\t\t\t\t\t\t\t\t<span class=\"elementor-button-text\">Anmeldung f\u00fcr einen Schulbesuch<\/span>\n\t\t\t\t\t<\/span>\n\t\t\t\t\t<\/a>\n\t\t\t\t<\/div>\n\t\t\t\t\t\t\t\t<\/div>\n\t\t\t\t<\/div>\n\t\t\t\t<\/div>\n\t\t<div class=\"elementor-element elementor-element-81ccd3e e-con-full e-flex e-con e-child\" data-id=\"81ccd3e\" data-element_type=\"container\" data-e-type=\"container\">\n\t\t\t\t<div class=\"elementor-element elementor-element-2f25cc8 dce_masking-none elementor-widget elementor-widget-image\" data-id=\"2f25cc8\" data-element_type=\"widget\" data-e-type=\"widget\" data-widget_type=\"image.default\">\n\t\t\t\t<div class=\"elementor-widget-container\">\n\t\t\t\t\t\t\t\t\t\t\t\t\t\t\t<img decoding=\"async\" src=\"https:\/\/tica.nl\/wp-content\/uploads\/2025\/07\/event-detail-paginas-afbeelding-groot-9.png.webp\" title=\"TICA_evenementen_Scholenbezoek_Rondleiding_voor_studenten\" alt=\"TICA_evenementen_Scholenbezoek_Rondleiding_voor_studenten\" loading=\"lazy\" \/>\t\t\t\t\t\t\t\t\t\t\t\t\t\t\t<\/div>\n\t\t\t\t<\/div>\n\t\t\t\t<\/div>\n\t\t\t\t<\/div>\n\t\t<div class=\"elementor-element elementor-element-994b69b e-flex e-con-boxed e-con e-parent\" data-id=\"994b69b\" data-element_type=\"container\" data-e-type=\"container\">\n\t\t\t\t\t<div class=\"e-con-inner\">\n\t\t\t\t<div class=\"elementor-element elementor-element-ddd6913 elementor-widget elementor-widget-spacer\" data-id=\"ddd6913\" data-element_type=\"widget\" data-e-type=\"widget\" data-widget_type=\"spacer.default\">\n\t\t\t\t<div class=\"elementor-widget-container\">\n\t\t\t\t\t\t\t<div class=\"elementor-spacer\">\n\t\t\t<div class=\"elementor-spacer-inner\"><\/div>\n\t\t<\/div>\n\t\t\t\t\t\t<\/div>\n\t\t\t\t<\/div>\n\t\t\t\t\t<\/div>\n\t\t\t\t<\/div>\n\t\t<div class=\"elementor-element elementor-element-01a1d9f e-con-full e-flex e-con e-parent\" data-id=\"01a1d9f\" data-element_type=\"container\" data-e-type=\"container\">\n\t\t<div class=\"elementor-element elementor-element-7b9e1fe e-con-full e-flex e-con e-child\" data-id=\"7b9e1fe\" data-element_type=\"container\" data-e-type=\"container\" data-settings=\"{&quot;background_background&quot;:&quot;classic&quot;}\">\n\t\t\t\t<div class=\"elementor-element elementor-element-b638a83 dce_masking-none elementor-widget elementor-widget-image\" data-id=\"b638a83\" data-element_type=\"widget\" data-e-type=\"widget\" data-widget_type=\"image.default\">\n\t\t\t\t<div class=\"elementor-widget-container\">\n\t\t\t\t\t\t\t\t\t\t\t\t\t\t\t<img decoding=\"async\" src=\"https:\/\/tica.nl\/wp-content\/uploads\/2025\/07\/event-detail-paginas-afbeelding-groot-2-1.png.webp\" title=\"TICA_evenementen_bloemstyling_advies\" alt=\"TICA_evenementen_bloemstyling_advies\" loading=\"lazy\" \/>\t\t\t\t\t\t\t\t\t\t\t\t\t\t\t<\/div>\n\t\t\t\t<\/div>\n\t\t\t\t<\/div>\n\t\t<div class=\"elementor-element elementor-element-b30fca1 e-con-full e-flex e-con e-child\" data-id=\"b30fca1\" data-element_type=\"container\" data-e-type=\"container\">\n\t\t<div class=\"elementor-element elementor-element-561f165 e-con-full e-flex e-con e-child\" data-id=\"561f165\" data-element_type=\"container\" data-e-type=\"container\">\n\t\t\t\t<div class=\"elementor-element elementor-element-096c445 elementor-widget elementor-widget-heading\" data-id=\"096c445\" data-element_type=\"widget\" data-e-type=\"widget\" data-widget_type=\"heading.default\">\n\t\t\t\t<div class=\"elementor-widget-container\">\n\t\t\t\t\t<h2 class=\"elementor-heading-title elementor-size-default\">Bevor Sie vorbeikommen<\/h2>\t\t\t\t<\/div>\n\t\t\t\t<\/div>\n\t\t\t\t<div class=\"elementor-element elementor-element-2e30296 elementor-widget elementor-widget-text-editor\" data-id=\"2e30296\" data-element_type=\"widget\" data-e-type=\"widget\" data-widget_type=\"text-editor.default\">\n\t\t\t\t<div class=\"elementor-widget-container\">\n\t\t\t\t\t\t\t\t\t<p>Wir f\u00fchren Studenten sehr gerne durch unsere Niederlassung. Selbstverst\u00e4ndlich gelten bei TICA bestimmte Regeln, die wir Ihnen gerne vorab auflisten:<\/p><ul><li>Bei Ankunft erhalten die Sch\u00fcler einen Badge mit der Aufschrift \u201eSch\u00fcler\u201c, um Klarheit gegen\u00fcber unseren TICA-Mitgliedern zu schaffen, da wir normalerweise eine strenge Zulassungspolitik verfolgen.<\/li><li>Sch\u00fcler d\u00fcrfen keine Eink\u00e4ufe t\u00e4tigen.<\/li><li>Das Fotografieren ist erlaubt, sofern keine Preise sichtbar sind.<\/li><\/ul>\t\t\t\t\t\t\t\t<\/div>\n\t\t\t\t<\/div>\n\t\t\t\t<div class=\"elementor-element elementor-element-55ef9b5 elementor-widget elementor-widget-text-editor\" data-id=\"55ef9b5\" data-element_type=\"widget\" data-e-type=\"widget\" data-widget_type=\"text-editor.default\">\n\t\t\t\t<div class=\"elementor-widget-container\">\n\t\t\t\t\t\t\t\t\t<p>Auch gut zu wissen, dass der Schulbesuch ein Tauschhandel ist. Dies bedeutet, dass das Ausbildungsinstitut w\u00e4hrend oder nach dem Besuch TICA \u00fcber soziale Medien Aufmerksamkeit schenkt. Wir bitten Sie um Folgendes: <strong>2 Mal einen Social Post oder eine Story<\/strong> (mit Verweis auf @tica_b2b) und einen <strong>kurzen Nachrichtenartikel<\/strong> auf der Website und\/oder im Newsletter mit Verweis auf TICA.nl.<\/p><p><em>Achtung: TICA entscheidet nach Anfrage, ob die Ausbildung den Zulassungsbedingungen entspricht.<\/em><\/p>\t\t\t\t\t\t\t\t<\/div>\n\t\t\t\t<\/div>\n\t\t\t\t<\/div>\n\t\t\t\t<\/div>\n\t\t\t\t<\/div>\n\t\t<div class=\"elementor-element elementor-element-31572a3 e-con-full e-flex e-con e-parent\" data-id=\"31572a3\" data-element_type=\"container\" data-e-type=\"container\">\n\t\t<div data-dce-background-color=\"#2121BF\" class=\"elementor-element elementor-element-b90454a e-con-full e-flex e-con e-child\" data-id=\"b90454a\" data-element_type=\"container\" data-e-type=\"container\" data-settings=\"{&quot;background_background&quot;:&quot;classic&quot;}\">\n\t\t<div class=\"elementor-element elementor-element-420bc53 e-con-full e-flex e-con e-child\" data-id=\"420bc53\" data-element_type=\"container\" data-e-type=\"container\">\n\t\t\t\t<div class=\"elementor-element elementor-element-a2cff6b elementor-invisible elementor-widget elementor-widget-heading\" data-id=\"a2cff6b\" data-element_type=\"widget\" data-e-type=\"widget\" data-settings=\"{&quot;_animation&quot;:&quot;fadeInUp&quot;}\" data-widget_type=\"heading.default\">\n\t\t\t\t<div class=\"elementor-widget-container\">\n\t\t\t\t\t<h2 class=\"elementor-heading-title elementor-size-default\">Kommende\nVeranstaltungen<\/h2>\t\t\t\t<\/div>\n\t\t\t\t<\/div>\n\t\t\t\t<div data-dce-background-color=\"#FFFFFF00\" class=\"elementor-element elementor-element-bb6576b elementor-widget__width-auto elementor-invisible elementor-widget elementor-widget-button\" data-id=\"bb6576b\" data-element_type=\"widget\" data-e-type=\"widget\" data-settings=\"{&quot;_animation&quot;:&quot;fadeInUp&quot;,&quot;_animation_delay&quot;:250}\" data-widget_type=\"button.default\">\n\t\t\t\t<div class=\"elementor-widget-container\">\n\t\t\t\t\t\t\t\t\t<div class=\"elementor-button-wrapper\">\n\t\t\t\t\t<a class=\"elementor-button elementor-button-link elementor-size-sm\" href=\"https:\/\/tica.nl\/evenementen\/\">\n\t\t\t\t\t\t<span class=\"elementor-button-content-wrapper\">\n\t\t\t\t\t\t\t\t\t<span class=\"elementor-button-text\">Veranstaltungen ansehen<\/span>\n\t\t\t\t\t<\/span>\n\t\t\t\t\t<\/a>\n\t\t\t\t<\/div>\n\t\t\t\t\t\t\t\t<\/div>\n\t\t\t\t<\/div>\n\t\t\t\t<\/div>\n\t\t<div class=\"elementor-element elementor-element-076af23 e-con-full e-flex e-con e-child\" data-id=\"076af23\" data-element_type=\"container\" data-e-type=\"container\">\n\t\t\t\t<div class=\"elementor-element elementor-element-9d942c4 elementor-invisible elementor-widget elementor-widget-shortcode\" data-id=\"9d942c4\" data-element_type=\"widget\" data-e-type=\"widget\" data-settings=\"{&quot;_animation&quot;:&quot;fadeIn&quot;}\" data-widget_type=\"shortcode.default\">\n\t\t\t\t<div class=\"elementor-widget-container\">\n\t\t\t\t\t\t\t<div class=\"elementor-shortcode\">        <div class=\"event-slider dots-slider\">\n                            <div class=\"box-slide\">\n                    <div class=\"slide-inner\" style=\"background-image: url('https:\/\/tica.nl\/wp-content\/uploads\/2025\/03\/TICA_evenementen_DuitseFeestdag_uitgelicht.png-768x1152.webp');\">\n                        <a class=\"whole-click\" href=\"https:\/\/tica.nl\/de\/event\/deutscher-feiertag\/\"><\/a>\n                        <a class=\"top-icon\" href=\"https:\/\/tica.nl\/de\/event\/deutscher-feiertag\/\">\n                            <svg xmlns=\"http:\/\/www.w3.org\/2000\/svg\" width=\"16\" height=\"16\" viewBox=\"0 0 16 16\" fill=\"none\">\n                                <path d=\"M1.2846 15.2844C0.978664 14.9784 0.826812 14.6242 0.823322 14.2182C0.819893 13.8123 0.965625 13.4614 1.26526 13.1617L10.6379 3.78904L10.3996 3.78696L3.83405 3.73172C3.44813 3.72843 3.10306 3.57795 2.79618 3.27114C2.48922 2.96418 2.33816 2.6186 2.3349 2.23257C2.33171 1.84682 2.4768 1.5051 2.77753 1.20437C3.0783 0.903669 3.41995 0.758475 3.80574 0.761735L14.2197 0.850814C14.6477 0.854432 15.001 0.998272 15.2859 1.28309C15.5707 1.5679 15.7145 1.92122 15.7181 2.34927L15.8072 12.7632C15.8105 13.149 15.6653 13.4907 15.3646 13.7914C15.0639 14.0922 14.7221 14.2372 14.3364 14.2341C13.9504 14.2308 13.6048 14.0797 13.2978 13.7728C12.991 13.4659 12.8405 13.1208 12.8372 12.7349L12.782 6.16931L12.7799 5.93107L3.4073 15.3037C3.10754 15.6033 2.75669 15.7491 2.35078 15.7456C1.94473 15.7421 1.59053 15.5903 1.2846 15.2844Z\" fill=\"black\" stroke=\"white\" stroke-width=\"0.2\"\/>\n                            <\/svg>\n                        <\/a>\n                        <div class=\"slide-caption\">\n                            <h3>Deutscher Feiertag<\/h3>\n                            <p>1 Mai 2026<\/p>\n                        <\/div>\n                    <\/div>\n                <\/div>\n                            <div class=\"box-slide\">\n                    <div class=\"slide-inner\" style=\"background-image: url('https:\/\/tica.nl\/wp-content\/uploads\/2026\/01\/TICA_evenementen_Voucheractie_mei_uitgelicht.png-768x1152.webp');\">\n                        <a class=\"whole-click\" href=\"https:\/\/tica.nl\/de\/event\/gutscheinaktion-tica-bruessel-2\/\"><\/a>\n                        <a class=\"top-icon\" href=\"https:\/\/tica.nl\/de\/event\/gutscheinaktion-tica-bruessel-2\/\">\n                            <svg xmlns=\"http:\/\/www.w3.org\/2000\/svg\" width=\"16\" height=\"16\" viewBox=\"0 0 16 16\" fill=\"none\">\n                                <path d=\"M1.2846 15.2844C0.978664 14.9784 0.826812 14.6242 0.823322 14.2182C0.819893 13.8123 0.965625 13.4614 1.26526 13.1617L10.6379 3.78904L10.3996 3.78696L3.83405 3.73172C3.44813 3.72843 3.10306 3.57795 2.79618 3.27114C2.48922 2.96418 2.33816 2.6186 2.3349 2.23257C2.33171 1.84682 2.4768 1.5051 2.77753 1.20437C3.0783 0.903669 3.41995 0.758475 3.80574 0.761735L14.2197 0.850814C14.6477 0.854432 15.001 0.998272 15.2859 1.28309C15.5707 1.5679 15.7145 1.92122 15.7181 2.34927L15.8072 12.7632C15.8105 13.149 15.6653 13.4907 15.3646 13.7914C15.0639 14.0922 14.7221 14.2372 14.3364 14.2341C13.9504 14.2308 13.6048 14.0797 13.2978 13.7728C12.991 13.4659 12.8405 13.1208 12.8372 12.7349L12.782 6.16931L12.7799 5.93107L3.4073 15.3037C3.10754 15.6033 2.75669 15.7491 2.35078 15.7456C1.94473 15.7421 1.59053 15.5903 1.2846 15.2844Z\" fill=\"black\" stroke=\"white\" stroke-width=\"0.2\"\/>\n                            <\/svg>\n                        <\/a>\n                        <div class=\"slide-caption\">\n                            <h3>Gutscheinaktion TICA Br\u00fcssel<\/h3>\n                            <p>18 Mai 2026<\/p>\n                        <\/div>\n                    <\/div>\n                <\/div>\n                            <div class=\"box-slide\">\n                    <div class=\"slide-inner\" style=\"background-image: url('https:\/\/tica.nl\/wp-content\/uploads\/2026\/01\/netwerkbbq_uitgelichte.png-768x1152.webp');\">\n                        <a class=\"whole-click\" href=\"https:\/\/tica.nl\/de\/event\/netzwerk-barbecue\/\"><\/a>\n                        <a class=\"top-icon\" href=\"https:\/\/tica.nl\/de\/event\/netzwerk-barbecue\/\">\n                            <svg xmlns=\"http:\/\/www.w3.org\/2000\/svg\" width=\"16\" height=\"16\" viewBox=\"0 0 16 16\" fill=\"none\">\n                                <path d=\"M1.2846 15.2844C0.978664 14.9784 0.826812 14.6242 0.823322 14.2182C0.819893 13.8123 0.965625 13.4614 1.26526 13.1617L10.6379 3.78904L10.3996 3.78696L3.83405 3.73172C3.44813 3.72843 3.10306 3.57795 2.79618 3.27114C2.48922 2.96418 2.33816 2.6186 2.3349 2.23257C2.33171 1.84682 2.4768 1.5051 2.77753 1.20437C3.0783 0.903669 3.41995 0.758475 3.80574 0.761735L14.2197 0.850814C14.6477 0.854432 15.001 0.998272 15.2859 1.28309C15.5707 1.5679 15.7145 1.92122 15.7181 2.34927L15.8072 12.7632C15.8105 13.149 15.6653 13.4907 15.3646 13.7914C15.0639 14.0922 14.7221 14.2372 14.3364 14.2341C13.9504 14.2308 13.6048 14.0797 13.2978 13.7728C12.991 13.4659 12.8405 13.1208 12.8372 12.7349L12.782 6.16931L12.7799 5.93107L3.4073 15.3037C3.10754 15.6033 2.75669 15.7491 2.35078 15.7456C1.94473 15.7421 1.59053 15.5903 1.2846 15.2844Z\" fill=\"black\" stroke=\"white\" stroke-width=\"0.2\"\/>\n                            <\/svg>\n                        <\/a>\n                        <div class=\"slide-caption\">\n                            <h3>Netzwerk-Barbecue<\/h3>\n                            <p>21 Mai 2026<\/p>\n                        <\/div>\n                    <\/div>\n                <\/div>\n                            <div class=\"box-slide\">\n                    <div class=\"slide-inner\" style=\"background-image: url('https:\/\/tica.nl\/wp-content\/uploads\/2026\/01\/TICA_evenementen_EndOfCollectionWeek_Trademart_uitgelicht.png-768x1152.webp');\">\n                        <a class=\"whole-click\" href=\"https:\/\/tica.nl\/de\/event\/ende-der-kollektionswoche\/\"><\/a>\n                        <a class=\"top-icon\" href=\"https:\/\/tica.nl\/de\/event\/ende-der-kollektionswoche\/\">\n                            <svg xmlns=\"http:\/\/www.w3.org\/2000\/svg\" width=\"16\" height=\"16\" viewBox=\"0 0 16 16\" fill=\"none\">\n                                <path d=\"M1.2846 15.2844C0.978664 14.9784 0.826812 14.6242 0.823322 14.2182C0.819893 13.8123 0.965625 13.4614 1.26526 13.1617L10.6379 3.78904L10.3996 3.78696L3.83405 3.73172C3.44813 3.72843 3.10306 3.57795 2.79618 3.27114C2.48922 2.96418 2.33816 2.6186 2.3349 2.23257C2.33171 1.84682 2.4768 1.5051 2.77753 1.20437C3.0783 0.903669 3.41995 0.758475 3.80574 0.761735L14.2197 0.850814C14.6477 0.854432 15.001 0.998272 15.2859 1.28309C15.5707 1.5679 15.7145 1.92122 15.7181 2.34927L15.8072 12.7632C15.8105 13.149 15.6653 13.4907 15.3646 13.7914C15.0639 14.0922 14.7221 14.2372 14.3364 14.2341C13.9504 14.2308 13.6048 14.0797 13.2978 13.7728C12.991 13.4659 12.8405 13.1208 12.8372 12.7349L12.782 6.16931L12.7799 5.93107L3.4073 15.3037C3.10754 15.6033 2.75669 15.7491 2.35078 15.7456C1.94473 15.7421 1.59053 15.5903 1.2846 15.2844Z\" fill=\"black\" stroke=\"white\" stroke-width=\"0.2\"\/>\n                            <\/svg>\n                        <\/a>\n                        <div class=\"slide-caption\">\n                            <h3>Ende der Kollektionswoche<\/h3>\n                            <p>6 Juni 2026<\/p>\n                        <\/div>\n                    <\/div>\n                <\/div>\n                    <\/div>\n\n    <\/div>\n\t\t\t\t\t\t<\/div>\n\t\t\t\t<\/div>\n\t\t\t\t<\/div>\n\t\t\t\t<\/div>\n\t\t\t\t<\/div>\n\t\t\t\t<\/div>\n\t\t","protected":false},"excerpt":{"rendered":"<p>F\u00fchrung f\u00fcr Studenten Studenten in den Bereichen Handel, Einzelhandel, Logistik, Mode, Innenarchitektur und Floristik sind herzlich zu einer inspirierenden F\u00fchrung bei TICA Aalsmeer oder TICA Venlo eingeladen. Entdecken Sie, wie unser Gro\u00dfhandel funktioniert, und sammeln Sie wertvolles Wissen f\u00fcr Ihre Zukunft. Haben Sie Interesse an einem Schulbesuch bei TICA? Klicken Sie hier und unser Event-Koordinator [&hellip;]<\/p>\n","protected":false},"author":2,"featured_media":14326,"parent":0,"menu_order":0,"comment_status":"closed","ping_status":"closed","template":"","meta":{"_acf_changed":false,"footnotes":""},"class_list":["post-14325","page","type-page","status-publish","has-post-thumbnail","hentry"],"acf":[],"_links":{"self":[{"href":"https:\/\/tica.nl\/de\/wp-json\/wp\/v2\/pages\/14325","targetHints":{"allow":["GET"]}}],"collection":[{"href":"https:\/\/tica.nl\/de\/wp-json\/wp\/v2\/pages"}],"about":[{"href":"https:\/\/tica.nl\/de\/wp-json\/wp\/v2\/types\/page"}],"author":[{"embeddable":true,"href":"https:\/\/tica.nl\/de\/wp-json\/wp\/v2\/users\/2"}],"replies":[{"embeddable":true,"href":"https:\/\/tica.nl\/de\/wp-json\/wp\/v2\/comments?post=14325"}],"version-history":[{"count":0,"href":"https:\/\/tica.nl\/de\/wp-json\/wp\/v2\/pages\/14325\/revisions"}],"wp:featuredmedia":[{"embeddable":true,"href":"https:\/\/tica.nl\/de\/wp-json\/wp\/v2\/media\/14326"}],"wp:attachment":[{"href":"https:\/\/tica.nl\/de\/wp-json\/wp\/v2\/media?parent=14325"}],"curies":[{"name":"wp","href":"https:\/\/api.w.org\/{rel}","templated":true}]}}